{"id":54796,"date":"2024-01-05T13:12:07","date_gmt":"2024-01-05T13:12:07","guid":{"rendered":"https:\/\/expforex.com\/recommended-brokers\/"},"modified":"2025-05-09T05:31:14","modified_gmt":"2025-05-09T05:31:14","slug":"recommended-brokers","status":"publish","type":"page","link":"https:\/\/expforex.com\/de\/recommended-brokers\/","title":{"rendered":"Broker"},"content":{"rendered":"\n<p>Recommended brokers and trading accounts are a selection of reliable brokerage companies and optimal trading accounts for successful Forex trading. Learn about leading brokers, favorable terms and convenient platforms that will help you effectively manage your investments and achieve your financial goals<\/p>\n\n\n\n<h2 class=\"wp-block-heading\" id=\"h-brokers-and-trade-account-nbsp\">Brokers and trade account&nbsp;<\/h2>\n\n\n\n<ol class=\"wp-block-list\">\n<li><strong>Recommended deposit LOW RISK<\/strong>&nbsp;&nbsp;of&nbsp;<strong>$ 1,000<\/strong>&nbsp;with a minimum lot&nbsp;<strong>0.01<\/strong>&nbsp;3 currency pairs (e.g., EURUSD USDCHF USDJPY) (<strong>Leverage&nbsp;<\/strong>1:300)<\/li>\n\n\n\n<li><strong>Recommended deposit MEDIUM RISK&nbsp;<\/strong>&nbsp;of&nbsp;<strong>$ 300<\/strong>&nbsp;with minimal lot&nbsp;<strong>0.01<\/strong>&nbsp;on 1 currency pair (e.g., EURUSD)(<strong>Leverage&nbsp;<\/strong>1:300)<\/li>\n\n\n\n<li><strong>Recommended deposit&nbsp;<\/strong>&nbsp;<strong>HIGH RISK&nbsp;<\/strong>&nbsp;of&nbsp;<strong>$ 100 (<u>Cent Accoun<\/u>t)<\/strong>&nbsp;with minimum lot&nbsp;<strong>0.01<\/strong>&nbsp;on 1 currency pair (e.g., EURUSD)(<strong>Leverage&nbsp;<\/strong>1:300)<\/li>\n\n\n\n<li>Floating spread (<strong>Zero Spread is prohibited!<\/strong>)<\/li>\n\n\n\n<li>The leverage of 1: 300 and higher<\/li>\n\n\n\n<li>For the version of the MetaTrader 4 terminal advisor, You can try&nbsp;<a class=\"cnqw\" href=\"https:\/\/roboforex.com\/?a=cnqw\" target=\"_blank\" rel=\"noreferrer noopener\" data-language=\"de\"><strong>RoboForex<\/strong><\/a>&nbsp;<strong>ECN PRO.<\/strong><\/li>\n\n\n\n<li>For the version of the MetaTrader 5 terminal advisor, You can try&nbsp;<a class=\"cnqw\" href=\"https:\/\/roboforex.com\/?a=cnqw\" target=\"_blank\" rel=\"noreferrer noopener\" data-language=\"de\"><strong>RoboForex<\/strong><\/a>&nbsp;<strong><strong>ECN PRO<\/strong>.<\/strong><\/li>\n\n\n\n<li>For an account with a deposit of more than&nbsp;<strong>$ 1000<\/strong>, You can try the PRO Standard or ECN PRO type of account.<\/li>\n\n\n\n<li>For an account with a deposit of less than&nbsp;<strong>$ 1000<\/strong>, You can try the PRO Cent account type.<\/li>\n\n\n\n<li>Currency pairs any. You can choose any currency pair. I trade at EURUSD USDCHF USDJPY.<\/li>\n<\/ol>\n\n\n\n<p>Risikohinweis (Risk Disclaimer)<\/p>\n\n\n\n<p>Die auf dieser Seite bereitgestellten Broker-Informationen dienen nur zu Informationszwecken und stellen keine Bef\u00fcrwortung oder Empfehlung dar. Diese Broker werden basierend auf meinen pers\u00f6nlichen Handelserfahrungen aufgef\u00fchrt. Die Teilnahme am Handel birgt inh\u00e4rente Risiken, einschlie\u00dflich des potenziellen Verlusts des Kapitals. Es ist unerl\u00e4sslich, eigene gr\u00fcndliche Recherchen durchzuf\u00fchren und einen qualifizierten Finanzberater zu konsultieren, bevor Investitionsentscheidungen getroffen werden. Ich \u00fcbernehme keine Verantwortung f\u00fcr Handelsentscheidungen, die auf den hier bereitgestellten Informationen basieren.<\/p>\n","protected":false},"excerpt":{"rendered":"<p>Die auf dieser Seite bereitgestellten Broker-Informationen dienen nur zu Informationszwecken und stellen keine Bef\u00fcrwortung oder Empfehlung dar. Diese Broker werden basierend auf meinen pers\u00f6nlichen Handelserfahrungen aufgef\u00fchrt. Die Teilnahme am Handel birgt inh\u00e4rente Risiken, einschlie\u00dflich des potenziellen Verlusts des Kapitals. Es ist unerl\u00e4sslich, eigene gr\u00fcndliche Recherchen durchzuf\u00fchren und einen qualifizierten Finanzberater zu konsultieren, bevor Investitionsentscheidungen getroffen werden. Ich \u00fcbernehme keine Verantwortung f\u00fcr Handelsentscheidungen, die auf den hier bereitgestellten Informationen basieren<\/p>\n","protected":false},"author":2,"featured_media":88536,"parent":0,"menu_order":0,"comment_status":"closed","ping_status":"closed","template":"","meta":{"_acf_changed":false,"_eb_attr":"","_eb_data_table":"","footnotes":""},"class_list":["post-54796","page","type-page","status-publish","has-post-thumbnail","hentry"],"acf":[],"yoast_head":"<!-- This site is optimized with the Yoast SEO Premium plugin v27.3 (Yoast SEO v27.3) - https:\/\/yoast.com\/product\/yoast-seo-premium-wordpress\/ -->\n<title>Empfohlene Broker und Handelskonten<\/title>\n<meta name=\"description\" content=\"Empfohlene Broker und Handelskonten sind eine Auswahl zuverl\u00e4ssiger Maklerunternehmen und optimaler Handelskonten f\u00fcr erfolgreiches Forex-Trading. Erfahren Sie mehr \u00fcber f\u00fchrende Broker, g\u00fcnstige Bedingungen und praktische Plattformen, die Ihnen helfen, Ihre Investitionen effektiv zu verwalten und Ihre finanziellen Ziele zu erreichen.\" \/>\n<meta name=\"robots\" content=\"index, follow, max-snippet:-1, max-image-preview:large, max-video-preview:-1\" \/>\n<link rel=\"canonical\" href=\"https:\/\/expforex.com\/de\/recommended-brokers\/\" \/>\n<meta property=\"og:locale\" content=\"de_DE\" \/>\n<meta property=\"og:type\" content=\"article\" \/>\n<meta property=\"og:title\" content=\"Broker\" \/>\n<meta property=\"og:description\" content=\"Empfohlene Broker und Handelskonten sind eine Auswahl zuverl\u00e4ssiger Maklerunternehmen und optimaler Handelskonten f\u00fcr erfolgreiches Forex-Trading. Erfahren Sie mehr \u00fcber f\u00fchrende Broker, g\u00fcnstige Bedingungen und praktische Plattformen, die Ihnen helfen, Ihre Investitionen effektiv zu verwalten und Ihre finanziellen Ziele zu erreichen.\" \/>\n<meta property=\"og:url\" content=\"https:\/\/expforex.com\/de\/recommended-brokers\/\" \/>\n<meta property=\"og:site_name\" content=\"Die besten Ideen f\u00fcr MetaTrader\" \/>\n<meta property=\"article:publisher\" content=\"https:\/\/www.facebook.com\/ExpForex\/\" \/>\n<meta property=\"article:modified_time\" content=\"2025-05-09T05:31:14+00:00\" \/>\n<meta property=\"og:image\" content=\"https:\/\/expforex.com\/wp-content\/uploads\/2025\/03\/banner_bg-1.png?wsr\" \/>\n\t<meta property=\"og:image:width\" content=\"200\" \/>\n\t<meta property=\"og:image:height\" content=\"60\" \/>\n\t<meta property=\"og:image:type\" content=\"image\/png\" \/>\n<meta name=\"twitter:card\" content=\"summary_large_image\" \/>\n<meta name=\"twitter:label1\" content=\"Est. reading time\" \/>\n\t<meta name=\"twitter:data1\" content=\"2 minutes\" \/>\n<script type=\"application\/ld+json\" class=\"yoast-schema-graph\">{\"@context\":\"https:\\\/\\\/schema.org\",\"@graph\":[{\"@type\":\"WebPage\",\"@id\":\"https:\\\/\\\/expforex.com\\\/de\\\/recommended-brokers\\\/\",\"url\":\"https:\\\/\\\/expforex.com\\\/de\\\/recommended-brokers\\\/\",\"name\":\"Empfohlene Broker und Handelskonten\",\"isPartOf\":{\"@id\":\"https:\\\/\\\/expforex.com\\\/de\\\/#website\"},\"primaryImageOfPage\":{\"@id\":\"https:\\\/\\\/expforex.com\\\/de\\\/recommended-brokers\\\/#primaryimage\"},\"image\":{\"@id\":\"https:\\\/\\\/expforex.com\\\/de\\\/recommended-brokers\\\/#primaryimage\"},\"thumbnailUrl\":\"https:\\\/\\\/expforex.com\\\/wp-content\\\/uploads\\\/2025\\\/03\\\/banner_bg-1.png\",\"datePublished\":\"2024-01-05T13:12:07+00:00\",\"dateModified\":\"2025-05-09T05:31:14+00:00\",\"description\":\"Empfohlene Broker und Handelskonten sind eine Auswahl zuverl\u00e4ssiger Maklerunternehmen und optimaler Handelskonten f\u00fcr erfolgreiches Forex-Trading. Erfahren Sie mehr \u00fcber f\u00fchrende Broker, g\u00fcnstige Bedingungen und praktische Plattformen, die Ihnen helfen, Ihre Investitionen effektiv zu verwalten und Ihre finanziellen Ziele zu erreichen.\",\"breadcrumb\":{\"@id\":\"https:\\\/\\\/expforex.com\\\/de\\\/recommended-brokers\\\/#breadcrumb\"},\"inLanguage\":\"de\",\"potentialAction\":[{\"@type\":\"ReadAction\",\"target\":[\"https:\\\/\\\/expforex.com\\\/de\\\/recommended-brokers\\\/\"]}]},{\"@type\":\"ImageObject\",\"inLanguage\":\"de\",\"@id\":\"https:\\\/\\\/expforex.com\\\/de\\\/recommended-brokers\\\/#primaryimage\",\"url\":\"https:\\\/\\\/expforex.com\\\/wp-content\\\/uploads\\\/2025\\\/03\\\/banner_bg-1.png\",\"contentUrl\":\"https:\\\/\\\/expforex.com\\\/wp-content\\\/uploads\\\/2025\\\/03\\\/banner_bg-1.png\",\"width\":200,\"height\":60},{\"@type\":\"BreadcrumbList\",\"@id\":\"https:\\\/\\\/expforex.com\\\/de\\\/recommended-brokers\\\/#breadcrumb\",\"itemListElement\":[{\"@type\":\"ListItem\",\"position\":1,\"name\":\"Startseite\",\"item\":\"https:\\\/\\\/expforex.com\\\/de\\\/\"},{\"@type\":\"ListItem\",\"position\":2,\"name\":\"Broker\"}]},{\"@type\":\"WebSite\",\"@id\":\"https:\\\/\\\/expforex.com\\\/de\\\/#website\",\"url\":\"https:\\\/\\\/expforex.com\\\/de\\\/\",\"name\":\"Die besten Ideen f\u00fcr MetaTrader\",\"description\":\"Umfangreiche Erfahrung in der Programmierung von Assistenten f\u00fcr MetaTrader, MQL, Forex, Expert Advisor, Indikator, Skript, EA, Utilities, VirtualTradePad, Copylot, Ticksniper, Averager, xCustomEA, X, Duplicator, TesterPad, ExtraReportPad, Assistent, Handel, Trader, Scalping.\",\"publisher\":{\"@id\":\"https:\\\/\\\/expforex.com\\\/de\\\/#\\\/schema\\\/person\\\/0f3104735dd8fd99d5b5ee2e3634b1d5\"},\"alternateName\":\"Forex EA\",\"potentialAction\":[{\"@type\":\"SearchAction\",\"target\":{\"@type\":\"EntryPoint\",\"urlTemplate\":\"https:\\\/\\\/expforex.com\\\/de\\\/?s={search_term_string}\"},\"query-input\":{\"@type\":\"PropertyValueSpecification\",\"valueRequired\":true,\"valueName\":\"search_term_string\"}}],\"inLanguage\":\"de\"},{\"@type\":[\"Person\",\"Organization\"],\"@id\":\"https:\\\/\\\/expforex.com\\\/de\\\/#\\\/schema\\\/person\\\/0f3104735dd8fd99d5b5ee2e3634b1d5\",\"name\":\"Expforex Vladislav\",\"image\":{\"@type\":\"ImageObject\",\"inLanguage\":\"de\",\"@id\":\"https:\\\/\\\/expforex.com\\\/wp-content\\\/uploads\\\/2023\\\/12\\\/LOGONEW-2024-2.png\",\"url\":\"https:\\\/\\\/expforex.com\\\/wp-content\\\/uploads\\\/2023\\\/12\\\/LOGONEW-2024-2.png\",\"contentUrl\":\"https:\\\/\\\/expforex.com\\\/wp-content\\\/uploads\\\/2023\\\/12\\\/LOGONEW-2024-2.png\",\"width\":200,\"height\":200,\"caption\":\"Expforex Vladislav\"},\"logo\":{\"@id\":\"https:\\\/\\\/expforex.com\\\/wp-content\\\/uploads\\\/2023\\\/12\\\/LOGONEW-2024-2.png\"},\"sameAs\":[\"https:\\\/\\\/www.expforex.com\",\"https:\\\/\\\/www.facebook.com\\\/ExpForex\\\/\",\"https:\\\/\\\/www.youtube.com\\\/Expforex\"],\"publishingPrinciples\":\"https:\\\/\\\/expforex.com\\\/privacy-policy\\\/\"}]}<\/script>\n<!-- \/ Yoast SEO Premium plugin. -->","yoast_head_json":{"title":"Empfohlene Broker und Handelskonten","description":"Empfohlene Broker und Handelskonten sind eine Auswahl zuverl\u00e4ssiger Maklerunternehmen und optimaler Handelskonten f\u00fcr erfolgreiches Forex-Trading. Erfahren Sie mehr \u00fcber f\u00fchrende Broker, g\u00fcnstige Bedingungen und praktische Plattformen, die Ihnen helfen, Ihre Investitionen effektiv zu verwalten und Ihre finanziellen Ziele zu erreichen.","robots":{"index":"index","follow":"follow","max-snippet":"max-snippet:-1","max-image-preview":"max-image-preview:large","max-video-preview":"max-video-preview:-1"},"canonical":"https:\/\/expforex.com\/de\/recommended-brokers\/","og_locale":"de_DE","og_type":"article","og_title":"Broker","og_description":"Empfohlene Broker und Handelskonten sind eine Auswahl zuverl\u00e4ssiger Maklerunternehmen und optimaler Handelskonten f\u00fcr erfolgreiches Forex-Trading. Erfahren Sie mehr \u00fcber f\u00fchrende Broker, g\u00fcnstige Bedingungen und praktische Plattformen, die Ihnen helfen, Ihre Investitionen effektiv zu verwalten und Ihre finanziellen Ziele zu erreichen.","og_url":"https:\/\/expforex.com\/de\/recommended-brokers\/","og_site_name":"Die besten Ideen f\u00fcr MetaTrader","article_publisher":"https:\/\/www.facebook.com\/ExpForex\/","article_modified_time":"2025-05-09T05:31:14+00:00","og_image":[{"width":200,"height":60,"url":"https:\/\/expforex.com\/wp-content\/uploads\/2025\/03\/banner_bg-1.png?wsr","type":"image\/png"}],"twitter_card":"summary_large_image","twitter_misc":{"Est. reading time":"2 minutes"},"schema":{"@context":"https:\/\/schema.org","@graph":[{"@type":"WebPage","@id":"https:\/\/expforex.com\/de\/recommended-brokers\/","url":"https:\/\/expforex.com\/de\/recommended-brokers\/","name":"Empfohlene Broker und Handelskonten","isPartOf":{"@id":"https:\/\/expforex.com\/de\/#website"},"primaryImageOfPage":{"@id":"https:\/\/expforex.com\/de\/recommended-brokers\/#primaryimage"},"image":{"@id":"https:\/\/expforex.com\/de\/recommended-brokers\/#primaryimage"},"thumbnailUrl":"https:\/\/expforex.com\/wp-content\/uploads\/2025\/03\/banner_bg-1.png","datePublished":"2024-01-05T13:12:07+00:00","dateModified":"2025-05-09T05:31:14+00:00","description":"Empfohlene Broker und Handelskonten sind eine Auswahl zuverl\u00e4ssiger Maklerunternehmen und optimaler Handelskonten f\u00fcr erfolgreiches Forex-Trading. Erfahren Sie mehr \u00fcber f\u00fchrende Broker, g\u00fcnstige Bedingungen und praktische Plattformen, die Ihnen helfen, Ihre Investitionen effektiv zu verwalten und Ihre finanziellen Ziele zu erreichen.","breadcrumb":{"@id":"https:\/\/expforex.com\/de\/recommended-brokers\/#breadcrumb"},"inLanguage":"de","potentialAction":[{"@type":"ReadAction","target":["https:\/\/expforex.com\/de\/recommended-brokers\/"]}]},{"@type":"ImageObject","inLanguage":"de","@id":"https:\/\/expforex.com\/de\/recommended-brokers\/#primaryimage","url":"https:\/\/expforex.com\/wp-content\/uploads\/2025\/03\/banner_bg-1.png","contentUrl":"https:\/\/expforex.com\/wp-content\/uploads\/2025\/03\/banner_bg-1.png","width":200,"height":60},{"@type":"BreadcrumbList","@id":"https:\/\/expforex.com\/de\/recommended-brokers\/#breadcrumb","itemListElement":[{"@type":"ListItem","position":1,"name":"Startseite","item":"https:\/\/expforex.com\/de\/"},{"@type":"ListItem","position":2,"name":"Broker"}]},{"@type":"WebSite","@id":"https:\/\/expforex.com\/de\/#website","url":"https:\/\/expforex.com\/de\/","name":"Die besten Ideen f\u00fcr MetaTrader","description":"Umfangreiche Erfahrung in der Programmierung von Assistenten f\u00fcr MetaTrader, MQL, Forex, Expert Advisor, Indikator, Skript, EA, Utilities, VirtualTradePad, Copylot, Ticksniper, Averager, xCustomEA, X, Duplicator, TesterPad, ExtraReportPad, Assistent, Handel, Trader, Scalping.","publisher":{"@id":"https:\/\/expforex.com\/de\/#\/schema\/person\/0f3104735dd8fd99d5b5ee2e3634b1d5"},"alternateName":"Forex EA","potentialAction":[{"@type":"SearchAction","target":{"@type":"EntryPoint","urlTemplate":"https:\/\/expforex.com\/de\/?s={search_term_string}"},"query-input":{"@type":"PropertyValueSpecification","valueRequired":true,"valueName":"search_term_string"}}],"inLanguage":"de"},{"@type":["Person","Organization"],"@id":"https:\/\/expforex.com\/de\/#\/schema\/person\/0f3104735dd8fd99d5b5ee2e3634b1d5","name":"Expforex Vladislav","image":{"@type":"ImageObject","inLanguage":"de","@id":"https:\/\/expforex.com\/wp-content\/uploads\/2023\/12\/LOGONEW-2024-2.png","url":"https:\/\/expforex.com\/wp-content\/uploads\/2023\/12\/LOGONEW-2024-2.png","contentUrl":"https:\/\/expforex.com\/wp-content\/uploads\/2023\/12\/LOGONEW-2024-2.png","width":200,"height":200,"caption":"Expforex Vladislav"},"logo":{"@id":"https:\/\/expforex.com\/wp-content\/uploads\/2023\/12\/LOGONEW-2024-2.png"},"sameAs":["https:\/\/www.expforex.com","https:\/\/www.facebook.com\/ExpForex\/","https:\/\/www.youtube.com\/Expforex"],"publishingPrinciples":"https:\/\/expforex.com\/privacy-policy\/"}]}},"_links":{"self":[{"href":"https:\/\/expforex.com\/de\/wp-json\/wp\/v2\/pages\/54796","targetHints":{"allow":["GET"]}}],"collection":[{"href":"https:\/\/expforex.com\/de\/wp-json\/wp\/v2\/pages"}],"about":[{"href":"https:\/\/expforex.com\/de\/wp-json\/wp\/v2\/types\/page"}],"author":[{"embeddable":true,"href":"https:\/\/expforex.com\/de\/wp-json\/wp\/v2\/users\/2"}],"replies":[{"embeddable":true,"href":"https:\/\/expforex.com\/de\/wp-json\/wp\/v2\/comments?post=54796"}],"version-history":[{"count":0,"href":"https:\/\/expforex.com\/de\/wp-json\/wp\/v2\/pages\/54796\/revisions"}],"wp:featuredmedia":[{"embeddable":true,"href":"https:\/\/expforex.com\/de\/wp-json\/wp\/v2\/media\/88536"}],"wp:attachment":[{"href":"https:\/\/expforex.com\/de\/wp-json\/wp\/v2\/media?parent=54796"}],"curies":[{"name":"wp","href":"https:\/\/api.w.org\/{rel}","templated":true}]}}