{"id":55790,"date":"2024-03-10T16:23:28","date_gmt":"2024-03-10T16:23:28","guid":{"rendered":"https:\/\/expforex.com\/video-about-expert-advisors-utilities-and-indicators\/"},"modified":"2026-01-31T15:51:01","modified_gmt":"2026-01-31T15:51:01","slug":"video","status":"publish","type":"page","link":"https:\/\/expforex.com\/de\/video\/","title":{"rendered":"Forex Video-Bibliothek: MetaTrader 4 &#038; 5 EA-Tutorials &#038; Strategien | Expforex"},"content":{"rendered":"\n<h2 class=\"wp-block-heading\" id=\"h-entdecken-sie-die-kraft-von-expert-advisors-utilities-und-indikatoren-in-unserem-informativen-video\">Entdecken Sie die Kraft von Expert Advisors, Utilities und Indikatoren in unserem informativen Video.<\/h2>\n\n\n\n<p class=\"\">Erfahren Sie, wie diese Werkzeuge Ihr Trading ver\u00e4ndern und Ihnen helfen k\u00f6nnen, fundierte Entscheidungen zu treffen. Verpassen Sie nicht die Gelegenheit, Ihre Trading-F\u00e4higkeiten zu verbessern. Sehen Sie sich unser Video jetzt an!<\/p>\n\n\n\n<p class=\"\">Forex-Videotutorials, Forex-Trading-Videoanleitungen, Forex-Einsteigervideo, Forex-Handelsstrategien im Video, Wie man Forex handelt Video, Forex-Marktanalysen im Video, Forex-Trading Schritt-f\u00fcr-Schritt-Video, MetaTrader-Videoguide, Forex-Indikatoren-Videotutorial, Expert Advisors-Videotutorial, Automatisiertes Forex-Trading-Video, Wie man MetaTrader verwendet Video, MetaTrader-Setup-Video, Forex-Risikomanagement-Video, Forex-technische Analyse Video, Forex-Chartmuster-Video, Forex-Trading-Tipps-Video, Forex-Handelswerkzeuge im Video, Forex-Bildungsvideos, Forex f\u00fcr Anf\u00e4nger Video, MetaTrader-Installationsvideo, Forex-Trading-Strategien erkl\u00e4rt im Video, Trading-Signale Videoanleitung, Forex-Videolektionen, Forex-Trading-Kurs Video, Forex-Markttrends im Video, Forex-Backtesting-Videoanleitung, MetaTrader-Trading-Roboter im Video, Forex-Demokonto-Trading-Video, Fundamentalanalyse-Video Forex, MetaTrader-Experten-Setup-Video, Trading-Plattform Videoanleitung.<\/p>\n","protected":false},"excerpt":{"rendered":"<p>Entdecken Sie die Kraft von Expert Advisors, Utilities und Indikatoren in unserem informativen Video. Erfahren Sie, wie diese Werkzeuge Ihr Trading ver\u00e4ndern und Ihnen helfen k\u00f6nnen, fundierte Entscheidungen zu treffen. Verpassen Sie nicht die Gelegenheit, Ihre Trading-F\u00e4higkeiten zu verbessern. Sehen<span class=\"excerpt-hellip\"> [\u2026]<\/span><\/p>\n","protected":false},"author":2,"featured_media":52991,"parent":0,"menu_order":0,"comment_status":"closed","ping_status":"closed","template":"","meta":{"_acf_changed":false,"_eb_attr":"","_eb_data_table":"","footnotes":""},"class_list":["post-55790","page","type-page","status-publish","has-post-thumbnail","hentry"],"acf":[],"yoast_head":"<!-- This site is optimized with the Yoast SEO Premium plugin v27.3 (Yoast SEO v27.3) - https:\/\/yoast.com\/product\/yoast-seo-premium-wordpress\/ -->\n<title>Forex Video-Bibliothek: MetaTrader 4 &amp; 5 EA-Tutorials &amp; Strategien | Expforex - Die besten Ideen f\u00fcr MetaTrader<\/title>\n<meta name=\"description\" content=\"\ud83d\udcfa Meistere automatisierten Handel (Automated Trading)! Schau dir professionelle Video-Guides f\u00fcr MetaTrader 4 &amp; 5 an. Lerne, wie du Expert Advisors (Expert Advisors) installierst, optimierst und profitabel einsetzt \u2013 mit Crypto- &amp; Forex-Tools.\" \/>\n<meta name=\"robots\" content=\"index, follow, max-snippet:-1, max-image-preview:large, max-video-preview:-1\" \/>\n<link rel=\"canonical\" href=\"https:\/\/expforex.com\/de\/video\/\" \/>\n<meta property=\"og:locale\" content=\"de_DE\" \/>\n<meta property=\"og:type\" content=\"article\" \/>\n<meta property=\"og:title\" content=\"Forex Video-Bibliothek: MetaTrader 4 &amp; 5 EA-Tutorials &amp; Strategien | Expforex\" \/>\n<meta property=\"og:description\" content=\"\ud83d\udcfa Meistere automatisierten Handel (Automated Trading)! Schau dir professionelle Video-Guides f\u00fcr MetaTrader 4 &amp; 5 an. Lerne, wie du Expert Advisors (Expert Advisors) installierst, optimierst und profitabel einsetzt \u2013 mit Crypto- &amp; Forex-Tools.\" \/>\n<meta property=\"og:url\" content=\"https:\/\/expforex.com\/de\/video\/\" \/>\n<meta property=\"og:site_name\" content=\"Die besten Ideen f\u00fcr MetaTrader\" \/>\n<meta property=\"article:publisher\" content=\"https:\/\/www.facebook.com\/ExpForex\/\" \/>\n<meta property=\"article:modified_time\" content=\"2026-01-31T15:51:01+00:00\" \/>\n<meta property=\"og:image\" content=\"https:\/\/expforex.com\/wp-content\/uploads\/2024\/09\/youtube-1.png\" \/>\n\t<meta property=\"og:image:width\" content=\"512\" \/>\n\t<meta property=\"og:image:height\" content=\"512\" \/>\n\t<meta property=\"og:image:type\" content=\"image\/png\" \/>\n<meta name=\"twitter:card\" content=\"summary_large_image\" \/>\n<meta name=\"twitter:label1\" content=\"Est. reading time\" \/>\n\t<meta name=\"twitter:data1\" content=\"1 minute\" \/>\n<script type=\"application\/ld+json\" class=\"yoast-schema-graph\">{\"@context\":\"https:\\\/\\\/schema.org\",\"@graph\":[{\"@type\":\"WebPage\",\"@id\":\"https:\\\/\\\/expforex.com\\\/de\\\/video\\\/\",\"url\":\"https:\\\/\\\/expforex.com\\\/de\\\/video\\\/\",\"name\":\"Forex Video-Bibliothek: MetaTrader 4 & 5 EA-Tutorials & Strategien | Expforex - Die besten Ideen f\u00fcr MetaTrader\",\"isPartOf\":{\"@id\":\"https:\\\/\\\/expforex.com\\\/de\\\/#website\"},\"primaryImageOfPage\":{\"@id\":\"https:\\\/\\\/expforex.com\\\/de\\\/video\\\/#primaryimage\"},\"image\":{\"@id\":\"https:\\\/\\\/expforex.com\\\/de\\\/video\\\/#primaryimage\"},\"thumbnailUrl\":\"https:\\\/\\\/expforex.com\\\/wp-content\\\/uploads\\\/2024\\\/09\\\/youtube-1.png\",\"datePublished\":\"2024-03-10T16:23:28+00:00\",\"dateModified\":\"2026-01-31T15:51:01+00:00\",\"description\":\"\ud83d\udcfa Meistere automatisierten Handel (Automated Trading)! Schau dir professionelle Video-Guides f\u00fcr MetaTrader 4 & 5 an. Lerne, wie du Expert Advisors (Expert Advisors) installierst, optimierst und profitabel einsetzt \u2013 mit Crypto- & Forex-Tools.\",\"breadcrumb\":{\"@id\":\"https:\\\/\\\/expforex.com\\\/de\\\/video\\\/#breadcrumb\"},\"inLanguage\":\"de\",\"potentialAction\":[{\"@type\":\"ReadAction\",\"target\":[\"https:\\\/\\\/expforex.com\\\/de\\\/video\\\/\"]}]},{\"@type\":\"ImageObject\",\"inLanguage\":\"de\",\"@id\":\"https:\\\/\\\/expforex.com\\\/de\\\/video\\\/#primaryimage\",\"url\":\"https:\\\/\\\/expforex.com\\\/wp-content\\\/uploads\\\/2024\\\/09\\\/youtube-1.png\",\"contentUrl\":\"https:\\\/\\\/expforex.com\\\/wp-content\\\/uploads\\\/2024\\\/09\\\/youtube-1.png\",\"width\":512,\"height\":512},{\"@type\":\"BreadcrumbList\",\"@id\":\"https:\\\/\\\/expforex.com\\\/de\\\/video\\\/#breadcrumb\",\"itemListElement\":[{\"@type\":\"ListItem\",\"position\":1,\"name\":\"Startseite\",\"item\":\"https:\\\/\\\/expforex.com\\\/de\\\/\"},{\"@type\":\"ListItem\",\"position\":2,\"name\":\"Forex Video-Bibliothek: MetaTrader 4 &#038; 5 EA-Tutorials &#038; Strategien | Expforex\"}]},{\"@type\":\"WebSite\",\"@id\":\"https:\\\/\\\/expforex.com\\\/de\\\/#website\",\"url\":\"https:\\\/\\\/expforex.com\\\/de\\\/\",\"name\":\"Die besten Ideen f\u00fcr MetaTrader\",\"description\":\"Umfangreiche Erfahrung in der Programmierung von Assistenten f\u00fcr MetaTrader, MQL, Forex, Expert Advisor, Indikator, Skript, EA, Utilities, VirtualTradePad, Copylot, Ticksniper, Averager, xCustomEA, X, Duplicator, TesterPad, ExtraReportPad, Assistent, Handel, Trader, Scalping.\",\"publisher\":{\"@id\":\"https:\\\/\\\/expforex.com\\\/de\\\/#\\\/schema\\\/person\\\/0f3104735dd8fd99d5b5ee2e3634b1d5\"},\"alternateName\":\"Forex EA\",\"potentialAction\":[{\"@type\":\"SearchAction\",\"target\":{\"@type\":\"EntryPoint\",\"urlTemplate\":\"https:\\\/\\\/expforex.com\\\/de\\\/?s={search_term_string}\"},\"query-input\":{\"@type\":\"PropertyValueSpecification\",\"valueRequired\":true,\"valueName\":\"search_term_string\"}}],\"inLanguage\":\"de\"},{\"@type\":[\"Person\",\"Organization\"],\"@id\":\"https:\\\/\\\/expforex.com\\\/de\\\/#\\\/schema\\\/person\\\/0f3104735dd8fd99d5b5ee2e3634b1d5\",\"name\":\"Expforex Vladislav\",\"image\":{\"@type\":\"ImageObject\",\"inLanguage\":\"de\",\"@id\":\"https:\\\/\\\/expforex.com\\\/wp-content\\\/uploads\\\/2023\\\/12\\\/LOGONEW-2024-2.png\",\"url\":\"https:\\\/\\\/expforex.com\\\/wp-content\\\/uploads\\\/2023\\\/12\\\/LOGONEW-2024-2.png\",\"contentUrl\":\"https:\\\/\\\/expforex.com\\\/wp-content\\\/uploads\\\/2023\\\/12\\\/LOGONEW-2024-2.png\",\"width\":200,\"height\":200,\"caption\":\"Expforex Vladislav\"},\"logo\":{\"@id\":\"https:\\\/\\\/expforex.com\\\/wp-content\\\/uploads\\\/2023\\\/12\\\/LOGONEW-2024-2.png\"},\"sameAs\":[\"https:\\\/\\\/www.expforex.com\",\"https:\\\/\\\/www.facebook.com\\\/ExpForex\\\/\",\"https:\\\/\\\/www.youtube.com\\\/Expforex\"],\"publishingPrinciples\":\"https:\\\/\\\/expforex.com\\\/privacy-policy\\\/\"}]}<\/script>\n<!-- \/ Yoast SEO Premium plugin. -->","yoast_head_json":{"title":"Forex Video-Bibliothek: MetaTrader 4 & 5 EA-Tutorials & Strategien | Expforex - Die besten Ideen f\u00fcr MetaTrader","description":"\ud83d\udcfa Meistere automatisierten Handel (Automated Trading)! Schau dir professionelle Video-Guides f\u00fcr MetaTrader 4 & 5 an. Lerne, wie du Expert Advisors (Expert Advisors) installierst, optimierst und profitabel einsetzt \u2013 mit Crypto- & Forex-Tools.","robots":{"index":"index","follow":"follow","max-snippet":"max-snippet:-1","max-image-preview":"max-image-preview:large","max-video-preview":"max-video-preview:-1"},"canonical":"https:\/\/expforex.com\/de\/video\/","og_locale":"de_DE","og_type":"article","og_title":"Forex Video-Bibliothek: MetaTrader 4 & 5 EA-Tutorials & Strategien | Expforex","og_description":"\ud83d\udcfa Meistere automatisierten Handel (Automated Trading)! Schau dir professionelle Video-Guides f\u00fcr MetaTrader 4 & 5 an. Lerne, wie du Expert Advisors (Expert Advisors) installierst, optimierst und profitabel einsetzt \u2013 mit Crypto- & Forex-Tools.","og_url":"https:\/\/expforex.com\/de\/video\/","og_site_name":"Die besten Ideen f\u00fcr MetaTrader","article_publisher":"https:\/\/www.facebook.com\/ExpForex\/","article_modified_time":"2026-01-31T15:51:01+00:00","og_image":[{"width":512,"height":512,"url":"https:\/\/expforex.com\/wp-content\/uploads\/2024\/09\/youtube-1.png","type":"image\/png"}],"twitter_card":"summary_large_image","twitter_misc":{"Est. reading time":"1 minute"},"schema":{"@context":"https:\/\/schema.org","@graph":[{"@type":"WebPage","@id":"https:\/\/expforex.com\/de\/video\/","url":"https:\/\/expforex.com\/de\/video\/","name":"Forex Video-Bibliothek: MetaTrader 4 & 5 EA-Tutorials & Strategien | Expforex - Die besten Ideen f\u00fcr MetaTrader","isPartOf":{"@id":"https:\/\/expforex.com\/de\/#website"},"primaryImageOfPage":{"@id":"https:\/\/expforex.com\/de\/video\/#primaryimage"},"image":{"@id":"https:\/\/expforex.com\/de\/video\/#primaryimage"},"thumbnailUrl":"https:\/\/expforex.com\/wp-content\/uploads\/2024\/09\/youtube-1.png","datePublished":"2024-03-10T16:23:28+00:00","dateModified":"2026-01-31T15:51:01+00:00","description":"\ud83d\udcfa Meistere automatisierten Handel (Automated Trading)! Schau dir professionelle Video-Guides f\u00fcr MetaTrader 4 & 5 an. Lerne, wie du Expert Advisors (Expert Advisors) installierst, optimierst und profitabel einsetzt \u2013 mit Crypto- & Forex-Tools.","breadcrumb":{"@id":"https:\/\/expforex.com\/de\/video\/#breadcrumb"},"inLanguage":"de","potentialAction":[{"@type":"ReadAction","target":["https:\/\/expforex.com\/de\/video\/"]}]},{"@type":"ImageObject","inLanguage":"de","@id":"https:\/\/expforex.com\/de\/video\/#primaryimage","url":"https:\/\/expforex.com\/wp-content\/uploads\/2024\/09\/youtube-1.png","contentUrl":"https:\/\/expforex.com\/wp-content\/uploads\/2024\/09\/youtube-1.png","width":512,"height":512},{"@type":"BreadcrumbList","@id":"https:\/\/expforex.com\/de\/video\/#breadcrumb","itemListElement":[{"@type":"ListItem","position":1,"name":"Startseite","item":"https:\/\/expforex.com\/de\/"},{"@type":"ListItem","position":2,"name":"Forex Video-Bibliothek: MetaTrader 4 &#038; 5 EA-Tutorials &#038; Strategien | Expforex"}]},{"@type":"WebSite","@id":"https:\/\/expforex.com\/de\/#website","url":"https:\/\/expforex.com\/de\/","name":"Die besten Ideen f\u00fcr MetaTrader","description":"Umfangreiche Erfahrung in der Programmierung von Assistenten f\u00fcr MetaTrader, MQL, Forex, Expert Advisor, Indikator, Skript, EA, Utilities, VirtualTradePad, Copylot, Ticksniper, Averager, xCustomEA, X, Duplicator, TesterPad, ExtraReportPad, Assistent, Handel, Trader, Scalping.","publisher":{"@id":"https:\/\/expforex.com\/de\/#\/schema\/person\/0f3104735dd8fd99d5b5ee2e3634b1d5"},"alternateName":"Forex EA","potentialAction":[{"@type":"SearchAction","target":{"@type":"EntryPoint","urlTemplate":"https:\/\/expforex.com\/de\/?s={search_term_string}"},"query-input":{"@type":"PropertyValueSpecification","valueRequired":true,"valueName":"search_term_string"}}],"inLanguage":"de"},{"@type":["Person","Organization"],"@id":"https:\/\/expforex.com\/de\/#\/schema\/person\/0f3104735dd8fd99d5b5ee2e3634b1d5","name":"Expforex Vladislav","image":{"@type":"ImageObject","inLanguage":"de","@id":"https:\/\/expforex.com\/wp-content\/uploads\/2023\/12\/LOGONEW-2024-2.png","url":"https:\/\/expforex.com\/wp-content\/uploads\/2023\/12\/LOGONEW-2024-2.png","contentUrl":"https:\/\/expforex.com\/wp-content\/uploads\/2023\/12\/LOGONEW-2024-2.png","width":200,"height":200,"caption":"Expforex Vladislav"},"logo":{"@id":"https:\/\/expforex.com\/wp-content\/uploads\/2023\/12\/LOGONEW-2024-2.png"},"sameAs":["https:\/\/www.expforex.com","https:\/\/www.facebook.com\/ExpForex\/","https:\/\/www.youtube.com\/Expforex"],"publishingPrinciples":"https:\/\/expforex.com\/privacy-policy\/"}]}},"_links":{"self":[{"href":"https:\/\/expforex.com\/de\/wp-json\/wp\/v2\/pages\/55790","targetHints":{"allow":["GET"]}}],"collection":[{"href":"https:\/\/expforex.com\/de\/wp-json\/wp\/v2\/pages"}],"about":[{"href":"https:\/\/expforex.com\/de\/wp-json\/wp\/v2\/types\/page"}],"author":[{"embeddable":true,"href":"https:\/\/expforex.com\/de\/wp-json\/wp\/v2\/users\/2"}],"replies":[{"embeddable":true,"href":"https:\/\/expforex.com\/de\/wp-json\/wp\/v2\/comments?post=55790"}],"version-history":[{"count":1,"href":"https:\/\/expforex.com\/de\/wp-json\/wp\/v2\/pages\/55790\/revisions"}],"predecessor-version":[{"id":146869,"href":"https:\/\/expforex.com\/de\/wp-json\/wp\/v2\/pages\/55790\/revisions\/146869"}],"wp:featuredmedia":[{"embeddable":true,"href":"https:\/\/expforex.com\/de\/wp-json\/wp\/v2\/media\/52991"}],"wp:attachment":[{"href":"https:\/\/expforex.com\/de\/wp-json\/wp\/v2\/media?parent=55790"}],"curies":[{"name":"wp","href":"https:\/\/api.w.org\/{rel}","templated":true}]}}