{"id":57401,"date":"2023-08-05T08:26:42","date_gmt":"2023-08-05T08:26:42","guid":{"rendered":"https:\/\/expforex.com\/disclaimer\/"},"modified":"2026-01-09T15:54:26","modified_gmt":"2026-01-09T15:54:26","slug":"disclaimer","status":"publish","type":"page","link":"https:\/\/expforex.com\/de\/disclaimer\/","title":{"rendered":"Haftungsausschluss"},"content":{"rendered":"<h2><span data-preserver-spaces=\"true\">Haftungsausschluss. Haftungsausschluss und Erkl\u00e4rung der geistigen Eigentumsrechte<\/span><\/h2>\n<h3><strong>Rechtshinweis<\/strong><\/h3>\n<p><span data-preserver-spaces=\"true\">Dieser rechtliche Hinweis (\u201eRechtshinweis\u201c) legt die Regeln f\u00fcr die Nutzung dieser Website (\u201eSite\u201c) fest. Durch die Nutzung dieser Site erkl\u00e4ren Sie sich mit den im Rechtshinweis festgelegten Regelungen einverstanden. Die Eigent\u00fcmer der Ressourcen haben das Recht, die im Rechtshinweis festgelegten Regeln jederzeit zu \u00e4ndern, die sofort in Kraft treten. Ihre fortgesetzte Nutzung der Site nach \u00c4nderungen bedeutet, dass Sie sich mit den neuen Regeln einverstanden erkl\u00e4ren. Bitte besuchen Sie diese Seite regelm\u00e4\u00dfig, um die aktuellen Bedingungen des Rechtshinweises zu \u00fcberpr\u00fcfen.<\/span><\/p>\n<h2><strong>Geistiges Eigentum<\/strong><\/h2>\n<p><span data-preserver-spaces=\"true\">Alle Urheberrechte und anderen Rechte an den Ergebnissen geistiger T\u00e4tigkeit, die sich auf der Site und in deren Inhalten befinden, einschlie\u00dflich (ohne Einschr\u00e4nkung) Texte und Codes (\u201eInhalt\u201c), die auf der Site verf\u00fcgbar sind, geh\u00f6ren den Eigent\u00fcmern der Ressource. Sofern nicht anders angegeben, d\u00fcrfen Sie den Inhalt nur f\u00fcr Ihre eigene Nutzung einsehen, kopieren und ausdrucken, vorausgesetzt, dass alle Kopien und Ausdrucke des Inhalts die Urheberrechts- und andere Eigentumsrechte-Hinweise und Haftungsausschl\u00fcsse enthalten, die auf der Site angezeigt werden. Im Falle der Ver\u00f6ffentlichung des Inhalts auf anderen Internetressourcen verpflichten Sie sich, einen Hyperlink aus der Liste der Bedingungen zum Kopieren von Materialien zu setzen. Die Eigent\u00fcmer der Ressource behalten sich das Recht vor (sind jedoch nicht verpflichtet), den Inhalt jederzeit zu \u00e4ndern.<\/span><\/p>\n<h2><strong>Haftungsausschluss<\/strong><\/h2>\n<p><span data-preserver-spaces=\"true\">Der Zugang zur Site und die Nutzung ihrer Inhalte erfolgt auf Ihr eigenes Risiko. Obwohl die Eigent\u00fcmer der Ressourcen angemessene Ma\u00dfnahmen ergreifen, um die Genauigkeit und Relevanz des Inhalts sicherzustellen, \u00fcbernehmen sie keine Verantwortung f\u00fcr die Handlungen von Personen oder Organisationen, die direkt oder indirekt auf der Grundlage der auf der Site verf\u00fcgbaren Informationen oder die Sie durch sie erhalten haben, handeln, sei es durch die Eigent\u00fcmer der Ressource oder Dritte. Die Site und der Inhalt werden auf einer \u201ewie besehen\u201c-Basis bereitgestellt, und die Eigent\u00fcmer der Site geben keine Zusicherungen oder Gew\u00e4hrleistungen jeglicher Art in Bezug auf die Site und den Inhalt, einschlie\u00dflich, ohne Einschr\u00e4nkung, der Aktualit\u00e4t, W\u00e4hrung, Genauigkeit, Vollst\u00e4ndigkeit, Zuverl\u00e4ssigkeit, Verf\u00fcgbarkeit oder Eignung f\u00fcr einen bestimmten Zweck des Inhalts und der Site, in Bezug darauf, ob die Nutzung der Site fehlerfrei, sicher und ununterbrochen sein wird, dass die Eigent\u00fcmer der Ressourcen alle Fehler korrigieren werden oder dass die Site frei von Viren oder anderen sch\u00e4dlichen Codes ist und dass der Inhalt und die Site nicht die Rechte Dritter verletzen. Soweit nach geltendem Recht m\u00f6glich, schlie\u00dfen die Eigent\u00fcmer der Ressourcen alle Zusicherungen und Gew\u00e4hrleistungen aus, die andernfalls impliziert werden k\u00f6nnten, und schlie\u00dfen jede Haftung in Bezug auf die Site, den Inhalt und deren Nutzung aus.<\/span><\/p>\n<h2><strong>Drittanbieter-Websites<\/strong><\/h2>\n<p><span data-preserver-spaces=\"true\">Die Site kann Hypertext-Links zu Drittanbieter-Websites enthalten. Die Eigent\u00fcmer der Ressource stellen diese Links zu Ihrer Bequemlichkeit zur Verf\u00fcgung und kontrollieren nicht die Websites, auf die Sie zugreifen oder durch die Sie navigieren k\u00f6nnen. Die Eigent\u00fcmer der Ressource unterst\u00fctzen, sponsern, bef\u00fcrworten oder \u00fcbernehmen sonstige Verantwortung f\u00fcr Drittanbieter-Websites, deren Inhalte und Verf\u00fcgbarkeit nicht. Insbesondere \u00fcbernehmen die Eigent\u00fcmer der Ressource keine Verantwortung f\u00fcr die Verletzung der geistigen Eigentumsrechte einer Person auf Drittanbieter-Websites oder die Haftung im Zusammenhang mit Informationen oder Meinungen, die auf diesen Websites verf\u00fcgbar sind.<\/span><\/p>\n<h2><span data-preserver-spaces=\"true\">Handel mit Devisen<br \/>\n<\/span><\/h2>\n<p>Der Handel mit Devisen auf Margin birgt ein hohes Risiko und ist m\u00f6glicherweise nicht f\u00fcr alle Anleger geeignet. Der hohe Hebel kann sowohl gegen Sie als auch f\u00fcr Sie arbeiten. Bevor Sie entscheiden, in Devisen zu investieren, sollten Sie Ihre Anlageziele, Ihr Erfahrungsniveau und Ihre Risikobereitschaft sorgf\u00e4ltig abw\u00e4gen.<\/p>\n<p>Entscheidungen \u00fcber den Kauf, Verkauf, das Halten oder den Handel von Wertpapieren und anderen Anlagen sind risikobehaftet und sollten am besten auf der Grundlage der Beratung von qualifizierten Finanzprofis getroffen werden. Der Handel mit Wertpapieren oder anderen Anlagen birgt das Risiko erheblicher Verluste. Die Praxis des \u201eDay Trading\u201c birgt besonders hohe Risiken und kann dazu f\u00fchren, dass Sie erhebliche Geldbetr\u00e4ge verlieren. Bevor Sie ein Handelsprogramm starten, sollten Sie einen qualifizierten Finanzprofi konsultieren. Bitte \u00fcberlegen Sie sorgf\u00e4ltig, ob dieser Handel in Anbetracht Ihrer finanziellen Situation und Ihrer F\u00e4higkeit, finanzielle Risiken zu tragen, geeignet ist.<\/p>\n<p>Keine Informationen oder Meinungen, die auf dieser Site enthalten sind, sollten als Aufforderung oder Angebot zum Kauf oder Verkauf von W\u00e4hrungen, Aktien oder anderen Finanzinstrumenten oder Dienstleistungen betrachtet werden. Die Meinungen, die bei\u00a0<b>Expforex.com<\/b>\u00a0ge\u00e4u\u00dfert werden, sind die der einzelnen Autoren und spiegeln nicht unbedingt die Meinung von\u00a0<b>Expforex.com<\/b>\u00a0oder dessen Management wider.\u00a0<b>E<u>xpfore<\/u>x.com<\/b>\u00a0hat die Richtigkeit oder die Grundlage von Anspr\u00fcchen oder Aussagen, die von unabh\u00e4ngigen Autoren gemacht werden, nicht \u00fcberpr\u00fcft.\u00a0<b>Expforex.com<\/b>\u00a0\u00fcbernimmt keine Haftung f\u00fcr Verluste oder Sch\u00e4den, einschlie\u00dflich, aber nicht beschr\u00e4nkt auf Gewinne, die direkt oder indirekt aus der Nutzung oder dem Vertrauen auf Informationen, die auf dieser Site enthalten sind, entstehen k\u00f6nnen. Fr\u00fchere Leistungen sind kein Hinweis oder eine Garantie f\u00fcr zuk\u00fcnftige Leistungen.<\/p>\n<p>Die in unseren Leserkommentaren und nutzergenerierten Inhalten ge\u00e4u\u00dferten Meinungen spiegeln die Ansichten ihrer jeweiligen Autoren wider. Der Handel mit Devisen ist mit einem erheblichen Risiko von Verlusten verbunden. F\u00fchren Sie immer Ihre Sorgfaltspflicht durch, bevor Sie eine Investitionsentscheidung treffen.<\/p>\n<p>Die Informationen auf\u00a0<b>expforex.com<\/b>, die auf der Site bereitgestellte Software und alle Chartseiten werden zur Bequemlichkeit der Site-Besucher zusammengestellt.\u00a0<b>expforex.com<\/b>\u00a0stellt diese Informationen ohne Verantwortung f\u00fcr die Richtigkeit zur Verf\u00fcgung, und sie werden von den Site-Besuchern unter der Bedingung akzeptiert, dass \u00dcbertragungsfehler oder Auslassungen nicht die Grundlage f\u00fcr Anspr\u00fcche, Forderungen oder Klagen sind. Die Informationen und Daten stammen aus Quellen, die als zuverl\u00e4ssig gelten, aber wir garantieren nicht deren Genauigkeit.<\/p>\n<p>Diese Website enth\u00e4lt Links zu Websites, die nicht von\u00a0<b>expforex.com<\/b>\u00a0verwaltet werden. Links zu Drittanbieter-Websites werden Ihnen nur zu Ihrer Bequemlichkeit und Information zur Verf\u00fcgung gestellt. Drittanbieter-Websites stehen nicht unter der Kontrolle von\u00a0<b>expforex.com<\/b>, und wir sind nicht verantwortlich f\u00fcr die Inhalte oder die Richtigkeit dieser Websites oder der Produkte oder Dienstleistungen, die auf oder durch diese Websites angeboten werden. Die Aufnahme eines Links auf dieser Website impliziert nicht die Billigung der Drittanbieter-Website durch\u00a0<b>expforex.com<\/b>.<\/p>\n<p>Die Broker entsch\u00e4digen\u00a0<b>expforex.com<\/b>, die auf dieser Site genannt werden.<\/p>\n<p>SIE STIMMEN AUSDR\u00dcCKLICH ZU, DASS DIE NUTZUNG DER DIENSTLEISTUNGEN VON\u00a0<b>EXPFOREX.COM<\/b>\u00a0AUF IHR EIGENES RISIKO ERFOLGT. DIE SITE, DIE SOFTWARE UND DIE DIENSTLEISTUNGEN WERDEN AUF EINER \u201eWIE BESCHAFFT\u201c-BASIS BEREITGESTELLT. F\u00dcR DIE SOFTWARE, DIE VON DER WEBSITE HERUNTERGELADEN WIRD, GIBT ES KEINE GARANTIE IM GERICHTLICH ZUL\u00c4SSIGEN AUSMASS. DAS GESAMTE RISIKO IN BEZUG AUF DIE QUALIT\u00c4T UND LEISTUNG DER SOFTWARE TRAGEN SIE. FALLS DAS PROGRAMM M\u00c4NGEL AUFWEIST, \u00dcBERNEHMEN SIE DIE KOSTEN F\u00dcR ALLE NOTWENDIGEN DIENSTLEISTUNGEN, REPARATUREN ODER KORREKTUREN.<\/p>\n<p>UNABH\u00c4NGIG VON DER ART DES ANSPRUCHS ODER DER ART DES KLAGEGRUNDES STIMMEN SIE ZU, DASS IN KEINEM FALL\u00a0<b>EXPFOREX.COM<\/b>, SEINE TOCHTERGESELLSCHAFTEN, VERTRAGSPARTNER, DIENSTLEISTER, MITARBEITER, BEAUFTRAGTE ODER LIZENZGEBER, ODER JEDER ANDERE BETEILIGTE AN DER ERSTELLUNG, PRODUKTION ODER LIEFERUNG DER DIENSTLEISTUNGEN, TECHNOLOGIE ODER INHALTE, DIE AUF DEN DIENSTLEISTUNGEN VERF\u00dcGBAR SIND, IN IRGENDEINER WEISE F\u00dcR SIE HAFTBAR SIND.<\/p>\n<p>IHRE EINZIGE UND EXKLUSIVE RECHTSMITTEL BEZ\u00dcGLICH DER NUTZUNG IRGENDEINER DIENSTLEISTUNGEN, DIE VON\u00a0<b>EXPFOREX.COM<\/b>\u00a0BEREITGESTELLT WERDEN, IST DIE STORNIERUNG IHRER MITGLIEDSCHAFT F\u00dcR DIE DIENSTLEISTUNGEN. EINIGE RECHTSPRECHUNGEN ERLAUBEN KEINE EINSCHR\u00c4NKUNGEN ODER AUSSCHL\u00dcSSE DER HAFTUNG F\u00dcR NEBEN- ODER FOLGESCH\u00c4DEN; IN DIESEN RECHTSPRECHUNGEN IST UNSERE HAFTUNG AUF DAS MASS BESCHR\u00c4NKT, DAS DAS RECHT ZUL\u00c4SSIG ERLAUBT.<\/p>\n<p><b>Einige unserer Dienstleistungen und Expert Advisors (Utilities, Ea, Indikatoren, Skripte, Expert Advisors, Bibliotheken)\u00a0<\/b>sind in der Entwicklung, und wir behalten uns das Recht vor, diese nach eigenem Ermessen zu \u00e4ndern, zu modifizieren und sogar einzustellen. Indem Sie Inhalte auf unseren Websites posten oder auf andere Weise zu unserem Dienst beitragen, erkl\u00e4ren Sie sich damit einverstanden, dass wir eine unbefristete und unbegrenzte Lizenz zur republizierung aller von Ihnen ver\u00f6ffentlichten oder \u00fcbermittelten Inhalte oder deren Ableitungen haben. Wir haben das Recht, ohne vorherige Ank\u00fcndigung und nach eigenem Ermessen jeden Beitrag zu entfernen, jede Mitgliedschaft zu beenden oder Ma\u00dfnahmen zu ergreifen, die gegen die auf dieser Seite festgelegten Regeln und Bedingungen versto\u00dfen.<\/p>\n<p><b>Wir bitten Sie, unsere Dienste auf rechtm\u00e4\u00dfige, zivile und faire Weise zu nutzen. Sie d\u00fcrfen beispielsweise nicht:<\/b><\/p>\n<p>Inhalte posten, \u00fcbermitteln oder verlinken, die st\u00f6rend, unh\u00f6flich, missbr\u00e4uchlich, vulg\u00e4r, obsz\u00f6n, hasserf\u00fcllt, sexuell explizit, Spam, Werbung, Produkt- oder Dienstleistungsf\u00f6rderung, betr\u00fcgerisch, drohend, bel\u00e4stigend, verleumderisch oder pers\u00f6nliche Angelegenheiten einer Person offenbaren;<\/p>\n<p>Material posten oder \u00fcbermitteln, das Sie nicht rechtlich \u00fcbermitteln d\u00fcrfen (wie Urheberrechte, Gesch\u00e4ftsgeheimnisse oder Wertpapiere) oder vertragliche oder treuh\u00e4nderische Beziehungen (wie Geheimhaltungsvereinbarungen);<\/p>\n<p>Irgendein anwendbares Gesetz oder eine Vorschrift beim Zugriff auf und der Nutzung unserer Sites verletzen, einschlie\u00dflich, ohne Einschr\u00e4nkung, der Regeln und Vorschriften der U.S. Securities and Exchange Commission, der National Futures Association, der CFTC und der nationalen oder anderen Wertpapierb\u00f6rsen (insbesondere einschlie\u00dflich der Regel gegen das Abgeben falscher oder irref\u00fchrender Aussagen zur Manipulation des Preises eines Wertpapiers);<\/p>\n<p>Ein Wertpapier, Produkt oder Finanzinstrument anbieten, verkaufen oder kaufen;<\/p>\n<p>Eine Handlung vornehmen, die eine unangemessen gro\u00dfe Belastung f\u00fcr unsere Infrastruktur darstellt oder den Betrieb unserer Systeme oder Dienste st\u00f6rt oder sch\u00e4digt;<\/p>\n<p>Inhalte von\u00a0<b>Expforex.com<\/b>\u00a0ohne unsere vorherige schriftliche Genehmigung verwenden.<\/p>\n<p>Bitte wahren Sie die Vertraulichkeit Ihres Passworts. Kontaktieren Sie uns, wenn Sie auf verd\u00e4chtige Aktivit\u00e4ten in Verbindung mit der Nutzung unserer Dienste sto\u00dfen oder davon h\u00f6ren. Wir \u00fcbernehmen keine Verantwortung f\u00fcr Verluste, die Ihnen durch die unbefugte Nutzung Ihrer Daten entstehen. Sie d\u00fcrfen nur ein (1) Konto f\u00fcr die Nutzung unserer Dienste erstellen, d.h. ein Konto pro Person.<\/p>\n<p>Die Leistungsdaten auf dieser Site sind hypothetischer Natur, und\u00a0<b>Expforex.com<\/b>\u00a0gibt keine Zusicherung, dass diese Ergebnisse den Handel in einem tats\u00e4chlichen Konto widerspiegeln. Tats\u00e4chlich nutzen viele unserer Mitglieder sogenannte Demokonten, die m\u00f6glicherweise nicht den Geb\u00fchren, Provisionen, Margin-Calls und anderen Faktoren unterliegen, die die Leistung des Handels in einem tats\u00e4chlichen Konto negativ beeinflussen w\u00fcrden. Dar\u00fcber hinaus spiegeln die dargestellten Ergebnisse nur abgeschlossene Gesch\u00e4fte wider und ber\u00fccksichtigen keine Verluste oder Gewinne aus offenen Positionen.<\/p>\n<p>HYPOTHETISCHE LEISTUNGSRESULTATE HABEN VIELE EINGEHENDE EINSCHR\u00c4NKUNGEN, VON DENEN EINIGE IM FOLGENDEN BESCHREIBEN WERDEN. ES WIRD KEINE DARSTELLUNG GETROFFEN, DASS EIN KONTO GEWINNE ODER VERLUSTE ERZIELEN WIRD ODER WAHRSCHENLICH ERZIELEN WIRD, DIE DEN ANGEZEIGTEN \u00c4HNELN. IN DER TATSACHE GIBT ES OFT GROSSE UNTERSCHIEDE ZWISCHEN HYPOTHETISCHEN LEISTUNGSRESULTATEN UND DEN TATS\u00c4CHLICHEN ERGEBNISSEN, DIE DANACH VON EINEM BESTIMMTEN HANDELSPROGRAM ERZIELT WERDEN.<\/p>\n<p>EINE DER EINSCHR\u00c4NKUNGEN HYPOTHETISCHER LEISTUNGSRESULTATE IST, DASS SIE ALLGEMEIN MIT DEM NUTZEN DER R\u00dcCKBLICKEN VORBEREITET WERDEN. DAR\u00dcBER HINAUS BEINHALTET HYPOTHETISCHES HANDELN KEIN FINANZIELLES RISIKO, UND KEIN HYPOTHETISCHES HANDELSREGISTER KANN DIE WIRKUNG DES FINANZIELLEN RISIKOS IM ECHTEN HANDEL VOLLST\u00c4NDIG BER\u00dcCKSICHTIGEN. BEISPIELSWEISE K\u00d6NNEN DIE F\u00c4HIGKEIT, VERLUSTE ZU ERTRAGEN ODER EINEM BESTIMMTEN HANDELSPROGRAM TROTZ HANDELSVERLUSTEN FESTZULIEBEN, MATERIALLE PUNKTE SEIN, DIE AUCH DIE TATS\u00c4CHLICHEN HANDELSERGEBNISSE NEGATIV BEeinFLUSSEN K\u00d6NNEN. ES GIBT ZAHLREICHE ANDERE FAKTOREN, DIE ALLGEMEIN MIT DEN M\u00c4RKTEN ZUSAMMENH\u00c4NGEN ODER MIT DER IMPLEMENTIERUNG EINES BESTIMMTEN HANDELSPROGRAM IN VERBINDUNG STEHEN, DIE BEI DER VORBEREITUNG HYPOTHETISCHER LEISTUNGSRESULTATE NICHT VOLLST\u00c4NDIG BER\u00dcCKSICHTIGT WERDEN K\u00d6NNEN, WAS ALLE TATS\u00c4CHLICHEN HANDELSRESULTATE NEGATIV BEINFLUSSEN KANN.<\/p>\n","protected":false},"excerpt":{"rendered":"<p>Ein Haftungsausschluss ist eine Erkl\u00e4rung, in der eine Person angibt, dass sie von etwas nichts wusste oder f\u00fcr etwas nicht verantwortlich ist.<\/p>\n","protected":false},"author":2,"featured_media":0,"parent":0,"menu_order":0,"comment_status":"closed","ping_status":"closed","template":"","meta":{"_acf_changed":false,"_eb_attr":"","_eb_data_table":"","footnotes":""},"class_list":["post-57401","page","type-page","status-publish","hentry"],"acf":[],"yoast_head":"<!-- This site is optimized with the Yoast SEO Premium plugin v27.3 (Yoast SEO v27.3) - https:\/\/yoast.com\/product\/yoast-seo-premium-wordpress\/ -->\n<title>Haftungsausschluss<\/title>\n<meta name=\"description\" content=\"Ein Haftungsausschluss ist eine Erkl\u00e4rung, in der eine Person angibt, dass sie von etwas nichts wusste oder f\u00fcr etwas nicht verantwortlich ist.\" \/>\n<meta name=\"robots\" content=\"index, follow, max-snippet:-1, max-image-preview:large, max-video-preview:-1\" \/>\n<link rel=\"canonical\" href=\"https:\/\/expforex.com\/de\/disclaimer\/\" \/>\n<meta property=\"og:locale\" content=\"de_DE\" \/>\n<meta property=\"og:type\" content=\"article\" \/>\n<meta property=\"og:title\" content=\"Haftungsausschluss\" \/>\n<meta property=\"og:description\" content=\"Ein Haftungsausschluss ist eine Erkl\u00e4rung, in der eine Person angibt, dass sie von etwas nichts wusste oder f\u00fcr etwas nicht verantwortlich ist.\" \/>\n<meta property=\"og:url\" content=\"https:\/\/expforex.com\/de\/disclaimer\/\" \/>\n<meta property=\"og:site_name\" content=\"Die besten Ideen f\u00fcr MetaTrader\" \/>\n<meta property=\"article:publisher\" content=\"https:\/\/www.facebook.com\/ExpForex\/\" \/>\n<meta property=\"article:modified_time\" content=\"2026-01-09T15:54:26+00:00\" \/>\n<meta property=\"og:image\" content=\"https:\/\/expforex.com\/wp-content\/uploads\/2023\/12\/LOGONEW-2024-2.png\" \/>\n\t<meta property=\"og:image:width\" content=\"200\" \/>\n\t<meta property=\"og:image:height\" content=\"200\" \/>\n\t<meta property=\"og:image:type\" content=\"image\/png\" \/>\n<meta name=\"twitter:card\" content=\"summary_large_image\" \/>\n<meta name=\"twitter:label1\" content=\"Est. reading time\" \/>\n\t<meta name=\"twitter:data1\" content=\"8 minutes\" \/>\n<script type=\"application\/ld+json\" class=\"yoast-schema-graph\">{\"@context\":\"https:\\\/\\\/schema.org\",\"@graph\":[{\"@type\":\"WebPage\",\"@id\":\"https:\\\/\\\/expforex.com\\\/de\\\/disclaimer\\\/\",\"url\":\"https:\\\/\\\/expforex.com\\\/de\\\/disclaimer\\\/\",\"name\":\"Haftungsausschluss\",\"isPartOf\":{\"@id\":\"https:\\\/\\\/expforex.com\\\/de\\\/#website\"},\"datePublished\":\"2023-08-05T08:26:42+00:00\",\"dateModified\":\"2026-01-09T15:54:26+00:00\",\"description\":\"Ein Haftungsausschluss ist eine Erkl\u00e4rung, in der eine Person angibt, dass sie von etwas nichts wusste oder f\u00fcr etwas nicht verantwortlich ist.\",\"breadcrumb\":{\"@id\":\"https:\\\/\\\/expforex.com\\\/de\\\/disclaimer\\\/#breadcrumb\"},\"inLanguage\":\"de\",\"potentialAction\":[{\"@type\":\"ReadAction\",\"target\":[\"https:\\\/\\\/expforex.com\\\/de\\\/disclaimer\\\/\"]}]},{\"@type\":\"BreadcrumbList\",\"@id\":\"https:\\\/\\\/expforex.com\\\/de\\\/disclaimer\\\/#breadcrumb\",\"itemListElement\":[{\"@type\":\"ListItem\",\"position\":1,\"name\":\"Startseite\",\"item\":\"https:\\\/\\\/expforex.com\\\/de\\\/\"},{\"@type\":\"ListItem\",\"position\":2,\"name\":\"Haftungsausschluss\"}]},{\"@type\":\"WebSite\",\"@id\":\"https:\\\/\\\/expforex.com\\\/de\\\/#website\",\"url\":\"https:\\\/\\\/expforex.com\\\/de\\\/\",\"name\":\"Die besten Ideen f\u00fcr MetaTrader\",\"description\":\"Umfangreiche Erfahrung in der Programmierung von Assistenten f\u00fcr MetaTrader, MQL, Forex, Expert Advisor, Indikator, Skript, EA, Utilities, VirtualTradePad, Copylot, Ticksniper, Averager, xCustomEA, X, Duplicator, TesterPad, ExtraReportPad, Assistent, Handel, Trader, Scalping.\",\"publisher\":{\"@id\":\"https:\\\/\\\/expforex.com\\\/de\\\/#\\\/schema\\\/person\\\/0f3104735dd8fd99d5b5ee2e3634b1d5\"},\"alternateName\":\"Forex EA\",\"potentialAction\":[{\"@type\":\"SearchAction\",\"target\":{\"@type\":\"EntryPoint\",\"urlTemplate\":\"https:\\\/\\\/expforex.com\\\/de\\\/?s={search_term_string}\"},\"query-input\":{\"@type\":\"PropertyValueSpecification\",\"valueRequired\":true,\"valueName\":\"search_term_string\"}}],\"inLanguage\":\"de\"},{\"@type\":[\"Person\",\"Organization\"],\"@id\":\"https:\\\/\\\/expforex.com\\\/de\\\/#\\\/schema\\\/person\\\/0f3104735dd8fd99d5b5ee2e3634b1d5\",\"name\":\"Expforex Vladislav\",\"image\":{\"@type\":\"ImageObject\",\"inLanguage\":\"de\",\"@id\":\"https:\\\/\\\/expforex.com\\\/wp-content\\\/uploads\\\/2023\\\/12\\\/LOGONEW-2024-2.png\",\"url\":\"https:\\\/\\\/expforex.com\\\/wp-content\\\/uploads\\\/2023\\\/12\\\/LOGONEW-2024-2.png\",\"contentUrl\":\"https:\\\/\\\/expforex.com\\\/wp-content\\\/uploads\\\/2023\\\/12\\\/LOGONEW-2024-2.png\",\"width\":200,\"height\":200,\"caption\":\"Expforex Vladislav\"},\"logo\":{\"@id\":\"https:\\\/\\\/expforex.com\\\/wp-content\\\/uploads\\\/2023\\\/12\\\/LOGONEW-2024-2.png\"},\"sameAs\":[\"https:\\\/\\\/www.expforex.com\",\"https:\\\/\\\/www.facebook.com\\\/ExpForex\\\/\",\"https:\\\/\\\/www.youtube.com\\\/Expforex\"],\"publishingPrinciples\":\"https:\\\/\\\/expforex.com\\\/privacy-policy\\\/\"}]}<\/script>\n<!-- \/ Yoast SEO Premium plugin. -->","yoast_head_json":{"title":"Haftungsausschluss","description":"Ein Haftungsausschluss ist eine Erkl\u00e4rung, in der eine Person angibt, dass sie von etwas nichts wusste oder f\u00fcr etwas nicht verantwortlich ist.","robots":{"index":"index","follow":"follow","max-snippet":"max-snippet:-1","max-image-preview":"max-image-preview:large","max-video-preview":"max-video-preview:-1"},"canonical":"https:\/\/expforex.com\/de\/disclaimer\/","og_locale":"de_DE","og_type":"article","og_title":"Haftungsausschluss","og_description":"Ein Haftungsausschluss ist eine Erkl\u00e4rung, in der eine Person angibt, dass sie von etwas nichts wusste oder f\u00fcr etwas nicht verantwortlich ist.","og_url":"https:\/\/expforex.com\/de\/disclaimer\/","og_site_name":"Die besten Ideen f\u00fcr MetaTrader","article_publisher":"https:\/\/www.facebook.com\/ExpForex\/","article_modified_time":"2026-01-09T15:54:26+00:00","og_image":[{"width":200,"height":200,"url":"https:\/\/expforex.com\/wp-content\/uploads\/2023\/12\/LOGONEW-2024-2.png","type":"image\/png"}],"twitter_card":"summary_large_image","twitter_misc":{"Est. reading time":"8 minutes"},"schema":{"@context":"https:\/\/schema.org","@graph":[{"@type":"WebPage","@id":"https:\/\/expforex.com\/de\/disclaimer\/","url":"https:\/\/expforex.com\/de\/disclaimer\/","name":"Haftungsausschluss","isPartOf":{"@id":"https:\/\/expforex.com\/de\/#website"},"datePublished":"2023-08-05T08:26:42+00:00","dateModified":"2026-01-09T15:54:26+00:00","description":"Ein Haftungsausschluss ist eine Erkl\u00e4rung, in der eine Person angibt, dass sie von etwas nichts wusste oder f\u00fcr etwas nicht verantwortlich ist.","breadcrumb":{"@id":"https:\/\/expforex.com\/de\/disclaimer\/#breadcrumb"},"inLanguage":"de","potentialAction":[{"@type":"ReadAction","target":["https:\/\/expforex.com\/de\/disclaimer\/"]}]},{"@type":"BreadcrumbList","@id":"https:\/\/expforex.com\/de\/disclaimer\/#breadcrumb","itemListElement":[{"@type":"ListItem","position":1,"name":"Startseite","item":"https:\/\/expforex.com\/de\/"},{"@type":"ListItem","position":2,"name":"Haftungsausschluss"}]},{"@type":"WebSite","@id":"https:\/\/expforex.com\/de\/#website","url":"https:\/\/expforex.com\/de\/","name":"Die besten Ideen f\u00fcr MetaTrader","description":"Umfangreiche Erfahrung in der Programmierung von Assistenten f\u00fcr MetaTrader, MQL, Forex, Expert Advisor, Indikator, Skript, EA, Utilities, VirtualTradePad, Copylot, Ticksniper, Averager, xCustomEA, X, Duplicator, TesterPad, ExtraReportPad, Assistent, Handel, Trader, Scalping.","publisher":{"@id":"https:\/\/expforex.com\/de\/#\/schema\/person\/0f3104735dd8fd99d5b5ee2e3634b1d5"},"alternateName":"Forex EA","potentialAction":[{"@type":"SearchAction","target":{"@type":"EntryPoint","urlTemplate":"https:\/\/expforex.com\/de\/?s={search_term_string}"},"query-input":{"@type":"PropertyValueSpecification","valueRequired":true,"valueName":"search_term_string"}}],"inLanguage":"de"},{"@type":["Person","Organization"],"@id":"https:\/\/expforex.com\/de\/#\/schema\/person\/0f3104735dd8fd99d5b5ee2e3634b1d5","name":"Expforex Vladislav","image":{"@type":"ImageObject","inLanguage":"de","@id":"https:\/\/expforex.com\/wp-content\/uploads\/2023\/12\/LOGONEW-2024-2.png","url":"https:\/\/expforex.com\/wp-content\/uploads\/2023\/12\/LOGONEW-2024-2.png","contentUrl":"https:\/\/expforex.com\/wp-content\/uploads\/2023\/12\/LOGONEW-2024-2.png","width":200,"height":200,"caption":"Expforex Vladislav"},"logo":{"@id":"https:\/\/expforex.com\/wp-content\/uploads\/2023\/12\/LOGONEW-2024-2.png"},"sameAs":["https:\/\/www.expforex.com","https:\/\/www.facebook.com\/ExpForex\/","https:\/\/www.youtube.com\/Expforex"],"publishingPrinciples":"https:\/\/expforex.com\/privacy-policy\/"}]}},"_links":{"self":[{"href":"https:\/\/expforex.com\/de\/wp-json\/wp\/v2\/pages\/57401","targetHints":{"allow":["GET"]}}],"collection":[{"href":"https:\/\/expforex.com\/de\/wp-json\/wp\/v2\/pages"}],"about":[{"href":"https:\/\/expforex.com\/de\/wp-json\/wp\/v2\/types\/page"}],"author":[{"embeddable":true,"href":"https:\/\/expforex.com\/de\/wp-json\/wp\/v2\/users\/2"}],"replies":[{"embeddable":true,"href":"https:\/\/expforex.com\/de\/wp-json\/wp\/v2\/comments?post=57401"}],"version-history":[{"count":1,"href":"https:\/\/expforex.com\/de\/wp-json\/wp\/v2\/pages\/57401\/revisions"}],"predecessor-version":[{"id":146038,"href":"https:\/\/expforex.com\/de\/wp-json\/wp\/v2\/pages\/57401\/revisions\/146038"}],"wp:attachment":[{"href":"https:\/\/expforex.com\/de\/wp-json\/wp\/v2\/media?parent=57401"}],"curies":[{"name":"wp","href":"https:\/\/api.w.org\/{rel}","templated":true}]}}