{"id":55797,"date":"2024-03-10T16:23:28","date_gmt":"2024-03-10T16:23:28","guid":{"rendered":"https:\/\/expforex.com\/video-about-expert-advisors-utilities-and-indicators\/"},"modified":"2026-02-01T08:46:30","modified_gmt":"2026-02-01T08:46:30","slug":"video","status":"publish","type":"page","link":"https:\/\/expforex.com\/es\/video\/","title":{"rendered":"Biblioteca de Videos de Forex: Tutoriales y Estrategias de EA para MetaTrader 4 &#038; 5 | Expforex"},"content":{"rendered":"\n<h2 class=\"wp-block-heading\" id=\"h-descubre-el-poder-de-los-expert-advisors-utilidades-e-indicadores-en-nuestro-video-informativo\">Descubre el poder de los Expert Advisors, Utilidades e Indicadores en nuestro video informativo.<\/h2>\n\n\n\n<p class=\"\">Aprende c\u00f3mo estas herramientas pueden cambiar tu forma de operar y ayudarte a tomar decisiones inteligentes. No pierdas esta oportunidad para mejorar tus habilidades de trading. \u00a1Mira nuestro video ahora!<\/p>\n\n\n\n<p class=\"\">Tutoriales en video de Forex, instrucciones en video para operar en Forex, gu\u00eda en video para principiantes en Forex, estrategias de trading en video de Forex, c\u00f3mo operar en Forex en video, an\u00e1lisis del mercado Forex en video, Forex trading paso a paso en video, gu\u00eda en video de MetaTrader, tutorial en video sobre indicadores de Forex, tutorial en video sobre Expert Advisors, video sobre trading automatizado en Forex, c\u00f3mo usar MetaTrader en video, video de configuraci\u00f3n de MetaTrader, video sobre gesti\u00f3n de riesgos en Forex, video de an\u00e1lisis t\u00e9cnico de Forex, video de patrones de gr\u00e1ficos de Forex, consejos de trading en video de Forex, herramientas de trading en video de Forex, videos educativos sobre Forex, video de trading para principiantes en Forex, video de instalaci\u00f3n de MetaTrader, estrategias de trading en Forex explicadas en video, gu\u00eda en video de se\u00f1ales de trading, lecciones en video de Forex, curso en video de trading en Forex, tutorial en video sobre tendencias del mercado Forex, gu\u00eda en video de backtesting en Forex, video de robots de trading de MetaTrader, video sobre cuentas demo de Forex, video de an\u00e1lisis fundamental en Forex, video de configuraci\u00f3n de expertos en MetaTrader, tutorial en video sobre plataformas de trading.<\/p>\n","protected":false},"excerpt":{"rendered":"<p>Descubre el poder de los Expert Advisors, Utilidades e Indicadores en nuestro video informativo. Aprende c\u00f3mo estas herramientas pueden cambiar tu forma de operar y ayudarte a tomar decisiones inteligentes. No pierdas esta oportunidad para mejorar tus habilidades de trading.<span class=\"excerpt-hellip\"> [\u2026]<\/span><\/p>\n","protected":false},"author":2,"featured_media":52997,"parent":0,"menu_order":0,"comment_status":"closed","ping_status":"closed","template":"","meta":{"_acf_changed":false,"_eb_attr":"","_eb_data_table":"","footnotes":""},"class_list":["post-55797","page","type-page","status-publish","has-post-thumbnail","hentry"],"acf":[],"yoast_head":"<!-- This site is optimized with the Yoast SEO Premium plugin v27.3 (Yoast SEO v27.3) - https:\/\/yoast.com\/product\/yoast-seo-premium-wordpress\/ -->\n<title>Biblioteca de Videos de Forex: Tutoriales y Estrategias de EA para MetaTrader 4 &amp; 5 | Expforex - Las mejores ideas para MetaTrader<\/title>\n<meta name=\"description\" content=\"\ud83d\udcfa \u00a1Domina el Trading Automatizado (Automated Trading)! Mira gu\u00edas profesionales en \u0432\u0438\u0434\u0435\u043e para MetaTrader 4 &amp; 5. Aprende a instalar, optimizar y buscar resultados con Expert Advisors, herramientas de Crypto &amp; Forex.\" \/>\n<meta name=\"robots\" content=\"index, follow, max-snippet:-1, max-image-preview:large, max-video-preview:-1\" \/>\n<link rel=\"canonical\" href=\"https:\/\/expforex.com\/es\/video\/\" \/>\n<meta property=\"og:locale\" content=\"es_ES\" \/>\n<meta property=\"og:type\" content=\"article\" \/>\n<meta property=\"og:title\" content=\"Biblioteca de Videos de Forex: Tutoriales y Estrategias de EA para MetaTrader 4 &amp; 5 | Expforex\" \/>\n<meta property=\"og:description\" content=\"\ud83d\udcfa \u00a1Domina el Trading Automatizado (Automated Trading)! Mira gu\u00edas profesionales en \u0432\u0438\u0434\u0435\u043e para MetaTrader 4 &amp; 5. Aprende a instalar, optimizar y buscar resultados con Expert Advisors, herramientas de Crypto &amp; Forex.\" \/>\n<meta property=\"og:url\" content=\"https:\/\/expforex.com\/es\/video\/\" \/>\n<meta property=\"og:site_name\" content=\"Las mejores ideas para MetaTrader\" \/>\n<meta property=\"article:publisher\" content=\"https:\/\/www.facebook.com\/ExpForex\/\" \/>\n<meta property=\"article:modified_time\" content=\"2026-02-01T08:46:30+00:00\" \/>\n<meta property=\"og:image\" content=\"https:\/\/expforex.com\/wp-content\/uploads\/2024\/09\/youtube-1.png\" \/>\n\t<meta property=\"og:image:width\" content=\"512\" \/>\n\t<meta property=\"og:image:height\" content=\"512\" \/>\n\t<meta property=\"og:image:type\" content=\"image\/png\" \/>\n<meta name=\"twitter:card\" content=\"summary_large_image\" \/>\n<meta name=\"twitter:label1\" content=\"Est. reading time\" \/>\n\t<meta name=\"twitter:data1\" content=\"2 minutes\" \/>\n<script type=\"application\/ld+json\" class=\"yoast-schema-graph\">{\"@context\":\"https:\\\/\\\/schema.org\",\"@graph\":[{\"@type\":\"WebPage\",\"@id\":\"https:\\\/\\\/expforex.com\\\/es\\\/video\\\/\",\"url\":\"https:\\\/\\\/expforex.com\\\/es\\\/video\\\/\",\"name\":\"Biblioteca de Videos de Forex: Tutoriales y Estrategias de EA para MetaTrader 4 & 5 | Expforex - Las mejores ideas para MetaTrader\",\"isPartOf\":{\"@id\":\"https:\\\/\\\/expforex.com\\\/es\\\/#website\"},\"primaryImageOfPage\":{\"@id\":\"https:\\\/\\\/expforex.com\\\/es\\\/video\\\/#primaryimage\"},\"image\":{\"@id\":\"https:\\\/\\\/expforex.com\\\/es\\\/video\\\/#primaryimage\"},\"thumbnailUrl\":\"https:\\\/\\\/expforex.com\\\/wp-content\\\/uploads\\\/2024\\\/09\\\/youtube-1.png\",\"datePublished\":\"2024-03-10T16:23:28+00:00\",\"dateModified\":\"2026-02-01T08:46:30+00:00\",\"description\":\"\ud83d\udcfa \u00a1Domina el Trading Automatizado (Automated Trading)! Mira gu\u00edas profesionales en \u0432\u0438\u0434\u0435\u043e para MetaTrader 4 & 5. Aprende a instalar, optimizar y buscar resultados con Expert Advisors, herramientas de Crypto & Forex.\",\"breadcrumb\":{\"@id\":\"https:\\\/\\\/expforex.com\\\/es\\\/video\\\/#breadcrumb\"},\"inLanguage\":\"es\",\"potentialAction\":[{\"@type\":\"ReadAction\",\"target\":[\"https:\\\/\\\/expforex.com\\\/es\\\/video\\\/\"]}]},{\"@type\":\"ImageObject\",\"inLanguage\":\"es\",\"@id\":\"https:\\\/\\\/expforex.com\\\/es\\\/video\\\/#primaryimage\",\"url\":\"https:\\\/\\\/expforex.com\\\/wp-content\\\/uploads\\\/2024\\\/09\\\/youtube-1.png\",\"contentUrl\":\"https:\\\/\\\/expforex.com\\\/wp-content\\\/uploads\\\/2024\\\/09\\\/youtube-1.png\",\"width\":512,\"height\":512},{\"@type\":\"BreadcrumbList\",\"@id\":\"https:\\\/\\\/expforex.com\\\/es\\\/video\\\/#breadcrumb\",\"itemListElement\":[{\"@type\":\"ListItem\",\"position\":1,\"name\":\"Inicio\",\"item\":\"https:\\\/\\\/expforex.com\\\/es\\\/\"},{\"@type\":\"ListItem\",\"position\":2,\"name\":\"Biblioteca de Videos de Forex: Tutoriales y Estrategias de EA para MetaTrader 4 &#038; 5 | Expforex\"}]},{\"@type\":\"WebSite\",\"@id\":\"https:\\\/\\\/expforex.com\\\/es\\\/#website\",\"url\":\"https:\\\/\\\/expforex.com\\\/es\\\/\",\"name\":\"Las mejores ideas para MetaTrader\",\"description\":\"Amplia experiencia en programaci\u00f3n de asistentes para MetaTrader, MQL, Forex, Expert Advisor, Indicador, Script, EA, Utilidades, VirtualTradePad, Copylot, Ticksniper, Averager, xCustomEA, X, Duplicator, TesterPad, ExtraReportPad, Asistente, Comercio, Trader, Scalping.\",\"publisher\":{\"@id\":\"https:\\\/\\\/expforex.com\\\/es\\\/#\\\/schema\\\/person\\\/0f3104735dd8fd99d5b5ee2e3634b1d5\"},\"alternateName\":\"Forex EA\",\"potentialAction\":[{\"@type\":\"SearchAction\",\"target\":{\"@type\":\"EntryPoint\",\"urlTemplate\":\"https:\\\/\\\/expforex.com\\\/es\\\/?s={search_term_string}\"},\"query-input\":{\"@type\":\"PropertyValueSpecification\",\"valueRequired\":true,\"valueName\":\"search_term_string\"}}],\"inLanguage\":\"es\"},{\"@type\":[\"Person\",\"Organization\"],\"@id\":\"https:\\\/\\\/expforex.com\\\/es\\\/#\\\/schema\\\/person\\\/0f3104735dd8fd99d5b5ee2e3634b1d5\",\"name\":\"Expforex Vladislav\",\"image\":{\"@type\":\"ImageObject\",\"inLanguage\":\"es\",\"@id\":\"https:\\\/\\\/expforex.com\\\/wp-content\\\/uploads\\\/2023\\\/12\\\/LOGONEW-2024-2.png\",\"url\":\"https:\\\/\\\/expforex.com\\\/wp-content\\\/uploads\\\/2023\\\/12\\\/LOGONEW-2024-2.png\",\"contentUrl\":\"https:\\\/\\\/expforex.com\\\/wp-content\\\/uploads\\\/2023\\\/12\\\/LOGONEW-2024-2.png\",\"width\":200,\"height\":200,\"caption\":\"Expforex Vladislav\"},\"logo\":{\"@id\":\"https:\\\/\\\/expforex.com\\\/wp-content\\\/uploads\\\/2023\\\/12\\\/LOGONEW-2024-2.png\"},\"sameAs\":[\"https:\\\/\\\/www.expforex.com\",\"https:\\\/\\\/www.facebook.com\\\/ExpForex\\\/\",\"https:\\\/\\\/www.youtube.com\\\/Expforex\"],\"publishingPrinciples\":\"https:\\\/\\\/expforex.com\\\/privacy-policy\\\/\"}]}<\/script>\n<!-- \/ Yoast SEO Premium plugin. -->","yoast_head_json":{"title":"Biblioteca de Videos de Forex: Tutoriales y Estrategias de EA para MetaTrader 4 & 5 | Expforex - Las mejores ideas para MetaTrader","description":"\ud83d\udcfa \u00a1Domina el Trading Automatizado (Automated Trading)! Mira gu\u00edas profesionales en \u0432\u0438\u0434\u0435\u043e para MetaTrader 4 & 5. Aprende a instalar, optimizar y buscar resultados con Expert Advisors, herramientas de Crypto & Forex.","robots":{"index":"index","follow":"follow","max-snippet":"max-snippet:-1","max-image-preview":"max-image-preview:large","max-video-preview":"max-video-preview:-1"},"canonical":"https:\/\/expforex.com\/es\/video\/","og_locale":"es_ES","og_type":"article","og_title":"Biblioteca de Videos de Forex: Tutoriales y Estrategias de EA para MetaTrader 4 & 5 | Expforex","og_description":"\ud83d\udcfa \u00a1Domina el Trading Automatizado (Automated Trading)! Mira gu\u00edas profesionales en \u0432\u0438\u0434\u0435\u043e para MetaTrader 4 & 5. Aprende a instalar, optimizar y buscar resultados con Expert Advisors, herramientas de Crypto & Forex.","og_url":"https:\/\/expforex.com\/es\/video\/","og_site_name":"Las mejores ideas para MetaTrader","article_publisher":"https:\/\/www.facebook.com\/ExpForex\/","article_modified_time":"2026-02-01T08:46:30+00:00","og_image":[{"width":512,"height":512,"url":"https:\/\/expforex.com\/wp-content\/uploads\/2024\/09\/youtube-1.png","type":"image\/png"}],"twitter_card":"summary_large_image","twitter_misc":{"Est. reading time":"2 minutes"},"schema":{"@context":"https:\/\/schema.org","@graph":[{"@type":"WebPage","@id":"https:\/\/expforex.com\/es\/video\/","url":"https:\/\/expforex.com\/es\/video\/","name":"Biblioteca de Videos de Forex: Tutoriales y Estrategias de EA para MetaTrader 4 & 5 | Expforex - Las mejores ideas para MetaTrader","isPartOf":{"@id":"https:\/\/expforex.com\/es\/#website"},"primaryImageOfPage":{"@id":"https:\/\/expforex.com\/es\/video\/#primaryimage"},"image":{"@id":"https:\/\/expforex.com\/es\/video\/#primaryimage"},"thumbnailUrl":"https:\/\/expforex.com\/wp-content\/uploads\/2024\/09\/youtube-1.png","datePublished":"2024-03-10T16:23:28+00:00","dateModified":"2026-02-01T08:46:30+00:00","description":"\ud83d\udcfa \u00a1Domina el Trading Automatizado (Automated Trading)! Mira gu\u00edas profesionales en \u0432\u0438\u0434\u0435\u043e para MetaTrader 4 & 5. Aprende a instalar, optimizar y buscar resultados con Expert Advisors, herramientas de Crypto & Forex.","breadcrumb":{"@id":"https:\/\/expforex.com\/es\/video\/#breadcrumb"},"inLanguage":"es","potentialAction":[{"@type":"ReadAction","target":["https:\/\/expforex.com\/es\/video\/"]}]},{"@type":"ImageObject","inLanguage":"es","@id":"https:\/\/expforex.com\/es\/video\/#primaryimage","url":"https:\/\/expforex.com\/wp-content\/uploads\/2024\/09\/youtube-1.png","contentUrl":"https:\/\/expforex.com\/wp-content\/uploads\/2024\/09\/youtube-1.png","width":512,"height":512},{"@type":"BreadcrumbList","@id":"https:\/\/expforex.com\/es\/video\/#breadcrumb","itemListElement":[{"@type":"ListItem","position":1,"name":"Inicio","item":"https:\/\/expforex.com\/es\/"},{"@type":"ListItem","position":2,"name":"Biblioteca de Videos de Forex: Tutoriales y Estrategias de EA para MetaTrader 4 &#038; 5 | Expforex"}]},{"@type":"WebSite","@id":"https:\/\/expforex.com\/es\/#website","url":"https:\/\/expforex.com\/es\/","name":"Las mejores ideas para MetaTrader","description":"Amplia experiencia en programaci\u00f3n de asistentes para MetaTrader, MQL, Forex, Expert Advisor, Indicador, Script, EA, Utilidades, VirtualTradePad, Copylot, Ticksniper, Averager, xCustomEA, X, Duplicator, TesterPad, ExtraReportPad, Asistente, Comercio, Trader, Scalping.","publisher":{"@id":"https:\/\/expforex.com\/es\/#\/schema\/person\/0f3104735dd8fd99d5b5ee2e3634b1d5"},"alternateName":"Forex EA","potentialAction":[{"@type":"SearchAction","target":{"@type":"EntryPoint","urlTemplate":"https:\/\/expforex.com\/es\/?s={search_term_string}"},"query-input":{"@type":"PropertyValueSpecification","valueRequired":true,"valueName":"search_term_string"}}],"inLanguage":"es"},{"@type":["Person","Organization"],"@id":"https:\/\/expforex.com\/es\/#\/schema\/person\/0f3104735dd8fd99d5b5ee2e3634b1d5","name":"Expforex Vladislav","image":{"@type":"ImageObject","inLanguage":"es","@id":"https:\/\/expforex.com\/wp-content\/uploads\/2023\/12\/LOGONEW-2024-2.png","url":"https:\/\/expforex.com\/wp-content\/uploads\/2023\/12\/LOGONEW-2024-2.png","contentUrl":"https:\/\/expforex.com\/wp-content\/uploads\/2023\/12\/LOGONEW-2024-2.png","width":200,"height":200,"caption":"Expforex Vladislav"},"logo":{"@id":"https:\/\/expforex.com\/wp-content\/uploads\/2023\/12\/LOGONEW-2024-2.png"},"sameAs":["https:\/\/www.expforex.com","https:\/\/www.facebook.com\/ExpForex\/","https:\/\/www.youtube.com\/Expforex"],"publishingPrinciples":"https:\/\/expforex.com\/privacy-policy\/"}]}},"_links":{"self":[{"href":"https:\/\/expforex.com\/es\/wp-json\/wp\/v2\/pages\/55797","targetHints":{"allow":["GET"]}}],"collection":[{"href":"https:\/\/expforex.com\/es\/wp-json\/wp\/v2\/pages"}],"about":[{"href":"https:\/\/expforex.com\/es\/wp-json\/wp\/v2\/types\/page"}],"author":[{"embeddable":true,"href":"https:\/\/expforex.com\/es\/wp-json\/wp\/v2\/users\/2"}],"replies":[{"embeddable":true,"href":"https:\/\/expforex.com\/es\/wp-json\/wp\/v2\/comments?post=55797"}],"version-history":[{"count":1,"href":"https:\/\/expforex.com\/es\/wp-json\/wp\/v2\/pages\/55797\/revisions"}],"predecessor-version":[{"id":146875,"href":"https:\/\/expforex.com\/es\/wp-json\/wp\/v2\/pages\/55797\/revisions\/146875"}],"wp:featuredmedia":[{"embeddable":true,"href":"https:\/\/expforex.com\/es\/wp-json\/wp\/v2\/media\/52997"}],"wp:attachment":[{"href":"https:\/\/expforex.com\/es\/wp-json\/wp\/v2\/media?parent=55797"}],"curies":[{"name":"wp","href":"https:\/\/api.w.org\/{rel}","templated":true}]}}