{"id":57423,"date":"2023-08-05T08:26:42","date_gmt":"2023-08-05T08:26:42","guid":{"rendered":"https:\/\/expforex.com\/disclaimer\/"},"modified":"2026-01-10T05:00:43","modified_gmt":"2026-01-10T05:00:43","slug":"disclaimer","status":"publish","type":"page","link":"https:\/\/expforex.com\/es\/disclaimer\/","title":{"rendered":"Descargo de responsabilidad"},"content":{"rendered":"<h2><span data-preserver-spaces=\"true\">Descargo de responsabilidad. Descargo de responsabilidad y declaraci\u00f3n de derechos de propiedad intelectual<\/span><\/h2>\n<h3><strong>Aviso legal<\/strong><\/h3>\n<p><span data-preserver-spaces=\"true\">Este aviso legal (\u201cAviso Legal\u201d) establece las reglas para el uso de este sitio web (\u201cSitio\u201d). Al usar este Sitio, usted indica su acuerdo con las regulaciones establecidas en el Aviso Legal. Los propietarios del recurso tienen el derecho de realizar cambios en las reglas establecidas por este Aviso Legal en cualquier momento, que entrar\u00e1n en vigor de inmediato. Su uso continuado del Sitio despu\u00e9s de que se hayan realizado cambios constituye su acuerdo de estar sujeto a las nuevas reglas. Visite esta p\u00e1gina regularmente para revisar los t\u00e9rminos actuales del Aviso Legal.<\/span><\/p>\n<h2><strong>Propiedad intelectual<\/strong><\/h2>\n<p><span data-preserver-spaces=\"true\">Todos los derechos de autor y otros derechos sobre los resultados de la actividad intelectual ubicados en el Sitio y en su Contenido, incluidos (sin limitaci\u00f3n) textos y c\u00f3digos (\u201cContenido\u201d) disponibles en el Sitio, pertenecen a los propietarios del recurso. A menos que se indique lo contrario, usted puede ver, copiar e imprimir el Contenido solo para su uso, siempre que todas las copias e impresiones del Contenido lleven los avisos de derechos de autor y otros derechos de propiedad y descargos de responsabilidad mostrados en el Sitio. En caso de publicar el Contenido en otros recursos de Internet, usted se compromete a colocar un enlace de hipertexto seleccionado de la lista de condiciones para copiar materiales. Los propietarios del recurso se reservan el derecho (pero no est\u00e1n obligados) de cambiar el Contenido en cualquier momento.<\/span><\/p>\n<h2><strong>Negaci\u00f3n de responsabilidad<\/strong><\/h2>\n<p><span data-preserver-spaces=\"true\">El acceso al Sitio y el uso de su Contenido es bajo su propio riesgo y criterio. Aunque los propietarios del recurso toman medidas razonables para asegurar la precisi\u00f3n y relevancia del Contenido, no aceptan responsabilidad por las acciones de personas u organizaciones realizadas directa o indirectamente sobre la base de la informaci\u00f3n disponible en el Sitio o obtenida a trav\u00e9s de \u00e9l, ya sea proporcionada por los propietarios del recurso o por terceros. El Sitio y el Contenido se proporcionan &#8220;tal como est\u00e1n&#8221;, y los propietarios del Sitio no hacen representaciones ni garant\u00edas de ning\u00fan tipo con respecto al Sitio y el Contenido, incluyendo, sin limitaci\u00f3n, la puntualidad, actualidad, precisi\u00f3n, integridad, fiabilidad, disponibilidad o idoneidad para cualquier prop\u00f3sito particular del Sitio y el Contenido, en relaci\u00f3n con si el uso del Sitio ser\u00e1 libre de errores, seguro e ininterrumpido, que los propietarios del recurso corregir\u00e1n cualquier error, o que el Sitio estar\u00e1 libre de virus u otros c\u00f3digos da\u00f1inos, y que el Contenido y el Sitio no violan los derechos de terceros. En la medida en que lo permita la ley aplicable, los propietarios del recurso rechazan cualquier representaci\u00f3n y garant\u00eda que pueda ser impl\u00edcita y renuncian a cualquier responsabilidad con respecto al Sitio, el Contenido y su uso.<\/span><\/p>\n<h2><strong>Sitios de terceros<\/strong><\/h2>\n<p><span data-preserver-spaces=\"true\">El Sitio puede contener enlaces de hipertexto a sitios web de terceros. Los propietarios del recurso proporcionan estos enlaces para su conveniencia y no controlan los sitios a los que puede acceder o navegar. Los propietarios del recurso no apoyan, patrocinan, respaldan ni aceptan responsabilidad por los sitios web de terceros, su Contenido y disponibilidad. En particular, los propietarios del recurso no aceptan responsabilidad por la violaci\u00f3n de los derechos de propiedad intelectual de ninguna persona en sitios de terceros o responsabilidad en relaci\u00f3n con cualquier informaci\u00f3n u opini\u00f3n disponible en estos sitios.<\/span><\/p>\n<p><span data-preserver-spaces=\"true\">\u00a0<\/span><\/p>\n<h2><span data-preserver-spaces=\"true\">Operar en divisas<br \/>\n<\/span><\/h2>\n<p>El comercio de divisas con margen conlleva un alto nivel de riesgo y puede no ser adecuado para todos los inversores. El alto grado de apalancamiento puede trabajar en su contra as\u00ed como a su favor. Antes de decidir invertir en divisas, debe considerar cuidadosamente sus objetivos de inversi\u00f3n, nivel de experiencia y tolerancia al riesgo.<\/p>\n<p>Las decisiones de comprar, vender, mantener o negociar valores y otras inversiones implican riesgos y son mejor tomadas basadas en el consejo de profesionales financieros calificados. Cualquier operaci\u00f3n en valores u otras inversiones implica un riesgo de p\u00e9rdidas sustanciales. La pr\u00e1ctica del \u201cDay Trading\u201d implica riesgos particularmente altos y puede hacer que pierda sumas significativas de dinero. Antes de participar en cualquier programa de negociaci\u00f3n, debe consultar a un profesional financiero calificado. Considere cuidadosamente si tal negociaci\u00f3n es adecuada para usted a la luz de su situaci\u00f3n financiera y capacidad para soportar riesgos financieros.<\/p>\n<p>Ninguna informaci\u00f3n u opini\u00f3n contenida en este sitio debe interpretarse como una solicitud u oferta para comprar o vender cualquier divisa, acci\u00f3n u otros instrumentos o servicios financieros. Las opiniones expresadas en\u00a0<b>Expforex.com<\/b>\u00a0son de los autores individuales y no representan necesariamente la opini\u00f3n de\u00a0<b>Expforex.com<\/b>\u00a0o su administraci\u00f3n.\u00a0<b>E<u>xpfore<\/u>x.com<\/b>\u00a0no ha verificado la precisi\u00f3n o la base f\u00e1ctica de ninguna afirmaci\u00f3n o declaraci\u00f3n hecha por cualquier autor independiente.\u00a0<b>expforex.com<\/b>\u00a0no aceptar\u00e1 responsabilidad por cualquier p\u00e9rdida o da\u00f1o, incluidos, sin limitaci\u00f3n, cualquier p\u00e9rdida de beneficio, que pueda surgir directa o indirectamente del uso o confianza en la informaci\u00f3n contenida en este sitio. El rendimiento pasado no es indicativo ni garant\u00eda de rendimiento futuro.<\/p>\n<p>Las opiniones expresadas en los comentarios de nuestros lectores y en el contenido generado por los usuarios reflejan las opiniones de sus respectivos autores. Operar en Forex implica un riesgo significativo de p\u00e9rdida. Siempre realice su debida diligencia antes de tomar una decisi\u00f3n de inversi\u00f3n.<\/p>\n<p>La informaci\u00f3n en\u00a0<b>expforex.com<\/b>, el software proporcionado en el sitio y todas las p\u00e1ginas de gr\u00e1ficos se compilan para la conveniencia de los visitantes del sitio.\u00a0<b>expforex.com<\/b>\u00a0proporciona esta informaci\u00f3n sin responsabilidad por su precisi\u00f3n y es aceptada por el visitante del sitio con la condici\u00f3n de que los errores en la transmisi\u00f3n o las omisiones no ser\u00e1n la base para ninguna reclamaci\u00f3n, demanda o causa de acci\u00f3n. La informaci\u00f3n y los datos se obtuvieron de fuentes consideradas confiables, pero no garantizamos su precisi\u00f3n.<\/p>\n<p>Este sitio web contiene enlaces a sitios web que no son mantenidos por\u00a0<b>expforex.com<\/b>. Los enlaces a sitios web de terceros se proporcionan para su conveniencia y solo para informaci\u00f3n. Los sitios web de terceros no est\u00e1n bajo el control de\u00a0<b>expforex.com<\/b>, y no somos responsables por el contenido o la precisi\u00f3n de esos sitios ni por los productos o servicios ofrecidos en o a trav\u00e9s de esos sitios. La inclusi\u00f3n de un enlace en este sitio web no implica el respaldo de\u00a0<b>expforex.com<\/b>\u00a0al sitio web de terceros.<\/p>\n<p>Los corredores compensan a\u00a0<b>expforex.com<\/b>, mencionados en este sitio.<\/p>\n<p>USTED ACEPTA EXPRESAMENTE QUE EL USO DE LOS SERVICIOS DE\u00a0<b>EXPFOREX.COM<\/b>\u00a0ES BAJO SU PROPIO RIESGO. EL SITIO, EL SOFTWARE Y LOS SERVICIOS SE PROPORCIONAN \u201cTAL CUAL\u201d. NO HAY GARANT\u00cdA PARA EL SOFTWARE DESCARGADO DEL SITIO EN LA MEDIDA PERMITIDA POR LA LEY APLICABLE. EL RIESGO TOTAL EN CUANTO A LA CALIDAD Y EL RENDIMIENTO DEL SOFTWARE ES SUYO. SI EL PROGRAMA RESULTA DEFECTUOSO, USTED ASUME EL COSTO DE TODO SERVICIO, REPARACI\u00d3N O CORRECCI\u00d3N NECESARIA.<\/p>\n<p>INDEPENDIENTEMENTE DEL TIPO DE RECLAMO O DE LA NATURALEZA DE LA CAUSA DE LA ACCI\u00d3N, USTED ACEPTA QUE EN NING\u00daN CASO\u00a0<b>EXPFOREX.COM<\/b>, SUS AFILIADOS, CONTRATISTAS, PROVEEDORES DE SERVICIOS, EMPLEADOS, AGENTES O LICENCIATARIOS, O CUALQUIER OTRA PARTE INVOLUCRADA EN LA CREACI\u00d3N, PRODUCCI\u00d3N O ENTREGA DE LOS SERVICIOS, TECNOLOG\u00cdA O CONTENIDO DISPONIBLE EN LOS SERVICIOS, SER\u00c1 RESPONSABLE ANTE USTED EN NINGUNA MANERA.<\/p>\n<p>SU \u00daNICO Y EXCLUSIVO RECURSO RESPECTO AL USO DE CUALQUIER SERVICIO PROPORCIONADO POR\u00a0<b>EXPFOREX.COM<\/b>\u00a0SER\u00c1 LA CANCELACI\u00d3N DE SU MEMBRES\u00cdA A LOS SERVICIOS. ALGUNAS JURISDICCIONES NO PERMITEN LA LIMITACI\u00d3N O EXCLUSI\u00d3N DE RESPONSABILIDAD POR DA\u00d1OS INCIDENTALES O CONSECUENTES; EN ESAS JURISDICCIONES, NUESTRA RESPONSABILIDAD SE LIMITAR\u00c1 EN LA MEDIDA PERMITIDA POR LA LEY.<\/p>\n<p><b>Algunos de nuestros servicios y Asesores Expertos (Utilidades, Ea, Indicadores, Scripts, Asesores Expertos, bibliotecas)\u00a0<\/b>son trabajos en progreso, y nos reservamos el derecho de cambiarlos, modificarlos e incluso descontinuarlos a nuestra entera discreci\u00f3n. Al publicar contenido en nuestros sitios web o de cualquier otra manera contribuir a nuestro servicio, usted acepta que tenemos una licencia perpetua e ilimitada para republicar cualquier cosa que publique o transmita, o derivados de la misma, a trav\u00e9s del servicio. Tenemos el derecho, sin previo aviso y a nuestra entera discreci\u00f3n, de eliminar cualquier publicaci\u00f3n, terminar cualquier membres\u00eda o tomar cualquier acci\u00f3n por violar las reglas y condiciones establecidas en esta p\u00e1gina.<\/p>\n<p><b>Le pedimos que utilice nuestros servicios de manera legal, civil y justa. Por ejemplo, no puede:<\/b><\/p>\n<p>Publicar, transmitir o enlazar a cualquier contenido que sea perturbador, incivil, abusivo, vulgar, profano, obsceno, odioso, sexualmente expl\u00edcito, spam, marketing, promoci\u00f3n de productos o servicios, fraudulento, amenazante, acosador, difamatorio, o que revele asuntos privados o personales sobre cualquier persona;<\/p>\n<p>Publicar o transmitir cualquier material que no tenga derecho a transmitir seg\u00fan la ley (como derechos de autor, secretos comerciales o valores) o relaciones contractuales o fiduciarias (como acuerdos de confidencialidad);<\/p>\n<p>Violar cualquier ley o regulaci\u00f3n aplicable mientras accede y utiliza nuestros sitios, incluidas, sin limitaci\u00f3n, las reglas y regulaciones de la Comisi\u00f3n de Valores y Bolsa de EE. UU., Asociaci\u00f3n Nacional de Futuros, CFTC y las bolsas de valores nacionales u otras (especialmente e incluyendo la regla contra hacer declaraciones falsas o enga\u00f1osas para manipular el precio de cualquier valor);<\/p>\n<p>Ofrecer, vender o comprar cualquier valor, producto o instrumento financiero;<\/p>\n<p>Tomar cualquier acci\u00f3n que imponga una carga desproporcionada o irrazonable sobre nuestra infraestructura o interrumpa o da\u00f1e el funcionamiento de nuestros sistemas o servicios.<\/p>\n<p>Usar cualquier contenido de expforex.com sin nuestra aprobaci\u00f3n por escrito previa.<\/p>\n<p>Mantenga la confidencialidad de su contrase\u00f1a. Cont\u00e1ctenos si encuentra o escucha sobre alguna actividad sospechosa relacionada con el uso de nuestros servicios. No seremos responsables por ninguna p\u00e9rdida que usted sufra como resultado del uso no autorizado de sus datos. Solo puede crear una (1) cuenta para utilizar nuestros servicios, es decir, una cuenta por persona.<\/p>\n<p>Los resultados de rendimiento en este sitio son hipot\u00e9ticos por naturaleza, y Expforex.com no hace ninguna representaci\u00f3n de que estos resultados reflejan el comercio en una cuenta real. De hecho, muchos de nuestros miembros utilizan cuentas demo, que pueden no estar sujetas a tarifas de corredores, comisiones, llamadas de margen y otros factores que afectar\u00edan negativamente el rendimiento del comercio en una cuenta real. Adem\u00e1s, los resultados presentados reflejan solo operaciones completadas y no tienen en cuenta ninguna p\u00e9rdida o ganancia de posiciones abiertas.<\/p>\n<p>LOS RESULTADOS DE RENDIMIENTO HIPOT\u00c9TICOS TIENEN MUCHAS LIMITACIONES INHERENTES, ALGUNAS DE LAS CUALES SE DESCRIBEN A CONTINUACI\u00d3N. NO SE HACE NINGUNA REPRESENTACI\u00d3N DE QUE CUALQUIER CUENTA LOGRAR\u00c1 O ES PROBABLE QUE LOGRE GANANCIAS O P\u00c9RDIDAS SIMILARES A LAS MOSTRADAS. DE HECHO, FRECUENTEMENTE HAY DIFERENCIAS MARCADAS ENTRE LOS RESULTADOS DE RENDIMIENTO HIPOT\u00c9TICOS Y LOS RESULTADOS REALES ALCANZADOS POSTERIORMENTE POR CUALQUIER PROGRAMA DE COMERCIO EN PARTICULAR.<\/p>\n<p>UNA DE LAS LIMITACIONES DE LOS RESULTADOS DE RENDIMIENTO HIPOT\u00c9TICOS ES QUE SE PREPARAN GENERALMENTE CON EL BENEFICIO DE LA RETROSPECTIVA. ADEM\u00c1S, EL COMERCIO HIPOT\u00c9TICO NO IMPLICA RIESGO FINANCIERO, Y NING\u00daN REGISTRO DE COMERCIO HIPOT\u00c9TICO PUEDE TENER EN CUENTA COMPLETAMENTE EL IMPACTO DEL RIESGO FINANCIERO EN EL COMERCIO REAL. POR EJEMPLO, LA CAPACIDAD DE SOPORTAR P\u00c9RDIDAS O ADHERIRSE A UN PROGRAMA DE COMERCIO PARTICULAR A PESAR DE LAS P\u00c9RDIDAS DE COMERCIO SON PUNTOS MATERIALES QUE TAMBI\u00c9N PUEDEN AFECTAR NEGATIVAMENTE LOS RESULTADOS DEL COMERCIO REAL. HAY NUMEROSOS OTROS FACTORES RELACIONADOS CON LOS MERCADOS EN GENERAL O CON LA IMPLEMENTACI\u00d3N DE CUALQUIER PROGRAMA DE COMERCIO EN PARTICULAR QUE NO PUEDEN SER TENIDOS EN CUENTA COMPLETAMENTE EN LA PREPARACI\u00d3N DE RESULTADOS DE RENDIMIENTO HIPOT\u00c9TICOS, TODOS LOS CUALES PUEDEN AFECTAR NEGATIVAMENTE LOS RESULTADOS DEL COMERCIO REAL.<\/p>\n","protected":false},"excerpt":{"rendered":"<p>Una exenci\u00f3n de responsabilidad es una declaraci\u00f3n en la que una persona dice que no sab\u00eda algo o que no es responsable de algo.<\/p>\n","protected":false},"author":2,"featured_media":0,"parent":0,"menu_order":0,"comment_status":"closed","ping_status":"closed","template":"","meta":{"_acf_changed":false,"_eb_attr":"","_eb_data_table":"","footnotes":""},"class_list":["post-57423","page","type-page","status-publish","hentry"],"acf":[],"yoast_head":"<!-- This site is optimized with the Yoast SEO Premium plugin v27.3 (Yoast SEO v27.3) - https:\/\/yoast.com\/product\/yoast-seo-premium-wordpress\/ -->\n<title>Descargo de responsabilidad<\/title>\n<meta name=\"description\" content=\"Una exenci\u00f3n de responsabilidad es una declaraci\u00f3n en la que una persona dice que no sab\u00eda algo o que no es responsable de algo.\" \/>\n<meta name=\"robots\" content=\"index, follow, max-snippet:-1, max-image-preview:large, max-video-preview:-1\" \/>\n<link rel=\"canonical\" href=\"https:\/\/expforex.com\/es\/disclaimer\/\" \/>\n<meta property=\"og:locale\" content=\"es_ES\" \/>\n<meta property=\"og:type\" content=\"article\" \/>\n<meta property=\"og:title\" content=\"Descargo de responsabilidad\" \/>\n<meta property=\"og:description\" content=\"Una exenci\u00f3n de responsabilidad es una declaraci\u00f3n en la que una persona dice que no sab\u00eda algo o que no es responsable de algo.\" \/>\n<meta property=\"og:url\" content=\"https:\/\/expforex.com\/es\/disclaimer\/\" \/>\n<meta property=\"og:site_name\" content=\"Las mejores ideas para MetaTrader\" \/>\n<meta property=\"article:publisher\" content=\"https:\/\/www.facebook.com\/ExpForex\/\" \/>\n<meta property=\"article:modified_time\" content=\"2026-01-10T05:00:43+00:00\" \/>\n<meta property=\"og:image\" content=\"https:\/\/expforex.com\/wp-content\/uploads\/2023\/12\/LOGONEW-2024-2.png\" \/>\n\t<meta property=\"og:image:width\" content=\"200\" \/>\n\t<meta property=\"og:image:height\" content=\"200\" \/>\n\t<meta property=\"og:image:type\" content=\"image\/png\" \/>\n<meta name=\"twitter:card\" content=\"summary_large_image\" \/>\n<meta name=\"twitter:label1\" content=\"Est. reading time\" \/>\n\t<meta name=\"twitter:data1\" content=\"9 minutes\" \/>\n<script type=\"application\/ld+json\" class=\"yoast-schema-graph\">{\"@context\":\"https:\\\/\\\/schema.org\",\"@graph\":[{\"@type\":\"WebPage\",\"@id\":\"https:\\\/\\\/expforex.com\\\/es\\\/disclaimer\\\/\",\"url\":\"https:\\\/\\\/expforex.com\\\/es\\\/disclaimer\\\/\",\"name\":\"Descargo de responsabilidad\",\"isPartOf\":{\"@id\":\"https:\\\/\\\/expforex.com\\\/es\\\/#website\"},\"datePublished\":\"2023-08-05T08:26:42+00:00\",\"dateModified\":\"2026-01-10T05:00:43+00:00\",\"description\":\"Una exenci\u00f3n de responsabilidad es una declaraci\u00f3n en la que una persona dice que no sab\u00eda algo o que no es responsable de algo.\",\"breadcrumb\":{\"@id\":\"https:\\\/\\\/expforex.com\\\/es\\\/disclaimer\\\/#breadcrumb\"},\"inLanguage\":\"es\",\"potentialAction\":[{\"@type\":\"ReadAction\",\"target\":[\"https:\\\/\\\/expforex.com\\\/es\\\/disclaimer\\\/\"]}]},{\"@type\":\"BreadcrumbList\",\"@id\":\"https:\\\/\\\/expforex.com\\\/es\\\/disclaimer\\\/#breadcrumb\",\"itemListElement\":[{\"@type\":\"ListItem\",\"position\":1,\"name\":\"Inicio\",\"item\":\"https:\\\/\\\/expforex.com\\\/es\\\/\"},{\"@type\":\"ListItem\",\"position\":2,\"name\":\"Descargo de responsabilidad\"}]},{\"@type\":\"WebSite\",\"@id\":\"https:\\\/\\\/expforex.com\\\/es\\\/#website\",\"url\":\"https:\\\/\\\/expforex.com\\\/es\\\/\",\"name\":\"Las mejores ideas para MetaTrader\",\"description\":\"Amplia experiencia en programaci\u00f3n de asistentes para MetaTrader, MQL, Forex, Expert Advisor, Indicador, Script, EA, Utilidades, VirtualTradePad, Copylot, Ticksniper, Averager, xCustomEA, X, Duplicator, TesterPad, ExtraReportPad, Asistente, Comercio, Trader, Scalping.\",\"publisher\":{\"@id\":\"https:\\\/\\\/expforex.com\\\/es\\\/#\\\/schema\\\/person\\\/0f3104735dd8fd99d5b5ee2e3634b1d5\"},\"alternateName\":\"Forex EA\",\"potentialAction\":[{\"@type\":\"SearchAction\",\"target\":{\"@type\":\"EntryPoint\",\"urlTemplate\":\"https:\\\/\\\/expforex.com\\\/es\\\/?s={search_term_string}\"},\"query-input\":{\"@type\":\"PropertyValueSpecification\",\"valueRequired\":true,\"valueName\":\"search_term_string\"}}],\"inLanguage\":\"es\"},{\"@type\":[\"Person\",\"Organization\"],\"@id\":\"https:\\\/\\\/expforex.com\\\/es\\\/#\\\/schema\\\/person\\\/0f3104735dd8fd99d5b5ee2e3634b1d5\",\"name\":\"Expforex Vladislav\",\"image\":{\"@type\":\"ImageObject\",\"inLanguage\":\"es\",\"@id\":\"https:\\\/\\\/expforex.com\\\/wp-content\\\/uploads\\\/2023\\\/12\\\/LOGONEW-2024-2.png\",\"url\":\"https:\\\/\\\/expforex.com\\\/wp-content\\\/uploads\\\/2023\\\/12\\\/LOGONEW-2024-2.png\",\"contentUrl\":\"https:\\\/\\\/expforex.com\\\/wp-content\\\/uploads\\\/2023\\\/12\\\/LOGONEW-2024-2.png\",\"width\":200,\"height\":200,\"caption\":\"Expforex Vladislav\"},\"logo\":{\"@id\":\"https:\\\/\\\/expforex.com\\\/wp-content\\\/uploads\\\/2023\\\/12\\\/LOGONEW-2024-2.png\"},\"sameAs\":[\"https:\\\/\\\/www.expforex.com\",\"https:\\\/\\\/www.facebook.com\\\/ExpForex\\\/\",\"https:\\\/\\\/www.youtube.com\\\/Expforex\"],\"publishingPrinciples\":\"https:\\\/\\\/expforex.com\\\/privacy-policy\\\/\"}]}<\/script>\n<!-- \/ Yoast SEO Premium plugin. -->","yoast_head_json":{"title":"Descargo de responsabilidad","description":"Una exenci\u00f3n de responsabilidad es una declaraci\u00f3n en la que una persona dice que no sab\u00eda algo o que no es responsable de algo.","robots":{"index":"index","follow":"follow","max-snippet":"max-snippet:-1","max-image-preview":"max-image-preview:large","max-video-preview":"max-video-preview:-1"},"canonical":"https:\/\/expforex.com\/es\/disclaimer\/","og_locale":"es_ES","og_type":"article","og_title":"Descargo de responsabilidad","og_description":"Una exenci\u00f3n de responsabilidad es una declaraci\u00f3n en la que una persona dice que no sab\u00eda algo o que no es responsable de algo.","og_url":"https:\/\/expforex.com\/es\/disclaimer\/","og_site_name":"Las mejores ideas para MetaTrader","article_publisher":"https:\/\/www.facebook.com\/ExpForex\/","article_modified_time":"2026-01-10T05:00:43+00:00","og_image":[{"width":200,"height":200,"url":"https:\/\/expforex.com\/wp-content\/uploads\/2023\/12\/LOGONEW-2024-2.png","type":"image\/png"}],"twitter_card":"summary_large_image","twitter_misc":{"Est. reading time":"9 minutes"},"schema":{"@context":"https:\/\/schema.org","@graph":[{"@type":"WebPage","@id":"https:\/\/expforex.com\/es\/disclaimer\/","url":"https:\/\/expforex.com\/es\/disclaimer\/","name":"Descargo de responsabilidad","isPartOf":{"@id":"https:\/\/expforex.com\/es\/#website"},"datePublished":"2023-08-05T08:26:42+00:00","dateModified":"2026-01-10T05:00:43+00:00","description":"Una exenci\u00f3n de responsabilidad es una declaraci\u00f3n en la que una persona dice que no sab\u00eda algo o que no es responsable de algo.","breadcrumb":{"@id":"https:\/\/expforex.com\/es\/disclaimer\/#breadcrumb"},"inLanguage":"es","potentialAction":[{"@type":"ReadAction","target":["https:\/\/expforex.com\/es\/disclaimer\/"]}]},{"@type":"BreadcrumbList","@id":"https:\/\/expforex.com\/es\/disclaimer\/#breadcrumb","itemListElement":[{"@type":"ListItem","position":1,"name":"Inicio","item":"https:\/\/expforex.com\/es\/"},{"@type":"ListItem","position":2,"name":"Descargo de responsabilidad"}]},{"@type":"WebSite","@id":"https:\/\/expforex.com\/es\/#website","url":"https:\/\/expforex.com\/es\/","name":"Las mejores ideas para MetaTrader","description":"Amplia experiencia en programaci\u00f3n de asistentes para MetaTrader, MQL, Forex, Expert Advisor, Indicador, Script, EA, Utilidades, VirtualTradePad, Copylot, Ticksniper, Averager, xCustomEA, X, Duplicator, TesterPad, ExtraReportPad, Asistente, Comercio, Trader, Scalping.","publisher":{"@id":"https:\/\/expforex.com\/es\/#\/schema\/person\/0f3104735dd8fd99d5b5ee2e3634b1d5"},"alternateName":"Forex EA","potentialAction":[{"@type":"SearchAction","target":{"@type":"EntryPoint","urlTemplate":"https:\/\/expforex.com\/es\/?s={search_term_string}"},"query-input":{"@type":"PropertyValueSpecification","valueRequired":true,"valueName":"search_term_string"}}],"inLanguage":"es"},{"@type":["Person","Organization"],"@id":"https:\/\/expforex.com\/es\/#\/schema\/person\/0f3104735dd8fd99d5b5ee2e3634b1d5","name":"Expforex Vladislav","image":{"@type":"ImageObject","inLanguage":"es","@id":"https:\/\/expforex.com\/wp-content\/uploads\/2023\/12\/LOGONEW-2024-2.png","url":"https:\/\/expforex.com\/wp-content\/uploads\/2023\/12\/LOGONEW-2024-2.png","contentUrl":"https:\/\/expforex.com\/wp-content\/uploads\/2023\/12\/LOGONEW-2024-2.png","width":200,"height":200,"caption":"Expforex Vladislav"},"logo":{"@id":"https:\/\/expforex.com\/wp-content\/uploads\/2023\/12\/LOGONEW-2024-2.png"},"sameAs":["https:\/\/www.expforex.com","https:\/\/www.facebook.com\/ExpForex\/","https:\/\/www.youtube.com\/Expforex"],"publishingPrinciples":"https:\/\/expforex.com\/privacy-policy\/"}]}},"_links":{"self":[{"href":"https:\/\/expforex.com\/es\/wp-json\/wp\/v2\/pages\/57423","targetHints":{"allow":["GET"]}}],"collection":[{"href":"https:\/\/expforex.com\/es\/wp-json\/wp\/v2\/pages"}],"about":[{"href":"https:\/\/expforex.com\/es\/wp-json\/wp\/v2\/types\/page"}],"author":[{"embeddable":true,"href":"https:\/\/expforex.com\/es\/wp-json\/wp\/v2\/users\/2"}],"replies":[{"embeddable":true,"href":"https:\/\/expforex.com\/es\/wp-json\/wp\/v2\/comments?post=57423"}],"version-history":[{"count":1,"href":"https:\/\/expforex.com\/es\/wp-json\/wp\/v2\/pages\/57423\/revisions"}],"predecessor-version":[{"id":146065,"href":"https:\/\/expforex.com\/es\/wp-json\/wp\/v2\/pages\/57423\/revisions\/146065"}],"wp:attachment":[{"href":"https:\/\/expforex.com\/es\/wp-json\/wp\/v2\/media?parent=57423"}],"curies":[{"name":"wp","href":"https:\/\/api.w.org\/{rel}","templated":true}]}}