{"id":146676,"date":"2026-01-26T14:53:19","date_gmt":"2026-01-26T14:53:19","guid":{"rendered":"https:\/\/expforex.com\/general\/"},"modified":"2026-01-29T09:26:09","modified_gmt":"2026-01-29T09:26:09","slug":"best-metatrader-ea","status":"publish","type":"page","link":"https:\/\/expforex.com\/fr\/best-metatrader-ea\/","title":{"rendered":"La meilleure collection d\u2019Expert Advisor (EA) et d\u2019utilitaires MetaTrader"},"content":{"rendered":"","protected":false},"excerpt":{"rendered":"","protected":false},"author":2,"featured_media":146646,"parent":0,"menu_order":0,"comment_status":"closed","ping_status":"closed","template":"","meta":{"_acf_changed":false,"_eb_attr":"","_eb_data_table":"","footnotes":""},"class_list":["post-146676","page","type-page","status-publish","has-post-thumbnail","hentry"],"acf":[],"yoast_head":"<!-- This site is optimized with the Yoast SEO Premium plugin v27.3 (Yoast SEO v27.3) - https:\/\/yoast.com\/product\/yoast-seo-premium-wordpress\/ -->\n<title>Meilleur EA MetaTrader 2026 : Top 8 des robots et outils automatis\u00e9s | Expforex<\/title>\n<meta name=\"description\" content=\"Vous cherchez le meilleur EA MetaTrader ? D\u00e9couvrez notre top 8 d\u2019\u00e9lite. Du robot AI Sniper au panneau VirtualTradePad. Des syst\u00e8mes de trading automatis\u00e9s \u00e9prouv\u00e9s, adopt\u00e9s par plus de 10 000 traders.\" \/>\n<meta name=\"robots\" content=\"index, follow, max-snippet:-1, max-image-preview:large, max-video-preview:-1\" \/>\n<link rel=\"canonical\" href=\"https:\/\/expforex.com\/fr\/best-metatrader-ea\/\" \/>\n<meta property=\"og:locale\" content=\"fr_FR\" \/>\n<meta property=\"og:type\" content=\"article\" \/>\n<meta property=\"og:title\" content=\"La meilleure collection d\u2019Expert Advisor (EA) et d\u2019utilitaires MetaTrader\" \/>\n<meta property=\"og:description\" content=\"Vous cherchez le meilleur EA MetaTrader ? D\u00e9couvrez notre top 8 d\u2019\u00e9lite. Du robot AI Sniper au panneau VirtualTradePad. Des syst\u00e8mes de trading automatis\u00e9s \u00e9prouv\u00e9s, adopt\u00e9s par plus de 10 000 traders.\" \/>\n<meta property=\"og:url\" content=\"https:\/\/expforex.com\/fr\/best-metatrader-ea\/\" \/>\n<meta property=\"og:site_name\" content=\"Meilleures id\u00e9es pour MetaTrader\" \/>\n<meta property=\"article:publisher\" content=\"https:\/\/www.facebook.com\/ExpForex\/\" \/>\n<meta property=\"article:modified_time\" content=\"2026-01-29T09:26:09+00:00\" \/>\n<meta property=\"og:image\" content=\"https:\/\/expforex.com\/wp-content\/uploads\/2026\/01\/ALL-LOGO-VIDEO-EA-intro-2026.png\" \/>\n\t<meta property=\"og:image:width\" content=\"1920\" \/>\n\t<meta property=\"og:image:height\" content=\"1080\" \/>\n\t<meta property=\"og:image:type\" content=\"image\/png\" \/>\n<meta name=\"twitter:card\" content=\"summary_large_image\" \/>\n<meta name=\"twitter:label1\" content=\"Est. reading time\" \/>\n\t<meta name=\"twitter:data1\" content=\"1 minute\" \/>\n<script type=\"application\/ld+json\" class=\"yoast-schema-graph\">{\"@context\":\"https:\\\/\\\/schema.org\",\"@graph\":[{\"@type\":\"WebPage\",\"@id\":\"https:\\\/\\\/expforex.com\\\/fr\\\/best-metatrader-ea\\\/\",\"url\":\"https:\\\/\\\/expforex.com\\\/fr\\\/best-metatrader-ea\\\/\",\"name\":\"Meilleur EA MetaTrader 2026 : Top 8 des robots et outils automatis\u00e9s | Expforex\",\"isPartOf\":{\"@id\":\"https:\\\/\\\/expforex.com\\\/fr\\\/#website\"},\"primaryImageOfPage\":{\"@id\":\"https:\\\/\\\/expforex.com\\\/fr\\\/best-metatrader-ea\\\/#primaryimage\"},\"image\":{\"@id\":\"https:\\\/\\\/expforex.com\\\/fr\\\/best-metatrader-ea\\\/#primaryimage\"},\"thumbnailUrl\":\"https:\\\/\\\/expforex.com\\\/wp-content\\\/uploads\\\/2026\\\/01\\\/ALL-LOGO-VIDEO-EA-intro-2026.png\",\"datePublished\":\"2026-01-26T14:53:19+00:00\",\"dateModified\":\"2026-01-29T09:26:09+00:00\",\"description\":\"Vous cherchez le meilleur EA MetaTrader ? D\u00e9couvrez notre top 8 d\u2019\u00e9lite. Du robot AI Sniper au panneau VirtualTradePad. Des syst\u00e8mes de trading automatis\u00e9s \u00e9prouv\u00e9s, adopt\u00e9s par plus de 10 000 traders.\",\"breadcrumb\":{\"@id\":\"https:\\\/\\\/expforex.com\\\/fr\\\/best-metatrader-ea\\\/#breadcrumb\"},\"inLanguage\":\"fr\",\"potentialAction\":[{\"@type\":\"ReadAction\",\"target\":[\"https:\\\/\\\/expforex.com\\\/fr\\\/best-metatrader-ea\\\/\"]}]},{\"@type\":\"ImageObject\",\"inLanguage\":\"fr\",\"@id\":\"https:\\\/\\\/expforex.com\\\/fr\\\/best-metatrader-ea\\\/#primaryimage\",\"url\":\"https:\\\/\\\/expforex.com\\\/wp-content\\\/uploads\\\/2026\\\/01\\\/ALL-LOGO-VIDEO-EA-intro-2026.png\",\"contentUrl\":\"https:\\\/\\\/expforex.com\\\/wp-content\\\/uploads\\\/2026\\\/01\\\/ALL-LOGO-VIDEO-EA-intro-2026.png\",\"width\":1920,\"height\":1080},{\"@type\":\"BreadcrumbList\",\"@id\":\"https:\\\/\\\/expforex.com\\\/fr\\\/best-metatrader-ea\\\/#breadcrumb\",\"itemListElement\":[{\"@type\":\"ListItem\",\"position\":1,\"name\":\"Accueil\",\"item\":\"https:\\\/\\\/expforex.com\\\/fr\\\/\"},{\"@type\":\"ListItem\",\"position\":2,\"name\":\"La meilleure collection d\u2019Expert Advisor (EA) et d\u2019utilitaires MetaTrader\"}]},{\"@type\":\"WebSite\",\"@id\":\"https:\\\/\\\/expforex.com\\\/fr\\\/#website\",\"url\":\"https:\\\/\\\/expforex.com\\\/fr\\\/\",\"name\":\"Meilleures id\u00e9es pour MetaTrader\",\"description\":\"Une vaste exp\u00e9rience dans la programmation d'assistants pour MetaTrader, MQL, Forex, Expert Advisor, Indicateur, Script, EA, Utilitaires, VirtualTradePad, Copylot, Ticksniper, Averager, xCustomEA, X, Duplicator, TesterPad, ExtraReportPad, Assistant, Trade, Trader, Scalping.\\n\",\"publisher\":{\"@id\":\"https:\\\/\\\/expforex.com\\\/fr\\\/#\\\/schema\\\/person\\\/0f3104735dd8fd99d5b5ee2e3634b1d5\"},\"alternateName\":\"Forex EA\",\"potentialAction\":[{\"@type\":\"SearchAction\",\"target\":{\"@type\":\"EntryPoint\",\"urlTemplate\":\"https:\\\/\\\/expforex.com\\\/fr\\\/?s={search_term_string}\"},\"query-input\":{\"@type\":\"PropertyValueSpecification\",\"valueRequired\":true,\"valueName\":\"search_term_string\"}}],\"inLanguage\":\"fr\"},{\"@type\":[\"Person\",\"Organization\"],\"@id\":\"https:\\\/\\\/expforex.com\\\/fr\\\/#\\\/schema\\\/person\\\/0f3104735dd8fd99d5b5ee2e3634b1d5\",\"name\":\"Expforex Vladislav\",\"image\":{\"@type\":\"ImageObject\",\"inLanguage\":\"fr\",\"@id\":\"https:\\\/\\\/expforex.com\\\/wp-content\\\/uploads\\\/2023\\\/12\\\/LOGONEW-2024-2.png\",\"url\":\"https:\\\/\\\/expforex.com\\\/wp-content\\\/uploads\\\/2023\\\/12\\\/LOGONEW-2024-2.png\",\"contentUrl\":\"https:\\\/\\\/expforex.com\\\/wp-content\\\/uploads\\\/2023\\\/12\\\/LOGONEW-2024-2.png\",\"width\":200,\"height\":200,\"caption\":\"Expforex Vladislav\"},\"logo\":{\"@id\":\"https:\\\/\\\/expforex.com\\\/wp-content\\\/uploads\\\/2023\\\/12\\\/LOGONEW-2024-2.png\"},\"sameAs\":[\"https:\\\/\\\/www.expforex.com\",\"https:\\\/\\\/www.facebook.com\\\/ExpForex\\\/\",\"https:\\\/\\\/www.youtube.com\\\/Expforex\"],\"publishingPrinciples\":\"https:\\\/\\\/expforex.com\\\/privacy-policy\\\/\"}]}<\/script>\n<!-- \/ Yoast SEO Premium plugin. -->","yoast_head_json":{"title":"Meilleur EA MetaTrader 2026 : Top 8 des robots et outils automatis\u00e9s | Expforex","description":"Vous cherchez le meilleur EA MetaTrader ? D\u00e9couvrez notre top 8 d\u2019\u00e9lite. Du robot AI Sniper au panneau VirtualTradePad. Des syst\u00e8mes de trading automatis\u00e9s \u00e9prouv\u00e9s, adopt\u00e9s par plus de 10 000 traders.","robots":{"index":"index","follow":"follow","max-snippet":"max-snippet:-1","max-image-preview":"max-image-preview:large","max-video-preview":"max-video-preview:-1"},"canonical":"https:\/\/expforex.com\/fr\/best-metatrader-ea\/","og_locale":"fr_FR","og_type":"article","og_title":"La meilleure collection d\u2019Expert Advisor (EA) et d\u2019utilitaires MetaTrader","og_description":"Vous cherchez le meilleur EA MetaTrader ? D\u00e9couvrez notre top 8 d\u2019\u00e9lite. Du robot AI Sniper au panneau VirtualTradePad. Des syst\u00e8mes de trading automatis\u00e9s \u00e9prouv\u00e9s, adopt\u00e9s par plus de 10 000 traders.","og_url":"https:\/\/expforex.com\/fr\/best-metatrader-ea\/","og_site_name":"Meilleures id\u00e9es pour MetaTrader","article_publisher":"https:\/\/www.facebook.com\/ExpForex\/","article_modified_time":"2026-01-29T09:26:09+00:00","og_image":[{"width":1920,"height":1080,"url":"https:\/\/expforex.com\/wp-content\/uploads\/2026\/01\/ALL-LOGO-VIDEO-EA-intro-2026.png","type":"image\/png"}],"twitter_card":"summary_large_image","twitter_misc":{"Est. reading time":"1 minute"},"schema":{"@context":"https:\/\/schema.org","@graph":[{"@type":"WebPage","@id":"https:\/\/expforex.com\/fr\/best-metatrader-ea\/","url":"https:\/\/expforex.com\/fr\/best-metatrader-ea\/","name":"Meilleur EA MetaTrader 2026 : Top 8 des robots et outils automatis\u00e9s | Expforex","isPartOf":{"@id":"https:\/\/expforex.com\/fr\/#website"},"primaryImageOfPage":{"@id":"https:\/\/expforex.com\/fr\/best-metatrader-ea\/#primaryimage"},"image":{"@id":"https:\/\/expforex.com\/fr\/best-metatrader-ea\/#primaryimage"},"thumbnailUrl":"https:\/\/expforex.com\/wp-content\/uploads\/2026\/01\/ALL-LOGO-VIDEO-EA-intro-2026.png","datePublished":"2026-01-26T14:53:19+00:00","dateModified":"2026-01-29T09:26:09+00:00","description":"Vous cherchez le meilleur EA MetaTrader ? D\u00e9couvrez notre top 8 d\u2019\u00e9lite. Du robot AI Sniper au panneau VirtualTradePad. Des syst\u00e8mes de trading automatis\u00e9s \u00e9prouv\u00e9s, adopt\u00e9s par plus de 10 000 traders.","breadcrumb":{"@id":"https:\/\/expforex.com\/fr\/best-metatrader-ea\/#breadcrumb"},"inLanguage":"fr","potentialAction":[{"@type":"ReadAction","target":["https:\/\/expforex.com\/fr\/best-metatrader-ea\/"]}]},{"@type":"ImageObject","inLanguage":"fr","@id":"https:\/\/expforex.com\/fr\/best-metatrader-ea\/#primaryimage","url":"https:\/\/expforex.com\/wp-content\/uploads\/2026\/01\/ALL-LOGO-VIDEO-EA-intro-2026.png","contentUrl":"https:\/\/expforex.com\/wp-content\/uploads\/2026\/01\/ALL-LOGO-VIDEO-EA-intro-2026.png","width":1920,"height":1080},{"@type":"BreadcrumbList","@id":"https:\/\/expforex.com\/fr\/best-metatrader-ea\/#breadcrumb","itemListElement":[{"@type":"ListItem","position":1,"name":"Accueil","item":"https:\/\/expforex.com\/fr\/"},{"@type":"ListItem","position":2,"name":"La meilleure collection d\u2019Expert Advisor (EA) et d\u2019utilitaires MetaTrader"}]},{"@type":"WebSite","@id":"https:\/\/expforex.com\/fr\/#website","url":"https:\/\/expforex.com\/fr\/","name":"Meilleures id\u00e9es pour MetaTrader","description":"Une vaste exp\u00e9rience dans la programmation d'assistants pour MetaTrader, MQL, Forex, Expert Advisor, Indicateur, Script, EA, Utilitaires, VirtualTradePad, Copylot, Ticksniper, Averager, xCustomEA, X, Duplicator, TesterPad, ExtraReportPad, Assistant, Trade, Trader, Scalping.\n","publisher":{"@id":"https:\/\/expforex.com\/fr\/#\/schema\/person\/0f3104735dd8fd99d5b5ee2e3634b1d5"},"alternateName":"Forex EA","potentialAction":[{"@type":"SearchAction","target":{"@type":"EntryPoint","urlTemplate":"https:\/\/expforex.com\/fr\/?s={search_term_string}"},"query-input":{"@type":"PropertyValueSpecification","valueRequired":true,"valueName":"search_term_string"}}],"inLanguage":"fr"},{"@type":["Person","Organization"],"@id":"https:\/\/expforex.com\/fr\/#\/schema\/person\/0f3104735dd8fd99d5b5ee2e3634b1d5","name":"Expforex Vladislav","image":{"@type":"ImageObject","inLanguage":"fr","@id":"https:\/\/expforex.com\/wp-content\/uploads\/2023\/12\/LOGONEW-2024-2.png","url":"https:\/\/expforex.com\/wp-content\/uploads\/2023\/12\/LOGONEW-2024-2.png","contentUrl":"https:\/\/expforex.com\/wp-content\/uploads\/2023\/12\/LOGONEW-2024-2.png","width":200,"height":200,"caption":"Expforex Vladislav"},"logo":{"@id":"https:\/\/expforex.com\/wp-content\/uploads\/2023\/12\/LOGONEW-2024-2.png"},"sameAs":["https:\/\/www.expforex.com","https:\/\/www.facebook.com\/ExpForex\/","https:\/\/www.youtube.com\/Expforex"],"publishingPrinciples":"https:\/\/expforex.com\/privacy-policy\/"}]}},"_links":{"self":[{"href":"https:\/\/expforex.com\/fr\/wp-json\/wp\/v2\/pages\/146676","targetHints":{"allow":["GET"]}}],"collection":[{"href":"https:\/\/expforex.com\/fr\/wp-json\/wp\/v2\/pages"}],"about":[{"href":"https:\/\/expforex.com\/fr\/wp-json\/wp\/v2\/types\/page"}],"author":[{"embeddable":true,"href":"https:\/\/expforex.com\/fr\/wp-json\/wp\/v2\/users\/2"}],"replies":[{"embeddable":true,"href":"https:\/\/expforex.com\/fr\/wp-json\/wp\/v2\/comments?post=146676"}],"version-history":[{"count":2,"href":"https:\/\/expforex.com\/fr\/wp-json\/wp\/v2\/pages\/146676\/revisions"}],"predecessor-version":[{"id":146756,"href":"https:\/\/expforex.com\/fr\/wp-json\/wp\/v2\/pages\/146676\/revisions\/146756"}],"wp:featuredmedia":[{"embeddable":true,"href":"https:\/\/expforex.com\/fr\/wp-json\/wp\/v2\/media\/146646"}],"wp:attachment":[{"href":"https:\/\/expforex.com\/fr\/wp-json\/wp\/v2\/media?parent=146676"}],"curies":[{"name":"wp","href":"https:\/\/api.w.org\/{rel}","templated":true}]}}