{"id":54792,"date":"2024-01-05T13:12:07","date_gmt":"2024-01-05T13:12:07","guid":{"rendered":"https:\/\/expforex.com\/recommended-brokers\/"},"modified":"2025-05-09T05:31:58","modified_gmt":"2025-05-09T05:31:58","slug":"recommended-brokers","status":"publish","type":"page","link":"https:\/\/expforex.com\/fr\/recommended-brokers\/","title":{"rendered":"Courtiers"},"content":{"rendered":"\n<p class=\"\">Recommended brokers and trading accounts are a selection of reliable brokerage companies and optimal trading accounts for successful Forex trading. Learn about leading brokers, favorable terms and convenient platforms that will help you effectively manage your investments and achieve your financial goals<\/p>\n\n<h2 class=\"wp-block-heading\" id=\"h-brokers-and-trade-account-nbsp\">Brokers and trade account\u00a0<\/h2>\n\n<ol class=\"wp-block-list\">\n<li class=\"\"><strong>Recommended deposit LOW RISK<\/strong>\u00a0\u00a0of\u00a0<strong>$ 1,000<\/strong>\u00a0with a minimum lot\u00a0<strong>0.01<\/strong>\u00a03 currency pairs (e.g., EURUSD USDCHF USDJPY) (<strong>Leverage\u00a0<\/strong>1:300)<\/li>\n\n\n\n<li class=\"\"><strong>Recommended deposit MEDIUM RISK\u00a0<\/strong>\u00a0of\u00a0<strong>$ 300<\/strong>\u00a0with minimal lot\u00a0<strong>0.01<\/strong>\u00a0on 1 currency pair (e.g., EURUSD)(<strong>Leverage\u00a0<\/strong>1:300)<\/li>\n\n\n\n<li class=\"\"><strong>Recommended deposit\u00a0<\/strong>\u00a0<strong>HIGH RISK\u00a0<\/strong>\u00a0of\u00a0<strong>$ 100 (<u>Cent Accoun<\/u>t)<\/strong>\u00a0with minimum lot\u00a0<strong>0.01<\/strong>\u00a0on 1 currency pair (e.g., EURUSD)(<strong>Leverage\u00a0<\/strong>1:300)<\/li>\n\n\n\n<li class=\"\">Floating spread (<strong>Zero Spread is prohibited!<\/strong>)<\/li>\n\n\n\n<li class=\"\">The leverage of 1: 300 and higher<\/li>\n\n\n\n<li class=\"\">For the version of the MetaTrader 4 terminal advisor, You can try\u00a0<a class=\"cnqw\" href=\"https:\/\/roboforex.com\/?a=cnqw\" target=\"_blank\" rel=\"noreferrer noopener\" data-language=\"fr\"><strong>RoboForex<\/strong><\/a>\u00a0<strong>ECN PRO.<\/strong><\/li>\n\n\n\n<li class=\"\">For the version of the MetaTrader 5 terminal advisor, You can try\u00a0<a class=\"cnqw\" href=\"https:\/\/roboforex.com\/?a=cnqw\" target=\"_blank\" rel=\"noreferrer noopener\" data-language=\"fr\"><strong>RoboForex<\/strong><\/a>\u00a0<strong><strong>ECN PRO<\/strong>.<\/strong><\/li>\n\n\n\n<li class=\"\">For an account with a deposit of more than\u00a0<strong>$ 1000<\/strong>, You can try the PRO Standard or ECN PRO type of account.<\/li>\n\n\n\n<li class=\"\">For an account with a deposit of less than\u00a0<strong>$ 1000<\/strong>, You can try the PRO Cent account type.<\/li>\n\n\n\n<li class=\"\">Currency pairs any. You can choose any currency pair. I trade at EURUSD USDCHF USDJPY.<\/li>\n<\/ol>\n","protected":false},"excerpt":{"rendered":"<p>Recommended brokers and trading accounts are a selection of reliable brokerage companies and optimal trading accounts for successful Forex trading. Learn about leading brokers, favorable terms and convenient platforms that will help you effectively manage your investments and achieve your<span class=\"excerpt-hellip\"> [\u2026]<\/span><\/p>\n","protected":false},"author":2,"featured_media":88535,"parent":0,"menu_order":0,"comment_status":"closed","ping_status":"closed","template":"","meta":{"_acf_changed":false,"_eb_attr":"","_eb_data_table":"","footnotes":""},"class_list":["post-54792","page","type-page","status-publish","has-post-thumbnail","hentry"],"acf":[],"yoast_head":"<!-- This site is optimized with the Yoast SEO Premium plugin v27.3 (Yoast SEO v27.3) - https:\/\/yoast.com\/product\/yoast-seo-premium-wordpress\/ -->\n<title>Courtiers Recommand\u00e9s et Comptes de Trading<\/title>\n<meta name=\"description\" content=\"Les Courtiers Recommand\u00e9s et les Comptes de Trading sont une s\u00e9lection de soci\u00e9t\u00e9s de courtage fiables et de comptes de trading optimaux pour r\u00e9ussir sur le Forex. D\u00e9couvrez les courtiers leaders, les conditions favorables et les plateformes pratiques qui vous aideront \u00e0 g\u00e9rer efficacement vos investissements et \u00e0 atteindre vos objectifs financiers.\" \/>\n<meta name=\"robots\" content=\"index, follow, max-snippet:-1, max-image-preview:large, max-video-preview:-1\" \/>\n<link rel=\"canonical\" href=\"https:\/\/expforex.com\/fr\/recommended-brokers\/\" \/>\n<meta property=\"og:locale\" content=\"fr_FR\" \/>\n<meta property=\"og:type\" content=\"article\" \/>\n<meta property=\"og:title\" content=\"Courtiers\" \/>\n<meta property=\"og:description\" content=\"Les Courtiers Recommand\u00e9s et les Comptes de Trading sont une s\u00e9lection de soci\u00e9t\u00e9s de courtage fiables et de comptes de trading optimaux pour r\u00e9ussir sur le Forex. D\u00e9couvrez les courtiers leaders, les conditions favorables et les plateformes pratiques qui vous aideront \u00e0 g\u00e9rer efficacement vos investissements et \u00e0 atteindre vos objectifs financiers.\" \/>\n<meta property=\"og:url\" content=\"https:\/\/expforex.com\/fr\/recommended-brokers\/\" \/>\n<meta property=\"og:site_name\" content=\"Meilleures id\u00e9es pour MetaTrader\" \/>\n<meta property=\"article:publisher\" content=\"https:\/\/www.facebook.com\/ExpForex\/\" \/>\n<meta property=\"article:modified_time\" content=\"2025-05-09T05:31:58+00:00\" \/>\n<meta property=\"og:image\" content=\"https:\/\/expforex.com\/wp-content\/uploads\/2025\/03\/banner_bg-1.png?wsr\" \/>\n\t<meta property=\"og:image:width\" content=\"200\" \/>\n\t<meta property=\"og:image:height\" content=\"60\" \/>\n\t<meta property=\"og:image:type\" content=\"image\/png\" \/>\n<meta name=\"twitter:card\" content=\"summary_large_image\" \/>\n<meta name=\"twitter:label1\" content=\"Est. reading time\" \/>\n\t<meta name=\"twitter:data1\" content=\"1 minute\" \/>\n<script type=\"application\/ld+json\" class=\"yoast-schema-graph\">{\"@context\":\"https:\\\/\\\/schema.org\",\"@graph\":[{\"@type\":\"WebPage\",\"@id\":\"https:\\\/\\\/expforex.com\\\/fr\\\/recommended-brokers\\\/\",\"url\":\"https:\\\/\\\/expforex.com\\\/fr\\\/recommended-brokers\\\/\",\"name\":\"Courtiers Recommand\u00e9s et Comptes de Trading\",\"isPartOf\":{\"@id\":\"https:\\\/\\\/expforex.com\\\/fr\\\/#website\"},\"primaryImageOfPage\":{\"@id\":\"https:\\\/\\\/expforex.com\\\/fr\\\/recommended-brokers\\\/#primaryimage\"},\"image\":{\"@id\":\"https:\\\/\\\/expforex.com\\\/fr\\\/recommended-brokers\\\/#primaryimage\"},\"thumbnailUrl\":\"https:\\\/\\\/expforex.com\\\/wp-content\\\/uploads\\\/2025\\\/03\\\/banner_bg-1.png\",\"datePublished\":\"2024-01-05T13:12:07+00:00\",\"dateModified\":\"2025-05-09T05:31:58+00:00\",\"description\":\"Les Courtiers Recommand\u00e9s et les Comptes de Trading sont une s\u00e9lection de soci\u00e9t\u00e9s de courtage fiables et de comptes de trading optimaux pour r\u00e9ussir sur le Forex. D\u00e9couvrez les courtiers leaders, les conditions favorables et les plateformes pratiques qui vous aideront \u00e0 g\u00e9rer efficacement vos investissements et \u00e0 atteindre vos objectifs financiers.\",\"breadcrumb\":{\"@id\":\"https:\\\/\\\/expforex.com\\\/fr\\\/recommended-brokers\\\/#breadcrumb\"},\"inLanguage\":\"fr\",\"potentialAction\":[{\"@type\":\"ReadAction\",\"target\":[\"https:\\\/\\\/expforex.com\\\/fr\\\/recommended-brokers\\\/\"]}]},{\"@type\":\"ImageObject\",\"inLanguage\":\"fr\",\"@id\":\"https:\\\/\\\/expforex.com\\\/fr\\\/recommended-brokers\\\/#primaryimage\",\"url\":\"https:\\\/\\\/expforex.com\\\/wp-content\\\/uploads\\\/2025\\\/03\\\/banner_bg-1.png\",\"contentUrl\":\"https:\\\/\\\/expforex.com\\\/wp-content\\\/uploads\\\/2025\\\/03\\\/banner_bg-1.png\",\"width\":200,\"height\":60},{\"@type\":\"BreadcrumbList\",\"@id\":\"https:\\\/\\\/expforex.com\\\/fr\\\/recommended-brokers\\\/#breadcrumb\",\"itemListElement\":[{\"@type\":\"ListItem\",\"position\":1,\"name\":\"Accueil\",\"item\":\"https:\\\/\\\/expforex.com\\\/fr\\\/\"},{\"@type\":\"ListItem\",\"position\":2,\"name\":\"Courtiers\"}]},{\"@type\":\"WebSite\",\"@id\":\"https:\\\/\\\/expforex.com\\\/fr\\\/#website\",\"url\":\"https:\\\/\\\/expforex.com\\\/fr\\\/\",\"name\":\"Meilleures id\u00e9es pour MetaTrader\",\"description\":\"Une vaste exp\u00e9rience dans la programmation d'assistants pour MetaTrader, MQL, Forex, Expert Advisor, Indicateur, Script, EA, Utilitaires, VirtualTradePad, Copylot, Ticksniper, Averager, xCustomEA, X, Duplicator, TesterPad, ExtraReportPad, Assistant, Trade, Trader, Scalping.\\n\",\"publisher\":{\"@id\":\"https:\\\/\\\/expforex.com\\\/fr\\\/#\\\/schema\\\/person\\\/0f3104735dd8fd99d5b5ee2e3634b1d5\"},\"alternateName\":\"Forex EA\",\"potentialAction\":[{\"@type\":\"SearchAction\",\"target\":{\"@type\":\"EntryPoint\",\"urlTemplate\":\"https:\\\/\\\/expforex.com\\\/fr\\\/?s={search_term_string}\"},\"query-input\":{\"@type\":\"PropertyValueSpecification\",\"valueRequired\":true,\"valueName\":\"search_term_string\"}}],\"inLanguage\":\"fr\"},{\"@type\":[\"Person\",\"Organization\"],\"@id\":\"https:\\\/\\\/expforex.com\\\/fr\\\/#\\\/schema\\\/person\\\/0f3104735dd8fd99d5b5ee2e3634b1d5\",\"name\":\"Expforex Vladislav\",\"image\":{\"@type\":\"ImageObject\",\"inLanguage\":\"fr\",\"@id\":\"https:\\\/\\\/expforex.com\\\/wp-content\\\/uploads\\\/2023\\\/12\\\/LOGONEW-2024-2.png\",\"url\":\"https:\\\/\\\/expforex.com\\\/wp-content\\\/uploads\\\/2023\\\/12\\\/LOGONEW-2024-2.png\",\"contentUrl\":\"https:\\\/\\\/expforex.com\\\/wp-content\\\/uploads\\\/2023\\\/12\\\/LOGONEW-2024-2.png\",\"width\":200,\"height\":200,\"caption\":\"Expforex Vladislav\"},\"logo\":{\"@id\":\"https:\\\/\\\/expforex.com\\\/wp-content\\\/uploads\\\/2023\\\/12\\\/LOGONEW-2024-2.png\"},\"sameAs\":[\"https:\\\/\\\/www.expforex.com\",\"https:\\\/\\\/www.facebook.com\\\/ExpForex\\\/\",\"https:\\\/\\\/www.youtube.com\\\/Expforex\"],\"publishingPrinciples\":\"https:\\\/\\\/expforex.com\\\/privacy-policy\\\/\"}]}<\/script>\n<!-- \/ Yoast SEO Premium plugin. -->","yoast_head_json":{"title":"Courtiers Recommand\u00e9s et Comptes de Trading","description":"Les Courtiers Recommand\u00e9s et les Comptes de Trading sont une s\u00e9lection de soci\u00e9t\u00e9s de courtage fiables et de comptes de trading optimaux pour r\u00e9ussir sur le Forex. D\u00e9couvrez les courtiers leaders, les conditions favorables et les plateformes pratiques qui vous aideront \u00e0 g\u00e9rer efficacement vos investissements et \u00e0 atteindre vos objectifs financiers.","robots":{"index":"index","follow":"follow","max-snippet":"max-snippet:-1","max-image-preview":"max-image-preview:large","max-video-preview":"max-video-preview:-1"},"canonical":"https:\/\/expforex.com\/fr\/recommended-brokers\/","og_locale":"fr_FR","og_type":"article","og_title":"Courtiers","og_description":"Les Courtiers Recommand\u00e9s et les Comptes de Trading sont une s\u00e9lection de soci\u00e9t\u00e9s de courtage fiables et de comptes de trading optimaux pour r\u00e9ussir sur le Forex. D\u00e9couvrez les courtiers leaders, les conditions favorables et les plateformes pratiques qui vous aideront \u00e0 g\u00e9rer efficacement vos investissements et \u00e0 atteindre vos objectifs financiers.","og_url":"https:\/\/expforex.com\/fr\/recommended-brokers\/","og_site_name":"Meilleures id\u00e9es pour MetaTrader","article_publisher":"https:\/\/www.facebook.com\/ExpForex\/","article_modified_time":"2025-05-09T05:31:58+00:00","og_image":[{"width":200,"height":60,"url":"https:\/\/expforex.com\/wp-content\/uploads\/2025\/03\/banner_bg-1.png?wsr","type":"image\/png"}],"twitter_card":"summary_large_image","twitter_misc":{"Est. reading time":"1 minute"},"schema":{"@context":"https:\/\/schema.org","@graph":[{"@type":"WebPage","@id":"https:\/\/expforex.com\/fr\/recommended-brokers\/","url":"https:\/\/expforex.com\/fr\/recommended-brokers\/","name":"Courtiers Recommand\u00e9s et Comptes de Trading","isPartOf":{"@id":"https:\/\/expforex.com\/fr\/#website"},"primaryImageOfPage":{"@id":"https:\/\/expforex.com\/fr\/recommended-brokers\/#primaryimage"},"image":{"@id":"https:\/\/expforex.com\/fr\/recommended-brokers\/#primaryimage"},"thumbnailUrl":"https:\/\/expforex.com\/wp-content\/uploads\/2025\/03\/banner_bg-1.png","datePublished":"2024-01-05T13:12:07+00:00","dateModified":"2025-05-09T05:31:58+00:00","description":"Les Courtiers Recommand\u00e9s et les Comptes de Trading sont une s\u00e9lection de soci\u00e9t\u00e9s de courtage fiables et de comptes de trading optimaux pour r\u00e9ussir sur le Forex. D\u00e9couvrez les courtiers leaders, les conditions favorables et les plateformes pratiques qui vous aideront \u00e0 g\u00e9rer efficacement vos investissements et \u00e0 atteindre vos objectifs financiers.","breadcrumb":{"@id":"https:\/\/expforex.com\/fr\/recommended-brokers\/#breadcrumb"},"inLanguage":"fr","potentialAction":[{"@type":"ReadAction","target":["https:\/\/expforex.com\/fr\/recommended-brokers\/"]}]},{"@type":"ImageObject","inLanguage":"fr","@id":"https:\/\/expforex.com\/fr\/recommended-brokers\/#primaryimage","url":"https:\/\/expforex.com\/wp-content\/uploads\/2025\/03\/banner_bg-1.png","contentUrl":"https:\/\/expforex.com\/wp-content\/uploads\/2025\/03\/banner_bg-1.png","width":200,"height":60},{"@type":"BreadcrumbList","@id":"https:\/\/expforex.com\/fr\/recommended-brokers\/#breadcrumb","itemListElement":[{"@type":"ListItem","position":1,"name":"Accueil","item":"https:\/\/expforex.com\/fr\/"},{"@type":"ListItem","position":2,"name":"Courtiers"}]},{"@type":"WebSite","@id":"https:\/\/expforex.com\/fr\/#website","url":"https:\/\/expforex.com\/fr\/","name":"Meilleures id\u00e9es pour MetaTrader","description":"Une vaste exp\u00e9rience dans la programmation d'assistants pour MetaTrader, MQL, Forex, Expert Advisor, Indicateur, Script, EA, Utilitaires, VirtualTradePad, Copylot, Ticksniper, Averager, xCustomEA, X, Duplicator, TesterPad, ExtraReportPad, Assistant, Trade, Trader, Scalping.\n","publisher":{"@id":"https:\/\/expforex.com\/fr\/#\/schema\/person\/0f3104735dd8fd99d5b5ee2e3634b1d5"},"alternateName":"Forex EA","potentialAction":[{"@type":"SearchAction","target":{"@type":"EntryPoint","urlTemplate":"https:\/\/expforex.com\/fr\/?s={search_term_string}"},"query-input":{"@type":"PropertyValueSpecification","valueRequired":true,"valueName":"search_term_string"}}],"inLanguage":"fr"},{"@type":["Person","Organization"],"@id":"https:\/\/expforex.com\/fr\/#\/schema\/person\/0f3104735dd8fd99d5b5ee2e3634b1d5","name":"Expforex Vladislav","image":{"@type":"ImageObject","inLanguage":"fr","@id":"https:\/\/expforex.com\/wp-content\/uploads\/2023\/12\/LOGONEW-2024-2.png","url":"https:\/\/expforex.com\/wp-content\/uploads\/2023\/12\/LOGONEW-2024-2.png","contentUrl":"https:\/\/expforex.com\/wp-content\/uploads\/2023\/12\/LOGONEW-2024-2.png","width":200,"height":200,"caption":"Expforex Vladislav"},"logo":{"@id":"https:\/\/expforex.com\/wp-content\/uploads\/2023\/12\/LOGONEW-2024-2.png"},"sameAs":["https:\/\/www.expforex.com","https:\/\/www.facebook.com\/ExpForex\/","https:\/\/www.youtube.com\/Expforex"],"publishingPrinciples":"https:\/\/expforex.com\/privacy-policy\/"}]}},"_links":{"self":[{"href":"https:\/\/expforex.com\/fr\/wp-json\/wp\/v2\/pages\/54792","targetHints":{"allow":["GET"]}}],"collection":[{"href":"https:\/\/expforex.com\/fr\/wp-json\/wp\/v2\/pages"}],"about":[{"href":"https:\/\/expforex.com\/fr\/wp-json\/wp\/v2\/types\/page"}],"author":[{"embeddable":true,"href":"https:\/\/expforex.com\/fr\/wp-json\/wp\/v2\/users\/2"}],"replies":[{"embeddable":true,"href":"https:\/\/expforex.com\/fr\/wp-json\/wp\/v2\/comments?post=54792"}],"version-history":[{"count":0,"href":"https:\/\/expforex.com\/fr\/wp-json\/wp\/v2\/pages\/54792\/revisions"}],"wp:featuredmedia":[{"embeddable":true,"href":"https:\/\/expforex.com\/fr\/wp-json\/wp\/v2\/media\/88535"}],"wp:attachment":[{"href":"https:\/\/expforex.com\/fr\/wp-json\/wp\/v2\/media?parent=54792"}],"curies":[{"name":"wp","href":"https:\/\/api.w.org\/{rel}","templated":true}]}}