{"id":55788,"date":"2024-03-10T16:23:28","date_gmt":"2024-03-10T16:23:28","guid":{"rendered":"https:\/\/expforex.com\/video-about-expert-advisors-utilities-and-indicators\/"},"modified":"2026-01-31T15:47:29","modified_gmt":"2026-01-31T15:47:29","slug":"video","status":"publish","type":"page","link":"https:\/\/expforex.com\/fr\/video\/","title":{"rendered":"Biblioth\u00e8que vid\u00e9o Forex : tutoriels &#038; strat\u00e9gies EA MetaTrader 4 &#038; 5 | Expforex"},"content":{"rendered":"\n<h2 class=\"wp-block-heading\" id=\"h-decouvrez-la-puissance-des-expert-advisors-utilitaires-et-indicateurs-dans-notre-video-informative\">D\u00e9couvrez la puissance des Expert Advisors, utilitaires et indicateurs dans notre vid\u00e9o informative.<\/h2>\n\n\n\n<p class=\"\">Apprenez comment ces outils peuvent transformer votre trading et vous aider \u00e0 prendre des d\u00e9cisions \u00e9clair\u00e9es. Ne manquez pas cette opportunit\u00e9 d&#8217;am\u00e9liorer vos comp\u00e9tences en trading. Regardez notre vid\u00e9o maintenant !<\/p>\n\n\n\n<p class=\"\">Tutoriels vid\u00e9o Forex, instructions vid\u00e9o de trading Forex, guide vid\u00e9o pour d\u00e9butants en Forex, strat\u00e9gies de trading Forex en vid\u00e9o, comment trader le Forex en vid\u00e9o, analyse du march\u00e9 Forex en vid\u00e9o, trading Forex \u00e9tape par \u00e9tape en vid\u00e9o, guide vid\u00e9o MetaTrader, tutoriel vid\u00e9o sur les indicateurs Forex, tutoriel vid\u00e9o sur les Expert Advisors, vid\u00e9o sur le trading automatis\u00e9 Forex, comment utiliser MetaTrader en vid\u00e9o, vid\u00e9o d&#8217;installation de MetaTrader, vid\u00e9o sur la gestion des risques Forex, analyse technique Forex en vid\u00e9o, vid\u00e9o sur les configurations graphiques Forex, astuces de trading Forex en vid\u00e9o, outils de trading Forex en vid\u00e9o, vid\u00e9os \u00e9ducatives sur le Forex, vid\u00e9o pour d\u00e9butants en trading Forex, vid\u00e9o d&#8217;installation de MetaTrader, strat\u00e9gies de trading Forex expliqu\u00e9es en vid\u00e9o, guide vid\u00e9o sur les signaux de trading, cours vid\u00e9o Forex, tutoriel vid\u00e9o sur les tendances du march\u00e9 Forex, guide vid\u00e9o sur le backtesting Forex, robots de trading MetaTrader en vid\u00e9o, vid\u00e9o sur les comptes d\u00e9mo Forex, analyse fondamentale Forex en vid\u00e9o, vid\u00e9o de configuration des experts MetaTrader, tutoriel vid\u00e9o sur les plateformes de trading.<\/p>\n","protected":false},"excerpt":{"rendered":"<p>D\u00e9couvrez la puissance des Expert Advisors, utilitaires et indicateurs dans notre vid\u00e9o informative. Apprenez comment ces outils peuvent transformer votre trading et vous aider \u00e0 prendre des d\u00e9cisions \u00e9clair\u00e9es. Ne manquez pas cette opportunit\u00e9 d&#8217;am\u00e9liorer vos comp\u00e9tences en trading. Regardez<span class=\"excerpt-hellip\"> [\u2026]<\/span><\/p>\n","protected":false},"author":2,"featured_media":55789,"parent":0,"menu_order":0,"comment_status":"closed","ping_status":"closed","template":"","meta":{"_acf_changed":false,"_eb_attr":"","_eb_data_table":"","footnotes":""},"class_list":["post-55788","page","type-page","status-publish","has-post-thumbnail","hentry"],"acf":[],"yoast_head":"<!-- This site is optimized with the Yoast SEO Premium plugin v27.3 (Yoast SEO v27.3) - https:\/\/yoast.com\/product\/yoast-seo-premium-wordpress\/ -->\n<title>Biblioth\u00e8que vid\u00e9o Forex : tutoriels &amp; strat\u00e9gies EA MetaTrader 4 &amp; 5 | Expforex - Meilleures id\u00e9es pour MetaTrader<\/title>\n<meta name=\"description\" content=\"\ud83d\udcfa Ma\u00eetrisez le trading automatis\u00e9 (Automated Trading) ! Regardez des guides vid\u00e9o professionnels pour MetaTrader 4 &amp; 5. Apprenez \u00e0 installer, optimiser et gagner avec des Experts Advisors (Expert Advisors), ainsi que des outils Crypto &amp; Forex.\" \/>\n<meta name=\"robots\" content=\"index, follow, max-snippet:-1, max-image-preview:large, max-video-preview:-1\" \/>\n<link rel=\"canonical\" href=\"https:\/\/expforex.com\/fr\/video\/\" \/>\n<meta property=\"og:locale\" content=\"fr_FR\" \/>\n<meta property=\"og:type\" content=\"article\" \/>\n<meta property=\"og:title\" content=\"Biblioth\u00e8que vid\u00e9o Forex : tutoriels &amp; strat\u00e9gies EA MetaTrader 4 &amp; 5 | Expforex\" \/>\n<meta property=\"og:description\" content=\"\ud83d\udcfa Ma\u00eetrisez le trading automatis\u00e9 (Automated Trading) ! Regardez des guides vid\u00e9o professionnels pour MetaTrader 4 &amp; 5. Apprenez \u00e0 installer, optimiser et gagner avec des Experts Advisors (Expert Advisors), ainsi que des outils Crypto &amp; Forex.\" \/>\n<meta property=\"og:url\" content=\"https:\/\/expforex.com\/fr\/video\/\" \/>\n<meta property=\"og:site_name\" content=\"Meilleures id\u00e9es pour MetaTrader\" \/>\n<meta property=\"article:publisher\" content=\"https:\/\/www.facebook.com\/ExpForex\/\" \/>\n<meta property=\"article:modified_time\" content=\"2026-01-31T15:47:29+00:00\" \/>\n<meta property=\"og:image\" content=\"https:\/\/expforex.com\/wp-content\/uploads\/2024\/09\/youtube-1.png\" \/>\n\t<meta property=\"og:image:width\" content=\"512\" \/>\n\t<meta property=\"og:image:height\" content=\"512\" \/>\n\t<meta property=\"og:image:type\" content=\"image\/png\" \/>\n<meta name=\"twitter:card\" content=\"summary_large_image\" \/>\n<meta name=\"twitter:label1\" content=\"Est. reading time\" \/>\n\t<meta name=\"twitter:data1\" content=\"2 minutes\" \/>\n<script type=\"application\/ld+json\" class=\"yoast-schema-graph\">{\"@context\":\"https:\\\/\\\/schema.org\",\"@graph\":[{\"@type\":\"WebPage\",\"@id\":\"https:\\\/\\\/expforex.com\\\/fr\\\/video\\\/\",\"url\":\"https:\\\/\\\/expforex.com\\\/fr\\\/video\\\/\",\"name\":\"Biblioth\u00e8que vid\u00e9o Forex : tutoriels & strat\u00e9gies EA MetaTrader 4 & 5 | Expforex - Meilleures id\u00e9es pour MetaTrader\",\"isPartOf\":{\"@id\":\"https:\\\/\\\/expforex.com\\\/fr\\\/#website\"},\"primaryImageOfPage\":{\"@id\":\"https:\\\/\\\/expforex.com\\\/fr\\\/video\\\/#primaryimage\"},\"image\":{\"@id\":\"https:\\\/\\\/expforex.com\\\/fr\\\/video\\\/#primaryimage\"},\"thumbnailUrl\":\"https:\\\/\\\/expforex.com\\\/wp-content\\\/uploads\\\/2024\\\/09\\\/youtube-1.png\",\"datePublished\":\"2024-03-10T16:23:28+00:00\",\"dateModified\":\"2026-01-31T15:47:29+00:00\",\"description\":\"\ud83d\udcfa Ma\u00eetrisez le trading automatis\u00e9 (Automated Trading) ! Regardez des guides vid\u00e9o professionnels pour MetaTrader 4 & 5. Apprenez \u00e0 installer, optimiser et gagner avec des Experts Advisors (Expert Advisors), ainsi que des outils Crypto & Forex.\",\"breadcrumb\":{\"@id\":\"https:\\\/\\\/expforex.com\\\/fr\\\/video\\\/#breadcrumb\"},\"inLanguage\":\"fr\",\"potentialAction\":[{\"@type\":\"ReadAction\",\"target\":[\"https:\\\/\\\/expforex.com\\\/fr\\\/video\\\/\"]}]},{\"@type\":\"ImageObject\",\"inLanguage\":\"fr\",\"@id\":\"https:\\\/\\\/expforex.com\\\/fr\\\/video\\\/#primaryimage\",\"url\":\"https:\\\/\\\/expforex.com\\\/wp-content\\\/uploads\\\/2024\\\/09\\\/youtube-1.png\",\"contentUrl\":\"https:\\\/\\\/expforex.com\\\/wp-content\\\/uploads\\\/2024\\\/09\\\/youtube-1.png\",\"width\":512,\"height\":512},{\"@type\":\"BreadcrumbList\",\"@id\":\"https:\\\/\\\/expforex.com\\\/fr\\\/video\\\/#breadcrumb\",\"itemListElement\":[{\"@type\":\"ListItem\",\"position\":1,\"name\":\"Accueil\",\"item\":\"https:\\\/\\\/expforex.com\\\/fr\\\/\"},{\"@type\":\"ListItem\",\"position\":2,\"name\":\"Biblioth\u00e8que vid\u00e9o Forex : tutoriels &#038; strat\u00e9gies EA MetaTrader 4 &#038; 5 | Expforex\"}]},{\"@type\":\"WebSite\",\"@id\":\"https:\\\/\\\/expforex.com\\\/fr\\\/#website\",\"url\":\"https:\\\/\\\/expforex.com\\\/fr\\\/\",\"name\":\"Meilleures id\u00e9es pour MetaTrader\",\"description\":\"Une vaste exp\u00e9rience dans la programmation d'assistants pour MetaTrader, MQL, Forex, Expert Advisor, Indicateur, Script, EA, Utilitaires, VirtualTradePad, Copylot, Ticksniper, Averager, xCustomEA, X, Duplicator, TesterPad, ExtraReportPad, Assistant, Trade, Trader, Scalping.\\n\",\"publisher\":{\"@id\":\"https:\\\/\\\/expforex.com\\\/fr\\\/#\\\/schema\\\/person\\\/0f3104735dd8fd99d5b5ee2e3634b1d5\"},\"alternateName\":\"Forex EA\",\"potentialAction\":[{\"@type\":\"SearchAction\",\"target\":{\"@type\":\"EntryPoint\",\"urlTemplate\":\"https:\\\/\\\/expforex.com\\\/fr\\\/?s={search_term_string}\"},\"query-input\":{\"@type\":\"PropertyValueSpecification\",\"valueRequired\":true,\"valueName\":\"search_term_string\"}}],\"inLanguage\":\"fr\"},{\"@type\":[\"Person\",\"Organization\"],\"@id\":\"https:\\\/\\\/expforex.com\\\/fr\\\/#\\\/schema\\\/person\\\/0f3104735dd8fd99d5b5ee2e3634b1d5\",\"name\":\"Expforex Vladislav\",\"image\":{\"@type\":\"ImageObject\",\"inLanguage\":\"fr\",\"@id\":\"https:\\\/\\\/expforex.com\\\/wp-content\\\/uploads\\\/2023\\\/12\\\/LOGONEW-2024-2.png\",\"url\":\"https:\\\/\\\/expforex.com\\\/wp-content\\\/uploads\\\/2023\\\/12\\\/LOGONEW-2024-2.png\",\"contentUrl\":\"https:\\\/\\\/expforex.com\\\/wp-content\\\/uploads\\\/2023\\\/12\\\/LOGONEW-2024-2.png\",\"width\":200,\"height\":200,\"caption\":\"Expforex Vladislav\"},\"logo\":{\"@id\":\"https:\\\/\\\/expforex.com\\\/wp-content\\\/uploads\\\/2023\\\/12\\\/LOGONEW-2024-2.png\"},\"sameAs\":[\"https:\\\/\\\/www.expforex.com\",\"https:\\\/\\\/www.facebook.com\\\/ExpForex\\\/\",\"https:\\\/\\\/www.youtube.com\\\/Expforex\"],\"publishingPrinciples\":\"https:\\\/\\\/expforex.com\\\/privacy-policy\\\/\"}]}<\/script>\n<!-- \/ Yoast SEO Premium plugin. -->","yoast_head_json":{"title":"Biblioth\u00e8que vid\u00e9o Forex : tutoriels & strat\u00e9gies EA MetaTrader 4 & 5 | Expforex - Meilleures id\u00e9es pour MetaTrader","description":"\ud83d\udcfa Ma\u00eetrisez le trading automatis\u00e9 (Automated Trading) ! Regardez des guides vid\u00e9o professionnels pour MetaTrader 4 & 5. Apprenez \u00e0 installer, optimiser et gagner avec des Experts Advisors (Expert Advisors), ainsi que des outils Crypto & Forex.","robots":{"index":"index","follow":"follow","max-snippet":"max-snippet:-1","max-image-preview":"max-image-preview:large","max-video-preview":"max-video-preview:-1"},"canonical":"https:\/\/expforex.com\/fr\/video\/","og_locale":"fr_FR","og_type":"article","og_title":"Biblioth\u00e8que vid\u00e9o Forex : tutoriels & strat\u00e9gies EA MetaTrader 4 & 5 | Expforex","og_description":"\ud83d\udcfa Ma\u00eetrisez le trading automatis\u00e9 (Automated Trading) ! Regardez des guides vid\u00e9o professionnels pour MetaTrader 4 & 5. Apprenez \u00e0 installer, optimiser et gagner avec des Experts Advisors (Expert Advisors), ainsi que des outils Crypto & Forex.","og_url":"https:\/\/expforex.com\/fr\/video\/","og_site_name":"Meilleures id\u00e9es pour MetaTrader","article_publisher":"https:\/\/www.facebook.com\/ExpForex\/","article_modified_time":"2026-01-31T15:47:29+00:00","og_image":[{"width":512,"height":512,"url":"https:\/\/expforex.com\/wp-content\/uploads\/2024\/09\/youtube-1.png","type":"image\/png"}],"twitter_card":"summary_large_image","twitter_misc":{"Est. reading time":"2 minutes"},"schema":{"@context":"https:\/\/schema.org","@graph":[{"@type":"WebPage","@id":"https:\/\/expforex.com\/fr\/video\/","url":"https:\/\/expforex.com\/fr\/video\/","name":"Biblioth\u00e8que vid\u00e9o Forex : tutoriels & strat\u00e9gies EA MetaTrader 4 & 5 | Expforex - Meilleures id\u00e9es pour MetaTrader","isPartOf":{"@id":"https:\/\/expforex.com\/fr\/#website"},"primaryImageOfPage":{"@id":"https:\/\/expforex.com\/fr\/video\/#primaryimage"},"image":{"@id":"https:\/\/expforex.com\/fr\/video\/#primaryimage"},"thumbnailUrl":"https:\/\/expforex.com\/wp-content\/uploads\/2024\/09\/youtube-1.png","datePublished":"2024-03-10T16:23:28+00:00","dateModified":"2026-01-31T15:47:29+00:00","description":"\ud83d\udcfa Ma\u00eetrisez le trading automatis\u00e9 (Automated Trading) ! Regardez des guides vid\u00e9o professionnels pour MetaTrader 4 & 5. Apprenez \u00e0 installer, optimiser et gagner avec des Experts Advisors (Expert Advisors), ainsi que des outils Crypto & Forex.","breadcrumb":{"@id":"https:\/\/expforex.com\/fr\/video\/#breadcrumb"},"inLanguage":"fr","potentialAction":[{"@type":"ReadAction","target":["https:\/\/expforex.com\/fr\/video\/"]}]},{"@type":"ImageObject","inLanguage":"fr","@id":"https:\/\/expforex.com\/fr\/video\/#primaryimage","url":"https:\/\/expforex.com\/wp-content\/uploads\/2024\/09\/youtube-1.png","contentUrl":"https:\/\/expforex.com\/wp-content\/uploads\/2024\/09\/youtube-1.png","width":512,"height":512},{"@type":"BreadcrumbList","@id":"https:\/\/expforex.com\/fr\/video\/#breadcrumb","itemListElement":[{"@type":"ListItem","position":1,"name":"Accueil","item":"https:\/\/expforex.com\/fr\/"},{"@type":"ListItem","position":2,"name":"Biblioth\u00e8que vid\u00e9o Forex : tutoriels &#038; strat\u00e9gies EA MetaTrader 4 &#038; 5 | Expforex"}]},{"@type":"WebSite","@id":"https:\/\/expforex.com\/fr\/#website","url":"https:\/\/expforex.com\/fr\/","name":"Meilleures id\u00e9es pour MetaTrader","description":"Une vaste exp\u00e9rience dans la programmation d'assistants pour MetaTrader, MQL, Forex, Expert Advisor, Indicateur, Script, EA, Utilitaires, VirtualTradePad, Copylot, Ticksniper, Averager, xCustomEA, X, Duplicator, TesterPad, ExtraReportPad, Assistant, Trade, Trader, Scalping.\n","publisher":{"@id":"https:\/\/expforex.com\/fr\/#\/schema\/person\/0f3104735dd8fd99d5b5ee2e3634b1d5"},"alternateName":"Forex EA","potentialAction":[{"@type":"SearchAction","target":{"@type":"EntryPoint","urlTemplate":"https:\/\/expforex.com\/fr\/?s={search_term_string}"},"query-input":{"@type":"PropertyValueSpecification","valueRequired":true,"valueName":"search_term_string"}}],"inLanguage":"fr"},{"@type":["Person","Organization"],"@id":"https:\/\/expforex.com\/fr\/#\/schema\/person\/0f3104735dd8fd99d5b5ee2e3634b1d5","name":"Expforex Vladislav","image":{"@type":"ImageObject","inLanguage":"fr","@id":"https:\/\/expforex.com\/wp-content\/uploads\/2023\/12\/LOGONEW-2024-2.png","url":"https:\/\/expforex.com\/wp-content\/uploads\/2023\/12\/LOGONEW-2024-2.png","contentUrl":"https:\/\/expforex.com\/wp-content\/uploads\/2023\/12\/LOGONEW-2024-2.png","width":200,"height":200,"caption":"Expforex Vladislav"},"logo":{"@id":"https:\/\/expforex.com\/wp-content\/uploads\/2023\/12\/LOGONEW-2024-2.png"},"sameAs":["https:\/\/www.expforex.com","https:\/\/www.facebook.com\/ExpForex\/","https:\/\/www.youtube.com\/Expforex"],"publishingPrinciples":"https:\/\/expforex.com\/privacy-policy\/"}]}},"_links":{"self":[{"href":"https:\/\/expforex.com\/fr\/wp-json\/wp\/v2\/pages\/55788","targetHints":{"allow":["GET"]}}],"collection":[{"href":"https:\/\/expforex.com\/fr\/wp-json\/wp\/v2\/pages"}],"about":[{"href":"https:\/\/expforex.com\/fr\/wp-json\/wp\/v2\/types\/page"}],"author":[{"embeddable":true,"href":"https:\/\/expforex.com\/fr\/wp-json\/wp\/v2\/users\/2"}],"replies":[{"embeddable":true,"href":"https:\/\/expforex.com\/fr\/wp-json\/wp\/v2\/comments?post=55788"}],"version-history":[{"count":1,"href":"https:\/\/expforex.com\/fr\/wp-json\/wp\/v2\/pages\/55788\/revisions"}],"predecessor-version":[{"id":146868,"href":"https:\/\/expforex.com\/fr\/wp-json\/wp\/v2\/pages\/55788\/revisions\/146868"}],"wp:featuredmedia":[{"embeddable":true,"href":"https:\/\/expforex.com\/fr\/wp-json\/wp\/v2\/media\/55789"}],"wp:attachment":[{"href":"https:\/\/expforex.com\/fr\/wp-json\/wp\/v2\/media?parent=55788"}],"curies":[{"name":"wp","href":"https:\/\/api.w.org\/{rel}","templated":true}]}}