{"id":57397,"date":"2023-08-05T08:26:42","date_gmt":"2023-08-05T08:26:42","guid":{"rendered":"https:\/\/expforex.com\/disclaimer\/"},"modified":"2026-01-09T15:41:48","modified_gmt":"2026-01-09T15:41:48","slug":"disclaimer","status":"publish","type":"page","link":"https:\/\/expforex.com\/fr\/disclaimer\/","title":{"rendered":"Clause de non-responsabilit\u00e9"},"content":{"rendered":"<h2><span data-preserver-spaces=\"true\">Avertissement. Avertissement et D\u00e9claration des droits de propri\u00e9t\u00e9 intellectuelle<\/span><\/h2>\n<h3><strong>Avis l\u00e9gal<\/strong><\/h3>\n<p><span data-preserver-spaces=\"true\">Cet avis l\u00e9gal (\u201cAvis l\u00e9gal\u201d) d\u00e9finit les r\u00e8gles d&#8217;utilisation de ce site Web (\u201cSite\u201d). En utilisant ce Site, vous signifiez votre accord avec les r\u00e9glementations \u00e9nonc\u00e9es dans l&#8217;Avis l\u00e9gal. Les propri\u00e9taires des ressources ont le droit de modifier les r\u00e8gles \u00e9tablies par cet Avis l\u00e9gal \u00e0 tout moment, ces modifications prenant effet imm\u00e9diatement. Votre utilisation continue du Site apr\u00e8s que des changements aient \u00e9t\u00e9 effectu\u00e9s constitue votre accord pour \u00eatre li\u00e9 par les nouvelles r\u00e8gles. Veuillez visiter cette page r\u00e9guli\u00e8rement pour consulter les termes actuels de l&#8217;Avis l\u00e9gal.<\/span><\/p>\n<h2><strong>Propri\u00e9t\u00e9 intellectuelle<\/strong><\/h2>\n<p><span data-preserver-spaces=\"true\">Tous les droits d&#8217;auteur et autres droits sur les r\u00e9sultats de l&#8217;activit\u00e9 intellectuelle pr\u00e9sents sur le Site et dans son Contenu, y compris (sans limitation) les textes et les codes (\u201cContenu\u201d) disponibles sur le Site, appartiennent aux propri\u00e9taires de la ressource. Sauf indication contraire, vous pouvez consulter, copier et imprimer le Contenu uniquement pour votre usage, \u00e0 condition que toutes les copies et impressions du Contenu portent les avis de droits d&#8217;auteur et d&#8217;autres droits de propri\u00e9t\u00e9 affich\u00e9s sur le Site. En cas de publication du Contenu sur d&#8217;autres ressources Internet, vous vous engagez \u00e0 mettre un lien hypertexte s\u00e9lectionn\u00e9 \u00e0 partir de la liste des conditions de copie des mat\u00e9riaux. Les propri\u00e9taires de la ressource se r\u00e9servent le droit (mais ne sont pas oblig\u00e9s) de modifier le Contenu \u00e0 tout moment.<\/span><\/p>\n<h2><strong>D\u00e9n\u00e9gation de responsabilit\u00e9<\/strong><\/h2>\n<p><span data-preserver-spaces=\"true\">L&#8217;acc\u00e8s au Site et l&#8217;utilisation de son Contenu se font \u00e0 vos propres risques. Bien que les propri\u00e9taires des ressources prennent des mesures raisonnables pour garantir l&#8217;exactitude et la pertinence du Contenu, ils n&#8217;acceptent aucune responsabilit\u00e9 pour les actions des personnes ou des organisations effectu\u00e9es directement ou indirectement sur la base des informations disponibles sur le Site ou obtenues par son interm\u00e9diaire, que celles-ci soient fournies par les propri\u00e9taires des ressources ou par des tiers. Le Site et le Contenu sont fournis &#8220;tels quels&#8221;, et les propri\u00e9taires du Site ne font aucune repr\u00e9sentation ou garantie de quelque nature que ce soit concernant le Site et le Contenu, y compris, sans limitation, leur actualit\u00e9, pr\u00e9cision, exhaustivit\u00e9, fiabilit\u00e9, disponibilit\u00e9 ou ad\u00e9quation \u00e0 un usage particulier. En ce qui concerne l&#8217;utilisation du Site et du Contenu, il n&#8217;y a aucune garantie que l&#8217;utilisation du Site sera exempte d&#8217;erreurs, s\u00fbre et ininterrompue, que les propri\u00e9taires des ressources corrigeront les erreurs, que le Site sera exempt de virus ou d&#8217;autres codes nuisibles, et que le Contenu et le Site ne violeront pas les droits de tiers. Dans la mesure permise par la loi applicable, les propri\u00e9taires des ressources d\u00e9clinent toute repr\u00e9sentation et garantie qui pourrait autrement \u00eatre implicite et renoncent \u00e0 toute responsabilit\u00e9 concernant le Site, le Contenu et leur utilisation.<\/span><\/p>\n<h2><strong>Sites tiers<\/strong><\/h2>\n<p><span data-preserver-spaces=\"true\">Le Site peut contenir des liens hypertextes vers des sites Web tiers. Les propri\u00e9taires de la ressource fournissent ces liens pour votre convenance et ne contr\u00f4lent pas les sites auxquels vous pouvez acc\u00e9der ou naviguer. Les propri\u00e9taires de la ressource ne soutiennent, ne parrainent, ne cautionnent ni n&#8217;acceptent d&#8217;autre responsabilit\u00e9 pour les sites tiers, leur Contenu et leur disponibilit\u00e9. En particulier, les propri\u00e9taires de la ressource n&#8217;acceptent aucune responsabilit\u00e9 pour la violation des droits de propri\u00e9t\u00e9 intellectuelle de quiconque sur des sites tiers ou pour toute responsabilit\u00e9 en relation avec les informations ou opinions disponibles sur ces sites.<\/span><\/p>\n<h2><span data-preserver-spaces=\"true\">N\u00e9gociation de devises<br \/>\n<\/span><\/h2>\n<p>La n\u00e9gociation de devises sur marge comporte un niveau de risque \u00e9lev\u00e9 et peut ne pas convenir \u00e0 tous les investisseurs. Le degr\u00e9 \u00e9lev\u00e9 de levier peut jouer en votre faveur ou contre vous. Avant de d\u00e9cider d&#8217;investir dans les devises, vous devez soigneusement consid\u00e9rer vos objectifs d&#8217;investissement, votre niveau d&#8217;exp\u00e9rience et votre tol\u00e9rance au risque.<\/p>\n<p>Les d\u00e9cisions d&#8217;acheter, de vendre, de conserver ou de n\u00e9gocier des valeurs mobili\u00e8res et d&#8217;autres investissements comportent des risques et doivent \u00eatre prises en se basant sur les conseils de professionnels financiers qualifi\u00e9s. Toute n\u00e9gociation de valeurs mobili\u00e8res ou d&#8217;autres investissements implique un risque de pertes substantielles. La pratique du &#8220;Day Trading&#8221; comporte des risques particuli\u00e8rement \u00e9lev\u00e9s et peut vous faire perdre des sommes d&#8217;argent importantes. Avant d&#8217;entreprendre un programme de n\u00e9gociation, vous devez consulter un professionnel financier qualifi\u00e9. Veuillez r\u00e9fl\u00e9chir attentivement \u00e0 la pertinence de cette n\u00e9gociation pour vous, en fonction de votre situation financi\u00e8re et de votre capacit\u00e9 \u00e0 supporter les risques financiers.<\/p>\n<p>Aucune information ou opinion contenue sur ce site ne doit \u00eatre consid\u00e9r\u00e9e comme une sollicitation ou une offre d&#8217;acheter ou de vendre une devise, des actions ou d&#8217;autres instruments ou services financiers. Les opinions exprim\u00e9es sur\u00a0<b>Expforex.com<\/b>\u00a0sont celles des auteurs individuels et ne repr\u00e9sentent pas n\u00e9cessairement l&#8217;opinion de\u00a0<b>Expforex.com<\/b>\u00a0ou de sa direction.\u00a0<b>E<u>xpfore<\/u>x.com<\/b>\u00a0n&#8217;a pas v\u00e9rifi\u00e9 l&#8217;exactitude ou la base factuelle de toute affirmation ou d\u00e9claration faite par un auteur ind\u00e9pendant.\u00a0<b>expforex.com<\/b>\u00a0n&#8217;acceptera aucune responsabilit\u00e9 pour toute perte ou dommage, y compris, sans limitation, toute perte de profit, qui pourrait r\u00e9sulter directement ou indirectement de l&#8217;utilisation ou de la confiance dans les informations contenues sur ce site. Les performances pass\u00e9es ne sont pas un indicateur ou une garantie de performances futures.<\/p>\n<p>Les opinions exprim\u00e9es dans les commentaires de nos lecteurs et le contenu g\u00e9n\u00e9r\u00e9 par les utilisateurs refl\u00e8tent les vues de leurs auteurs respectifs. N\u00e9gocier des devises implique un risque significatif de perte. Effectuez toujours vos propres v\u00e9rifications avant de prendre une d\u00e9cision d&#8217;investissement.<\/p>\n<p>Les informations sur\u00a0<b>expforex.com<\/b>, le logiciel fourni sur le site et toutes les pages de graphique sont compil\u00e9es pour la commodit\u00e9 des visiteurs du site.\u00a0<b>expforex.com<\/b>\u00a0fournit ces informations sans responsabilit\u00e9 quant \u00e0 leur exactitude, et elles sont accept\u00e9es par le visiteur du site sous la condition que des erreurs de transmission ou des omissions ne soient pas la base de toute r\u00e9clamation, demande ou cause d&#8217;action. Les informations et donn\u00e9es ont \u00e9t\u00e9 obtenues \u00e0 partir de sources consid\u00e9r\u00e9es comme fiables, mais nous ne garantissons pas leur exactitude.<\/p>\n<p>Ce site Web contient des liens vers des sites Web qui ne sont pas maintenus par\u00a0<b>expforex.com<\/b>. Les liens vers des sites Web tiers sont fournis pour votre commodit\u00e9 et \u00e0 titre d&#8217;information uniquement. Les sites Web tiers ne sont pas sous le contr\u00f4le de\u00a0<b>expforex.com<\/b>\u00a0et nous ne sommes pas responsables du contenu ou de l&#8217;exactitude de ces sites ou des produits ou services offerts sur ou par ces sites. L&#8217;inclusion d&#8217;un lien dans ce site Web ne signifie pas l&#8217;approbation par\u00a0<b>expforex.com<\/b>\u00a0du site Web tiers.<\/p>\n<p>Les courtiers r\u00e9mun\u00e8rent\u00a0<b>expforex.com<\/b>, mentionn\u00e9s sur ce site.<\/p>\n<p>VOUS ACCEPTEZ EXPRESS\u00c9MENT QUE L&#8217;UTILISATION DES SERVICES DE\u00a0<b>EXPFOREX.COM<\/b>\u00a0SE FAIT \u00c0 VOS PROPRES RISQUES. LE SITE, LE LOGICIEL ET LES SERVICES SONT FOURNIS &#8220;EN L&#8217;\u00c9TAT&#8221;. AUCUNE GARANTIE N&#8217;EST FOURNIE POUR LE LOGICIEL T\u00c9L\u00c9CHARG\u00c9 \u00c0 PARTIR DU SITE DANS LA MESURE PERMISE PAR LA LOI APPLICABLE. L&#8217;ENSEMBLE DU RISQUE EN CE QUI CONCERNE LA QUALIT\u00c9 ET LA PERFORMANCE DU LOGICIEL VOUS INCOMBE. SI LE PROGRAMME S&#8217;AV\u00c9RE D\u00c9FAUTIEUX, VOUS ASSUMEZ LE CO\u00dbT DE TOUS LES SERVICES, R\u00c9PARATIONS OU CORRECTIONS N\u00c9CESSAIRES.<\/p>\n<p>QUELQUE SOIT LE TYPE DE R\u00c9CLAMATION OU LA NATURE DE LA CAUSE D&#8217;ACTION, VOUS ACCEPTEZ QU&#8217;EN AUCUN CAS\u00a0<b>EXPFOREX.COM<\/b>, SES FILIALES, CONTRACTANTS, FOURNISSEURS DE SERVICES, EMPLOY\u00c9S, AGENTS OU LICENCI\u00c9S, OU TOUTE AUTRE PARTIE IMPLIQU\u00c9E DANS LA CR\u00c9ATION, LA PRODUCTION OU LA FOURNITURE DES SERVICES, TECHNOLOGIE OU CONTENU DISPONIBLE SUR LES SERVICES, NE SOIT RESPONSABLE ENVERS VOUS DE QUELQUE MANI\u00c8RE QUE CE SOIT.<\/p>\n<p>VOTRE UNIQUE ET EXCLUSIVE RECOURS EN CE QUI CONCERNE L&#8217;UTILISATION DE TOUT SERVICE FOURNI PAR\u00a0<b>EXPFOREX.COM<\/b>\u00a0SERA L&#8217;ANNULATION DE VOTRE ADH\u00c9SION AUX SERVICES. CERTAINES JURIDICTIONS NE PERMETTENT PAS LA LIMITATION OU L&#8217;EXCLUSION DE RESPONSABILIT\u00c9 POUR DES DOMMAGES ACCESSOIRES OU CONS\u00c9CUTIFS ; DANS CES JURIDICTIONS, NOTRE RESPONSABILIT\u00c9 SERA LIMIT\u00c9E DANS LA MESURE PERMISE PAR LA LOI.<\/p>\n<p><b>Certains de nos services et conseillers experts (utilitaires, EA, indicateurs, scripts, conseillers experts, biblioth\u00e8ques)<\/b>\u00a0sont des \u0153uvres en cours, et nous nous r\u00e9servons le droit de les modifier, de les adapter et m\u00eame de les interrompre \u00e0 notre seule discr\u00e9tion. En publiant du contenu sur nos sites Web ou en contribuant de toute autre mani\u00e8re \u00e0 notre service, vous acceptez que nous ayons une licence perp\u00e9tuelle et illimit\u00e9e pour republier tout ce que vous publiez ou transmettez, ou les d\u00e9riv\u00e9s de celui-ci, par le biais du service. Nous avons le droit, sans pr\u00e9avis et \u00e0 notre seule discr\u00e9tion, de supprimer tout message, de r\u00e9silier toute adh\u00e9sion ou de prendre toute mesure pour violation des r\u00e8gles et conditions \u00e9nonc\u00e9es sur cette page.<\/p>\n<p><b>Nous vous demandons d&#8217;utiliser nos services de mani\u00e8re l\u00e9gale, civile et \u00e9quitable. Vous ne pouvez pas, par exemple :<\/b><\/p>\n<p>Publier, transmettre ou cr\u00e9er des liens vers tout contenu qui est perturbateur, incivil, abusif, vulgaire, profane, obsc\u00e8ne, haineux, sexuellement explicite, spam, marketing, promotion de produits ou services, frauduleux, mena\u00e7ant, harcelant, diffamatoire, ou qui divulgue des affaires priv\u00e9es ou personnelles concernant quiconque ;<\/p>\n<p>Publier ou transmettre tout mat\u00e9riel dont vous n&#8217;avez pas le droit de transmettre en vertu de la loi (tels que droits d&#8217;auteur, secrets commerciaux ou valeurs mobili\u00e8res) ou de relations contractuelles ou fiduciaires (telles que des accords de non-divulgation) ;<\/p>\n<p>Violer toute loi ou r\u00e9glementation applicable lors de l&#8217;acc\u00e8s et de l&#8217;utilisation de nos sites, y compris, sans limitation, les r\u00e8gles et r\u00e9glementations de la Commission des valeurs mobili\u00e8res et des \u00e9changes des \u00c9tats-Unis, de l&#8217;Association nationale des contrats \u00e0 terme, de la CFTC et des bourses nationales ou autres (en particulier et y compris la r\u00e8gle contre les d\u00e9clarations fausses ou trompeuses pour manipuler le prix de toute valeur) ;<\/p>\n<p>Offrir, vendre ou acheter toute valeur, produit ou instrument financier ;<\/p>\n<p>Prendre toute mesure qui impose une charge d\u00e9raisonnable ou disproportionn\u00e9e \u00e0 notre infrastructure ou perturbe ou endommage le fonctionnement de nos syst\u00e8mes ou services<\/p>\n<p>Utiliser tout contenu de expforex.com sans notre approbation \u00e9crite pr\u00e9alable.<\/p>\n<p>Veuillez maintenir la confidentialit\u00e9 de votre mot de passe. Contactez-nous si vous rencontrez ou entendez parler d&#8217;activit\u00e9s suspectes li\u00e9es \u00e0 l&#8217;utilisation de nos services. Nous ne serons pas responsables de toute perte que vous pourriez subir en raison d&#8217;une utilisation non autoris\u00e9e de vos donn\u00e9es. Vous ne pouvez cr\u00e9er qu&#8217;un (1) compte \u00e0 utiliser avec nos services, c&#8217;est-\u00e0-dire un compte par personne.<\/p>\n<p>Les r\u00e9sultats de performance sur ce site sont de nature hypoth\u00e9tique, et Expforex.com ne fait aucune repr\u00e9sentation selon laquelle ces r\u00e9sultats refl\u00e8tent le trading dans un compte r\u00e9el. En fait, bon nombre de nos membres utilisent des comptes dits de d\u00e9monstration, qui peuvent ne pas \u00eatre soumis \u00e0 des frais de courtage, des commissions, des appels de marge et d&#8217;autres facteurs qui pourraient nuire \u00e0 la performance du trading dans un compte r\u00e9el. De plus, les r\u00e9sultats pr\u00e9sent\u00e9s ne refl\u00e8tent que les transactions compl\u00e8tes et ne tiennent pas compte de toute perte ou gain des positions ouvertes.<\/p>\n<p>LES R\u00c9SULTATS DE PERFORMANCE HYPOTH\u00c9TIQUES ONT DE NOMBREUSES LIMITATIONS INH\u00c9RENTES, DONT CERTAINES SONT D\u00c9CRITES CI-DESSOUS. AUCUNE REPR\u00c9SENTATION N&#8217;EST FAITE QU&#8217;UN COMPTE ATTEINDRA OU EST SUSCEPTIBLE D&#8217;ATTEINDRE DES PROFITS OU DES PERTES SIMILAIRES \u00c0 CEUX MONTR\u00c9S. EN FAIT, IL EXISTE SOUVENT DE NETTES DIFF\u00c9RENCES ENTRE LES R\u00c9SULTATS DE PERFORMANCE HYPOTH\u00c9TIQUES ET LES R\u00c9SULTATS R\u00c9ELS OBTENUS PAR UN PROGRAMME DE TRADING PARTICULIER.<\/p>\n<p>L&#8217;une des limitations des r\u00e9sultats de performance hypoth\u00e9tiques est qu&#8217;ils sont g\u00e9n\u00e9ralement pr\u00e9par\u00e9s avec le b\u00e9n\u00e9fice du recul. De plus, le trading hypoth\u00e9tique n&#8217;implique pas de risque financier, et aucun enregistrement de trading hypoth\u00e9tique ne peut prendre pleinement en compte l&#8217;impact du risque financier dans le trading r\u00e9el. Par exemple, la capacit\u00e9 \u00e0 supporter des pertes ou \u00e0 adh\u00e9rer \u00e0 un programme de trading particulier malgr\u00e9 des pertes commerciales est un point mat\u00e9riel qui peut \u00e9galement nuire aux r\u00e9sultats de trading r\u00e9els. D&#8217;autres facteurs li\u00e9s aux march\u00e9s en g\u00e9n\u00e9ral ou \u00e0 la mise en \u0153uvre de tout programme de trading sp\u00e9cifique ne peuvent pas \u00eatre compl\u00e8tement pris en compte dans la pr\u00e9paration des r\u00e9sultats de performance hypoth\u00e9tiques, tous pouvant nuire aux r\u00e9sultats de trading r\u00e9els.<\/p>\n","protected":false},"excerpt":{"rendered":"<p>Disclaimer. Disclaimer and Intellectual Property Rights Statement<\/p>\n","protected":false},"author":2,"featured_media":0,"parent":0,"menu_order":0,"comment_status":"closed","ping_status":"closed","template":"","meta":{"_acf_changed":false,"_eb_attr":"","_eb_data_table":"","footnotes":""},"class_list":["post-57397","page","type-page","status-publish","hentry"],"acf":[],"yoast_head":"<!-- This site is optimized with the Yoast SEO Premium plugin v27.3 (Yoast SEO v27.3) - https:\/\/yoast.com\/product\/yoast-seo-premium-wordpress\/ -->\n<title>Clause de non-responsabilit\u00e9<\/title>\n<meta name=\"description\" content=\"Une clause de non-responsabilit\u00e9 est une d\u00e9claration dans laquelle une personne dit qu\u2019elle n\u2019\u00e9tait pas au courant de quelque chose ou qu\u2019elle n\u2019est pas responsable de quelque chose.\" \/>\n<meta name=\"robots\" content=\"index, follow, max-snippet:-1, max-image-preview:large, max-video-preview:-1\" \/>\n<link rel=\"canonical\" href=\"https:\/\/expforex.com\/fr\/disclaimer\/\" \/>\n<meta property=\"og:locale\" content=\"fr_FR\" \/>\n<meta property=\"og:type\" content=\"article\" \/>\n<meta property=\"og:title\" content=\"Clause de non-responsabilit\u00e9\" \/>\n<meta property=\"og:description\" content=\"Une clause de non-responsabilit\u00e9 est une d\u00e9claration dans laquelle une personne dit qu\u2019elle n\u2019\u00e9tait pas au courant de quelque chose ou qu\u2019elle n\u2019est pas responsable de quelque chose.\" \/>\n<meta property=\"og:url\" content=\"https:\/\/expforex.com\/fr\/disclaimer\/\" \/>\n<meta property=\"og:site_name\" content=\"Meilleures id\u00e9es pour MetaTrader\" \/>\n<meta property=\"article:publisher\" content=\"https:\/\/www.facebook.com\/ExpForex\/\" \/>\n<meta property=\"article:modified_time\" content=\"2026-01-09T15:41:48+00:00\" \/>\n<meta property=\"og:image\" content=\"https:\/\/expforex.com\/wp-content\/uploads\/2023\/12\/LOGONEW-2024-2.png\" \/>\n\t<meta property=\"og:image:width\" content=\"200\" \/>\n\t<meta property=\"og:image:height\" content=\"200\" \/>\n\t<meta property=\"og:image:type\" content=\"image\/png\" \/>\n<meta name=\"twitter:card\" content=\"summary_large_image\" \/>\n<meta name=\"twitter:label1\" content=\"Est. reading time\" \/>\n\t<meta name=\"twitter:data1\" content=\"9 minutes\" \/>\n<script type=\"application\/ld+json\" class=\"yoast-schema-graph\">{\"@context\":\"https:\\\/\\\/schema.org\",\"@graph\":[{\"@type\":\"WebPage\",\"@id\":\"https:\\\/\\\/expforex.com\\\/fr\\\/disclaimer\\\/\",\"url\":\"https:\\\/\\\/expforex.com\\\/fr\\\/disclaimer\\\/\",\"name\":\"Clause de non-responsabilit\u00e9\",\"isPartOf\":{\"@id\":\"https:\\\/\\\/expforex.com\\\/fr\\\/#website\"},\"datePublished\":\"2023-08-05T08:26:42+00:00\",\"dateModified\":\"2026-01-09T15:41:48+00:00\",\"description\":\"Une clause de non-responsabilit\u00e9 est une d\u00e9claration dans laquelle une personne dit qu\u2019elle n\u2019\u00e9tait pas au courant de quelque chose ou qu\u2019elle n\u2019est pas responsable de quelque chose.\",\"breadcrumb\":{\"@id\":\"https:\\\/\\\/expforex.com\\\/fr\\\/disclaimer\\\/#breadcrumb\"},\"inLanguage\":\"fr\",\"potentialAction\":[{\"@type\":\"ReadAction\",\"target\":[\"https:\\\/\\\/expforex.com\\\/fr\\\/disclaimer\\\/\"]}]},{\"@type\":\"BreadcrumbList\",\"@id\":\"https:\\\/\\\/expforex.com\\\/fr\\\/disclaimer\\\/#breadcrumb\",\"itemListElement\":[{\"@type\":\"ListItem\",\"position\":1,\"name\":\"Accueil\",\"item\":\"https:\\\/\\\/expforex.com\\\/fr\\\/\"},{\"@type\":\"ListItem\",\"position\":2,\"name\":\"Clause de non-responsabilit\u00e9\"}]},{\"@type\":\"WebSite\",\"@id\":\"https:\\\/\\\/expforex.com\\\/fr\\\/#website\",\"url\":\"https:\\\/\\\/expforex.com\\\/fr\\\/\",\"name\":\"Meilleures id\u00e9es pour MetaTrader\",\"description\":\"Une vaste exp\u00e9rience dans la programmation d'assistants pour MetaTrader, MQL, Forex, Expert Advisor, Indicateur, Script, EA, Utilitaires, VirtualTradePad, Copylot, Ticksniper, Averager, xCustomEA, X, Duplicator, TesterPad, ExtraReportPad, Assistant, Trade, Trader, Scalping.\\n\",\"publisher\":{\"@id\":\"https:\\\/\\\/expforex.com\\\/fr\\\/#\\\/schema\\\/person\\\/0f3104735dd8fd99d5b5ee2e3634b1d5\"},\"alternateName\":\"Forex EA\",\"potentialAction\":[{\"@type\":\"SearchAction\",\"target\":{\"@type\":\"EntryPoint\",\"urlTemplate\":\"https:\\\/\\\/expforex.com\\\/fr\\\/?s={search_term_string}\"},\"query-input\":{\"@type\":\"PropertyValueSpecification\",\"valueRequired\":true,\"valueName\":\"search_term_string\"}}],\"inLanguage\":\"fr\"},{\"@type\":[\"Person\",\"Organization\"],\"@id\":\"https:\\\/\\\/expforex.com\\\/fr\\\/#\\\/schema\\\/person\\\/0f3104735dd8fd99d5b5ee2e3634b1d5\",\"name\":\"Expforex Vladislav\",\"image\":{\"@type\":\"ImageObject\",\"inLanguage\":\"fr\",\"@id\":\"https:\\\/\\\/expforex.com\\\/wp-content\\\/uploads\\\/2023\\\/12\\\/LOGONEW-2024-2.png\",\"url\":\"https:\\\/\\\/expforex.com\\\/wp-content\\\/uploads\\\/2023\\\/12\\\/LOGONEW-2024-2.png\",\"contentUrl\":\"https:\\\/\\\/expforex.com\\\/wp-content\\\/uploads\\\/2023\\\/12\\\/LOGONEW-2024-2.png\",\"width\":200,\"height\":200,\"caption\":\"Expforex Vladislav\"},\"logo\":{\"@id\":\"https:\\\/\\\/expforex.com\\\/wp-content\\\/uploads\\\/2023\\\/12\\\/LOGONEW-2024-2.png\"},\"sameAs\":[\"https:\\\/\\\/www.expforex.com\",\"https:\\\/\\\/www.facebook.com\\\/ExpForex\\\/\",\"https:\\\/\\\/www.youtube.com\\\/Expforex\"],\"publishingPrinciples\":\"https:\\\/\\\/expforex.com\\\/privacy-policy\\\/\"}]}<\/script>\n<!-- \/ Yoast SEO Premium plugin. -->","yoast_head_json":{"title":"Clause de non-responsabilit\u00e9","description":"Une clause de non-responsabilit\u00e9 est une d\u00e9claration dans laquelle une personne dit qu\u2019elle n\u2019\u00e9tait pas au courant de quelque chose ou qu\u2019elle n\u2019est pas responsable de quelque chose.","robots":{"index":"index","follow":"follow","max-snippet":"max-snippet:-1","max-image-preview":"max-image-preview:large","max-video-preview":"max-video-preview:-1"},"canonical":"https:\/\/expforex.com\/fr\/disclaimer\/","og_locale":"fr_FR","og_type":"article","og_title":"Clause de non-responsabilit\u00e9","og_description":"Une clause de non-responsabilit\u00e9 est une d\u00e9claration dans laquelle une personne dit qu\u2019elle n\u2019\u00e9tait pas au courant de quelque chose ou qu\u2019elle n\u2019est pas responsable de quelque chose.","og_url":"https:\/\/expforex.com\/fr\/disclaimer\/","og_site_name":"Meilleures id\u00e9es pour MetaTrader","article_publisher":"https:\/\/www.facebook.com\/ExpForex\/","article_modified_time":"2026-01-09T15:41:48+00:00","og_image":[{"width":200,"height":200,"url":"https:\/\/expforex.com\/wp-content\/uploads\/2023\/12\/LOGONEW-2024-2.png","type":"image\/png"}],"twitter_card":"summary_large_image","twitter_misc":{"Est. reading time":"9 minutes"},"schema":{"@context":"https:\/\/schema.org","@graph":[{"@type":"WebPage","@id":"https:\/\/expforex.com\/fr\/disclaimer\/","url":"https:\/\/expforex.com\/fr\/disclaimer\/","name":"Clause de non-responsabilit\u00e9","isPartOf":{"@id":"https:\/\/expforex.com\/fr\/#website"},"datePublished":"2023-08-05T08:26:42+00:00","dateModified":"2026-01-09T15:41:48+00:00","description":"Une clause de non-responsabilit\u00e9 est une d\u00e9claration dans laquelle une personne dit qu\u2019elle n\u2019\u00e9tait pas au courant de quelque chose ou qu\u2019elle n\u2019est pas responsable de quelque chose.","breadcrumb":{"@id":"https:\/\/expforex.com\/fr\/disclaimer\/#breadcrumb"},"inLanguage":"fr","potentialAction":[{"@type":"ReadAction","target":["https:\/\/expforex.com\/fr\/disclaimer\/"]}]},{"@type":"BreadcrumbList","@id":"https:\/\/expforex.com\/fr\/disclaimer\/#breadcrumb","itemListElement":[{"@type":"ListItem","position":1,"name":"Accueil","item":"https:\/\/expforex.com\/fr\/"},{"@type":"ListItem","position":2,"name":"Clause de non-responsabilit\u00e9"}]},{"@type":"WebSite","@id":"https:\/\/expforex.com\/fr\/#website","url":"https:\/\/expforex.com\/fr\/","name":"Meilleures id\u00e9es pour MetaTrader","description":"Une vaste exp\u00e9rience dans la programmation d'assistants pour MetaTrader, MQL, Forex, Expert Advisor, Indicateur, Script, EA, Utilitaires, VirtualTradePad, Copylot, Ticksniper, Averager, xCustomEA, X, Duplicator, TesterPad, ExtraReportPad, Assistant, Trade, Trader, Scalping.\n","publisher":{"@id":"https:\/\/expforex.com\/fr\/#\/schema\/person\/0f3104735dd8fd99d5b5ee2e3634b1d5"},"alternateName":"Forex EA","potentialAction":[{"@type":"SearchAction","target":{"@type":"EntryPoint","urlTemplate":"https:\/\/expforex.com\/fr\/?s={search_term_string}"},"query-input":{"@type":"PropertyValueSpecification","valueRequired":true,"valueName":"search_term_string"}}],"inLanguage":"fr"},{"@type":["Person","Organization"],"@id":"https:\/\/expforex.com\/fr\/#\/schema\/person\/0f3104735dd8fd99d5b5ee2e3634b1d5","name":"Expforex Vladislav","image":{"@type":"ImageObject","inLanguage":"fr","@id":"https:\/\/expforex.com\/wp-content\/uploads\/2023\/12\/LOGONEW-2024-2.png","url":"https:\/\/expforex.com\/wp-content\/uploads\/2023\/12\/LOGONEW-2024-2.png","contentUrl":"https:\/\/expforex.com\/wp-content\/uploads\/2023\/12\/LOGONEW-2024-2.png","width":200,"height":200,"caption":"Expforex Vladislav"},"logo":{"@id":"https:\/\/expforex.com\/wp-content\/uploads\/2023\/12\/LOGONEW-2024-2.png"},"sameAs":["https:\/\/www.expforex.com","https:\/\/www.facebook.com\/ExpForex\/","https:\/\/www.youtube.com\/Expforex"],"publishingPrinciples":"https:\/\/expforex.com\/privacy-policy\/"}]}},"_links":{"self":[{"href":"https:\/\/expforex.com\/fr\/wp-json\/wp\/v2\/pages\/57397","targetHints":{"allow":["GET"]}}],"collection":[{"href":"https:\/\/expforex.com\/fr\/wp-json\/wp\/v2\/pages"}],"about":[{"href":"https:\/\/expforex.com\/fr\/wp-json\/wp\/v2\/types\/page"}],"author":[{"embeddable":true,"href":"https:\/\/expforex.com\/fr\/wp-json\/wp\/v2\/users\/2"}],"replies":[{"embeddable":true,"href":"https:\/\/expforex.com\/fr\/wp-json\/wp\/v2\/comments?post=57397"}],"version-history":[{"count":1,"href":"https:\/\/expforex.com\/fr\/wp-json\/wp\/v2\/pages\/57397\/revisions"}],"predecessor-version":[{"id":146037,"href":"https:\/\/expforex.com\/fr\/wp-json\/wp\/v2\/pages\/57397\/revisions\/146037"}],"wp:attachment":[{"href":"https:\/\/expforex.com\/fr\/wp-json\/wp\/v2\/media?parent=57397"}],"curies":[{"name":"wp","href":"https:\/\/api.w.org\/{rel}","templated":true}]}}