{"id":57405,"date":"2023-08-05T08:26:42","date_gmt":"2023-08-05T08:26:42","guid":{"rendered":"https:\/\/expforex.com\/disclaimer\/"},"modified":"2026-01-09T16:09:56","modified_gmt":"2026-01-09T16:09:56","slug":"disclaimer","status":"publish","type":"page","link":"https:\/\/expforex.com\/it\/disclaimer\/","title":{"rendered":"Disclaimer. Dichiarazione di non responsabilit\u00e0."},"content":{"rendered":"<h2><span data-preserver-spaces=\"true\">Dichiarazione di non responsabilit\u00e0. Dichiarazione di non responsabilit\u00e0 e Diritti di Propriet\u00e0 Intellettuale<\/span><\/h2>\n<h3><strong>Avviso legale<\/strong><\/h3>\n<p><span data-preserver-spaces=\"true\">Questo avviso legale (\u201cAvviso Legale\u201d) stabilisce le regole per l&#8217;uso di questo sito web (\u201cSito\u201d). Utilizzando questo Sito, dichiari di accettare i regolamenti stabiliti nell&#8217;Avviso Legale. I proprietari delle risorse hanno il diritto di apportare modifiche alle regole stabilite da questo Avviso Legale in qualsiasi momento, che entrano in vigore immediatamente. Il tuo continuo utilizzo del Sito dopo che sono state apportate modifiche costituisce la tua accettazione di essere vincolato dalle nuove regole. Si prega di visitare regolarmente questa pagina per rivedere i termini attuali dell&#8217;Avviso Legale.<\/span><\/p>\n<h2><strong>Propriet\u00e0 intellettuale<\/strong><\/h2>\n<p><span data-preserver-spaces=\"true\">Tutti i diritti d&#8217;autore e altri diritti sui risultati dell&#8217;attivit\u00e0 intellettuale situati nel Sito e nel suo Contenuto, inclusi (senza limitazione) testi e codici (\u201cContenuto\u201d) disponibili nel Sito, appartengono ai proprietari della risorsa. Salvo diversa indicazione, puoi visualizzare, copiare e stampare il Contenuto solo per uso personale, a condizione che tutte le copie e le stampe del Contenuto riportino le avvertenze sui diritti d&#8217;autore e altri diritti di propriet\u00e0 e disclaimer mostrati su di esso nel Sito. In caso di pubblicazione del Contenuto su altre risorse Internet, ti impegni a inserire un collegamento ipertestuale selezionato dall&#8217;elenco delle condizioni per la copia dei materiali. I proprietari delle risorse si riservano il diritto (ma non sono obbligati) di modificare il Contenuto in qualsiasi momento.<\/span><\/p>\n<h2><strong>Declino di responsabilit\u00e0<\/strong><\/h2>\n<p><span data-preserver-spaces=\"true\">L&#8217;accesso al Sito e l&#8217;uso del suo Contenuto sono a tuo esclusivo rischio e discrezione. Sebbene i proprietari delle risorse adottino misure ragionevoli per garantire l&#8217;accuratezza e la pertinenza del Contenuto, non si assumono responsabilit\u00e0 per le azioni di persone o organizzazioni direttamente o indirettamente svolte sulla base delle informazioni disponibili nel Sito o ottenute tramite esso, fornite dai proprietari delle risorse e da terzi. Il Sito e il Contenuto sono forniti &#8220;cos\u00ec come sono&#8221; e i proprietari del Sito non forniscono alcuna dichiarazione o garanzia di alcun tipo riguardo al Sito e al Contenuto, inclusi, senza limitazione, tempestivit\u00e0, attualit\u00e0, accuratezza, completezza, affidabilit\u00e0, disponibilit\u00e0 o idoneit\u00e0. Per qualsiasi scopo particolare del Sito e del Contenuto, in relazione a se l&#8217;uso del Sito sar\u00e0 privo di errori, sicuro e ininterrotto, che i proprietari delle risorse correggeranno eventuali errori o che il Sito sar\u00e0 privo di virus o altro codice dannoso, e che il Contenuto e il Sito non violano i diritti di terzi. Nella misura consentita dalla legge applicabile, i proprietari delle risorse declinano qualsiasi dichiarazione e garanzia che potrebbero altrimenti essere implicate e declinano qualsiasi responsabilit\u00e0 riguardo al Sito, al Contenuto e al loro uso.<\/span><\/p>\n<h2><strong>Siti di terze parti<\/strong><\/h2>\n<p><span data-preserver-spaces=\"true\">Il Sito pu\u00f2 contenere collegamenti ipertestuali a siti web di terzi. I proprietari della risorsa forniscono questi collegamenti per tua comodit\u00e0 e non controllano i siti a cui puoi accedere o navigare. I proprietari della risorsa non supportano, sponsorizzano, approvano o accettano responsabilit\u00e0 per i siti web di terzi, il loro Contenuto e disponibilit\u00e0. In particolare, i proprietari delle risorse non si assumono responsabilit\u00e0 per la violazione dei diritti di propriet\u00e0 intellettuale di alcuna persona sui siti di terzi o per la responsabilit\u00e0 in relazione a qualsiasi informazione o opinione disponibile su questi siti.<\/span><\/p>\n<h2><span data-preserver-spaces=\"true\">Trading di valute estere<br \/>\n<\/span><\/h2>\n<p>Il trading di valute estere con margine comporta un alto livello di rischio e potrebbe non essere adatto a tutti gli investitori. L&#8217;elevato grado di leva pu\u00f2 lavorare contro di te cos\u00ec come per te. Prima di decidere di investire nel mercato delle valute, dovresti considerare attentamente i tuoi obiettivi di investimento, il tuo livello di esperienza e la tua tolleranza al rischio.<\/p>\n<p>Le decisioni di acquistare, vendere, mantenere o negoziare titoli e altri investimenti comportano rischi e sono meglio prese sulla base del consiglio di professionisti finanziari qualificati. Qualsiasi operazione su titoli o altri investimenti comporta il rischio di perdite sostanziali. La pratica del \u201cDay Trading\u201d comporta rischi particolarmente elevati e pu\u00f2 farti perdere somme considerevoli di denaro. Prima di intraprendere qualsiasi programma di trading, dovresti consultare un professionista finanziario qualificato. Ti preghiamo di considerare attentamente se tale trading sia adatto a te alla luce della tua situazione finanziaria e della tua capacit\u00e0 di sopportare i rischi finanziari.<\/p>\n<p>Nessuna informazione o opinione contenuta in questo sito dovrebbe essere considerata una sollecitazione o un&#8217;offerta per acquistare o vendere valute, azioni o altri strumenti o servizi finanziari. Le opinioni espresse su\u00a0<b>Expforex.com<\/b>\u00a0sono quelle degli autori individuali e non rappresentano necessariamente l&#8217;opinione di\u00a0<b>Expforex.com<\/b>\u00a0o della sua direzione.\u00a0<b>E<u>xpfore<\/u>x.com<\/b>\u00a0non ha verificato l&#8217;accuratezza o la base fattuale di alcuna affermazione o dichiarazione fatta da un autore indipendente.\u00a0<b>Expforex.com<\/b>\u00a0non si assumer\u00e0 alcuna responsabilit\u00e0 per eventuali perdite o danni, inclusa, senza limitazione, qualsiasi perdita di profitto, che possono derivare direttamente o indirettamente dall&#8217;uso o dalla fiducia nelle informazioni contenute in questo sito. Le performance passate non sono indicazione o garanzia di performance future.<\/p>\n<p>Le opinioni espresse nei commenti dei lettori e nei contenuti generati dagli utenti riflettono i punti di vista dei rispettivi autori. Il trading di valute comporta un significativo rischio di perdita. Esegui sempre la tua due diligence prima di prendere una decisione di investimento.<\/p>\n<p>Le informazioni su\u00a0<b>Expforex.com<\/b>, il software fornito sul sito e tutte le pagine dei grafici sono compilati per la comodit\u00e0 dei visitatori del sito.\u00a0<b>Expforex.com<\/b>\u00a0fornisce queste informazioni senza responsabilit\u00e0 per l&#8217;accuratezza, e sono accettate dal visitatore del sito a condizione che errori di trasmissione o omissioni non siano la base per alcuna richiesta, domanda o causa di azione. Le informazioni e i dati sono stati ottenuti da fonti ritenute affidabili, ma non garantiamo la loro accuratezza.<\/p>\n<p>Questo sito Web contiene collegamenti a siti Web, che non sono mantenuti da\u00a0<b>Expforex.com<\/b>. I collegamenti ai siti web di terzi sono forniti per tua comodit\u00e0 e informazione. I siti web di terzi non sono sotto il controllo di\u00a0<b>Expforex.com<\/b>\u00a0e non siamo responsabili per il contenuto o l&#8217;accuratezza di tali siti o dei prodotti o servizi offerti su o attraverso tali siti. L&#8217;inclusione di un collegamento in questo sito Web non implica l&#8217;approvazione da parte di\u00a0<b>Expforex.com<\/b>\u00a0del sito web di terzi.<\/p>\n<p>I broker compensano\u00a0<b>Expforex.com<\/b>, citati su questo sito.<\/p>\n<p>ACCETTI ESPRESSAMENTE CHE L&#8217;USO DEI SERVIZI DI\u00a0<b>EXPFOREX.COM<\/b>\u00a0\u00c8 A TUO ESCLUSIVO RISCHIO. IL SITO, IL SOFTWARE E I SERVIZI SONO FORNITI SU UNA BASE &#8220;COS\u00cc COM&#8217;\u00c8&#8221;. NON ESISTE GARANZIA PER IL SOFTWARE SCARICATO DAL SITO NELLA MISURA PERMESSA DALLA LEGGE APPLICABILE. L&#8217;INTERO RISCHIO RELATIVO ALLA QUALIT\u00c0 E ALLA PERFORMANCE DEL SOFTWARE \u00c8 A CARICO TUO. QUALORA IL PROGRAMMA RISULTASSE DIFETTOSO, ASSUMI IL COSTO DI TUTTI I NECESSARI SERVIZI, RIPARAZIONI O CORREZIONI.<\/p>\n<p>INDIPENDENTEMENTE DAL TIPO DI RECLAMO O DALLA NATURA DELLA CAUSA DI AZIONE, ACCETTI CHE IN NESSUN CASO\u00a0<b>EXPFOREX.COM<\/b>, I SUOI AFFILIATI, APPALTATORI, FORNITORI DI SERVIZI, DIPENDENTI, AGENTI O LICENZIATARI, O QUALSIASI ALTRA PARTE COINVOLTA NEL CREARE, PRODURRE O FORNIRE I SERVIZI, LA TECNOLOGIA O IL CONTENUTO DISPONIBILI NEI SERVIZI, SIANO RESPONSABILI NEI TUOI CONFRONTI IN ALCUN MODO.<\/p>\n<p>LA TUA UNICA ED ESCLUSIVA RIMEDIO RISPETTO ALL&#8217;USO DI QUALSIASI SERVIZIO FORNITO DA\u00a0<b>EXPFOREX.COM<\/b>\u00a0SAR\u00c0 LA CANCELLAZIONE DELLA TUA ISCRIZIONE AI SERVIZI. ALCUNE GIURISDIZIONI NON PERMETTONO LA LIMITAZIONE O L&#8217;ESCLUSIONE DELLA RESPONSABILIT\u00c0 PER DANNI INCIDENTALI O CONSEQUENZIALI; IN QUELLE GIURISDIZIONI, LA NOSTRA RESPONSABILIT\u00c0 SAR\u00c0 LIMITATA NELLA MISURA PERMESSA DALLA LEGGE.<\/p>\n<p><b>ALCUNI DEI NOSTRI SERVIZI E DEI CONSULENTI ESPERTI (UTILITIES, EA, INDICATORI, SCRIPT, CONSULENTI ESPERTI, LIBRERIE)\u00a0<\/b>sono opere in corso e ci riserviamo il diritto di modificarli, modificarli e persino interromperli a nostra esclusiva discrezione. Pubblicando contenuti sui nostri siti web o in qualsiasi altro modo contribuendo al nostro servizio, accetti di concederci una licenza perpetua e illimitata per ripubblicare qualsiasi cosa tu pubblichi o trasmetta, o derivati di essa, attraverso il servizio. Ci riserviamo il diritto, senza preavviso e a nostra esclusiva discrezione, di rimuovere qualsiasi post, terminare qualsiasi iscrizione o intraprendere qualsiasi azione per violazione delle regole e delle condizioni stabilite in questa pagina.<\/p>\n<p><b>Ti chiediamo di utilizzare i nostri servizi in modo legale, civile e corretto. Non puoi, ad esempio:<\/b><\/p>\n<p>Pubblicare, trasmettere o collegare a qualsiasi contenuto che sia dirompente, incivile, abusivo, volgare, profano, osceno, odioso, sessualmente esplicito, spam, marketing, promozione di prodotto o servizio, fraudolento, minaccioso, molesto, diffamatorio, o che divulghi questioni private o personali riguardanti qualsiasi persona;<\/p>\n<p>Pubblicare o trasmettere qualsiasi materiale di cui non hai il diritto di trasmettere ai sensi della legge (come diritti d&#8217;autore, segreti commerciali o titoli) o relazioni contrattuali o fiduciarie (come accordi di riservatezza);<\/p>\n<p>Violando qualsiasi legge o regolamento applicabile durante l&#8217;accesso e l&#8217;uso dei nostri siti, inclusi, senza limitazione, le regole e i regolamenti della Securities and Exchange Commission degli Stati Uniti, della National Futures Association, della CFTC e delle borse nazionali o di altri titoli (specialmente e includendo la regola contro le dichiarazioni false o ingannevoli per manipolare il prezzo di qualsiasi titolo);<\/p>\n<p>Offrire, vendere o acquistare qualsiasi titolo, prodotto o strumento finanziario;<\/p>\n<p>Prendere qualsiasi azione che imponga un carico irragionevole o sproporzionato sulla nostra infrastruttura o interrompa o danneggi il funzionamento dei nostri sistemi o servizi;<\/p>\n<p>Utilizzare qualsiasi contenuto di Expforex.com senza la nostra previa approvazione scritta.<\/p>\n<p>Ti preghiamo di mantenere la riservatezza della tua password. Contattaci se noti o senti di qualsiasi attivit\u00e0 sospetta relativa all&#8217;uso dei nostri servizi. Non saremo responsabili per eventuali perdite che potresti subire a seguito di un uso non autorizzato dei tuoi dati. Puoi creare solo un (1) account da utilizzare con i nostri servizi, cio\u00e8 un account per persona.<\/p>\n<p>I risultati delle prestazioni su questo sito sono di natura ipotetica, e Expforex.com non fa alcuna dichiarazione che questi risultati riflettano il trading in un account reale. Infatti, molti dei nostri membri utilizzano quelli che vengono definiti conti demo, che potrebbero non essere soggetti a commissioni del broker, spese, richieste di margine e altri fattori che potrebbero influenzare negativamente le prestazioni del trading in un account reale. Inoltre, i risultati presentati riflettono solo le operazioni completate e non tengono conto di eventuali perdite o guadagni da posizioni aperte.<\/p>\n<p>I RISULTATI DELLE PRESTAZIONI IPOTETICHE PRESENTANO MOLTE LIMITAZIONI INHERENTI, ALCUNE DELLE QUALI SONO DESCRITTE QUI DI SEGUITO. NON VI \u00c8 ALCUNA RAPPRESENTAZIONE CHE QUALSIASI ACCOUNT RAGGIUNGER\u00c0 O \u00c8 PROBABILMENTE DESTINATO A RAGGIUNGERE PROFITTI O PERDITE SIMILI A QUELLI MOSTRATI. INFATTI, CI SONO FREQUENTEMENTE DIFFERENZE NETTE TRA I RISULTATI DELLE PRESTAZIONI IPOTETICHE E I RISULTATI REALI SUCCESSIVAMENTE OTTENUTI DA QUALSIASI PROGRAMMA DI TRADING PARTICOLARE.<\/p>\n<p>UNA DELLE LIMITAZIONI DEI RISULTATI DELLE PRESTAZIONI IPOTETICHE \u00c8 CHE ESSI SONO GENERALMENTE PREPARATI CON IL VANTAGGIO DEL RETROSPETTIVA. INOLTRE, IL TRADING IPOTETICO NON COMPORTA RISCHIO FINANZIARIO, E NESSUN REGISTRO DI TRADING IPOTETICO PU\u00d2 TENERE COMPLETAMENTE CONTO DELL&#8217;IMPATTO DEL RISCHIO FINANZIARIO NEL TRADING REALE. AD ESEMPIO, LA CAPACIT\u00c0 DI SOPPORTARE PERDITE O DI ADERIRE A UN PARTICOLARE PROGRAMMA DI TRADING NONOSTANTE LE PERDITE NEL TRADING SONO PUNTI MATERIALI CHE POSSONO ANCHE INFLUENZARE NEGATIVAMENTE I RISULTATI DEL TRADING REALE. CI SONO NUMEROSI ALTRI FATTORI RELATIVI AI MERCATI IN GENERALE O ALL&#8217;IMPLEMENTAZIONE DI QUALSIASI PROGRAMMA DI TRADING SPECIFICO CHE NON POSSONO ESSERE COMPLETAMENTE CONSIDERATI NELLA PREPARAZIONE DEI RISULTATI DELLE PRESTAZIONI IPOTETICHE, TUTTI I QUALI POSSONO INFLUENZARE NEGATIVAMENTE I RISULTATI DEL TRADING REALE.<\/p>\n","protected":false},"excerpt":{"rendered":"<p>Una dichiarazione di esclusione di responsabilit\u00e0 \u00e8 una dichiarazione in cui una persona afferma di non essere a conoscenza di qualcosa o di non essere responsabile di qualcosa.<\/p>\n","protected":false},"author":2,"featured_media":0,"parent":0,"menu_order":0,"comment_status":"closed","ping_status":"closed","template":"","meta":{"_acf_changed":false,"_eb_attr":"","_eb_data_table":"","footnotes":""},"class_list":["post-57405","page","type-page","status-publish","hentry"],"acf":[],"yoast_head":"<!-- This site is optimized with the Yoast SEO Premium plugin v27.3 (Yoast SEO v27.3) - https:\/\/yoast.com\/product\/yoast-seo-premium-wordpress\/ -->\n<title>Disclaimer Dichiarazione di non responsabilit\u00e0.<\/title>\n<meta name=\"description\" content=\"Una dichiarazione di esclusione di responsabilit\u00e0 \u00e8 una dichiarazione in cui una persona afferma di non essere a conoscenza di qualcosa o di non essere responsabile di qualcosa.\" \/>\n<meta name=\"robots\" content=\"index, follow, max-snippet:-1, max-image-preview:large, max-video-preview:-1\" \/>\n<link rel=\"canonical\" href=\"https:\/\/expforex.com\/it\/disclaimer\/\" \/>\n<meta property=\"og:locale\" content=\"it_IT\" \/>\n<meta property=\"og:type\" content=\"article\" \/>\n<meta property=\"og:title\" content=\"Disclaimer. Dichiarazione di non responsabilit\u00e0.\" \/>\n<meta property=\"og:description\" content=\"Una dichiarazione di esclusione di responsabilit\u00e0 \u00e8 una dichiarazione in cui una persona afferma di non essere a conoscenza di qualcosa o di non essere responsabile di qualcosa.\" \/>\n<meta property=\"og:url\" content=\"https:\/\/expforex.com\/it\/disclaimer\/\" \/>\n<meta property=\"og:site_name\" content=\"Le migliori idee per MetaTrader\" \/>\n<meta property=\"article:publisher\" content=\"https:\/\/www.facebook.com\/ExpForex\/\" \/>\n<meta property=\"article:modified_time\" content=\"2026-01-09T16:09:56+00:00\" \/>\n<meta property=\"og:image\" content=\"https:\/\/expforex.com\/wp-content\/uploads\/2023\/12\/LOGONEW-2024-2.png\" \/>\n\t<meta property=\"og:image:width\" content=\"200\" \/>\n\t<meta property=\"og:image:height\" content=\"200\" \/>\n\t<meta property=\"og:image:type\" content=\"image\/png\" \/>\n<meta name=\"twitter:card\" content=\"summary_large_image\" \/>\n<meta name=\"twitter:label1\" content=\"Est. reading time\" \/>\n\t<meta name=\"twitter:data1\" content=\"8 minutes\" \/>\n<script type=\"application\/ld+json\" class=\"yoast-schema-graph\">{\"@context\":\"https:\\\/\\\/schema.org\",\"@graph\":[{\"@type\":\"WebPage\",\"@id\":\"https:\\\/\\\/expforex.com\\\/it\\\/disclaimer\\\/\",\"url\":\"https:\\\/\\\/expforex.com\\\/it\\\/disclaimer\\\/\",\"name\":\"Disclaimer Dichiarazione di non responsabilit\u00e0.\",\"isPartOf\":{\"@id\":\"https:\\\/\\\/expforex.com\\\/it\\\/#website\"},\"datePublished\":\"2023-08-05T08:26:42+00:00\",\"dateModified\":\"2026-01-09T16:09:56+00:00\",\"description\":\"Una dichiarazione di esclusione di responsabilit\u00e0 \u00e8 una dichiarazione in cui una persona afferma di non essere a conoscenza di qualcosa o di non essere responsabile di qualcosa.\",\"breadcrumb\":{\"@id\":\"https:\\\/\\\/expforex.com\\\/it\\\/disclaimer\\\/#breadcrumb\"},\"inLanguage\":\"it\",\"potentialAction\":[{\"@type\":\"ReadAction\",\"target\":[\"https:\\\/\\\/expforex.com\\\/it\\\/disclaimer\\\/\"]}]},{\"@type\":\"BreadcrumbList\",\"@id\":\"https:\\\/\\\/expforex.com\\\/it\\\/disclaimer\\\/#breadcrumb\",\"itemListElement\":[{\"@type\":\"ListItem\",\"position\":1,\"name\":\"Home\",\"item\":\"https:\\\/\\\/expforex.com\\\/it\\\/\"},{\"@type\":\"ListItem\",\"position\":2,\"name\":\"Disclaimer. Dichiarazione di non responsabilit\u00e0.\"}]},{\"@type\":\"WebSite\",\"@id\":\"https:\\\/\\\/expforex.com\\\/it\\\/#website\",\"url\":\"https:\\\/\\\/expforex.com\\\/it\\\/\",\"name\":\"Le migliori idee per MetaTrader\",\"description\":\"Ampia esperienza nella programmazione di assistenti per MetaTrader, MQL, Forex, Expert Advisor, Indicatore, Script, EA, Utility, VirtualTradePad, Copylot, Ticksniper, Averager, xCustomEA, X, Duplicator, TesterPad, ExtraReportPad, Assistente, Trading, Trader, Scalping.\\n\",\"publisher\":{\"@id\":\"https:\\\/\\\/expforex.com\\\/it\\\/#\\\/schema\\\/person\\\/0f3104735dd8fd99d5b5ee2e3634b1d5\"},\"alternateName\":\"Forex EA\",\"potentialAction\":[{\"@type\":\"SearchAction\",\"target\":{\"@type\":\"EntryPoint\",\"urlTemplate\":\"https:\\\/\\\/expforex.com\\\/it\\\/?s={search_term_string}\"},\"query-input\":{\"@type\":\"PropertyValueSpecification\",\"valueRequired\":true,\"valueName\":\"search_term_string\"}}],\"inLanguage\":\"it\"},{\"@type\":[\"Person\",\"Organization\"],\"@id\":\"https:\\\/\\\/expforex.com\\\/it\\\/#\\\/schema\\\/person\\\/0f3104735dd8fd99d5b5ee2e3634b1d5\",\"name\":\"Expforex Vladislav\",\"image\":{\"@type\":\"ImageObject\",\"inLanguage\":\"it\",\"@id\":\"https:\\\/\\\/expforex.com\\\/wp-content\\\/uploads\\\/2023\\\/12\\\/LOGONEW-2024-2.png\",\"url\":\"https:\\\/\\\/expforex.com\\\/wp-content\\\/uploads\\\/2023\\\/12\\\/LOGONEW-2024-2.png\",\"contentUrl\":\"https:\\\/\\\/expforex.com\\\/wp-content\\\/uploads\\\/2023\\\/12\\\/LOGONEW-2024-2.png\",\"width\":200,\"height\":200,\"caption\":\"Expforex Vladislav\"},\"logo\":{\"@id\":\"https:\\\/\\\/expforex.com\\\/wp-content\\\/uploads\\\/2023\\\/12\\\/LOGONEW-2024-2.png\"},\"sameAs\":[\"https:\\\/\\\/www.expforex.com\",\"https:\\\/\\\/www.facebook.com\\\/ExpForex\\\/\",\"https:\\\/\\\/www.youtube.com\\\/Expforex\"],\"publishingPrinciples\":\"https:\\\/\\\/expforex.com\\\/privacy-policy\\\/\"}]}<\/script>\n<!-- \/ Yoast SEO Premium plugin. -->","yoast_head_json":{"title":"Disclaimer Dichiarazione di non responsabilit\u00e0.","description":"Una dichiarazione di esclusione di responsabilit\u00e0 \u00e8 una dichiarazione in cui una persona afferma di non essere a conoscenza di qualcosa o di non essere responsabile di qualcosa.","robots":{"index":"index","follow":"follow","max-snippet":"max-snippet:-1","max-image-preview":"max-image-preview:large","max-video-preview":"max-video-preview:-1"},"canonical":"https:\/\/expforex.com\/it\/disclaimer\/","og_locale":"it_IT","og_type":"article","og_title":"Disclaimer. Dichiarazione di non responsabilit\u00e0.","og_description":"Una dichiarazione di esclusione di responsabilit\u00e0 \u00e8 una dichiarazione in cui una persona afferma di non essere a conoscenza di qualcosa o di non essere responsabile di qualcosa.","og_url":"https:\/\/expforex.com\/it\/disclaimer\/","og_site_name":"Le migliori idee per MetaTrader","article_publisher":"https:\/\/www.facebook.com\/ExpForex\/","article_modified_time":"2026-01-09T16:09:56+00:00","og_image":[{"width":200,"height":200,"url":"https:\/\/expforex.com\/wp-content\/uploads\/2023\/12\/LOGONEW-2024-2.png","type":"image\/png"}],"twitter_card":"summary_large_image","twitter_misc":{"Est. reading time":"8 minutes"},"schema":{"@context":"https:\/\/schema.org","@graph":[{"@type":"WebPage","@id":"https:\/\/expforex.com\/it\/disclaimer\/","url":"https:\/\/expforex.com\/it\/disclaimer\/","name":"Disclaimer Dichiarazione di non responsabilit\u00e0.","isPartOf":{"@id":"https:\/\/expforex.com\/it\/#website"},"datePublished":"2023-08-05T08:26:42+00:00","dateModified":"2026-01-09T16:09:56+00:00","description":"Una dichiarazione di esclusione di responsabilit\u00e0 \u00e8 una dichiarazione in cui una persona afferma di non essere a conoscenza di qualcosa o di non essere responsabile di qualcosa.","breadcrumb":{"@id":"https:\/\/expforex.com\/it\/disclaimer\/#breadcrumb"},"inLanguage":"it","potentialAction":[{"@type":"ReadAction","target":["https:\/\/expforex.com\/it\/disclaimer\/"]}]},{"@type":"BreadcrumbList","@id":"https:\/\/expforex.com\/it\/disclaimer\/#breadcrumb","itemListElement":[{"@type":"ListItem","position":1,"name":"Home","item":"https:\/\/expforex.com\/it\/"},{"@type":"ListItem","position":2,"name":"Disclaimer. Dichiarazione di non responsabilit\u00e0."}]},{"@type":"WebSite","@id":"https:\/\/expforex.com\/it\/#website","url":"https:\/\/expforex.com\/it\/","name":"Le migliori idee per MetaTrader","description":"Ampia esperienza nella programmazione di assistenti per MetaTrader, MQL, Forex, Expert Advisor, Indicatore, Script, EA, Utility, VirtualTradePad, Copylot, Ticksniper, Averager, xCustomEA, X, Duplicator, TesterPad, ExtraReportPad, Assistente, Trading, Trader, Scalping.\n","publisher":{"@id":"https:\/\/expforex.com\/it\/#\/schema\/person\/0f3104735dd8fd99d5b5ee2e3634b1d5"},"alternateName":"Forex EA","potentialAction":[{"@type":"SearchAction","target":{"@type":"EntryPoint","urlTemplate":"https:\/\/expforex.com\/it\/?s={search_term_string}"},"query-input":{"@type":"PropertyValueSpecification","valueRequired":true,"valueName":"search_term_string"}}],"inLanguage":"it"},{"@type":["Person","Organization"],"@id":"https:\/\/expforex.com\/it\/#\/schema\/person\/0f3104735dd8fd99d5b5ee2e3634b1d5","name":"Expforex Vladislav","image":{"@type":"ImageObject","inLanguage":"it","@id":"https:\/\/expforex.com\/wp-content\/uploads\/2023\/12\/LOGONEW-2024-2.png","url":"https:\/\/expforex.com\/wp-content\/uploads\/2023\/12\/LOGONEW-2024-2.png","contentUrl":"https:\/\/expforex.com\/wp-content\/uploads\/2023\/12\/LOGONEW-2024-2.png","width":200,"height":200,"caption":"Expforex Vladislav"},"logo":{"@id":"https:\/\/expforex.com\/wp-content\/uploads\/2023\/12\/LOGONEW-2024-2.png"},"sameAs":["https:\/\/www.expforex.com","https:\/\/www.facebook.com\/ExpForex\/","https:\/\/www.youtube.com\/Expforex"],"publishingPrinciples":"https:\/\/expforex.com\/privacy-policy\/"}]}},"_links":{"self":[{"href":"https:\/\/expforex.com\/it\/wp-json\/wp\/v2\/pages\/57405","targetHints":{"allow":["GET"]}}],"collection":[{"href":"https:\/\/expforex.com\/it\/wp-json\/wp\/v2\/pages"}],"about":[{"href":"https:\/\/expforex.com\/it\/wp-json\/wp\/v2\/types\/page"}],"author":[{"embeddable":true,"href":"https:\/\/expforex.com\/it\/wp-json\/wp\/v2\/users\/2"}],"replies":[{"embeddable":true,"href":"https:\/\/expforex.com\/it\/wp-json\/wp\/v2\/comments?post=57405"}],"version-history":[{"count":2,"href":"https:\/\/expforex.com\/it\/wp-json\/wp\/v2\/pages\/57405\/revisions"}],"predecessor-version":[{"id":142867,"href":"https:\/\/expforex.com\/it\/wp-json\/wp\/v2\/pages\/57405\/revisions\/142867"}],"wp:attachment":[{"href":"https:\/\/expforex.com\/it\/wp-json\/wp\/v2\/media?parent=57405"}],"curies":[{"name":"wp","href":"https:\/\/api.w.org\/{rel}","templated":true}]}}