{"id":146687,"date":"2026-01-26T14:53:19","date_gmt":"2026-01-26T14:53:19","guid":{"rendered":"https:\/\/expforex.com\/general\/"},"modified":"2026-01-29T09:33:36","modified_gmt":"2026-01-29T09:33:36","slug":"best-metatrader-ea","status":"publish","type":"page","link":"https:\/\/expforex.com\/pt\/best-metatrader-ea\/","title":{"rendered":"A Melhor Cole\u00e7\u00e3o de EAs (Expert Advisors) e Utilit\u00e1rios MetaTrader"},"content":{"rendered":"","protected":false},"excerpt":{"rendered":"","protected":false},"author":2,"featured_media":146652,"parent":0,"menu_order":0,"comment_status":"closed","ping_status":"closed","template":"","meta":{"_acf_changed":false,"_eb_attr":"","_eb_data_table":"","footnotes":""},"class_list":["post-146687","page","type-page","status-publish","has-post-thumbnail","hentry"],"acf":[],"yoast_head":"<!-- This site is optimized with the Yoast SEO Premium plugin v27.3 (Yoast SEO v27.3) - https:\/\/yoast.com\/product\/yoast-seo-premium-wordpress\/ -->\n<title>A Melhor Cole\u00e7\u00e3o de EAs (Expert Advisors) e Utilit\u00e1rios MetaTrader<\/title>\n<meta name=\"description\" content=\"Automatize sua negocia\u00e7\u00e3o com a Expforex (desde 2007). \ud83d\ude80 Expert Advisors (EA) de elite, pain\u00e9is de negocia\u00e7\u00e3o (VirtualTradePad) e utilit\u00e1rios para MetaTrader 4 e 5. Sem assinaturas \u2014 licen\u00e7as vital\u00edcias. Baixe vers\u00f5es demo gratuitas!\" \/>\n<meta name=\"robots\" content=\"index, follow, max-snippet:-1, max-image-preview:large, max-video-preview:-1\" \/>\n<link rel=\"canonical\" href=\"https:\/\/expforex.com\/pt\/best-metatrader-ea\/\" \/>\n<meta property=\"og:locale\" content=\"pt_PT\" \/>\n<meta property=\"og:type\" content=\"article\" \/>\n<meta property=\"og:title\" content=\"A Melhor Cole\u00e7\u00e3o de EAs (Expert Advisors) e Utilit\u00e1rios MetaTrader\" \/>\n<meta property=\"og:description\" content=\"Automatize sua negocia\u00e7\u00e3o com a Expforex (desde 2007). \ud83d\ude80 Expert Advisors (EA) de elite, pain\u00e9is de negocia\u00e7\u00e3o (VirtualTradePad) e utilit\u00e1rios para MetaTrader 4 e 5. Sem assinaturas \u2014 licen\u00e7as vital\u00edcias. Baixe vers\u00f5es demo gratuitas!\" \/>\n<meta property=\"og:url\" content=\"https:\/\/expforex.com\/pt\/best-metatrader-ea\/\" \/>\n<meta property=\"og:site_name\" content=\"Melhores ideias para MetaTrader\" \/>\n<meta property=\"article:publisher\" content=\"https:\/\/www.facebook.com\/ExpForex\/\" \/>\n<meta property=\"article:modified_time\" content=\"2026-01-29T09:33:36+00:00\" \/>\n<meta property=\"og:image\" content=\"https:\/\/expforex.com\/wp-content\/uploads\/2026\/01\/ALL-LOGO-VIDEO-EA-intro-2026.png\" \/>\n\t<meta property=\"og:image:width\" content=\"1920\" \/>\n\t<meta property=\"og:image:height\" content=\"1080\" \/>\n\t<meta property=\"og:image:type\" content=\"image\/png\" \/>\n<meta name=\"twitter:card\" content=\"summary_large_image\" \/>\n<meta name=\"twitter:label1\" content=\"Est. reading time\" \/>\n\t<meta name=\"twitter:data1\" content=\"1 minute\" \/>\n<script type=\"application\/ld+json\" class=\"yoast-schema-graph\">{\"@context\":\"https:\\\/\\\/schema.org\",\"@graph\":[{\"@type\":\"WebPage\",\"@id\":\"https:\\\/\\\/expforex.com\\\/pt\\\/best-metatrader-ea\\\/\",\"url\":\"https:\\\/\\\/expforex.com\\\/pt\\\/best-metatrader-ea\\\/\",\"name\":\"A Melhor Cole\u00e7\u00e3o de EAs (Expert Advisors) e Utilit\u00e1rios MetaTrader\",\"isPartOf\":{\"@id\":\"https:\\\/\\\/expforex.com\\\/pt\\\/#website\"},\"primaryImageOfPage\":{\"@id\":\"https:\\\/\\\/expforex.com\\\/pt\\\/best-metatrader-ea\\\/#primaryimage\"},\"image\":{\"@id\":\"https:\\\/\\\/expforex.com\\\/pt\\\/best-metatrader-ea\\\/#primaryimage\"},\"thumbnailUrl\":\"https:\\\/\\\/expforex.com\\\/wp-content\\\/uploads\\\/2026\\\/01\\\/ALL-LOGO-VIDEO-EA-intro-2026.png\",\"datePublished\":\"2026-01-26T14:53:19+00:00\",\"dateModified\":\"2026-01-29T09:33:36+00:00\",\"description\":\"Automatize sua negocia\u00e7\u00e3o com a Expforex (desde 2007). \ud83d\ude80 Expert Advisors (EA) de elite, pain\u00e9is de negocia\u00e7\u00e3o (VirtualTradePad) e utilit\u00e1rios para MetaTrader 4 e 5. Sem assinaturas \u2014 licen\u00e7as vital\u00edcias. Baixe vers\u00f5es demo gratuitas!\",\"breadcrumb\":{\"@id\":\"https:\\\/\\\/expforex.com\\\/pt\\\/best-metatrader-ea\\\/#breadcrumb\"},\"inLanguage\":\"pt\",\"potentialAction\":[{\"@type\":\"ReadAction\",\"target\":[\"https:\\\/\\\/expforex.com\\\/pt\\\/best-metatrader-ea\\\/\"]}]},{\"@type\":\"ImageObject\",\"inLanguage\":\"pt\",\"@id\":\"https:\\\/\\\/expforex.com\\\/pt\\\/best-metatrader-ea\\\/#primaryimage\",\"url\":\"https:\\\/\\\/expforex.com\\\/wp-content\\\/uploads\\\/2026\\\/01\\\/ALL-LOGO-VIDEO-EA-intro-2026.png\",\"contentUrl\":\"https:\\\/\\\/expforex.com\\\/wp-content\\\/uploads\\\/2026\\\/01\\\/ALL-LOGO-VIDEO-EA-intro-2026.png\",\"width\":1920,\"height\":1080},{\"@type\":\"BreadcrumbList\",\"@id\":\"https:\\\/\\\/expforex.com\\\/pt\\\/best-metatrader-ea\\\/#breadcrumb\",\"itemListElement\":[{\"@type\":\"ListItem\",\"position\":1,\"name\":\"In\u00edcio\",\"item\":\"https:\\\/\\\/expforex.com\\\/pt\\\/\"},{\"@type\":\"ListItem\",\"position\":2,\"name\":\"A Melhor Cole\u00e7\u00e3o de EAs (Expert Advisors) e Utilit\u00e1rios MetaTrader\"}]},{\"@type\":\"WebSite\",\"@id\":\"https:\\\/\\\/expforex.com\\\/pt\\\/#website\",\"url\":\"https:\\\/\\\/expforex.com\\\/pt\\\/\",\"name\":\"Melhores ideias para MetaTrader\",\"description\":\"Ampla experi\u00eancia em programa\u00e7\u00e3o de assistentes para MetaTrader, MQL, Forex, Expert Advisor, Indicador, Script, EA, Utilit\u00e1rios, VirtualTradePad, Copylot, Ticksniper, Averager, xCustomEA, X, Duplicator, TesterPad, ExtraReportPad, Assistente, Trade, Trader, Scalping.\\n\",\"publisher\":{\"@id\":\"https:\\\/\\\/expforex.com\\\/pt\\\/#\\\/schema\\\/person\\\/0f3104735dd8fd99d5b5ee2e3634b1d5\"},\"alternateName\":\"Forex EA\",\"potentialAction\":[{\"@type\":\"SearchAction\",\"target\":{\"@type\":\"EntryPoint\",\"urlTemplate\":\"https:\\\/\\\/expforex.com\\\/pt\\\/?s={search_term_string}\"},\"query-input\":{\"@type\":\"PropertyValueSpecification\",\"valueRequired\":true,\"valueName\":\"search_term_string\"}}],\"inLanguage\":\"pt\"},{\"@type\":[\"Person\",\"Organization\"],\"@id\":\"https:\\\/\\\/expforex.com\\\/pt\\\/#\\\/schema\\\/person\\\/0f3104735dd8fd99d5b5ee2e3634b1d5\",\"name\":\"Expforex Vladislav\",\"image\":{\"@type\":\"ImageObject\",\"inLanguage\":\"pt\",\"@id\":\"https:\\\/\\\/expforex.com\\\/wp-content\\\/uploads\\\/2023\\\/12\\\/LOGONEW-2024-2.png\",\"url\":\"https:\\\/\\\/expforex.com\\\/wp-content\\\/uploads\\\/2023\\\/12\\\/LOGONEW-2024-2.png\",\"contentUrl\":\"https:\\\/\\\/expforex.com\\\/wp-content\\\/uploads\\\/2023\\\/12\\\/LOGONEW-2024-2.png\",\"width\":200,\"height\":200,\"caption\":\"Expforex Vladislav\"},\"logo\":{\"@id\":\"https:\\\/\\\/expforex.com\\\/wp-content\\\/uploads\\\/2023\\\/12\\\/LOGONEW-2024-2.png\"},\"sameAs\":[\"https:\\\/\\\/www.expforex.com\",\"https:\\\/\\\/www.facebook.com\\\/ExpForex\\\/\",\"https:\\\/\\\/www.youtube.com\\\/Expforex\"],\"publishingPrinciples\":\"https:\\\/\\\/expforex.com\\\/privacy-policy\\\/\"}]}<\/script>\n<!-- \/ Yoast SEO Premium plugin. -->","yoast_head_json":{"title":"A Melhor Cole\u00e7\u00e3o de EAs (Expert Advisors) e Utilit\u00e1rios MetaTrader","description":"Automatize sua negocia\u00e7\u00e3o com a Expforex (desde 2007). \ud83d\ude80 Expert Advisors (EA) de elite, pain\u00e9is de negocia\u00e7\u00e3o (VirtualTradePad) e utilit\u00e1rios para MetaTrader 4 e 5. Sem assinaturas \u2014 licen\u00e7as vital\u00edcias. Baixe vers\u00f5es demo gratuitas!","robots":{"index":"index","follow":"follow","max-snippet":"max-snippet:-1","max-image-preview":"max-image-preview:large","max-video-preview":"max-video-preview:-1"},"canonical":"https:\/\/expforex.com\/pt\/best-metatrader-ea\/","og_locale":"pt_PT","og_type":"article","og_title":"A Melhor Cole\u00e7\u00e3o de EAs (Expert Advisors) e Utilit\u00e1rios MetaTrader","og_description":"Automatize sua negocia\u00e7\u00e3o com a Expforex (desde 2007). \ud83d\ude80 Expert Advisors (EA) de elite, pain\u00e9is de negocia\u00e7\u00e3o (VirtualTradePad) e utilit\u00e1rios para MetaTrader 4 e 5. Sem assinaturas \u2014 licen\u00e7as vital\u00edcias. Baixe vers\u00f5es demo gratuitas!","og_url":"https:\/\/expforex.com\/pt\/best-metatrader-ea\/","og_site_name":"Melhores ideias para MetaTrader","article_publisher":"https:\/\/www.facebook.com\/ExpForex\/","article_modified_time":"2026-01-29T09:33:36+00:00","og_image":[{"width":1920,"height":1080,"url":"https:\/\/expforex.com\/wp-content\/uploads\/2026\/01\/ALL-LOGO-VIDEO-EA-intro-2026.png","type":"image\/png"}],"twitter_card":"summary_large_image","twitter_misc":{"Est. reading time":"1 minute"},"schema":{"@context":"https:\/\/schema.org","@graph":[{"@type":"WebPage","@id":"https:\/\/expforex.com\/pt\/best-metatrader-ea\/","url":"https:\/\/expforex.com\/pt\/best-metatrader-ea\/","name":"A Melhor Cole\u00e7\u00e3o de EAs (Expert Advisors) e Utilit\u00e1rios MetaTrader","isPartOf":{"@id":"https:\/\/expforex.com\/pt\/#website"},"primaryImageOfPage":{"@id":"https:\/\/expforex.com\/pt\/best-metatrader-ea\/#primaryimage"},"image":{"@id":"https:\/\/expforex.com\/pt\/best-metatrader-ea\/#primaryimage"},"thumbnailUrl":"https:\/\/expforex.com\/wp-content\/uploads\/2026\/01\/ALL-LOGO-VIDEO-EA-intro-2026.png","datePublished":"2026-01-26T14:53:19+00:00","dateModified":"2026-01-29T09:33:36+00:00","description":"Automatize sua negocia\u00e7\u00e3o com a Expforex (desde 2007). \ud83d\ude80 Expert Advisors (EA) de elite, pain\u00e9is de negocia\u00e7\u00e3o (VirtualTradePad) e utilit\u00e1rios para MetaTrader 4 e 5. Sem assinaturas \u2014 licen\u00e7as vital\u00edcias. Baixe vers\u00f5es demo gratuitas!","breadcrumb":{"@id":"https:\/\/expforex.com\/pt\/best-metatrader-ea\/#breadcrumb"},"inLanguage":"pt","potentialAction":[{"@type":"ReadAction","target":["https:\/\/expforex.com\/pt\/best-metatrader-ea\/"]}]},{"@type":"ImageObject","inLanguage":"pt","@id":"https:\/\/expforex.com\/pt\/best-metatrader-ea\/#primaryimage","url":"https:\/\/expforex.com\/wp-content\/uploads\/2026\/01\/ALL-LOGO-VIDEO-EA-intro-2026.png","contentUrl":"https:\/\/expforex.com\/wp-content\/uploads\/2026\/01\/ALL-LOGO-VIDEO-EA-intro-2026.png","width":1920,"height":1080},{"@type":"BreadcrumbList","@id":"https:\/\/expforex.com\/pt\/best-metatrader-ea\/#breadcrumb","itemListElement":[{"@type":"ListItem","position":1,"name":"In\u00edcio","item":"https:\/\/expforex.com\/pt\/"},{"@type":"ListItem","position":2,"name":"A Melhor Cole\u00e7\u00e3o de EAs (Expert Advisors) e Utilit\u00e1rios MetaTrader"}]},{"@type":"WebSite","@id":"https:\/\/expforex.com\/pt\/#website","url":"https:\/\/expforex.com\/pt\/","name":"Melhores ideias para MetaTrader","description":"Ampla experi\u00eancia em programa\u00e7\u00e3o de assistentes para MetaTrader, MQL, Forex, Expert Advisor, Indicador, Script, EA, Utilit\u00e1rios, VirtualTradePad, Copylot, Ticksniper, Averager, xCustomEA, X, Duplicator, TesterPad, ExtraReportPad, Assistente, Trade, Trader, Scalping.\n","publisher":{"@id":"https:\/\/expforex.com\/pt\/#\/schema\/person\/0f3104735dd8fd99d5b5ee2e3634b1d5"},"alternateName":"Forex EA","potentialAction":[{"@type":"SearchAction","target":{"@type":"EntryPoint","urlTemplate":"https:\/\/expforex.com\/pt\/?s={search_term_string}"},"query-input":{"@type":"PropertyValueSpecification","valueRequired":true,"valueName":"search_term_string"}}],"inLanguage":"pt"},{"@type":["Person","Organization"],"@id":"https:\/\/expforex.com\/pt\/#\/schema\/person\/0f3104735dd8fd99d5b5ee2e3634b1d5","name":"Expforex Vladislav","image":{"@type":"ImageObject","inLanguage":"pt","@id":"https:\/\/expforex.com\/wp-content\/uploads\/2023\/12\/LOGONEW-2024-2.png","url":"https:\/\/expforex.com\/wp-content\/uploads\/2023\/12\/LOGONEW-2024-2.png","contentUrl":"https:\/\/expforex.com\/wp-content\/uploads\/2023\/12\/LOGONEW-2024-2.png","width":200,"height":200,"caption":"Expforex Vladislav"},"logo":{"@id":"https:\/\/expforex.com\/wp-content\/uploads\/2023\/12\/LOGONEW-2024-2.png"},"sameAs":["https:\/\/www.expforex.com","https:\/\/www.facebook.com\/ExpForex\/","https:\/\/www.youtube.com\/Expforex"],"publishingPrinciples":"https:\/\/expforex.com\/privacy-policy\/"}]}},"_links":{"self":[{"href":"https:\/\/expforex.com\/pt\/wp-json\/wp\/v2\/pages\/146687","targetHints":{"allow":["GET"]}}],"collection":[{"href":"https:\/\/expforex.com\/pt\/wp-json\/wp\/v2\/pages"}],"about":[{"href":"https:\/\/expforex.com\/pt\/wp-json\/wp\/v2\/types\/page"}],"author":[{"embeddable":true,"href":"https:\/\/expforex.com\/pt\/wp-json\/wp\/v2\/users\/2"}],"replies":[{"embeddable":true,"href":"https:\/\/expforex.com\/pt\/wp-json\/wp\/v2\/comments?post=146687"}],"version-history":[{"count":2,"href":"https:\/\/expforex.com\/pt\/wp-json\/wp\/v2\/pages\/146687\/revisions"}],"predecessor-version":[{"id":146762,"href":"https:\/\/expforex.com\/pt\/wp-json\/wp\/v2\/pages\/146687\/revisions\/146762"}],"wp:featuredmedia":[{"embeddable":true,"href":"https:\/\/expforex.com\/pt\/wp-json\/wp\/v2\/media\/146652"}],"wp:attachment":[{"href":"https:\/\/expforex.com\/pt\/wp-json\/wp\/v2\/media?parent=146687"}],"curies":[{"name":"wp","href":"https:\/\/api.w.org\/{rel}","templated":true}]}}