{"id":54813,"date":"2024-01-05T13:12:07","date_gmt":"2024-01-05T13:12:07","guid":{"rendered":"https:\/\/expforex.com\/recommended-brokers\/"},"modified":"2025-05-09T05:50:35","modified_gmt":"2025-05-09T05:50:35","slug":"recommended-brokers","status":"publish","type":"page","link":"https:\/\/expforex.com\/pt\/recommended-brokers\/","title":{"rendered":"Corretoras"},"content":{"rendered":"\n<p>Recommended brokers and trading accounts are a selection of reliable brokerage companies and optimal trading accounts for successful Forex trading. Learn about leading brokers, favorable terms and convenient platforms that will help you effectively manage your investments and achieve your financial goals<\/p>\n\n\n\n<h2 class=\"wp-block-heading\" id=\"h-brokers-and-trade-account-nbsp\">Brokers and trade account&nbsp;<\/h2>\n\n\n\n<ol class=\"wp-block-list\">\n<li><strong>Recommended deposit LOW RISK<\/strong>&nbsp;&nbsp;of&nbsp;<strong>$ 1,000<\/strong>&nbsp;with a minimum lot&nbsp;<strong>0.01<\/strong>&nbsp;3 currency pairs (e.g., EURUSD USDCHF USDJPY) (<strong>Leverage&nbsp;<\/strong>1:300)<\/li>\n\n\n\n<li><strong>Recommended deposit MEDIUM RISK&nbsp;<\/strong>&nbsp;of&nbsp;<strong>$ 300<\/strong>&nbsp;with minimal lot&nbsp;<strong>0.01<\/strong>&nbsp;on 1 currency pair (e.g., EURUSD)(<strong>Leverage&nbsp;<\/strong>1:300)<\/li>\n\n\n\n<li><strong>Recommended deposit&nbsp;<\/strong>&nbsp;<strong>HIGH RISK&nbsp;<\/strong>&nbsp;of&nbsp;<strong>$ 100 (<u>Cent Accoun<\/u>t)<\/strong>&nbsp;with minimum lot&nbsp;<strong>0.01<\/strong>&nbsp;on 1 currency pair (e.g., EURUSD)(<strong>Leverage&nbsp;<\/strong>1:300)<\/li>\n\n\n\n<li>Floating spread (<strong>Zero Spread is prohibited!<\/strong>)<\/li>\n\n\n\n<li>The leverage of 1: 300 and higher<\/li>\n\n\n\n<li>For the version of the MetaTrader 4 terminal advisor, You can try&nbsp;<a class=\"cnqw\" href=\"https:\/\/roboforex.com\/?a=cnqw\" target=\"_blank\" rel=\"noreferrer noopener\" data-language=\"pt\"><strong>RoboForex<\/strong><\/a>&nbsp;<strong>ECN PRO.<\/strong><\/li>\n\n\n\n<li>For the version of the MetaTrader 5 terminal advisor, You can try&nbsp;<a class=\"cnqw\" href=\"https:\/\/roboforex.com\/?a=cnqw\" target=\"_blank\" rel=\"noreferrer noopener\" data-language=\"pt\"><strong>RoboForex<\/strong><\/a>&nbsp;<strong><strong>ECN PRO<\/strong>.<\/strong><\/li>\n\n\n\n<li>For an account with a deposit of more than&nbsp;<strong>$ 1000<\/strong>, You can try the PRO Standard or ECN PRO type of account.<\/li>\n\n\n\n<li>For an account with a deposit of less than&nbsp;<strong>$ 1000<\/strong>, You can try the PRO Cent account type.<\/li>\n\n\n\n<li>Currency pairs any. You can choose any currency pair. I trade at EURUSD USDCHF USDJPY.<\/li>\n<\/ol>\n\n\n\n<p>Aviso de Risco (Risk Disclaimer)<\/p>\n\n\n\n<p>As informa\u00e7\u00f5es sobre o corretor (broker) fornecidas nesta p\u00e1gina s\u00e3o apenas para fins informativos e n\u00e3o constituem um endosso ou recomenda\u00e7\u00e3o. Esses corretores est\u00e3o listados com base em minhas experi\u00eancias pessoais de trading. Participar de atividades de trading envolve riscos inerentes, incluindo a potencial perda de capital. \u00c9 essencial realizar sua pr\u00f3pria pesquisa detalhada e consultar um consultor financeiro qualificado antes de tomar qualquer decis\u00e3o de investimento. N\u00e3o me responsabilizo por quaisquer decis\u00f5es de trading feitas com base nas informa\u00e7\u00f5es aqui fornecidas.<\/p>\n","protected":false},"excerpt":{"rendered":"<p>Recommended brokers and trading accounts are a selection of reliable brokerage companies and optimal trading accounts for successful Forex trading. Learn about leading brokers, favorable terms and convenient platforms that will help you effectively manage your investments and achieve your<span class=\"excerpt-hellip\"> [\u2026]<\/span><\/p>\n","protected":false},"author":2,"featured_media":88541,"parent":0,"menu_order":0,"comment_status":"closed","ping_status":"closed","template":"","meta":{"_acf_changed":false,"_eb_attr":"","_eb_data_table":"","footnotes":""},"class_list":["post-54813","page","type-page","status-publish","has-post-thumbnail","hentry"],"acf":[],"yoast_head":"<!-- This site is optimized with the Yoast SEO Premium plugin v27.3 (Yoast SEO v27.3) - https:\/\/yoast.com\/product\/yoast-seo-premium-wordpress\/ -->\n<title>Corretoras e Contas de Negocia\u00e7\u00e3o Recomendadas<\/title>\n<meta name=\"description\" content=\"Corretoras e Contas de Negocia\u00e7\u00e3o Recomendadas s\u00e3o uma sele\u00e7\u00e3o de empresas de corretagem confi\u00e1veis e contas de negocia\u00e7\u00e3o \u00f3timas para um sucesso no Forex. Descubra sobre os principais corretores, condi\u00e7\u00f5es favor\u00e1veis e plataformas convenientes que ajudar\u00e3o voc\u00ea a gerenciar efetivamente seus investimentos e alcan\u00e7ar seus objetivos financeiros.\" \/>\n<meta name=\"robots\" content=\"index, follow, max-snippet:-1, max-image-preview:large, max-video-preview:-1\" \/>\n<link rel=\"canonical\" href=\"https:\/\/expforex.com\/pt\/recommended-brokers\/\" \/>\n<meta property=\"og:locale\" content=\"pt_PT\" \/>\n<meta property=\"og:type\" content=\"article\" \/>\n<meta property=\"og:title\" content=\"Corretoras\" \/>\n<meta property=\"og:description\" content=\"Corretoras e Contas de Negocia\u00e7\u00e3o Recomendadas s\u00e3o uma sele\u00e7\u00e3o de empresas de corretagem confi\u00e1veis e contas de negocia\u00e7\u00e3o \u00f3timas para um sucesso no Forex. Descubra sobre os principais corretores, condi\u00e7\u00f5es favor\u00e1veis e plataformas convenientes que ajudar\u00e3o voc\u00ea a gerenciar efetivamente seus investimentos e alcan\u00e7ar seus objetivos financeiros.\" \/>\n<meta property=\"og:url\" content=\"https:\/\/expforex.com\/pt\/recommended-brokers\/\" \/>\n<meta property=\"og:site_name\" content=\"Melhores ideias para MetaTrader\" \/>\n<meta property=\"article:publisher\" content=\"https:\/\/www.facebook.com\/ExpForex\/\" \/>\n<meta property=\"article:modified_time\" content=\"2025-05-09T05:50:35+00:00\" \/>\n<meta property=\"og:image\" content=\"https:\/\/expforex.com\/wp-content\/uploads\/2025\/03\/banner_bg-1.png?wsr\" \/>\n\t<meta property=\"og:image:width\" content=\"200\" \/>\n\t<meta property=\"og:image:height\" content=\"60\" \/>\n\t<meta property=\"og:image:type\" content=\"image\/png\" \/>\n<meta name=\"twitter:card\" content=\"summary_large_image\" \/>\n<meta name=\"twitter:label1\" content=\"Est. reading time\" \/>\n\t<meta name=\"twitter:data1\" content=\"2 minutes\" \/>\n<script type=\"application\/ld+json\" class=\"yoast-schema-graph\">{\"@context\":\"https:\\\/\\\/schema.org\",\"@graph\":[{\"@type\":\"WebPage\",\"@id\":\"https:\\\/\\\/expforex.com\\\/pt\\\/recommended-brokers\\\/\",\"url\":\"https:\\\/\\\/expforex.com\\\/pt\\\/recommended-brokers\\\/\",\"name\":\"Corretoras e Contas de Negocia\u00e7\u00e3o Recomendadas\",\"isPartOf\":{\"@id\":\"https:\\\/\\\/expforex.com\\\/pt\\\/#website\"},\"primaryImageOfPage\":{\"@id\":\"https:\\\/\\\/expforex.com\\\/pt\\\/recommended-brokers\\\/#primaryimage\"},\"image\":{\"@id\":\"https:\\\/\\\/expforex.com\\\/pt\\\/recommended-brokers\\\/#primaryimage\"},\"thumbnailUrl\":\"https:\\\/\\\/expforex.com\\\/wp-content\\\/uploads\\\/2025\\\/03\\\/banner_bg-1.png\",\"datePublished\":\"2024-01-05T13:12:07+00:00\",\"dateModified\":\"2025-05-09T05:50:35+00:00\",\"description\":\"Corretoras e Contas de Negocia\u00e7\u00e3o Recomendadas s\u00e3o uma sele\u00e7\u00e3o de empresas de corretagem confi\u00e1veis e contas de negocia\u00e7\u00e3o \u00f3timas para um sucesso no Forex. Descubra sobre os principais corretores, condi\u00e7\u00f5es favor\u00e1veis e plataformas convenientes que ajudar\u00e3o voc\u00ea a gerenciar efetivamente seus investimentos e alcan\u00e7ar seus objetivos financeiros.\",\"breadcrumb\":{\"@id\":\"https:\\\/\\\/expforex.com\\\/pt\\\/recommended-brokers\\\/#breadcrumb\"},\"inLanguage\":\"pt\",\"potentialAction\":[{\"@type\":\"ReadAction\",\"target\":[\"https:\\\/\\\/expforex.com\\\/pt\\\/recommended-brokers\\\/\"]}]},{\"@type\":\"ImageObject\",\"inLanguage\":\"pt\",\"@id\":\"https:\\\/\\\/expforex.com\\\/pt\\\/recommended-brokers\\\/#primaryimage\",\"url\":\"https:\\\/\\\/expforex.com\\\/wp-content\\\/uploads\\\/2025\\\/03\\\/banner_bg-1.png\",\"contentUrl\":\"https:\\\/\\\/expforex.com\\\/wp-content\\\/uploads\\\/2025\\\/03\\\/banner_bg-1.png\",\"width\":200,\"height\":60},{\"@type\":\"BreadcrumbList\",\"@id\":\"https:\\\/\\\/expforex.com\\\/pt\\\/recommended-brokers\\\/#breadcrumb\",\"itemListElement\":[{\"@type\":\"ListItem\",\"position\":1,\"name\":\"In\u00edcio\",\"item\":\"https:\\\/\\\/expforex.com\\\/pt\\\/\"},{\"@type\":\"ListItem\",\"position\":2,\"name\":\"Corretoras\"}]},{\"@type\":\"WebSite\",\"@id\":\"https:\\\/\\\/expforex.com\\\/pt\\\/#website\",\"url\":\"https:\\\/\\\/expforex.com\\\/pt\\\/\",\"name\":\"Melhores ideias para MetaTrader\",\"description\":\"Ampla experi\u00eancia em programa\u00e7\u00e3o de assistentes para MetaTrader, MQL, Forex, Expert Advisor, Indicador, Script, EA, Utilit\u00e1rios, VirtualTradePad, Copylot, Ticksniper, Averager, xCustomEA, X, Duplicator, TesterPad, ExtraReportPad, Assistente, Trade, Trader, Scalping.\\n\",\"publisher\":{\"@id\":\"https:\\\/\\\/expforex.com\\\/pt\\\/#\\\/schema\\\/person\\\/0f3104735dd8fd99d5b5ee2e3634b1d5\"},\"alternateName\":\"Forex EA\",\"potentialAction\":[{\"@type\":\"SearchAction\",\"target\":{\"@type\":\"EntryPoint\",\"urlTemplate\":\"https:\\\/\\\/expforex.com\\\/pt\\\/?s={search_term_string}\"},\"query-input\":{\"@type\":\"PropertyValueSpecification\",\"valueRequired\":true,\"valueName\":\"search_term_string\"}}],\"inLanguage\":\"pt\"},{\"@type\":[\"Person\",\"Organization\"],\"@id\":\"https:\\\/\\\/expforex.com\\\/pt\\\/#\\\/schema\\\/person\\\/0f3104735dd8fd99d5b5ee2e3634b1d5\",\"name\":\"Expforex Vladislav\",\"image\":{\"@type\":\"ImageObject\",\"inLanguage\":\"pt\",\"@id\":\"https:\\\/\\\/expforex.com\\\/wp-content\\\/uploads\\\/2023\\\/12\\\/LOGONEW-2024-2.png\",\"url\":\"https:\\\/\\\/expforex.com\\\/wp-content\\\/uploads\\\/2023\\\/12\\\/LOGONEW-2024-2.png\",\"contentUrl\":\"https:\\\/\\\/expforex.com\\\/wp-content\\\/uploads\\\/2023\\\/12\\\/LOGONEW-2024-2.png\",\"width\":200,\"height\":200,\"caption\":\"Expforex Vladislav\"},\"logo\":{\"@id\":\"https:\\\/\\\/expforex.com\\\/wp-content\\\/uploads\\\/2023\\\/12\\\/LOGONEW-2024-2.png\"},\"sameAs\":[\"https:\\\/\\\/www.expforex.com\",\"https:\\\/\\\/www.facebook.com\\\/ExpForex\\\/\",\"https:\\\/\\\/www.youtube.com\\\/Expforex\"],\"publishingPrinciples\":\"https:\\\/\\\/expforex.com\\\/privacy-policy\\\/\"}]}<\/script>\n<!-- \/ Yoast SEO Premium plugin. -->","yoast_head_json":{"title":"Corretoras e Contas de Negocia\u00e7\u00e3o Recomendadas","description":"Corretoras e Contas de Negocia\u00e7\u00e3o Recomendadas s\u00e3o uma sele\u00e7\u00e3o de empresas de corretagem confi\u00e1veis e contas de negocia\u00e7\u00e3o \u00f3timas para um sucesso no Forex. Descubra sobre os principais corretores, condi\u00e7\u00f5es favor\u00e1veis e plataformas convenientes que ajudar\u00e3o voc\u00ea a gerenciar efetivamente seus investimentos e alcan\u00e7ar seus objetivos financeiros.","robots":{"index":"index","follow":"follow","max-snippet":"max-snippet:-1","max-image-preview":"max-image-preview:large","max-video-preview":"max-video-preview:-1"},"canonical":"https:\/\/expforex.com\/pt\/recommended-brokers\/","og_locale":"pt_PT","og_type":"article","og_title":"Corretoras","og_description":"Corretoras e Contas de Negocia\u00e7\u00e3o Recomendadas s\u00e3o uma sele\u00e7\u00e3o de empresas de corretagem confi\u00e1veis e contas de negocia\u00e7\u00e3o \u00f3timas para um sucesso no Forex. Descubra sobre os principais corretores, condi\u00e7\u00f5es favor\u00e1veis e plataformas convenientes que ajudar\u00e3o voc\u00ea a gerenciar efetivamente seus investimentos e alcan\u00e7ar seus objetivos financeiros.","og_url":"https:\/\/expforex.com\/pt\/recommended-brokers\/","og_site_name":"Melhores ideias para MetaTrader","article_publisher":"https:\/\/www.facebook.com\/ExpForex\/","article_modified_time":"2025-05-09T05:50:35+00:00","og_image":[{"width":200,"height":60,"url":"https:\/\/expforex.com\/wp-content\/uploads\/2025\/03\/banner_bg-1.png?wsr","type":"image\/png"}],"twitter_card":"summary_large_image","twitter_misc":{"Est. reading time":"2 minutes"},"schema":{"@context":"https:\/\/schema.org","@graph":[{"@type":"WebPage","@id":"https:\/\/expforex.com\/pt\/recommended-brokers\/","url":"https:\/\/expforex.com\/pt\/recommended-brokers\/","name":"Corretoras e Contas de Negocia\u00e7\u00e3o Recomendadas","isPartOf":{"@id":"https:\/\/expforex.com\/pt\/#website"},"primaryImageOfPage":{"@id":"https:\/\/expforex.com\/pt\/recommended-brokers\/#primaryimage"},"image":{"@id":"https:\/\/expforex.com\/pt\/recommended-brokers\/#primaryimage"},"thumbnailUrl":"https:\/\/expforex.com\/wp-content\/uploads\/2025\/03\/banner_bg-1.png","datePublished":"2024-01-05T13:12:07+00:00","dateModified":"2025-05-09T05:50:35+00:00","description":"Corretoras e Contas de Negocia\u00e7\u00e3o Recomendadas s\u00e3o uma sele\u00e7\u00e3o de empresas de corretagem confi\u00e1veis e contas de negocia\u00e7\u00e3o \u00f3timas para um sucesso no Forex. Descubra sobre os principais corretores, condi\u00e7\u00f5es favor\u00e1veis e plataformas convenientes que ajudar\u00e3o voc\u00ea a gerenciar efetivamente seus investimentos e alcan\u00e7ar seus objetivos financeiros.","breadcrumb":{"@id":"https:\/\/expforex.com\/pt\/recommended-brokers\/#breadcrumb"},"inLanguage":"pt","potentialAction":[{"@type":"ReadAction","target":["https:\/\/expforex.com\/pt\/recommended-brokers\/"]}]},{"@type":"ImageObject","inLanguage":"pt","@id":"https:\/\/expforex.com\/pt\/recommended-brokers\/#primaryimage","url":"https:\/\/expforex.com\/wp-content\/uploads\/2025\/03\/banner_bg-1.png","contentUrl":"https:\/\/expforex.com\/wp-content\/uploads\/2025\/03\/banner_bg-1.png","width":200,"height":60},{"@type":"BreadcrumbList","@id":"https:\/\/expforex.com\/pt\/recommended-brokers\/#breadcrumb","itemListElement":[{"@type":"ListItem","position":1,"name":"In\u00edcio","item":"https:\/\/expforex.com\/pt\/"},{"@type":"ListItem","position":2,"name":"Corretoras"}]},{"@type":"WebSite","@id":"https:\/\/expforex.com\/pt\/#website","url":"https:\/\/expforex.com\/pt\/","name":"Melhores ideias para MetaTrader","description":"Ampla experi\u00eancia em programa\u00e7\u00e3o de assistentes para MetaTrader, MQL, Forex, Expert Advisor, Indicador, Script, EA, Utilit\u00e1rios, VirtualTradePad, Copylot, Ticksniper, Averager, xCustomEA, X, Duplicator, TesterPad, ExtraReportPad, Assistente, Trade, Trader, Scalping.\n","publisher":{"@id":"https:\/\/expforex.com\/pt\/#\/schema\/person\/0f3104735dd8fd99d5b5ee2e3634b1d5"},"alternateName":"Forex EA","potentialAction":[{"@type":"SearchAction","target":{"@type":"EntryPoint","urlTemplate":"https:\/\/expforex.com\/pt\/?s={search_term_string}"},"query-input":{"@type":"PropertyValueSpecification","valueRequired":true,"valueName":"search_term_string"}}],"inLanguage":"pt"},{"@type":["Person","Organization"],"@id":"https:\/\/expforex.com\/pt\/#\/schema\/person\/0f3104735dd8fd99d5b5ee2e3634b1d5","name":"Expforex Vladislav","image":{"@type":"ImageObject","inLanguage":"pt","@id":"https:\/\/expforex.com\/wp-content\/uploads\/2023\/12\/LOGONEW-2024-2.png","url":"https:\/\/expforex.com\/wp-content\/uploads\/2023\/12\/LOGONEW-2024-2.png","contentUrl":"https:\/\/expforex.com\/wp-content\/uploads\/2023\/12\/LOGONEW-2024-2.png","width":200,"height":200,"caption":"Expforex Vladislav"},"logo":{"@id":"https:\/\/expforex.com\/wp-content\/uploads\/2023\/12\/LOGONEW-2024-2.png"},"sameAs":["https:\/\/www.expforex.com","https:\/\/www.facebook.com\/ExpForex\/","https:\/\/www.youtube.com\/Expforex"],"publishingPrinciples":"https:\/\/expforex.com\/privacy-policy\/"}]}},"_links":{"self":[{"href":"https:\/\/expforex.com\/pt\/wp-json\/wp\/v2\/pages\/54813","targetHints":{"allow":["GET"]}}],"collection":[{"href":"https:\/\/expforex.com\/pt\/wp-json\/wp\/v2\/pages"}],"about":[{"href":"https:\/\/expforex.com\/pt\/wp-json\/wp\/v2\/types\/page"}],"author":[{"embeddable":true,"href":"https:\/\/expforex.com\/pt\/wp-json\/wp\/v2\/users\/2"}],"replies":[{"embeddable":true,"href":"https:\/\/expforex.com\/pt\/wp-json\/wp\/v2\/comments?post=54813"}],"version-history":[{"count":0,"href":"https:\/\/expforex.com\/pt\/wp-json\/wp\/v2\/pages\/54813\/revisions"}],"wp:featuredmedia":[{"embeddable":true,"href":"https:\/\/expforex.com\/pt\/wp-json\/wp\/v2\/media\/88541"}],"wp:attachment":[{"href":"https:\/\/expforex.com\/pt\/wp-json\/wp\/v2\/media?parent=54813"}],"curies":[{"name":"wp","href":"https:\/\/api.w.org\/{rel}","templated":true}]}}