{"id":55794,"date":"2024-03-10T16:23:28","date_gmt":"2024-03-10T16:23:28","guid":{"rendered":"https:\/\/expforex.com\/video-about-expert-advisors-utilities-and-indicators\/"},"modified":"2026-01-31T16:49:38","modified_gmt":"2026-01-31T16:49:38","slug":"video","status":"publish","type":"page","link":"https:\/\/expforex.com\/pt\/video\/","title":{"rendered":"Biblioteca de V\u00eddeos de Forex: Tutoriais &#038; Estrat\u00e9gias de EA para MetaTrader 4 &#038; 5 | Expforex"},"content":{"rendered":"\n<h2 class=\"wp-block-heading\" id=\"h-descubra-o-poder-dos-expert-advisors-utilitarios-e-indicadores-em-nosso-video-informativo\">Descubra o poder dos Expert Advisors, Utilit\u00e1rios e Indicadores em nosso v\u00eddeo informativo.<\/h2>\n\n\n\n<p class=\"\">Aprenda como essas ferramentas podem transformar seu trading e ajud\u00e1-lo a tomar decis\u00f5es inteligentes. N\u00e3o perca esta chance de melhorar suas habilidades de trading. Assista ao nosso v\u00eddeo agora!<\/p>\n\n\n\n<p class=\"\">Tutoriais em v\u00eddeo sobre Forex, instru\u00e7\u00f5es em v\u00eddeo sobre trading Forex, guia em v\u00eddeo para iniciantes em Forex, estrat\u00e9gias de trading Forex em v\u00eddeo, como operar Forex em v\u00eddeo, an\u00e1lise do mercado Forex em v\u00eddeo, trading Forex passo a passo em v\u00eddeo, guia em v\u00eddeo sobre MetaTrader, tutorial em v\u00eddeo sobre indicadores Forex, tutorial em v\u00eddeo sobre Expert Advisors, v\u00eddeo sobre trading automatizado em Forex, como usar MetaTrader em v\u00eddeo, v\u00eddeo de configura\u00e7\u00e3o do MetaTrader, v\u00eddeo sobre gest\u00e3o de risco em Forex, v\u00eddeo sobre an\u00e1lise t\u00e9cnica em Forex, v\u00eddeo sobre padr\u00f5es de gr\u00e1ficos Forex, dicas de trading Forex em v\u00eddeo, ferramentas de trading Forex em v\u00eddeo, v\u00eddeos educativos sobre Forex, v\u00eddeo de trading para iniciantes em Forex, v\u00eddeo de instala\u00e7\u00e3o do MetaTrader, estrat\u00e9gias de trading Forex explicadas em v\u00eddeo, guia em v\u00eddeo sobre sinais de trading, v\u00eddeo de aulas sobre Forex, curso em v\u00eddeo sobre trading Forex, tutorial em v\u00eddeo sobre tend\u00eancias do mercado Forex, guia em v\u00eddeo sobre backtesting Forex, v\u00eddeo sobre rob\u00f4s de trading do MetaTrader, v\u00eddeo sobre conta demo de trading Forex, v\u00eddeo sobre an\u00e1lise fundamental de Forex, v\u00eddeo de configura\u00e7\u00e3o do Expert do MetaTrader, tutorial em v\u00eddeo sobre plataformas de trading.<\/p>\n","protected":false},"excerpt":{"rendered":"<p>Descubra o poder dos Expert Advisors, Utilit\u00e1rios e Indicadores em nosso v\u00eddeo informativo. Aprenda como essas ferramentas podem transformar seu trading e ajud\u00e1-lo a tomar decis\u00f5es inteligentes. N\u00e3o perca esta chance de melhorar suas habilidades de trading. Assista ao nosso<span class=\"excerpt-hellip\"> [\u2026]<\/span><\/p>\n","protected":false},"author":2,"featured_media":55795,"parent":0,"menu_order":0,"comment_status":"closed","ping_status":"closed","template":"","meta":{"_acf_changed":false,"_eb_attr":"","_eb_data_table":"","footnotes":""},"class_list":["post-55794","page","type-page","status-publish","has-post-thumbnail","hentry"],"acf":[],"yoast_head":"<!-- This site is optimized with the Yoast SEO Premium plugin v27.4 (Yoast SEO v27.4) - https:\/\/yoast.com\/product\/yoast-seo-premium-wordpress\/ -->\n<title>Biblioteca de V\u00eddeos de Forex: Tutoriais &amp; Estrat\u00e9gias de EA para MetaTrader 4 &amp; 5 | Expforex - Melhores ideias para MetaTrader<\/title>\n<meta name=\"description\" content=\"\ud83d\udcfa Domine o Trading Automatizado (Automated Trading)! Assista a guias profissionais em v\u00eddeo para MetaTrader 4 &amp; 5. Aprenda a instalar, otimizar e buscar resultados com Expert Advisors, ferramentas de Crypto &amp; Forex.\" \/>\n<meta name=\"robots\" content=\"index, follow, max-snippet:-1, max-image-preview:large, max-video-preview:-1\" \/>\n<link rel=\"canonical\" href=\"https:\/\/expforex.com\/pt\/video\/\" \/>\n<meta property=\"og:locale\" content=\"pt_PT\" \/>\n<meta property=\"og:type\" content=\"article\" \/>\n<meta property=\"og:title\" content=\"Biblioteca de V\u00eddeos de Forex: Tutoriais &amp; Estrat\u00e9gias de EA para MetaTrader 4 &amp; 5 | Expforex\" \/>\n<meta property=\"og:description\" content=\"\ud83d\udcfa Domine o Trading Automatizado (Automated Trading)! Assista a guias profissionais em v\u00eddeo para MetaTrader 4 &amp; 5. Aprenda a instalar, otimizar e buscar resultados com Expert Advisors, ferramentas de Crypto &amp; Forex.\" \/>\n<meta property=\"og:url\" content=\"https:\/\/expforex.com\/pt\/video\/\" \/>\n<meta property=\"og:site_name\" content=\"Melhores ideias para MetaTrader\" \/>\n<meta property=\"article:publisher\" content=\"https:\/\/www.facebook.com\/ExpForex\/\" \/>\n<meta property=\"article:modified_time\" content=\"2026-01-31T16:49:38+00:00\" \/>\n<meta property=\"og:image\" content=\"https:\/\/expforex.com\/wp-content\/uploads\/2024\/09\/youtube-1.png\" \/>\n\t<meta property=\"og:image:width\" content=\"512\" \/>\n\t<meta property=\"og:image:height\" content=\"512\" \/>\n\t<meta property=\"og:image:type\" content=\"image\/png\" \/>\n<meta name=\"twitter:card\" content=\"summary_large_image\" \/>\n<meta name=\"twitter:label1\" content=\"Est. reading time\" \/>\n\t<meta name=\"twitter:data1\" content=\"2 minutes\" \/>\n<script type=\"application\/ld+json\" class=\"yoast-schema-graph\">{\"@context\":\"https:\\\/\\\/schema.org\",\"@graph\":[{\"@type\":\"WebPage\",\"@id\":\"https:\\\/\\\/expforex.com\\\/pt\\\/video\\\/\",\"url\":\"https:\\\/\\\/expforex.com\\\/pt\\\/video\\\/\",\"name\":\"Biblioteca de V\u00eddeos de Forex: Tutoriais & Estrat\u00e9gias de EA para MetaTrader 4 & 5 | Expforex - Melhores ideias para MetaTrader\",\"isPartOf\":{\"@id\":\"https:\\\/\\\/expforex.com\\\/pt\\\/#website\"},\"primaryImageOfPage\":{\"@id\":\"https:\\\/\\\/expforex.com\\\/pt\\\/video\\\/#primaryimage\"},\"image\":{\"@id\":\"https:\\\/\\\/expforex.com\\\/pt\\\/video\\\/#primaryimage\"},\"thumbnailUrl\":\"https:\\\/\\\/expforex.com\\\/wp-content\\\/uploads\\\/2024\\\/09\\\/youtube-1.png\",\"datePublished\":\"2024-03-10T16:23:28+00:00\",\"dateModified\":\"2026-01-31T16:49:38+00:00\",\"description\":\"\ud83d\udcfa Domine o Trading Automatizado (Automated Trading)! Assista a guias profissionais em v\u00eddeo para MetaTrader 4 & 5. Aprenda a instalar, otimizar e buscar resultados com Expert Advisors, ferramentas de Crypto & Forex.\",\"breadcrumb\":{\"@id\":\"https:\\\/\\\/expforex.com\\\/pt\\\/video\\\/#breadcrumb\"},\"inLanguage\":\"pt\",\"potentialAction\":[{\"@type\":\"ReadAction\",\"target\":[\"https:\\\/\\\/expforex.com\\\/pt\\\/video\\\/\"]}]},{\"@type\":\"ImageObject\",\"inLanguage\":\"pt\",\"@id\":\"https:\\\/\\\/expforex.com\\\/pt\\\/video\\\/#primaryimage\",\"url\":\"https:\\\/\\\/expforex.com\\\/wp-content\\\/uploads\\\/2024\\\/09\\\/youtube-1.png\",\"contentUrl\":\"https:\\\/\\\/expforex.com\\\/wp-content\\\/uploads\\\/2024\\\/09\\\/youtube-1.png\",\"width\":512,\"height\":512},{\"@type\":\"BreadcrumbList\",\"@id\":\"https:\\\/\\\/expforex.com\\\/pt\\\/video\\\/#breadcrumb\",\"itemListElement\":[{\"@type\":\"ListItem\",\"position\":1,\"name\":\"In\u00edcio\",\"item\":\"https:\\\/\\\/expforex.com\\\/pt\\\/\"},{\"@type\":\"ListItem\",\"position\":2,\"name\":\"Biblioteca de V\u00eddeos de Forex: Tutoriais &#038; Estrat\u00e9gias de EA para MetaTrader 4 &#038; 5 | Expforex\"}]},{\"@type\":\"WebSite\",\"@id\":\"https:\\\/\\\/expforex.com\\\/pt\\\/#website\",\"url\":\"https:\\\/\\\/expforex.com\\\/pt\\\/\",\"name\":\"Melhores ideias para MetaTrader\",\"description\":\"Ampla experi\u00eancia em programa\u00e7\u00e3o de assistentes para MetaTrader, MQL, Forex, Expert Advisor, Indicador, Script, EA, Utilit\u00e1rios, VirtualTradePad, Copylot, Ticksniper, Averager, xCustomEA, X, Duplicator, TesterPad, ExtraReportPad, Assistente, Trade, Trader, Scalping.\\n\",\"publisher\":{\"@id\":\"https:\\\/\\\/expforex.com\\\/pt\\\/#\\\/schema\\\/person\\\/0f3104735dd8fd99d5b5ee2e3634b1d5\"},\"alternateName\":\"Forex EA\",\"potentialAction\":[{\"@type\":\"SearchAction\",\"target\":{\"@type\":\"EntryPoint\",\"urlTemplate\":\"https:\\\/\\\/expforex.com\\\/pt\\\/?s={search_term_string}\"},\"query-input\":{\"@type\":\"PropertyValueSpecification\",\"valueRequired\":true,\"valueName\":\"search_term_string\"}}],\"inLanguage\":\"pt\"},{\"@type\":[\"Person\",\"Organization\"],\"@id\":\"https:\\\/\\\/expforex.com\\\/pt\\\/#\\\/schema\\\/person\\\/0f3104735dd8fd99d5b5ee2e3634b1d5\",\"name\":\"Expforex Vladislav\",\"image\":{\"@type\":\"ImageObject\",\"inLanguage\":\"pt\",\"@id\":\"https:\\\/\\\/expforex.com\\\/wp-content\\\/uploads\\\/2023\\\/12\\\/LOGONEW-2024-2.png\",\"url\":\"https:\\\/\\\/expforex.com\\\/wp-content\\\/uploads\\\/2023\\\/12\\\/LOGONEW-2024-2.png\",\"contentUrl\":\"https:\\\/\\\/expforex.com\\\/wp-content\\\/uploads\\\/2023\\\/12\\\/LOGONEW-2024-2.png\",\"width\":200,\"height\":200,\"caption\":\"Expforex Vladislav\"},\"logo\":{\"@id\":\"https:\\\/\\\/expforex.com\\\/wp-content\\\/uploads\\\/2023\\\/12\\\/LOGONEW-2024-2.png\"},\"sameAs\":[\"https:\\\/\\\/www.expforex.com\",\"https:\\\/\\\/www.facebook.com\\\/ExpForex\\\/\",\"https:\\\/\\\/www.youtube.com\\\/Expforex\"],\"publishingPrinciples\":\"https:\\\/\\\/expforex.com\\\/privacy-policy\\\/\"}]}<\/script>\n<!-- \/ Yoast SEO Premium plugin. -->","yoast_head_json":{"title":"Biblioteca de V\u00eddeos de Forex: Tutoriais & Estrat\u00e9gias de EA para MetaTrader 4 & 5 | Expforex - Melhores ideias para MetaTrader","description":"\ud83d\udcfa Domine o Trading Automatizado (Automated Trading)! Assista a guias profissionais em v\u00eddeo para MetaTrader 4 & 5. Aprenda a instalar, otimizar e buscar resultados com Expert Advisors, ferramentas de Crypto & Forex.","robots":{"index":"index","follow":"follow","max-snippet":"max-snippet:-1","max-image-preview":"max-image-preview:large","max-video-preview":"max-video-preview:-1"},"canonical":"https:\/\/expforex.com\/pt\/video\/","og_locale":"pt_PT","og_type":"article","og_title":"Biblioteca de V\u00eddeos de Forex: Tutoriais & Estrat\u00e9gias de EA para MetaTrader 4 & 5 | Expforex","og_description":"\ud83d\udcfa Domine o Trading Automatizado (Automated Trading)! Assista a guias profissionais em v\u00eddeo para MetaTrader 4 & 5. Aprenda a instalar, otimizar e buscar resultados com Expert Advisors, ferramentas de Crypto & Forex.","og_url":"https:\/\/expforex.com\/pt\/video\/","og_site_name":"Melhores ideias para MetaTrader","article_publisher":"https:\/\/www.facebook.com\/ExpForex\/","article_modified_time":"2026-01-31T16:49:38+00:00","og_image":[{"width":512,"height":512,"url":"https:\/\/expforex.com\/wp-content\/uploads\/2024\/09\/youtube-1.png","type":"image\/png"}],"twitter_card":"summary_large_image","twitter_misc":{"Est. reading time":"2 minutes"},"schema":{"@context":"https:\/\/schema.org","@graph":[{"@type":"WebPage","@id":"https:\/\/expforex.com\/pt\/video\/","url":"https:\/\/expforex.com\/pt\/video\/","name":"Biblioteca de V\u00eddeos de Forex: Tutoriais & Estrat\u00e9gias de EA para MetaTrader 4 & 5 | Expforex - Melhores ideias para MetaTrader","isPartOf":{"@id":"https:\/\/expforex.com\/pt\/#website"},"primaryImageOfPage":{"@id":"https:\/\/expforex.com\/pt\/video\/#primaryimage"},"image":{"@id":"https:\/\/expforex.com\/pt\/video\/#primaryimage"},"thumbnailUrl":"https:\/\/expforex.com\/wp-content\/uploads\/2024\/09\/youtube-1.png","datePublished":"2024-03-10T16:23:28+00:00","dateModified":"2026-01-31T16:49:38+00:00","description":"\ud83d\udcfa Domine o Trading Automatizado (Automated Trading)! Assista a guias profissionais em v\u00eddeo para MetaTrader 4 & 5. Aprenda a instalar, otimizar e buscar resultados com Expert Advisors, ferramentas de Crypto & Forex.","breadcrumb":{"@id":"https:\/\/expforex.com\/pt\/video\/#breadcrumb"},"inLanguage":"pt","potentialAction":[{"@type":"ReadAction","target":["https:\/\/expforex.com\/pt\/video\/"]}]},{"@type":"ImageObject","inLanguage":"pt","@id":"https:\/\/expforex.com\/pt\/video\/#primaryimage","url":"https:\/\/expforex.com\/wp-content\/uploads\/2024\/09\/youtube-1.png","contentUrl":"https:\/\/expforex.com\/wp-content\/uploads\/2024\/09\/youtube-1.png","width":512,"height":512},{"@type":"BreadcrumbList","@id":"https:\/\/expforex.com\/pt\/video\/#breadcrumb","itemListElement":[{"@type":"ListItem","position":1,"name":"In\u00edcio","item":"https:\/\/expforex.com\/pt\/"},{"@type":"ListItem","position":2,"name":"Biblioteca de V\u00eddeos de Forex: Tutoriais &#038; Estrat\u00e9gias de EA para MetaTrader 4 &#038; 5 | Expforex"}]},{"@type":"WebSite","@id":"https:\/\/expforex.com\/pt\/#website","url":"https:\/\/expforex.com\/pt\/","name":"Melhores ideias para MetaTrader","description":"Ampla experi\u00eancia em programa\u00e7\u00e3o de assistentes para MetaTrader, MQL, Forex, Expert Advisor, Indicador, Script, EA, Utilit\u00e1rios, VirtualTradePad, Copylot, Ticksniper, Averager, xCustomEA, X, Duplicator, TesterPad, ExtraReportPad, Assistente, Trade, Trader, Scalping.\n","publisher":{"@id":"https:\/\/expforex.com\/pt\/#\/schema\/person\/0f3104735dd8fd99d5b5ee2e3634b1d5"},"alternateName":"Forex EA","potentialAction":[{"@type":"SearchAction","target":{"@type":"EntryPoint","urlTemplate":"https:\/\/expforex.com\/pt\/?s={search_term_string}"},"query-input":{"@type":"PropertyValueSpecification","valueRequired":true,"valueName":"search_term_string"}}],"inLanguage":"pt"},{"@type":["Person","Organization"],"@id":"https:\/\/expforex.com\/pt\/#\/schema\/person\/0f3104735dd8fd99d5b5ee2e3634b1d5","name":"Expforex Vladislav","image":{"@type":"ImageObject","inLanguage":"pt","@id":"https:\/\/expforex.com\/wp-content\/uploads\/2023\/12\/LOGONEW-2024-2.png","url":"https:\/\/expforex.com\/wp-content\/uploads\/2023\/12\/LOGONEW-2024-2.png","contentUrl":"https:\/\/expforex.com\/wp-content\/uploads\/2023\/12\/LOGONEW-2024-2.png","width":200,"height":200,"caption":"Expforex Vladislav"},"logo":{"@id":"https:\/\/expforex.com\/wp-content\/uploads\/2023\/12\/LOGONEW-2024-2.png"},"sameAs":["https:\/\/www.expforex.com","https:\/\/www.facebook.com\/ExpForex\/","https:\/\/www.youtube.com\/Expforex"],"publishingPrinciples":"https:\/\/expforex.com\/privacy-policy\/"}]}},"_links":{"self":[{"href":"https:\/\/expforex.com\/pt\/wp-json\/wp\/v2\/pages\/55794","targetHints":{"allow":["GET"]}}],"collection":[{"href":"https:\/\/expforex.com\/pt\/wp-json\/wp\/v2\/pages"}],"about":[{"href":"https:\/\/expforex.com\/pt\/wp-json\/wp\/v2\/types\/page"}],"author":[{"embeddable":true,"href":"https:\/\/expforex.com\/pt\/wp-json\/wp\/v2\/users\/2"}],"replies":[{"embeddable":true,"href":"https:\/\/expforex.com\/pt\/wp-json\/wp\/v2\/comments?post=55794"}],"version-history":[{"count":1,"href":"https:\/\/expforex.com\/pt\/wp-json\/wp\/v2\/pages\/55794\/revisions"}],"predecessor-version":[{"id":146874,"href":"https:\/\/expforex.com\/pt\/wp-json\/wp\/v2\/pages\/55794\/revisions\/146874"}],"wp:featuredmedia":[{"embeddable":true,"href":"https:\/\/expforex.com\/pt\/wp-json\/wp\/v2\/media\/55795"}],"wp:attachment":[{"href":"https:\/\/expforex.com\/pt\/wp-json\/wp\/v2\/media?parent=55794"}],"curies":[{"name":"wp","href":"https:\/\/api.w.org\/{rel}","templated":true}]}}