{"id":57419,"date":"2023-08-05T08:26:42","date_gmt":"2023-08-05T08:26:42","guid":{"rendered":"https:\/\/expforex.com\/disclaimer\/"},"modified":"2026-01-09T17:48:17","modified_gmt":"2026-01-09T17:48:17","slug":"disclaimer","status":"publish","type":"page","link":"https:\/\/expforex.com\/pt\/disclaimer\/","title":{"rendered":"Isen\u00e7\u00e3o de responsabilidade"},"content":{"rendered":"<h2><span data-preserver-spaces=\"true\">Isen\u00e7\u00e3o de responsabilidade. Declara\u00e7\u00e3o de isen\u00e7\u00e3o de responsabilidade e direitos de propriedade intelectual<\/span><\/h2>\n<h3><strong>Aviso legal<\/strong><\/h3>\n<p><span data-preserver-spaces=\"true\">Este aviso legal (\u201cAviso Legal\u201d) estabelece as regras para o uso deste site (\u201cSite\u201d). Ao usar este Site, voc\u00ea indica sua concord\u00e2ncia com as regulamenta\u00e7\u00f5es estabelecidas no Aviso Legal. Os propriet\u00e1rios dos recursos t\u00eam o direito de fazer altera\u00e7\u00f5es nas regras estabelecidas por este Aviso Legal a qualquer momento, com efeito imediato. Seu uso cont\u00ednuo do Site ap\u00f3s as altera\u00e7\u00f5es constitui seu acordo em se sujeitar \u00e0s novas regras. Por favor, visite esta p\u00e1gina regularmente para revisar os termos atuais do Aviso Legal.<\/span><\/p>\n<h2><strong>Propriedade intelectual<\/strong><\/h2>\n<p><span data-preserver-spaces=\"true\">Todos os direitos autorais e outros direitos sobre os resultados da atividade intelectual localizados no Site e em seu Conte\u00fado, incluindo (sem limita\u00e7\u00e3o) textos e c\u00f3digos (\u201cConte\u00fado\u201d) dispon\u00edveis no Site, pertencem aos Propriet\u00e1rios do recurso. Salvo disposi\u00e7\u00e3o em contr\u00e1rio, voc\u00ea pode visualizar, copiar e imprimir o Conte\u00fado apenas para seu uso, desde que todas as c\u00f3pias e impress\u00f5es do Conte\u00fado incluam os avisos de direitos autorais e outros direitos de propriedade exibidos no Site. No caso de publica\u00e7\u00e3o do Conte\u00fado em outros recursos da Internet, voc\u00ea se compromete a inserir um link hipertexto selecionado a partir da lista de condi\u00e7\u00f5es para c\u00f3pia de materiais. Os propriet\u00e1rios do recurso reservam o direito (mas n\u00e3o s\u00e3o obrigados) a alterar o Conte\u00fado a qualquer momento.<\/span><\/p>\n<h2><strong>Declara\u00e7\u00e3o de isen\u00e7\u00e3o de responsabilidade<\/strong><\/h2>\n<p><span data-preserver-spaces=\"true\">O acesso ao Site e o uso de seu Conte\u00fado \u00e9 por sua conta e risco. Embora os Propriet\u00e1rios do Recurso adotem medidas razo\u00e1veis para garantir a precis\u00e3o e relev\u00e2ncia do Conte\u00fado, eles n\u00e3o aceitam responsabilidade pelas a\u00e7\u00f5es de pessoas ou organiza\u00e7\u00f5es realizadas direta ou indiretamente com base nas informa\u00e7\u00f5es dispon\u00edveis no Site ou obtidas por meio dele, tanto fornecidas pelos Propriet\u00e1rios do Recurso quanto por terceiros. O Site e o Conte\u00fado s\u00e3o fornecidos &#8220;como est\u00e3o&#8221;, e os Propriet\u00e1rios do Site n\u00e3o fazem declara\u00e7\u00f5es ou garantias de qualquer tipo em rela\u00e7\u00e3o ao Site e ao Conte\u00fado, incluindo, sem limita\u00e7\u00e3o, pontualidade, atualidade, precis\u00e3o, completude, confiabilidade, disponibilidade ou adequa\u00e7\u00e3o. Para qualquer finalidade espec\u00edfica do Site e do Conte\u00fado, em rela\u00e7\u00e3o a se o uso do Site ser\u00e1 livre de erros, seguro e ininterrupto, se os Propriet\u00e1rios do Recurso corrigir\u00e3o quaisquer erros, ou se o Site estar\u00e1 livre de v\u00edrus ou outros c\u00f3digos prejudiciais, e se o Conte\u00fado e o Site n\u00e3o violam os direitos de terceiros. Na medida do poss\u00edvel, de acordo com a legisla\u00e7\u00e3o aplic\u00e1vel, os Propriet\u00e1rios do Recurso isentam-se de quaisquer declara\u00e7\u00f5es e garantias que possam ser impl\u00edcitas e renunciam a qualquer responsabilidade em rela\u00e7\u00e3o ao Site, ao Conte\u00fado e ao seu uso.<\/span><\/p>\n<h2><strong>Sites de terceiros<\/strong><\/h2>\n<p><span data-preserver-spaces=\"true\">O Site pode conter links hipertextuais para sites de terceiros. Os propriet\u00e1rios do recurso fornecem esses links para sua conveni\u00eancia e n\u00e3o controlam os sites que voc\u00ea pode acessar ou navegar. Os propriet\u00e1rios do recurso n\u00e3o apoiam, patrocinam, endossam ou de outra forma aceitam responsabilidade por sites de terceiros, seu Conte\u00fado e disponibilidade. Em particular, os Propriet\u00e1rios do Recurso n\u00e3o aceitam responsabilidade pela viola\u00e7\u00e3o dos direitos de propriedade intelectual de qualquer pessoa em sites de terceiros ou responsabilidade em conex\u00e3o com qualquer informa\u00e7\u00e3o ou opini\u00e3o dispon\u00edvel nesses sites.<\/span><\/p>\n<p><span data-preserver-spaces=\"true\">\u00a0<\/span><\/p>\n<h2><span data-preserver-spaces=\"true\">Negocia\u00e7\u00e3o de c\u00e2mbio<br \/>\n<\/span><\/h2>\n<p>A negocia\u00e7\u00e3o de c\u00e2mbio com margem envolve um alto n\u00edvel de risco e pode n\u00e3o ser adequada para todos os investidores. O alto grau de alavancagem pode trabalhar contra voc\u00ea assim como a seu favor. Antes de decidir investir em c\u00e2mbio, voc\u00ea deve considerar cuidadosamente seus objetivos de investimento, n\u00edvel de experi\u00eancia e apetite ao risco.<\/p>\n<p>Decis\u00f5es de comprar, vender, manter ou negociar t\u00edtulos e outros investimentos envolvem risco e s\u00e3o melhor tomadas com base no aconselhamento de profissionais financeiros qualificados. Qualquer negocia\u00e7\u00e3o em t\u00edtulos ou outros investimentos envolve um risco de perdas substanciais. A pr\u00e1tica de \u201cDay Trading\u201d envolve riscos particularmente altos e pode causar perdas substanciais de dinheiro. Antes de realizar qualquer programa de negocia\u00e7\u00e3o, voc\u00ea deve consultar um profissional financeiro qualificado. Considere cuidadosamente se tal negocia\u00e7\u00e3o \u00e9 adequada para voc\u00ea \u00e0 luz de sua condi\u00e7\u00e3o financeira e capacidade de suportar riscos financeiros.<\/p>\n<p>Nenhuma informa\u00e7\u00e3o ou opini\u00e3o contida neste site deve ser considerada como uma solicita\u00e7\u00e3o ou oferta para comprar ou vender qualquer moeda, a\u00e7\u00e3o ou outros instrumentos financeiros ou servi\u00e7os. As opini\u00f5es expressas em\u00a0<b>Expforex.com<\/b>\u00a0s\u00e3o de responsabilidade dos autores individuais e n\u00e3o representam necessariamente a opini\u00e3o de\u00a0<b>Expforex.com<\/b>\u00a0ou sua administra\u00e7\u00e3o.\u00a0<b>E<u>xpfore<\/u>x.com<\/b>\u00a0n\u00e3o verificou a precis\u00e3o ou a base factual de qualquer alega\u00e7\u00e3o ou declara\u00e7\u00e3o feita por qualquer autor independente.\u00a0<b>expforex.com<\/b>\u00a0n\u00e3o aceitar\u00e1 responsabilidade por qualquer perda ou dano, incluindo, sem limita\u00e7\u00e3o, qualquer perda de lucro, que possa surgir direta ou indiretamente do uso ou confian\u00e7a nas informa\u00e7\u00f5es contidas neste site. O desempenho passado n\u00e3o \u00e9 uma indica\u00e7\u00e3o ou garantia de desempenho futuro.<\/p>\n<p>As opini\u00f5es expressas em nossos coment\u00e1rios de leitores e conte\u00fado gerado por usu\u00e1rios refletem as opini\u00f5es de seus respectivos autores. A negocia\u00e7\u00e3o de c\u00e2mbio envolve um risco significativo de perda. Sempre fa\u00e7a sua devida dilig\u00eancia antes de tomar uma decis\u00e3o de investimento.<\/p>\n<p>As informa\u00e7\u00f5es em\u00a0<b>expforex.com<\/b>, o software fornecido no site e todas as p\u00e1ginas de gr\u00e1ficos s\u00e3o compiladas para a conveni\u00eancia dos visitantes do site.\u00a0<b>expforex.com<\/b>\u00a0fornece essas informa\u00e7\u00f5es sem responsabilidade pela precis\u00e3o, e s\u00e3o aceitas pelo visitante do site com a condi\u00e7\u00e3o de que erros de transmiss\u00e3o ou omiss\u00f5es n\u00e3o ser\u00e3o a base para qualquer reclama\u00e7\u00e3o, demanda ou causa de a\u00e7\u00e3o. As informa\u00e7\u00f5es e dados foram obtidos de fontes consideradas confi\u00e1veis, mas n\u00e3o garantimos sua precis\u00e3o.<\/p>\n<p>Este site cont\u00e9m links para sites que n\u00e3o s\u00e3o mantidos por\u00a0<b>expforex.com<\/b>. Links para sites de terceiros s\u00e3o fornecidos para sua conveni\u00eancia e informa\u00e7\u00e3o apenas. Sites de terceiros n\u00e3o est\u00e3o sob o controle de\u00a0<b>expforex.com<\/b>, e n\u00e3o somos respons\u00e1veis pelo conte\u00fado ou precis\u00e3o desses sites ou pelos produtos ou servi\u00e7os oferecidos neles ou por meio deles. A inclus\u00e3o de um link neste site n\u00e3o implica o endosse de\u00a0<b>expforex.com<\/b>\u00a0ao site de terceiros.<\/p>\n<p>Os corretores compensam\u00a0<b>expforex.com<\/b>, mencionados neste site.<\/p>\n<p>VOC\u00ca CONCORDA EXPRESSAMENTE QUE O USO DOS SERVI\u00c7OS DO\u00a0<b>EXPFOREX.COM<\/b>\u00a0\u00c9 POR SUA CONTA E RISCO. O SITE, O SOFTWARE E OS SERVI\u00c7OS S\u00c3O FORNECIDOS EM BASE &#8220;COMO EST\u00c3O&#8221;. N\u00c3O H\u00c1 GARANTIA PARA O SOFTWARE BAIXADO DO SITE NA MEDIDA PERMITIDA PELA LEGISLA\u00c7\u00c3O APLIC\u00c1VEL. TODO O RISCO QUANTO \u00c0 QUALIDADE E DESEMPENHO DO SOFTWARE \u00c9 SEU. SE O PROGRAMA SE PROVAR DEFECTIVO, VOC\u00ca ASSUME O CUSTO DE TODOS OS SERVI\u00c7OS, REPAROS OU CORRE\u00c7\u00d5ES NECESS\u00c1RIOS.<\/p>\n<p>INDEPENDENTEMENTE DO TIPO DE REIVINDICA\u00c7\u00c3O OU DA NATUREZA DA CAUSA DE A\u00c7\u00c3O, VOC\u00ca CONCORDA QUE EM NENHUM CASO O\u00a0<b>EXPFOREX.COM<\/b>, SEUS AFILIADOS, CONTRATADOS, FORNECEDORES DE SERVI\u00c7OS, EMPREGADOS, AGENTES OU LICENCIADORES, OU QUALQUER OUTRA PARTE ENVOLVIDA NA CRIA\u00c7\u00c3O, PRODU\u00c7\u00c3O OU ENTREGA DOS SERVI\u00c7OS, TECNOLOGIA OU CONTE\u00daDO DISPON\u00cdVEL NOS SERVI\u00c7OS, SER\u00c1 RESPONS\u00c1VEL PERANTE VOC\u00ca DE QUALQUER MANEIRA.<\/p>\n<p>SEU \u00daNICO E EXCLUSIVO RECURSO COM RELA\u00c7\u00c3O AO USO DE QUAISQUER SERVI\u00c7OS FORNECIDOS PELO\u00a0<b>EXPFOREX.COM<\/b>\u00a0SER\u00c1 O CANCELAMENTO DE SUA ASSOCIA\u00c7\u00c3O AOS SERVI\u00c7OS. ALGUMAS JURISDI\u00c7\u00d5ES N\u00c3O PERMITEM A LIMITA\u00c7\u00c3O OU EXCLUS\u00c3O DE RESPONSABILIDADE POR DANOS INCIDENTAIS OU CONSEQUENCIAIS; NESSAS JURISDI\u00c7\u00d5ES, NOSSA RESPONSABILIDADE SER\u00c1 LIMITADA AO M\u00c1XIMO PERMITIDO POR LEI.<\/p>\n<p><b>Alguns de nossos servi\u00e7os e Consultores Especializados (Utilit\u00e1rios, Ea, Indicadores, Scripts, Consultores Especializados, bibliotecas)\u00a0<\/b>s\u00e3o trabalhos em andamento e reservamos o direito de alterar, modificar e at\u00e9 descontinuar esses a nosso exclusivo crit\u00e9rio. Ao postar conte\u00fado em nossos sites ou de qualquer outra forma contribuir para nosso servi\u00e7o, voc\u00ea concorda que temos uma licen\u00e7a perp\u00e9tua e ilimitada para republicar qualquer coisa que voc\u00ea poste ou transmita, ou derivados disso, por meio do servi\u00e7o. Temos o direito de, sem aviso pr\u00e9vio e a nosso exclusivo crit\u00e9rio, remover qualquer postagem, encerrar qualquer associa\u00e7\u00e3o ou tomar qualquer a\u00e7\u00e3o por violar as regras e condi\u00e7\u00f5es estabelecidas nesta p\u00e1gina.<\/p>\n<p><b>Pedimos que voc\u00ea use nossos servi\u00e7os de maneira legal, civil e justa. Voc\u00ea n\u00e3o pode, por exemplo:<\/b><\/p>\n<p>Postar, transmitir ou vincular a qualquer conte\u00fado que seja disruptivo, incivil, abusivo, vulgar, profano, obsceno, odioso, sexualmente expl\u00edcito, spam, marketing, promo\u00e7\u00e3o de produtos ou servi\u00e7os, fraudulento, amea\u00e7ador, assediante, difamat\u00f3rio, ou que divulgue assuntos privados ou pessoais de qualquer pessoa;<\/p>\n<p>Postar ou transmitir qualquer material que voc\u00ea n\u00e3o tenha o direito de transmitir por lei (como direitos autorais, segredos comerciais ou valores mobili\u00e1rios) ou rela\u00e7\u00f5es contratuais ou fiduci\u00e1rias (como acordos de n\u00e3o divulga\u00e7\u00e3o);<\/p>\n<p>Violar qualquer lei ou regulamento aplic\u00e1vel ao acessar e usar nossos sites, incluindo, sem limita\u00e7\u00e3o, as regras e regulamentos da Comiss\u00e3o de Valores Mobili\u00e1rios dos EUA, da Associa\u00e7\u00e3o Nacional de Futuros, da CFTC e das bolsas de valores nacionais ou outras (especialmente e incluindo a regra contra fazer declara\u00e7\u00f5es falsas ou enganosas para manipular o pre\u00e7o de qualquer t\u00edtulo);<\/p>\n<p>Oferecer, vender ou comprar qualquer t\u00edtulo, produto ou instrumento financeiro;<\/p>\n<p>Tomar qualquer a\u00e7\u00e3o que imponha uma carga excessivamente grande ou desproporcional sobre nossa infraestrutura ou que interrompa ou danifique o funcionamento de nossos sistemas ou servi\u00e7os;<\/p>\n<p>Usar qualquer conte\u00fado do Expforex.com sem nossa aprova\u00e7\u00e3o por escrito.<\/p>\n<p>Por favor, mantenha a confidencialidade de sua senha. Entre em contato conosco se voc\u00ea encontrar ou ouvir sobre qualquer atividade suspeita relacionada ao uso de nossos servi\u00e7os. N\u00e3o seremos respons\u00e1veis por qualquer perda sua decorrente do uso n\u00e3o autorizado de seus dados. Voc\u00ea pode criar apenas uma (1) conta para usar com nossos servi\u00e7os, ou seja, uma conta por pessoa.<\/p>\n<p>Os resultados de desempenho neste site s\u00e3o hipot\u00e9ticos e a Expforex.com n\u00e3o faz declara\u00e7\u00f5es de que esses resultados refletem negocia\u00e7\u00f5es em uma conta real. De fato, muitos de nossos membros usam chamadas contas demo, que podem n\u00e3o estar sujeitas a taxas de corretagem, comiss\u00f5es, chamadas de margem e outros fatores que afetariam negativamente o desempenho da negocia\u00e7\u00e3o em uma conta real. Al\u00e9m disso, os resultados apresentados refletem apenas negocia\u00e7\u00f5es conclu\u00eddas e n\u00e3o levam em conta quaisquer perdas ou ganhos de posi\u00e7\u00f5es abertas.<\/p>\n<p>RESULTADOS DE DESEMPENHO HIPOT\u00c9TICO T\u00caM MUITAS LIMITA\u00c7\u00d5ES INERENTES, ALGUMAS DAS QUAIS S\u00c3O DESCRITAS ABAIXO. NENHUMA REPRESENTA\u00c7\u00c3O EST\u00c1 SENDO FEITA DE QUE QUALQUER CONTA CONSEGUIR\u00c1 OU \u00c9 PROV\u00c1VEL QUE ALCANCE LUCROS OU PERDAS SIMILARES AOS MOSTRADOS. DE FATO, FREQUENTEMENTE H\u00c1 DIFEREN\u00c7AS AGUDAS ENTRE RESULTADOS DE DESEMPENHO HIPOT\u00c9TICO E OS RESULTADOS REAIS ALCAN\u00c7ADOS SUBSEQUENTEMENTE POR QUALQUER PROGRAMA DE NEGOCIA\u00c7\u00c3O ESPEC\u00cdFICO.<\/p>\n<p>UMA DAS LIMITA\u00c7\u00d5ES DOS RESULTADOS DE DESEMPENHO HIPOT\u00c9TICO \u00c9 QUE ELES S\u00c3O GERALMENTE PREPARADOS COM O BENEF\u00cdCIO DA RETROSPECTIVA. AL\u00c9M DISSO, A NEGOCIA\u00c7\u00c3O HIPOT\u00c9TICA N\u00c3O ENVOLVE RISCO FINANCEIRO, E NENHUM REGISTRO DE NEGOCIA\u00c7\u00c3O HIPOT\u00c9TICA PODE LEVAR EM CONTA COMPLETAMENTE O IMPACTO DO RISCO FINANCEIRO NA NEGOCIA\u00c7\u00c3O REAL. POR EXEMPLO, A CAPACIDADE DE SUPORTAR PERDAS OU DE ADERIR A UM PROGRAMA DE NEGOCIA\u00c7\u00c3O ESPEC\u00cdFICO, MALGRADO AS PERDAS DE NEGOCIA\u00c7\u00c3O, S\u00c3O PONTOS MATERIAIS QUE TAMB\u00c9M PODEM AFETAR NEGATIVAMENTE OS RESULTADOS DE NEGOCIA\u00c7\u00c3O REAIS. H\u00c1 V\u00c1RIOS OUTROS FATORES RELACIONADOS AOS MERCADOS EM GERAL OU \u00c0 IMPLEMENTA\u00c7\u00c3O DE QUALQUER PROGRAMA DE NEGOCIA\u00c7\u00c3O ESPEC\u00cdFICO QUE N\u00c3O PODEM SER TOTALMENTE CONSIDERADOS NA PREPARA\u00c7\u00c3O DE RESULTADOS DE DESEMPENHO HIPOT\u00c9TICO, TODOS OS QUAIS PODEM AFETAR NEGATIVAMENTE OS RESULTADOS DE NEGOCIA\u00c7\u00c3O REAIS.<\/p>\n","protected":false},"excerpt":{"rendered":"<p>Uma isen\u00e7\u00e3o de responsabilidade \u00e9 uma declara\u00e7\u00e3o na qual uma pessoa diz que n\u00e3o sabia sobre algo ou que n\u00e3o \u00e9 respons\u00e1vel por algo.<\/p>\n","protected":false},"author":2,"featured_media":0,"parent":0,"menu_order":0,"comment_status":"closed","ping_status":"closed","template":"","meta":{"_acf_changed":false,"_eb_attr":"","_eb_data_table":"","footnotes":""},"class_list":["post-57419","page","type-page","status-publish","hentry"],"acf":[],"yoast_head":"<!-- This site is optimized with the Yoast SEO Premium plugin v27.3 (Yoast SEO v27.3) - https:\/\/yoast.com\/product\/yoast-seo-premium-wordpress\/ -->\n<title>Isen\u00e7\u00e3o de responsabilidade<\/title>\n<meta name=\"description\" content=\"Uma isen\u00e7\u00e3o de responsabilidade \u00e9 uma declara\u00e7\u00e3o na qual uma pessoa diz que n\u00e3o sabia sobre algo ou que n\u00e3o \u00e9 respons\u00e1vel por algo.\" \/>\n<meta name=\"robots\" content=\"index, follow, max-snippet:-1, max-image-preview:large, max-video-preview:-1\" \/>\n<link rel=\"canonical\" href=\"https:\/\/expforex.com\/pt\/disclaimer\/\" \/>\n<meta property=\"og:locale\" content=\"pt_PT\" \/>\n<meta property=\"og:type\" content=\"article\" \/>\n<meta property=\"og:title\" content=\"Isen\u00e7\u00e3o de responsabilidade\" \/>\n<meta property=\"og:description\" content=\"Uma isen\u00e7\u00e3o de responsabilidade \u00e9 uma declara\u00e7\u00e3o na qual uma pessoa diz que n\u00e3o sabia sobre algo ou que n\u00e3o \u00e9 respons\u00e1vel por algo.\" \/>\n<meta property=\"og:url\" content=\"https:\/\/expforex.com\/pt\/disclaimer\/\" \/>\n<meta property=\"og:site_name\" content=\"Melhores ideias para MetaTrader\" \/>\n<meta property=\"article:publisher\" content=\"https:\/\/www.facebook.com\/ExpForex\/\" \/>\n<meta property=\"article:modified_time\" content=\"2026-01-09T17:48:17+00:00\" \/>\n<meta property=\"og:image\" content=\"https:\/\/expforex.com\/wp-content\/uploads\/2023\/12\/LOGONEW-2024-2.png\" \/>\n\t<meta property=\"og:image:width\" content=\"200\" \/>\n\t<meta property=\"og:image:height\" content=\"200\" \/>\n\t<meta property=\"og:image:type\" content=\"image\/png\" \/>\n<meta name=\"twitter:card\" content=\"summary_large_image\" \/>\n<meta name=\"twitter:label1\" content=\"Est. reading time\" \/>\n\t<meta name=\"twitter:data1\" content=\"8 minutes\" \/>\n<script type=\"application\/ld+json\" class=\"yoast-schema-graph\">{\"@context\":\"https:\\\/\\\/schema.org\",\"@graph\":[{\"@type\":\"WebPage\",\"@id\":\"https:\\\/\\\/expforex.com\\\/pt\\\/disclaimer\\\/\",\"url\":\"https:\\\/\\\/expforex.com\\\/pt\\\/disclaimer\\\/\",\"name\":\"Isen\u00e7\u00e3o de responsabilidade\",\"isPartOf\":{\"@id\":\"https:\\\/\\\/expforex.com\\\/pt\\\/#website\"},\"datePublished\":\"2023-08-05T08:26:42+00:00\",\"dateModified\":\"2026-01-09T17:48:17+00:00\",\"description\":\"Uma isen\u00e7\u00e3o de responsabilidade \u00e9 uma declara\u00e7\u00e3o na qual uma pessoa diz que n\u00e3o sabia sobre algo ou que n\u00e3o \u00e9 respons\u00e1vel por algo.\",\"breadcrumb\":{\"@id\":\"https:\\\/\\\/expforex.com\\\/pt\\\/disclaimer\\\/#breadcrumb\"},\"inLanguage\":\"pt\",\"potentialAction\":[{\"@type\":\"ReadAction\",\"target\":[\"https:\\\/\\\/expforex.com\\\/pt\\\/disclaimer\\\/\"]}]},{\"@type\":\"BreadcrumbList\",\"@id\":\"https:\\\/\\\/expforex.com\\\/pt\\\/disclaimer\\\/#breadcrumb\",\"itemListElement\":[{\"@type\":\"ListItem\",\"position\":1,\"name\":\"In\u00edcio\",\"item\":\"https:\\\/\\\/expforex.com\\\/pt\\\/\"},{\"@type\":\"ListItem\",\"position\":2,\"name\":\"Isen\u00e7\u00e3o de responsabilidade\"}]},{\"@type\":\"WebSite\",\"@id\":\"https:\\\/\\\/expforex.com\\\/pt\\\/#website\",\"url\":\"https:\\\/\\\/expforex.com\\\/pt\\\/\",\"name\":\"Melhores ideias para MetaTrader\",\"description\":\"Ampla experi\u00eancia em programa\u00e7\u00e3o de assistentes para MetaTrader, MQL, Forex, Expert Advisor, Indicador, Script, EA, Utilit\u00e1rios, VirtualTradePad, Copylot, Ticksniper, Averager, xCustomEA, X, Duplicator, TesterPad, ExtraReportPad, Assistente, Trade, Trader, Scalping.\\n\",\"publisher\":{\"@id\":\"https:\\\/\\\/expforex.com\\\/pt\\\/#\\\/schema\\\/person\\\/0f3104735dd8fd99d5b5ee2e3634b1d5\"},\"alternateName\":\"Forex EA\",\"potentialAction\":[{\"@type\":\"SearchAction\",\"target\":{\"@type\":\"EntryPoint\",\"urlTemplate\":\"https:\\\/\\\/expforex.com\\\/pt\\\/?s={search_term_string}\"},\"query-input\":{\"@type\":\"PropertyValueSpecification\",\"valueRequired\":true,\"valueName\":\"search_term_string\"}}],\"inLanguage\":\"pt\"},{\"@type\":[\"Person\",\"Organization\"],\"@id\":\"https:\\\/\\\/expforex.com\\\/pt\\\/#\\\/schema\\\/person\\\/0f3104735dd8fd99d5b5ee2e3634b1d5\",\"name\":\"Expforex Vladislav\",\"image\":{\"@type\":\"ImageObject\",\"inLanguage\":\"pt\",\"@id\":\"https:\\\/\\\/expforex.com\\\/wp-content\\\/uploads\\\/2023\\\/12\\\/LOGONEW-2024-2.png\",\"url\":\"https:\\\/\\\/expforex.com\\\/wp-content\\\/uploads\\\/2023\\\/12\\\/LOGONEW-2024-2.png\",\"contentUrl\":\"https:\\\/\\\/expforex.com\\\/wp-content\\\/uploads\\\/2023\\\/12\\\/LOGONEW-2024-2.png\",\"width\":200,\"height\":200,\"caption\":\"Expforex Vladislav\"},\"logo\":{\"@id\":\"https:\\\/\\\/expforex.com\\\/wp-content\\\/uploads\\\/2023\\\/12\\\/LOGONEW-2024-2.png\"},\"sameAs\":[\"https:\\\/\\\/www.expforex.com\",\"https:\\\/\\\/www.facebook.com\\\/ExpForex\\\/\",\"https:\\\/\\\/www.youtube.com\\\/Expforex\"],\"publishingPrinciples\":\"https:\\\/\\\/expforex.com\\\/privacy-policy\\\/\"}]}<\/script>\n<!-- \/ Yoast SEO Premium plugin. -->","yoast_head_json":{"title":"Isen\u00e7\u00e3o de responsabilidade","description":"Uma isen\u00e7\u00e3o de responsabilidade \u00e9 uma declara\u00e7\u00e3o na qual uma pessoa diz que n\u00e3o sabia sobre algo ou que n\u00e3o \u00e9 respons\u00e1vel por algo.","robots":{"index":"index","follow":"follow","max-snippet":"max-snippet:-1","max-image-preview":"max-image-preview:large","max-video-preview":"max-video-preview:-1"},"canonical":"https:\/\/expforex.com\/pt\/disclaimer\/","og_locale":"pt_PT","og_type":"article","og_title":"Isen\u00e7\u00e3o de responsabilidade","og_description":"Uma isen\u00e7\u00e3o de responsabilidade \u00e9 uma declara\u00e7\u00e3o na qual uma pessoa diz que n\u00e3o sabia sobre algo ou que n\u00e3o \u00e9 respons\u00e1vel por algo.","og_url":"https:\/\/expforex.com\/pt\/disclaimer\/","og_site_name":"Melhores ideias para MetaTrader","article_publisher":"https:\/\/www.facebook.com\/ExpForex\/","article_modified_time":"2026-01-09T17:48:17+00:00","og_image":[{"width":200,"height":200,"url":"https:\/\/expforex.com\/wp-content\/uploads\/2023\/12\/LOGONEW-2024-2.png","type":"image\/png"}],"twitter_card":"summary_large_image","twitter_misc":{"Est. reading time":"8 minutes"},"schema":{"@context":"https:\/\/schema.org","@graph":[{"@type":"WebPage","@id":"https:\/\/expforex.com\/pt\/disclaimer\/","url":"https:\/\/expforex.com\/pt\/disclaimer\/","name":"Isen\u00e7\u00e3o de responsabilidade","isPartOf":{"@id":"https:\/\/expforex.com\/pt\/#website"},"datePublished":"2023-08-05T08:26:42+00:00","dateModified":"2026-01-09T17:48:17+00:00","description":"Uma isen\u00e7\u00e3o de responsabilidade \u00e9 uma declara\u00e7\u00e3o na qual uma pessoa diz que n\u00e3o sabia sobre algo ou que n\u00e3o \u00e9 respons\u00e1vel por algo.","breadcrumb":{"@id":"https:\/\/expforex.com\/pt\/disclaimer\/#breadcrumb"},"inLanguage":"pt","potentialAction":[{"@type":"ReadAction","target":["https:\/\/expforex.com\/pt\/disclaimer\/"]}]},{"@type":"BreadcrumbList","@id":"https:\/\/expforex.com\/pt\/disclaimer\/#breadcrumb","itemListElement":[{"@type":"ListItem","position":1,"name":"In\u00edcio","item":"https:\/\/expforex.com\/pt\/"},{"@type":"ListItem","position":2,"name":"Isen\u00e7\u00e3o de responsabilidade"}]},{"@type":"WebSite","@id":"https:\/\/expforex.com\/pt\/#website","url":"https:\/\/expforex.com\/pt\/","name":"Melhores ideias para MetaTrader","description":"Ampla experi\u00eancia em programa\u00e7\u00e3o de assistentes para MetaTrader, MQL, Forex, Expert Advisor, Indicador, Script, EA, Utilit\u00e1rios, VirtualTradePad, Copylot, Ticksniper, Averager, xCustomEA, X, Duplicator, TesterPad, ExtraReportPad, Assistente, Trade, Trader, Scalping.\n","publisher":{"@id":"https:\/\/expforex.com\/pt\/#\/schema\/person\/0f3104735dd8fd99d5b5ee2e3634b1d5"},"alternateName":"Forex EA","potentialAction":[{"@type":"SearchAction","target":{"@type":"EntryPoint","urlTemplate":"https:\/\/expforex.com\/pt\/?s={search_term_string}"},"query-input":{"@type":"PropertyValueSpecification","valueRequired":true,"valueName":"search_term_string"}}],"inLanguage":"pt"},{"@type":["Person","Organization"],"@id":"https:\/\/expforex.com\/pt\/#\/schema\/person\/0f3104735dd8fd99d5b5ee2e3634b1d5","name":"Expforex Vladislav","image":{"@type":"ImageObject","inLanguage":"pt","@id":"https:\/\/expforex.com\/wp-content\/uploads\/2023\/12\/LOGONEW-2024-2.png","url":"https:\/\/expforex.com\/wp-content\/uploads\/2023\/12\/LOGONEW-2024-2.png","contentUrl":"https:\/\/expforex.com\/wp-content\/uploads\/2023\/12\/LOGONEW-2024-2.png","width":200,"height":200,"caption":"Expforex Vladislav"},"logo":{"@id":"https:\/\/expforex.com\/wp-content\/uploads\/2023\/12\/LOGONEW-2024-2.png"},"sameAs":["https:\/\/www.expforex.com","https:\/\/www.facebook.com\/ExpForex\/","https:\/\/www.youtube.com\/Expforex"],"publishingPrinciples":"https:\/\/expforex.com\/privacy-policy\/"}]}},"_links":{"self":[{"href":"https:\/\/expforex.com\/pt\/wp-json\/wp\/v2\/pages\/57419","targetHints":{"allow":["GET"]}}],"collection":[{"href":"https:\/\/expforex.com\/pt\/wp-json\/wp\/v2\/pages"}],"about":[{"href":"https:\/\/expforex.com\/pt\/wp-json\/wp\/v2\/types\/page"}],"author":[{"embeddable":true,"href":"https:\/\/expforex.com\/pt\/wp-json\/wp\/v2\/users\/2"}],"replies":[{"embeddable":true,"href":"https:\/\/expforex.com\/pt\/wp-json\/wp\/v2\/comments?post=57419"}],"version-history":[{"count":1,"href":"https:\/\/expforex.com\/pt\/wp-json\/wp\/v2\/pages\/57419\/revisions"}],"predecessor-version":[{"id":146064,"href":"https:\/\/expforex.com\/pt\/wp-json\/wp\/v2\/pages\/57419\/revisions\/146064"}],"wp:attachment":[{"href":"https:\/\/expforex.com\/pt\/wp-json\/wp\/v2\/media?parent=57419"}],"curies":[{"name":"wp","href":"https:\/\/api.w.org\/{rel}","templated":true}]}}