{"id":146695,"date":"2026-01-26T14:53:19","date_gmt":"2026-01-26T14:53:19","guid":{"rendered":"https:\/\/expforex.com\/general\/"},"modified":"2026-01-29T09:37:52","modified_gmt":"2026-01-29T09:37:52","slug":"best-metatrader-ea","status":"publish","type":"page","link":"https:\/\/expforex.com\/tr\/best-metatrader-ea\/","title":{"rendered":"En \u0130yi MetaTrader EA (Expert Advisor) ve Ara\u00e7lar Koleksiyonu"},"content":{"rendered":"","protected":false},"excerpt":{"rendered":"","protected":false},"author":2,"featured_media":146655,"parent":0,"menu_order":0,"comment_status":"closed","ping_status":"closed","template":"","meta":{"_acf_changed":false,"_eb_attr":"","_eb_data_table":"","footnotes":""},"class_list":["post-146695","page","type-page","status-publish","has-post-thumbnail","hentry"],"acf":[],"yoast_head":"<!-- This site is optimized with the Yoast SEO Premium plugin v27.3 (Yoast SEO v27.3) - https:\/\/yoast.com\/product\/yoast-seo-premium-wordpress\/ -->\n<title>2026 En \u0130yi MetaTrader EA: En \u0130yi 8 Otomatik Robot ve Ara\u00e7 | Expforex<\/title>\n<meta name=\"description\" content=\"En iyi MetaTrader EA\u2019y\u0131 m\u0131 ar\u0131yorsunuz? Se\u00e7kin top-8 listemizi ke\u015ffedin. AI Sniper robotundan VirtualTradePad paneline kadar. 10.000+ trader\u0131n g\u00fcvendi\u011fi, kan\u0131tlanm\u0131\u015f otomatik i\u015flem sistemleri.\" \/>\n<meta name=\"robots\" content=\"index, follow, max-snippet:-1, max-image-preview:large, max-video-preview:-1\" \/>\n<link rel=\"canonical\" href=\"https:\/\/expforex.com\/tr\/best-metatrader-ea\/\" \/>\n<meta property=\"og:locale\" content=\"tr_TR\" \/>\n<meta property=\"og:type\" content=\"article\" \/>\n<meta property=\"og:title\" content=\"En \u0130yi MetaTrader EA (Expert Advisor) ve Ara\u00e7lar Koleksiyonu\" \/>\n<meta property=\"og:description\" content=\"En iyi MetaTrader EA\u2019y\u0131 m\u0131 ar\u0131yorsunuz? Se\u00e7kin top-8 listemizi ke\u015ffedin. AI Sniper robotundan VirtualTradePad paneline kadar. 10.000+ trader\u0131n g\u00fcvendi\u011fi, kan\u0131tlanm\u0131\u015f otomatik i\u015flem sistemleri.\" \/>\n<meta property=\"og:url\" content=\"https:\/\/expforex.com\/tr\/best-metatrader-ea\/\" \/>\n<meta property=\"og:site_name\" content=\"MetaTrader i\u00e7in en iyi fikirler\" \/>\n<meta property=\"article:publisher\" content=\"https:\/\/www.facebook.com\/ExpForex\/\" \/>\n<meta property=\"article:modified_time\" content=\"2026-01-29T09:37:52+00:00\" \/>\n<meta property=\"og:image\" content=\"https:\/\/expforex.com\/wp-content\/uploads\/2026\/01\/ALL-LOGO-VIDEO-EA-intro-2026.png\" \/>\n\t<meta property=\"og:image:width\" content=\"1920\" \/>\n\t<meta property=\"og:image:height\" content=\"1080\" \/>\n\t<meta property=\"og:image:type\" content=\"image\/png\" \/>\n<meta name=\"twitter:card\" content=\"summary_large_image\" \/>\n<meta name=\"twitter:label1\" content=\"Est. reading time\" \/>\n\t<meta name=\"twitter:data1\" content=\"1 minute\" \/>\n<script type=\"application\/ld+json\" class=\"yoast-schema-graph\">{\"@context\":\"https:\\\/\\\/schema.org\",\"@graph\":[{\"@type\":\"WebPage\",\"@id\":\"https:\\\/\\\/expforex.com\\\/tr\\\/best-metatrader-ea\\\/\",\"url\":\"https:\\\/\\\/expforex.com\\\/tr\\\/best-metatrader-ea\\\/\",\"name\":\"2026 En \u0130yi MetaTrader EA: En \u0130yi 8 Otomatik Robot ve Ara\u00e7 | Expforex\",\"isPartOf\":{\"@id\":\"https:\\\/\\\/expforex.com\\\/tr\\\/#website\"},\"primaryImageOfPage\":{\"@id\":\"https:\\\/\\\/expforex.com\\\/tr\\\/best-metatrader-ea\\\/#primaryimage\"},\"image\":{\"@id\":\"https:\\\/\\\/expforex.com\\\/tr\\\/best-metatrader-ea\\\/#primaryimage\"},\"thumbnailUrl\":\"https:\\\/\\\/expforex.com\\\/wp-content\\\/uploads\\\/2026\\\/01\\\/ALL-LOGO-VIDEO-EA-intro-2026.png\",\"datePublished\":\"2026-01-26T14:53:19+00:00\",\"dateModified\":\"2026-01-29T09:37:52+00:00\",\"description\":\"En iyi MetaTrader EA\u2019y\u0131 m\u0131 ar\u0131yorsunuz? Se\u00e7kin top-8 listemizi ke\u015ffedin. AI Sniper robotundan VirtualTradePad paneline kadar. 10.000+ trader\u0131n g\u00fcvendi\u011fi, kan\u0131tlanm\u0131\u015f otomatik i\u015flem sistemleri.\",\"breadcrumb\":{\"@id\":\"https:\\\/\\\/expforex.com\\\/tr\\\/best-metatrader-ea\\\/#breadcrumb\"},\"inLanguage\":\"tr\",\"potentialAction\":[{\"@type\":\"ReadAction\",\"target\":[\"https:\\\/\\\/expforex.com\\\/tr\\\/best-metatrader-ea\\\/\"]}]},{\"@type\":\"ImageObject\",\"inLanguage\":\"tr\",\"@id\":\"https:\\\/\\\/expforex.com\\\/tr\\\/best-metatrader-ea\\\/#primaryimage\",\"url\":\"https:\\\/\\\/expforex.com\\\/wp-content\\\/uploads\\\/2026\\\/01\\\/ALL-LOGO-VIDEO-EA-intro-2026.png\",\"contentUrl\":\"https:\\\/\\\/expforex.com\\\/wp-content\\\/uploads\\\/2026\\\/01\\\/ALL-LOGO-VIDEO-EA-intro-2026.png\",\"width\":1920,\"height\":1080},{\"@type\":\"BreadcrumbList\",\"@id\":\"https:\\\/\\\/expforex.com\\\/tr\\\/best-metatrader-ea\\\/#breadcrumb\",\"itemListElement\":[{\"@type\":\"ListItem\",\"position\":1,\"name\":\"Ana Sayfa\",\"item\":\"https:\\\/\\\/expforex.com\\\/tr\\\/\"},{\"@type\":\"ListItem\",\"position\":2,\"name\":\"En \u0130yi MetaTrader EA (Expert Advisor) ve Ara\u00e7lar Koleksiyonu\"}]},{\"@type\":\"WebSite\",\"@id\":\"https:\\\/\\\/expforex.com\\\/tr\\\/#website\",\"url\":\"https:\\\/\\\/expforex.com\\\/tr\\\/\",\"name\":\"MetaTrader i\u00e7in en iyi fikirler\",\"description\":\"MetaTrader, MQL, Forex, Uzman Dan\u0131\u015fman, G\u00f6sterge, Komut Dosyas\u0131, EA, Ara\u00e7lar, VirtualTradePad, Copylot, Ticksniper, Averager, xCustomEA, X, Duplicator, TesterPad, ExtraReportPad, Asistan, Ticaret, Trader, Scalping i\u00e7in programlama asistanlar\u0131nda kapsaml\u0131 deneyim.\\n\",\"publisher\":{\"@id\":\"https:\\\/\\\/expforex.com\\\/tr\\\/#\\\/schema\\\/person\\\/0f3104735dd8fd99d5b5ee2e3634b1d5\"},\"alternateName\":\"Forex EA\",\"potentialAction\":[{\"@type\":\"SearchAction\",\"target\":{\"@type\":\"EntryPoint\",\"urlTemplate\":\"https:\\\/\\\/expforex.com\\\/tr\\\/?s={search_term_string}\"},\"query-input\":{\"@type\":\"PropertyValueSpecification\",\"valueRequired\":true,\"valueName\":\"search_term_string\"}}],\"inLanguage\":\"tr\"},{\"@type\":[\"Person\",\"Organization\"],\"@id\":\"https:\\\/\\\/expforex.com\\\/tr\\\/#\\\/schema\\\/person\\\/0f3104735dd8fd99d5b5ee2e3634b1d5\",\"name\":\"Expforex Vladislav\",\"image\":{\"@type\":\"ImageObject\",\"inLanguage\":\"tr\",\"@id\":\"https:\\\/\\\/expforex.com\\\/wp-content\\\/uploads\\\/2023\\\/12\\\/LOGONEW-2024-2.png\",\"url\":\"https:\\\/\\\/expforex.com\\\/wp-content\\\/uploads\\\/2023\\\/12\\\/LOGONEW-2024-2.png\",\"contentUrl\":\"https:\\\/\\\/expforex.com\\\/wp-content\\\/uploads\\\/2023\\\/12\\\/LOGONEW-2024-2.png\",\"width\":200,\"height\":200,\"caption\":\"Expforex Vladislav\"},\"logo\":{\"@id\":\"https:\\\/\\\/expforex.com\\\/wp-content\\\/uploads\\\/2023\\\/12\\\/LOGONEW-2024-2.png\"},\"sameAs\":[\"https:\\\/\\\/www.expforex.com\",\"https:\\\/\\\/www.facebook.com\\\/ExpForex\\\/\",\"https:\\\/\\\/www.youtube.com\\\/Expforex\"],\"publishingPrinciples\":\"https:\\\/\\\/expforex.com\\\/privacy-policy\\\/\"}]}<\/script>\n<!-- \/ Yoast SEO Premium plugin. -->","yoast_head_json":{"title":"2026 En \u0130yi MetaTrader EA: En \u0130yi 8 Otomatik Robot ve Ara\u00e7 | Expforex","description":"En iyi MetaTrader EA\u2019y\u0131 m\u0131 ar\u0131yorsunuz? Se\u00e7kin top-8 listemizi ke\u015ffedin. AI Sniper robotundan VirtualTradePad paneline kadar. 10.000+ trader\u0131n g\u00fcvendi\u011fi, kan\u0131tlanm\u0131\u015f otomatik i\u015flem sistemleri.","robots":{"index":"index","follow":"follow","max-snippet":"max-snippet:-1","max-image-preview":"max-image-preview:large","max-video-preview":"max-video-preview:-1"},"canonical":"https:\/\/expforex.com\/tr\/best-metatrader-ea\/","og_locale":"tr_TR","og_type":"article","og_title":"En \u0130yi MetaTrader EA (Expert Advisor) ve Ara\u00e7lar Koleksiyonu","og_description":"En iyi MetaTrader EA\u2019y\u0131 m\u0131 ar\u0131yorsunuz? Se\u00e7kin top-8 listemizi ke\u015ffedin. AI Sniper robotundan VirtualTradePad paneline kadar. 10.000+ trader\u0131n g\u00fcvendi\u011fi, kan\u0131tlanm\u0131\u015f otomatik i\u015flem sistemleri.","og_url":"https:\/\/expforex.com\/tr\/best-metatrader-ea\/","og_site_name":"MetaTrader i\u00e7in en iyi fikirler","article_publisher":"https:\/\/www.facebook.com\/ExpForex\/","article_modified_time":"2026-01-29T09:37:52+00:00","og_image":[{"width":1920,"height":1080,"url":"https:\/\/expforex.com\/wp-content\/uploads\/2026\/01\/ALL-LOGO-VIDEO-EA-intro-2026.png","type":"image\/png"}],"twitter_card":"summary_large_image","twitter_misc":{"Est. reading time":"1 minute"},"schema":{"@context":"https:\/\/schema.org","@graph":[{"@type":"WebPage","@id":"https:\/\/expforex.com\/tr\/best-metatrader-ea\/","url":"https:\/\/expforex.com\/tr\/best-metatrader-ea\/","name":"2026 En \u0130yi MetaTrader EA: En \u0130yi 8 Otomatik Robot ve Ara\u00e7 | Expforex","isPartOf":{"@id":"https:\/\/expforex.com\/tr\/#website"},"primaryImageOfPage":{"@id":"https:\/\/expforex.com\/tr\/best-metatrader-ea\/#primaryimage"},"image":{"@id":"https:\/\/expforex.com\/tr\/best-metatrader-ea\/#primaryimage"},"thumbnailUrl":"https:\/\/expforex.com\/wp-content\/uploads\/2026\/01\/ALL-LOGO-VIDEO-EA-intro-2026.png","datePublished":"2026-01-26T14:53:19+00:00","dateModified":"2026-01-29T09:37:52+00:00","description":"En iyi MetaTrader EA\u2019y\u0131 m\u0131 ar\u0131yorsunuz? Se\u00e7kin top-8 listemizi ke\u015ffedin. AI Sniper robotundan VirtualTradePad paneline kadar. 10.000+ trader\u0131n g\u00fcvendi\u011fi, kan\u0131tlanm\u0131\u015f otomatik i\u015flem sistemleri.","breadcrumb":{"@id":"https:\/\/expforex.com\/tr\/best-metatrader-ea\/#breadcrumb"},"inLanguage":"tr","potentialAction":[{"@type":"ReadAction","target":["https:\/\/expforex.com\/tr\/best-metatrader-ea\/"]}]},{"@type":"ImageObject","inLanguage":"tr","@id":"https:\/\/expforex.com\/tr\/best-metatrader-ea\/#primaryimage","url":"https:\/\/expforex.com\/wp-content\/uploads\/2026\/01\/ALL-LOGO-VIDEO-EA-intro-2026.png","contentUrl":"https:\/\/expforex.com\/wp-content\/uploads\/2026\/01\/ALL-LOGO-VIDEO-EA-intro-2026.png","width":1920,"height":1080},{"@type":"BreadcrumbList","@id":"https:\/\/expforex.com\/tr\/best-metatrader-ea\/#breadcrumb","itemListElement":[{"@type":"ListItem","position":1,"name":"Ana Sayfa","item":"https:\/\/expforex.com\/tr\/"},{"@type":"ListItem","position":2,"name":"En \u0130yi MetaTrader EA (Expert Advisor) ve Ara\u00e7lar Koleksiyonu"}]},{"@type":"WebSite","@id":"https:\/\/expforex.com\/tr\/#website","url":"https:\/\/expforex.com\/tr\/","name":"MetaTrader i\u00e7in en iyi fikirler","description":"MetaTrader, MQL, Forex, Uzman Dan\u0131\u015fman, G\u00f6sterge, Komut Dosyas\u0131, EA, Ara\u00e7lar, VirtualTradePad, Copylot, Ticksniper, Averager, xCustomEA, X, Duplicator, TesterPad, ExtraReportPad, Asistan, Ticaret, Trader, Scalping i\u00e7in programlama asistanlar\u0131nda kapsaml\u0131 deneyim.\n","publisher":{"@id":"https:\/\/expforex.com\/tr\/#\/schema\/person\/0f3104735dd8fd99d5b5ee2e3634b1d5"},"alternateName":"Forex EA","potentialAction":[{"@type":"SearchAction","target":{"@type":"EntryPoint","urlTemplate":"https:\/\/expforex.com\/tr\/?s={search_term_string}"},"query-input":{"@type":"PropertyValueSpecification","valueRequired":true,"valueName":"search_term_string"}}],"inLanguage":"tr"},{"@type":["Person","Organization"],"@id":"https:\/\/expforex.com\/tr\/#\/schema\/person\/0f3104735dd8fd99d5b5ee2e3634b1d5","name":"Expforex Vladislav","image":{"@type":"ImageObject","inLanguage":"tr","@id":"https:\/\/expforex.com\/wp-content\/uploads\/2023\/12\/LOGONEW-2024-2.png","url":"https:\/\/expforex.com\/wp-content\/uploads\/2023\/12\/LOGONEW-2024-2.png","contentUrl":"https:\/\/expforex.com\/wp-content\/uploads\/2023\/12\/LOGONEW-2024-2.png","width":200,"height":200,"caption":"Expforex Vladislav"},"logo":{"@id":"https:\/\/expforex.com\/wp-content\/uploads\/2023\/12\/LOGONEW-2024-2.png"},"sameAs":["https:\/\/www.expforex.com","https:\/\/www.facebook.com\/ExpForex\/","https:\/\/www.youtube.com\/Expforex"],"publishingPrinciples":"https:\/\/expforex.com\/privacy-policy\/"}]}},"_links":{"self":[{"href":"https:\/\/expforex.com\/tr\/wp-json\/wp\/v2\/pages\/146695","targetHints":{"allow":["GET"]}}],"collection":[{"href":"https:\/\/expforex.com\/tr\/wp-json\/wp\/v2\/pages"}],"about":[{"href":"https:\/\/expforex.com\/tr\/wp-json\/wp\/v2\/types\/page"}],"author":[{"embeddable":true,"href":"https:\/\/expforex.com\/tr\/wp-json\/wp\/v2\/users\/2"}],"replies":[{"embeddable":true,"href":"https:\/\/expforex.com\/tr\/wp-json\/wp\/v2\/comments?post=146695"}],"version-history":[{"count":2,"href":"https:\/\/expforex.com\/tr\/wp-json\/wp\/v2\/pages\/146695\/revisions"}],"predecessor-version":[{"id":146766,"href":"https:\/\/expforex.com\/tr\/wp-json\/wp\/v2\/pages\/146695\/revisions\/146766"}],"wp:featuredmedia":[{"embeddable":true,"href":"https:\/\/expforex.com\/tr\/wp-json\/wp\/v2\/media\/146655"}],"wp:attachment":[{"href":"https:\/\/expforex.com\/tr\/wp-json\/wp\/v2\/media?parent=146695"}],"curies":[{"name":"wp","href":"https:\/\/api.w.org\/{rel}","templated":true}]}}