{"id":54827,"date":"2024-01-05T13:12:07","date_gmt":"2024-01-05T13:12:07","guid":{"rendered":"https:\/\/expforex.com\/recommended-brokers\/"},"modified":"2025-05-09T05:55:30","modified_gmt":"2025-05-09T05:55:30","slug":"recommended-brokers","status":"publish","type":"page","link":"https:\/\/expforex.com\/tr\/recommended-brokers\/","title":{"rendered":"Brokerlar"},"content":{"rendered":"\n<p>\u00d6nerilen Brokerlar ve \u0130\u015flem Hesaplar\u0131, ba\u015far\u0131l\u0131 Forex ticareti i\u00e7in g\u00fcvenilir arac\u0131l\u0131k \u015firketlerinin ve en uygun i\u015flem hesaplar\u0131n\u0131n bir se\u00e7kisidir. Yat\u0131r\u0131mlar\u0131n\u0131z\u0131 etkili bir \u015fekilde y\u00f6netmenize ve finansal hedeflerinize ula\u015fman\u0131za yard\u0131mc\u0131 olacak \u00f6nde gelen brokerlar, uygun ko\u015fullar ve kullan\u0131\u015fl\u0131 platformlar hakk\u0131nda bilgi edinin.<\/p>\n\n\n\n<h2 class=\"wp-block-heading\" id=\"h-brokerler-ve-ticaret-hesaplari-nbsp\">Brokerler ve ticaret hesaplar\u0131&nbsp;<\/h2>\n\n\n\n<ol class=\"wp-block-list\">\n<li><strong>\u00d6nerilen depozito D\u00dc\u015e\u00dcK R\u0130SK<\/strong>&nbsp;&nbsp;$1,000&nbsp;deki minimum lot&nbsp;<strong>0.01<\/strong>&nbsp;3 d\u00f6viz \u00e7ifti (\u00f6r. EURUSD, USDCHF, USDJPY) (<strong>Leverage&nbsp;<\/strong>1:300)<\/li>\n\n\n\n<li><strong>\u00d6nerilen depozito ORTA R\u0130SK&nbsp;<\/strong>&nbsp;$300&nbsp;deki minimum lot&nbsp;<strong>0.01<\/strong>&nbsp;1 d\u00f6viz \u00e7ifti (\u00f6r. EURUSD)(<strong>Leverage&nbsp;<\/strong>1:300)<\/li>\n\n\n\n<li><strong>\u00d6nerilen depozito&nbsp;<\/strong>&nbsp;<strong>Y\u00dcKSEK R\u0130SK&nbsp;<\/strong>&nbsp;$100 (<u>Cent Hesab\u0131<\/u>)&nbsp;deki minimum lot&nbsp;<strong>0.01<\/strong>&nbsp;1 d\u00f6viz \u00e7ifti (\u00f6r. EURUSD)(<strong>Leverage&nbsp;<\/strong>1:300)<\/li>\n\n\n\n<li>Y\u00fczer spread (<strong>S\u0131f\u0131r spread yasakt\u0131r!<\/strong>)<\/li>\n\n\n\n<li>1:300 ve \u00fczeri kald\u0131ra\u00e7<\/li>\n\n\n\n<li>MetaTrader 4 terminal dan\u0131\u015fman\u0131 s\u00fcr\u00fcm\u00fc i\u00e7in, <a class=\"cnqw\" href=\"https:\/\/roboforex.com\/?a=cnqw\" target=\"_blank\" rel=\"noreferrer noopener\" data-language=\"tr\"><strong>RoboForex<\/strong><\/a>&nbsp;<strong>ECN PRO.<\/strong>&#8216;yu deneyebilirsiniz.<\/li>\n\n\n\n<li>MetaTrader 5 terminal dan\u0131\u015fman\u0131 s\u00fcr\u00fcm\u00fc i\u00e7in, <a class=\"cnqw\" href=\"https:\/\/roboforex.com\/?a=cnqw\" target=\"_blank\" rel=\"noreferrer noopener\" data-language=\"tr\"><strong>RoboForex<\/strong><\/a>&nbsp;<strong>ECN PRO<\/strong>&#8216;yu deneyebilirsiniz.<\/li>\n\n\n\n<li>$1000&#8217;dan fazla depozitosu olan bir hesap i\u00e7in, PRO Standard veya ECN PRO tipi hesaplar\u0131 deneyebilirsiniz.<\/li>\n\n\n\n<li>$1000&#8217;dan az depozitosu olan bir hesap i\u00e7in, PRO Cent hesap tipini deneyebilirsiniz.<\/li>\n\n\n\n<li>Herhangi bir d\u00f6viz \u00e7ifti. Herhangi bir d\u00f6viz \u00e7ifti se\u00e7ebilirsiniz. Ben EURUSD, USDCHF, USDJPY ile i\u015flem yap\u0131yorum.<\/li>\n<\/ol>\n\n\n\n<p>Risk Uyar\u0131s\u0131 (Risk Disclaimer)<\/p>\n\n\n\n<p>Bu sayfada sa\u011flanan arac\u0131 (broker) bilgileri yaln\u0131zca bilgilendirme ama\u00e7l\u0131d\u0131r ve herhangi bir onay veya tavsiye niteli\u011finde de\u011fildir. Bu arac\u0131lar, ki\u015fisel ticaret deneyimlerime dayal\u0131 olarak listelenmi\u015ftir. Ticaret faaliyetlerine kat\u0131lmak, sermaye kayb\u0131 potansiyeli de dahil olmak \u00fczere, do\u011fas\u0131nda bulunan riskleri i\u00e7erir. Herhangi bir yat\u0131r\u0131m karar\u0131 vermeden \u00f6nce kendi kapsaml\u0131 ara\u015ft\u0131rman\u0131z\u0131 yapman\u0131z ve nitelikli bir finansal dan\u0131\u015fmana dan\u0131\u015fman\u0131z esast\u0131r. Burada sa\u011flanan bilgilere dayanarak al\u0131nan ticaret kararlar\u0131ndan ben sorumluluk kabul etmiyorum.<\/p>\n","protected":false},"excerpt":{"rendered":"<p>\u00d6nerilen Brokerlar ve \u0130\u015flem Hesaplar\u0131, ba\u015far\u0131l\u0131 Forex ticareti i\u00e7in g\u00fcvenilir arac\u0131l\u0131k \u015firketlerinin ve en uygun i\u015flem hesaplar\u0131n\u0131n bir se\u00e7kisidir. Yat\u0131r\u0131mlar\u0131n\u0131z\u0131 etkili bir \u015fekilde y\u00f6netmenize ve finansal hedeflerinize ula\u015fman\u0131za yard\u0131mc\u0131 olacak \u00f6nde gelen brokerlar, uygun ko\u015fullar ve kullan\u0131\u015fl\u0131 platformlar hakk\u0131nda bilgi<span class=\"excerpt-hellip\"> [\u2026]<\/span><\/p>\n","protected":false},"author":2,"featured_media":88545,"parent":0,"menu_order":0,"comment_status":"closed","ping_status":"closed","template":"","meta":{"_acf_changed":false,"_eb_attr":"","_eb_data_table":"","footnotes":""},"class_list":["post-54827","page","type-page","status-publish","has-post-thumbnail","hentry"],"acf":[],"yoast_head":"<!-- This site is optimized with the Yoast SEO Premium plugin v27.3 (Yoast SEO v27.3) - https:\/\/yoast.com\/product\/yoast-seo-premium-wordpress\/ -->\n<title>\u00d6nerilen Brokerlar ve ticaret hesab\u0131<\/title>\n<meta name=\"description\" content=\"\u00d6nerilen Brokerlar ve \u0130\u015flem Hesaplar\u0131, ba\u015far\u0131l\u0131 Forex ticareti i\u00e7in g\u00fcvenilir arac\u0131l\u0131k \u015firketlerinin ve en uygun i\u015flem hesaplar\u0131n\u0131n bir se\u00e7kisidir. Yat\u0131r\u0131mlar\u0131n\u0131z\u0131 etkili bir \u015fekilde y\u00f6netmenize ve finansal hedeflerinize ula\u015fman\u0131za yard\u0131mc\u0131 olacak \u00f6nde gelen brokerlar, uygun ko\u015fullar ve kullan\u0131\u015fl\u0131 platformlar hakk\u0131nda bilgi edinin.\" \/>\n<meta name=\"robots\" content=\"index, follow, max-snippet:-1, max-image-preview:large, max-video-preview:-1\" \/>\n<link rel=\"canonical\" href=\"https:\/\/expforex.com\/tr\/recommended-brokers\/\" \/>\n<meta property=\"og:locale\" content=\"tr_TR\" \/>\n<meta property=\"og:type\" content=\"article\" \/>\n<meta property=\"og:title\" content=\"Brokerlar\" \/>\n<meta property=\"og:description\" content=\"\u00d6nerilen Brokerlar ve \u0130\u015flem Hesaplar\u0131, ba\u015far\u0131l\u0131 Forex ticareti i\u00e7in g\u00fcvenilir arac\u0131l\u0131k \u015firketlerinin ve en uygun i\u015flem hesaplar\u0131n\u0131n bir se\u00e7kisidir. Yat\u0131r\u0131mlar\u0131n\u0131z\u0131 etkili bir \u015fekilde y\u00f6netmenize ve finansal hedeflerinize ula\u015fman\u0131za yard\u0131mc\u0131 olacak \u00f6nde gelen brokerlar, uygun ko\u015fullar ve kullan\u0131\u015fl\u0131 platformlar hakk\u0131nda bilgi edinin.\" \/>\n<meta property=\"og:url\" content=\"https:\/\/expforex.com\/tr\/recommended-brokers\/\" \/>\n<meta property=\"og:site_name\" content=\"MetaTrader i\u00e7in en iyi fikirler\" \/>\n<meta property=\"article:publisher\" content=\"https:\/\/www.facebook.com\/ExpForex\/\" \/>\n<meta property=\"article:modified_time\" content=\"2025-05-09T05:55:30+00:00\" \/>\n<meta property=\"og:image\" content=\"https:\/\/expforex.com\/wp-content\/uploads\/2025\/03\/banner_bg-1.png?wsr\" \/>\n\t<meta property=\"og:image:width\" content=\"200\" \/>\n\t<meta property=\"og:image:height\" content=\"60\" \/>\n\t<meta property=\"og:image:type\" content=\"image\/png\" \/>\n<meta name=\"twitter:card\" content=\"summary_large_image\" \/>\n<meta name=\"twitter:label1\" content=\"Est. reading time\" \/>\n\t<meta name=\"twitter:data1\" content=\"2 minutes\" \/>\n<script type=\"application\/ld+json\" class=\"yoast-schema-graph\">{\"@context\":\"https:\\\/\\\/schema.org\",\"@graph\":[{\"@type\":\"WebPage\",\"@id\":\"https:\\\/\\\/expforex.com\\\/tr\\\/recommended-brokers\\\/\",\"url\":\"https:\\\/\\\/expforex.com\\\/tr\\\/recommended-brokers\\\/\",\"name\":\"\u00d6nerilen Brokerlar ve ticaret hesab\u0131\",\"isPartOf\":{\"@id\":\"https:\\\/\\\/expforex.com\\\/tr\\\/#website\"},\"primaryImageOfPage\":{\"@id\":\"https:\\\/\\\/expforex.com\\\/tr\\\/recommended-brokers\\\/#primaryimage\"},\"image\":{\"@id\":\"https:\\\/\\\/expforex.com\\\/tr\\\/recommended-brokers\\\/#primaryimage\"},\"thumbnailUrl\":\"https:\\\/\\\/expforex.com\\\/wp-content\\\/uploads\\\/2025\\\/03\\\/banner_bg-1.png\",\"datePublished\":\"2024-01-05T13:12:07+00:00\",\"dateModified\":\"2025-05-09T05:55:30+00:00\",\"description\":\"\u00d6nerilen Brokerlar ve \u0130\u015flem Hesaplar\u0131, ba\u015far\u0131l\u0131 Forex ticareti i\u00e7in g\u00fcvenilir arac\u0131l\u0131k \u015firketlerinin ve en uygun i\u015flem hesaplar\u0131n\u0131n bir se\u00e7kisidir. Yat\u0131r\u0131mlar\u0131n\u0131z\u0131 etkili bir \u015fekilde y\u00f6netmenize ve finansal hedeflerinize ula\u015fman\u0131za yard\u0131mc\u0131 olacak \u00f6nde gelen brokerlar, uygun ko\u015fullar ve kullan\u0131\u015fl\u0131 platformlar hakk\u0131nda bilgi edinin.\",\"breadcrumb\":{\"@id\":\"https:\\\/\\\/expforex.com\\\/tr\\\/recommended-brokers\\\/#breadcrumb\"},\"inLanguage\":\"tr\",\"potentialAction\":[{\"@type\":\"ReadAction\",\"target\":[\"https:\\\/\\\/expforex.com\\\/tr\\\/recommended-brokers\\\/\"]}]},{\"@type\":\"ImageObject\",\"inLanguage\":\"tr\",\"@id\":\"https:\\\/\\\/expforex.com\\\/tr\\\/recommended-brokers\\\/#primaryimage\",\"url\":\"https:\\\/\\\/expforex.com\\\/wp-content\\\/uploads\\\/2025\\\/03\\\/banner_bg-1.png\",\"contentUrl\":\"https:\\\/\\\/expforex.com\\\/wp-content\\\/uploads\\\/2025\\\/03\\\/banner_bg-1.png\",\"width\":200,\"height\":60},{\"@type\":\"BreadcrumbList\",\"@id\":\"https:\\\/\\\/expforex.com\\\/tr\\\/recommended-brokers\\\/#breadcrumb\",\"itemListElement\":[{\"@type\":\"ListItem\",\"position\":1,\"name\":\"Ana Sayfa\",\"item\":\"https:\\\/\\\/expforex.com\\\/tr\\\/\"},{\"@type\":\"ListItem\",\"position\":2,\"name\":\"Brokerlar\"}]},{\"@type\":\"WebSite\",\"@id\":\"https:\\\/\\\/expforex.com\\\/tr\\\/#website\",\"url\":\"https:\\\/\\\/expforex.com\\\/tr\\\/\",\"name\":\"MetaTrader i\u00e7in en iyi fikirler\",\"description\":\"MetaTrader, MQL, Forex, Uzman Dan\u0131\u015fman, G\u00f6sterge, Komut Dosyas\u0131, EA, Ara\u00e7lar, VirtualTradePad, Copylot, Ticksniper, Averager, xCustomEA, X, Duplicator, TesterPad, ExtraReportPad, Asistan, Ticaret, Trader, Scalping i\u00e7in programlama asistanlar\u0131nda kapsaml\u0131 deneyim.\\n\",\"publisher\":{\"@id\":\"https:\\\/\\\/expforex.com\\\/tr\\\/#\\\/schema\\\/person\\\/0f3104735dd8fd99d5b5ee2e3634b1d5\"},\"alternateName\":\"Forex EA\",\"potentialAction\":[{\"@type\":\"SearchAction\",\"target\":{\"@type\":\"EntryPoint\",\"urlTemplate\":\"https:\\\/\\\/expforex.com\\\/tr\\\/?s={search_term_string}\"},\"query-input\":{\"@type\":\"PropertyValueSpecification\",\"valueRequired\":true,\"valueName\":\"search_term_string\"}}],\"inLanguage\":\"tr\"},{\"@type\":[\"Person\",\"Organization\"],\"@id\":\"https:\\\/\\\/expforex.com\\\/tr\\\/#\\\/schema\\\/person\\\/0f3104735dd8fd99d5b5ee2e3634b1d5\",\"name\":\"Expforex Vladislav\",\"image\":{\"@type\":\"ImageObject\",\"inLanguage\":\"tr\",\"@id\":\"https:\\\/\\\/expforex.com\\\/wp-content\\\/uploads\\\/2023\\\/12\\\/LOGONEW-2024-2.png\",\"url\":\"https:\\\/\\\/expforex.com\\\/wp-content\\\/uploads\\\/2023\\\/12\\\/LOGONEW-2024-2.png\",\"contentUrl\":\"https:\\\/\\\/expforex.com\\\/wp-content\\\/uploads\\\/2023\\\/12\\\/LOGONEW-2024-2.png\",\"width\":200,\"height\":200,\"caption\":\"Expforex Vladislav\"},\"logo\":{\"@id\":\"https:\\\/\\\/expforex.com\\\/wp-content\\\/uploads\\\/2023\\\/12\\\/LOGONEW-2024-2.png\"},\"sameAs\":[\"https:\\\/\\\/www.expforex.com\",\"https:\\\/\\\/www.facebook.com\\\/ExpForex\\\/\",\"https:\\\/\\\/www.youtube.com\\\/Expforex\"],\"publishingPrinciples\":\"https:\\\/\\\/expforex.com\\\/privacy-policy\\\/\"}]}<\/script>\n<!-- \/ Yoast SEO Premium plugin. -->","yoast_head_json":{"title":"\u00d6nerilen Brokerlar ve ticaret hesab\u0131","description":"\u00d6nerilen Brokerlar ve \u0130\u015flem Hesaplar\u0131, ba\u015far\u0131l\u0131 Forex ticareti i\u00e7in g\u00fcvenilir arac\u0131l\u0131k \u015firketlerinin ve en uygun i\u015flem hesaplar\u0131n\u0131n bir se\u00e7kisidir. Yat\u0131r\u0131mlar\u0131n\u0131z\u0131 etkili bir \u015fekilde y\u00f6netmenize ve finansal hedeflerinize ula\u015fman\u0131za yard\u0131mc\u0131 olacak \u00f6nde gelen brokerlar, uygun ko\u015fullar ve kullan\u0131\u015fl\u0131 platformlar hakk\u0131nda bilgi edinin.","robots":{"index":"index","follow":"follow","max-snippet":"max-snippet:-1","max-image-preview":"max-image-preview:large","max-video-preview":"max-video-preview:-1"},"canonical":"https:\/\/expforex.com\/tr\/recommended-brokers\/","og_locale":"tr_TR","og_type":"article","og_title":"Brokerlar","og_description":"\u00d6nerilen Brokerlar ve \u0130\u015flem Hesaplar\u0131, ba\u015far\u0131l\u0131 Forex ticareti i\u00e7in g\u00fcvenilir arac\u0131l\u0131k \u015firketlerinin ve en uygun i\u015flem hesaplar\u0131n\u0131n bir se\u00e7kisidir. Yat\u0131r\u0131mlar\u0131n\u0131z\u0131 etkili bir \u015fekilde y\u00f6netmenize ve finansal hedeflerinize ula\u015fman\u0131za yard\u0131mc\u0131 olacak \u00f6nde gelen brokerlar, uygun ko\u015fullar ve kullan\u0131\u015fl\u0131 platformlar hakk\u0131nda bilgi edinin.","og_url":"https:\/\/expforex.com\/tr\/recommended-brokers\/","og_site_name":"MetaTrader i\u00e7in en iyi fikirler","article_publisher":"https:\/\/www.facebook.com\/ExpForex\/","article_modified_time":"2025-05-09T05:55:30+00:00","og_image":[{"width":200,"height":60,"url":"https:\/\/expforex.com\/wp-content\/uploads\/2025\/03\/banner_bg-1.png?wsr","type":"image\/png"}],"twitter_card":"summary_large_image","twitter_misc":{"Est. reading time":"2 minutes"},"schema":{"@context":"https:\/\/schema.org","@graph":[{"@type":"WebPage","@id":"https:\/\/expforex.com\/tr\/recommended-brokers\/","url":"https:\/\/expforex.com\/tr\/recommended-brokers\/","name":"\u00d6nerilen Brokerlar ve ticaret hesab\u0131","isPartOf":{"@id":"https:\/\/expforex.com\/tr\/#website"},"primaryImageOfPage":{"@id":"https:\/\/expforex.com\/tr\/recommended-brokers\/#primaryimage"},"image":{"@id":"https:\/\/expforex.com\/tr\/recommended-brokers\/#primaryimage"},"thumbnailUrl":"https:\/\/expforex.com\/wp-content\/uploads\/2025\/03\/banner_bg-1.png","datePublished":"2024-01-05T13:12:07+00:00","dateModified":"2025-05-09T05:55:30+00:00","description":"\u00d6nerilen Brokerlar ve \u0130\u015flem Hesaplar\u0131, ba\u015far\u0131l\u0131 Forex ticareti i\u00e7in g\u00fcvenilir arac\u0131l\u0131k \u015firketlerinin ve en uygun i\u015flem hesaplar\u0131n\u0131n bir se\u00e7kisidir. Yat\u0131r\u0131mlar\u0131n\u0131z\u0131 etkili bir \u015fekilde y\u00f6netmenize ve finansal hedeflerinize ula\u015fman\u0131za yard\u0131mc\u0131 olacak \u00f6nde gelen brokerlar, uygun ko\u015fullar ve kullan\u0131\u015fl\u0131 platformlar hakk\u0131nda bilgi edinin.","breadcrumb":{"@id":"https:\/\/expforex.com\/tr\/recommended-brokers\/#breadcrumb"},"inLanguage":"tr","potentialAction":[{"@type":"ReadAction","target":["https:\/\/expforex.com\/tr\/recommended-brokers\/"]}]},{"@type":"ImageObject","inLanguage":"tr","@id":"https:\/\/expforex.com\/tr\/recommended-brokers\/#primaryimage","url":"https:\/\/expforex.com\/wp-content\/uploads\/2025\/03\/banner_bg-1.png","contentUrl":"https:\/\/expforex.com\/wp-content\/uploads\/2025\/03\/banner_bg-1.png","width":200,"height":60},{"@type":"BreadcrumbList","@id":"https:\/\/expforex.com\/tr\/recommended-brokers\/#breadcrumb","itemListElement":[{"@type":"ListItem","position":1,"name":"Ana Sayfa","item":"https:\/\/expforex.com\/tr\/"},{"@type":"ListItem","position":2,"name":"Brokerlar"}]},{"@type":"WebSite","@id":"https:\/\/expforex.com\/tr\/#website","url":"https:\/\/expforex.com\/tr\/","name":"MetaTrader i\u00e7in en iyi fikirler","description":"MetaTrader, MQL, Forex, Uzman Dan\u0131\u015fman, G\u00f6sterge, Komut Dosyas\u0131, EA, Ara\u00e7lar, VirtualTradePad, Copylot, Ticksniper, Averager, xCustomEA, X, Duplicator, TesterPad, ExtraReportPad, Asistan, Ticaret, Trader, Scalping i\u00e7in programlama asistanlar\u0131nda kapsaml\u0131 deneyim.\n","publisher":{"@id":"https:\/\/expforex.com\/tr\/#\/schema\/person\/0f3104735dd8fd99d5b5ee2e3634b1d5"},"alternateName":"Forex EA","potentialAction":[{"@type":"SearchAction","target":{"@type":"EntryPoint","urlTemplate":"https:\/\/expforex.com\/tr\/?s={search_term_string}"},"query-input":{"@type":"PropertyValueSpecification","valueRequired":true,"valueName":"search_term_string"}}],"inLanguage":"tr"},{"@type":["Person","Organization"],"@id":"https:\/\/expforex.com\/tr\/#\/schema\/person\/0f3104735dd8fd99d5b5ee2e3634b1d5","name":"Expforex Vladislav","image":{"@type":"ImageObject","inLanguage":"tr","@id":"https:\/\/expforex.com\/wp-content\/uploads\/2023\/12\/LOGONEW-2024-2.png","url":"https:\/\/expforex.com\/wp-content\/uploads\/2023\/12\/LOGONEW-2024-2.png","contentUrl":"https:\/\/expforex.com\/wp-content\/uploads\/2023\/12\/LOGONEW-2024-2.png","width":200,"height":200,"caption":"Expforex Vladislav"},"logo":{"@id":"https:\/\/expforex.com\/wp-content\/uploads\/2023\/12\/LOGONEW-2024-2.png"},"sameAs":["https:\/\/www.expforex.com","https:\/\/www.facebook.com\/ExpForex\/","https:\/\/www.youtube.com\/Expforex"],"publishingPrinciples":"https:\/\/expforex.com\/privacy-policy\/"}]}},"_links":{"self":[{"href":"https:\/\/expforex.com\/tr\/wp-json\/wp\/v2\/pages\/54827","targetHints":{"allow":["GET"]}}],"collection":[{"href":"https:\/\/expforex.com\/tr\/wp-json\/wp\/v2\/pages"}],"about":[{"href":"https:\/\/expforex.com\/tr\/wp-json\/wp\/v2\/types\/page"}],"author":[{"embeddable":true,"href":"https:\/\/expforex.com\/tr\/wp-json\/wp\/v2\/users\/2"}],"replies":[{"embeddable":true,"href":"https:\/\/expforex.com\/tr\/wp-json\/wp\/v2\/comments?post=54827"}],"version-history":[{"count":0,"href":"https:\/\/expforex.com\/tr\/wp-json\/wp\/v2\/pages\/54827\/revisions"}],"wp:featuredmedia":[{"embeddable":true,"href":"https:\/\/expforex.com\/tr\/wp-json\/wp\/v2\/media\/88545"}],"wp:attachment":[{"href":"https:\/\/expforex.com\/tr\/wp-json\/wp\/v2\/media?parent=54827"}],"curies":[{"name":"wp","href":"https:\/\/api.w.org\/{rel}","templated":true}]}}