{"id":55798,"date":"2024-03-10T16:23:28","date_gmt":"2024-03-10T16:23:28","guid":{"rendered":"https:\/\/expforex.com\/video-about-expert-advisors-utilities-and-indicators\/"},"modified":"2026-01-31T17:03:23","modified_gmt":"2026-01-31T17:03:23","slug":"video","status":"publish","type":"page","link":"https:\/\/expforex.com\/tr\/video\/","title":{"rendered":"Forex Video K\u00fct\u00fcphanesi: MetaTrader 4 &#038; 5 EA E\u011fitimleri ve Stratejiler | Expforex"},"content":{"rendered":"\n<p class=\"\">Expert Advisors, Ara\u00e7lar ve G\u00f6stergelerin g\u00fcc\u00fcn\u00fc anlatan bilgilendirici videomuzu ke\u015ffedin.<\/p>\n\n\n\n<p class=\"\">Bu ara\u00e7lar\u0131n ticaretinizi nas\u0131l de\u011fi\u015ftirebilece\u011fini ve ak\u0131ll\u0131 kararlar alman\u0131za nas\u0131l yard\u0131mc\u0131 olabilece\u011fini \u00f6\u011frenin. Ticaret becerilerinizi geli\u015ftirmenin bu f\u0131rsat\u0131n\u0131 ka\u00e7\u0131rmay\u0131n. \u015eimdi videomuzu izleyin!<\/p>\n\n\n\n<p class=\"\">Forex video e\u011fitimleri, Forex ticareti video talimatlar\u0131, Forex yeni ba\u015flayanlar i\u00e7in video rehberi, Forex ticaret stratejileri video, Forex nas\u0131l yap\u0131l\u0131r video, Forex piyasas\u0131 analiz videosu, Forex ticareti ad\u0131m ad\u0131m video, MetaTrader video rehberi, Forex g\u00f6stergeleri video e\u011fitimi, Expert Advisors video e\u011fitimi, Otomatik Forex ticareti video, MetaTrader nas\u0131l kullan\u0131l\u0131r video, MetaTrader kurulum videosu, Forex risk y\u00f6netimi videosu, Forex teknik analiz videosu, Forex grafik modelleri videosu, Forex ticaret ipu\u00e7lar\u0131 videosu, Forex ticaret ara\u00e7lar\u0131 videosu, Forex e\u011fitim videolar\u0131, Forex yeni ba\u015flayanlar i\u00e7in ticaret videosu, MetaTrader kurulum videosu, Forex ticaret stratejileri a\u00e7\u0131klanan video, Ticaret sinyalleri video rehberi, Forex video dersleri, Forex ticaret kursu videosu, Forex piyasa trendleri video e\u011fitimi, Forex ge\u00e7mi\u015f test video rehberi, MetaTrader ticaret robotlar\u0131 videosu, Forex demo hesap ticareti videosu, Forex temel analiz videosu, MetaTrader uzman kurulumu videosu, Ticaret platformu video e\u011fitimi.<\/p>\n","protected":false},"excerpt":{"rendered":"<p>Expert Advisors, Ara\u00e7lar ve G\u00f6stergelerin g\u00fcc\u00fcn\u00fc anlatan bilgilendirici videomuzu ke\u015ffedin. Bu ara\u00e7lar\u0131n ticaretinizi nas\u0131l de\u011fi\u015ftirebilece\u011fini ve ak\u0131ll\u0131 kararlar alman\u0131za nas\u0131l yard\u0131mc\u0131 olabilece\u011fini \u00f6\u011frenin. Ticaret becerilerinizi geli\u015ftirmenin bu f\u0131rsat\u0131n\u0131 ka\u00e7\u0131rmay\u0131n. \u015eimdi videomuzu izleyin! Forex video e\u011fitimleri, Forex ticareti video talimatlar\u0131, Forex<span class=\"excerpt-hellip\"> [\u2026]<\/span><\/p>\n","protected":false},"author":2,"featured_media":52998,"parent":0,"menu_order":0,"comment_status":"closed","ping_status":"closed","template":"","meta":{"_acf_changed":false,"_eb_attr":"","_eb_data_table":"","footnotes":""},"class_list":["post-55798","page","type-page","status-publish","has-post-thumbnail","hentry"],"acf":[],"yoast_head":"<!-- This site is optimized with the Yoast SEO Premium plugin v27.3 (Yoast SEO v27.3) - https:\/\/yoast.com\/product\/yoast-seo-premium-wordpress\/ -->\n<title>Forex Video K\u00fct\u00fcphanesi: MetaTrader 4 &amp; 5 EA E\u011fitimleri ve Stratejiler | Expforex - MetaTrader i\u00e7in en iyi fikirler<\/title>\n<meta name=\"description\" content=\"\ud83d\udcfa Otomatik i\u015flemde ustala\u015f\u0131n! MetaTrader 4 &amp; 5 i\u00e7in profesyonel video rehberlerini izleyin. Expert Advisor\u2019lar, Crypto ve Forex ara\u00e7lar\u0131yla kurulum yapmay\u0131, optimize etmeyi ve k\u00e2rl\u0131l\u0131\u011f\u0131 art\u0131rmay\u0131 \u00f6\u011frenin.\" \/>\n<meta name=\"robots\" content=\"index, follow, max-snippet:-1, max-image-preview:large, max-video-preview:-1\" \/>\n<link rel=\"canonical\" href=\"https:\/\/expforex.com\/tr\/video\/\" \/>\n<meta property=\"og:locale\" content=\"tr_TR\" \/>\n<meta property=\"og:type\" content=\"article\" \/>\n<meta property=\"og:title\" content=\"Forex Video K\u00fct\u00fcphanesi: MetaTrader 4 &amp; 5 EA E\u011fitimleri ve Stratejiler | Expforex\" \/>\n<meta property=\"og:description\" content=\"\ud83d\udcfa Otomatik i\u015flemde ustala\u015f\u0131n! MetaTrader 4 &amp; 5 i\u00e7in profesyonel video rehberlerini izleyin. Expert Advisor\u2019lar, Crypto ve Forex ara\u00e7lar\u0131yla kurulum yapmay\u0131, optimize etmeyi ve k\u00e2rl\u0131l\u0131\u011f\u0131 art\u0131rmay\u0131 \u00f6\u011frenin.\" \/>\n<meta property=\"og:url\" content=\"https:\/\/expforex.com\/tr\/video\/\" \/>\n<meta property=\"og:site_name\" content=\"MetaTrader i\u00e7in en iyi fikirler\" \/>\n<meta property=\"article:publisher\" content=\"https:\/\/www.facebook.com\/ExpForex\/\" \/>\n<meta property=\"article:modified_time\" content=\"2026-01-31T17:03:23+00:00\" \/>\n<meta property=\"og:image\" content=\"https:\/\/expforex.com\/wp-content\/uploads\/2024\/09\/youtube-1.png\" \/>\n\t<meta property=\"og:image:width\" content=\"512\" \/>\n\t<meta property=\"og:image:height\" content=\"512\" \/>\n\t<meta property=\"og:image:type\" content=\"image\/png\" \/>\n<meta name=\"twitter:card\" content=\"summary_large_image\" \/>\n<meta name=\"twitter:label1\" content=\"Est. reading time\" \/>\n\t<meta name=\"twitter:data1\" content=\"1 minute\" \/>\n<script type=\"application\/ld+json\" class=\"yoast-schema-graph\">{\"@context\":\"https:\\\/\\\/schema.org\",\"@graph\":[{\"@type\":\"WebPage\",\"@id\":\"https:\\\/\\\/expforex.com\\\/tr\\\/video\\\/\",\"url\":\"https:\\\/\\\/expforex.com\\\/tr\\\/video\\\/\",\"name\":\"Forex Video K\u00fct\u00fcphanesi: MetaTrader 4 & 5 EA E\u011fitimleri ve Stratejiler | Expforex - MetaTrader i\u00e7in en iyi fikirler\",\"isPartOf\":{\"@id\":\"https:\\\/\\\/expforex.com\\\/tr\\\/#website\"},\"primaryImageOfPage\":{\"@id\":\"https:\\\/\\\/expforex.com\\\/tr\\\/video\\\/#primaryimage\"},\"image\":{\"@id\":\"https:\\\/\\\/expforex.com\\\/tr\\\/video\\\/#primaryimage\"},\"thumbnailUrl\":\"https:\\\/\\\/expforex.com\\\/wp-content\\\/uploads\\\/2024\\\/09\\\/youtube-1.png\",\"datePublished\":\"2024-03-10T16:23:28+00:00\",\"dateModified\":\"2026-01-31T17:03:23+00:00\",\"description\":\"\ud83d\udcfa Otomatik i\u015flemde ustala\u015f\u0131n! MetaTrader 4 & 5 i\u00e7in profesyonel video rehberlerini izleyin. Expert Advisor\u2019lar, Crypto ve Forex ara\u00e7lar\u0131yla kurulum yapmay\u0131, optimize etmeyi ve k\u00e2rl\u0131l\u0131\u011f\u0131 art\u0131rmay\u0131 \u00f6\u011frenin.\",\"breadcrumb\":{\"@id\":\"https:\\\/\\\/expforex.com\\\/tr\\\/video\\\/#breadcrumb\"},\"inLanguage\":\"tr\",\"potentialAction\":[{\"@type\":\"ReadAction\",\"target\":[\"https:\\\/\\\/expforex.com\\\/tr\\\/video\\\/\"]}]},{\"@type\":\"ImageObject\",\"inLanguage\":\"tr\",\"@id\":\"https:\\\/\\\/expforex.com\\\/tr\\\/video\\\/#primaryimage\",\"url\":\"https:\\\/\\\/expforex.com\\\/wp-content\\\/uploads\\\/2024\\\/09\\\/youtube-1.png\",\"contentUrl\":\"https:\\\/\\\/expforex.com\\\/wp-content\\\/uploads\\\/2024\\\/09\\\/youtube-1.png\",\"width\":512,\"height\":512},{\"@type\":\"BreadcrumbList\",\"@id\":\"https:\\\/\\\/expforex.com\\\/tr\\\/video\\\/#breadcrumb\",\"itemListElement\":[{\"@type\":\"ListItem\",\"position\":1,\"name\":\"Ana Sayfa\",\"item\":\"https:\\\/\\\/expforex.com\\\/tr\\\/\"},{\"@type\":\"ListItem\",\"position\":2,\"name\":\"Forex Video K\u00fct\u00fcphanesi: MetaTrader 4 &#038; 5 EA E\u011fitimleri ve Stratejiler | Expforex\"}]},{\"@type\":\"WebSite\",\"@id\":\"https:\\\/\\\/expforex.com\\\/tr\\\/#website\",\"url\":\"https:\\\/\\\/expforex.com\\\/tr\\\/\",\"name\":\"MetaTrader i\u00e7in en iyi fikirler\",\"description\":\"MetaTrader, MQL, Forex, Uzman Dan\u0131\u015fman, G\u00f6sterge, Komut Dosyas\u0131, EA, Ara\u00e7lar, VirtualTradePad, Copylot, Ticksniper, Averager, xCustomEA, X, Duplicator, TesterPad, ExtraReportPad, Asistan, Ticaret, Trader, Scalping i\u00e7in programlama asistanlar\u0131nda kapsaml\u0131 deneyim.\\n\",\"publisher\":{\"@id\":\"https:\\\/\\\/expforex.com\\\/tr\\\/#\\\/schema\\\/person\\\/0f3104735dd8fd99d5b5ee2e3634b1d5\"},\"alternateName\":\"Forex EA\",\"potentialAction\":[{\"@type\":\"SearchAction\",\"target\":{\"@type\":\"EntryPoint\",\"urlTemplate\":\"https:\\\/\\\/expforex.com\\\/tr\\\/?s={search_term_string}\"},\"query-input\":{\"@type\":\"PropertyValueSpecification\",\"valueRequired\":true,\"valueName\":\"search_term_string\"}}],\"inLanguage\":\"tr\"},{\"@type\":[\"Person\",\"Organization\"],\"@id\":\"https:\\\/\\\/expforex.com\\\/tr\\\/#\\\/schema\\\/person\\\/0f3104735dd8fd99d5b5ee2e3634b1d5\",\"name\":\"Expforex Vladislav\",\"image\":{\"@type\":\"ImageObject\",\"inLanguage\":\"tr\",\"@id\":\"https:\\\/\\\/expforex.com\\\/wp-content\\\/uploads\\\/2023\\\/12\\\/LOGONEW-2024-2.png\",\"url\":\"https:\\\/\\\/expforex.com\\\/wp-content\\\/uploads\\\/2023\\\/12\\\/LOGONEW-2024-2.png\",\"contentUrl\":\"https:\\\/\\\/expforex.com\\\/wp-content\\\/uploads\\\/2023\\\/12\\\/LOGONEW-2024-2.png\",\"width\":200,\"height\":200,\"caption\":\"Expforex Vladislav\"},\"logo\":{\"@id\":\"https:\\\/\\\/expforex.com\\\/wp-content\\\/uploads\\\/2023\\\/12\\\/LOGONEW-2024-2.png\"},\"sameAs\":[\"https:\\\/\\\/www.expforex.com\",\"https:\\\/\\\/www.facebook.com\\\/ExpForex\\\/\",\"https:\\\/\\\/www.youtube.com\\\/Expforex\"],\"publishingPrinciples\":\"https:\\\/\\\/expforex.com\\\/privacy-policy\\\/\"}]}<\/script>\n<!-- \/ Yoast SEO Premium plugin. -->","yoast_head_json":{"title":"Forex Video K\u00fct\u00fcphanesi: MetaTrader 4 & 5 EA E\u011fitimleri ve Stratejiler | Expforex - MetaTrader i\u00e7in en iyi fikirler","description":"\ud83d\udcfa Otomatik i\u015flemde ustala\u015f\u0131n! MetaTrader 4 & 5 i\u00e7in profesyonel video rehberlerini izleyin. Expert Advisor\u2019lar, Crypto ve Forex ara\u00e7lar\u0131yla kurulum yapmay\u0131, optimize etmeyi ve k\u00e2rl\u0131l\u0131\u011f\u0131 art\u0131rmay\u0131 \u00f6\u011frenin.","robots":{"index":"index","follow":"follow","max-snippet":"max-snippet:-1","max-image-preview":"max-image-preview:large","max-video-preview":"max-video-preview:-1"},"canonical":"https:\/\/expforex.com\/tr\/video\/","og_locale":"tr_TR","og_type":"article","og_title":"Forex Video K\u00fct\u00fcphanesi: MetaTrader 4 & 5 EA E\u011fitimleri ve Stratejiler | Expforex","og_description":"\ud83d\udcfa Otomatik i\u015flemde ustala\u015f\u0131n! MetaTrader 4 & 5 i\u00e7in profesyonel video rehberlerini izleyin. Expert Advisor\u2019lar, Crypto ve Forex ara\u00e7lar\u0131yla kurulum yapmay\u0131, optimize etmeyi ve k\u00e2rl\u0131l\u0131\u011f\u0131 art\u0131rmay\u0131 \u00f6\u011frenin.","og_url":"https:\/\/expforex.com\/tr\/video\/","og_site_name":"MetaTrader i\u00e7in en iyi fikirler","article_publisher":"https:\/\/www.facebook.com\/ExpForex\/","article_modified_time":"2026-01-31T17:03:23+00:00","og_image":[{"width":512,"height":512,"url":"https:\/\/expforex.com\/wp-content\/uploads\/2024\/09\/youtube-1.png","type":"image\/png"}],"twitter_card":"summary_large_image","twitter_misc":{"Est. reading time":"1 minute"},"schema":{"@context":"https:\/\/schema.org","@graph":[{"@type":"WebPage","@id":"https:\/\/expforex.com\/tr\/video\/","url":"https:\/\/expforex.com\/tr\/video\/","name":"Forex Video K\u00fct\u00fcphanesi: MetaTrader 4 & 5 EA E\u011fitimleri ve Stratejiler | Expforex - MetaTrader i\u00e7in en iyi fikirler","isPartOf":{"@id":"https:\/\/expforex.com\/tr\/#website"},"primaryImageOfPage":{"@id":"https:\/\/expforex.com\/tr\/video\/#primaryimage"},"image":{"@id":"https:\/\/expforex.com\/tr\/video\/#primaryimage"},"thumbnailUrl":"https:\/\/expforex.com\/wp-content\/uploads\/2024\/09\/youtube-1.png","datePublished":"2024-03-10T16:23:28+00:00","dateModified":"2026-01-31T17:03:23+00:00","description":"\ud83d\udcfa Otomatik i\u015flemde ustala\u015f\u0131n! MetaTrader 4 & 5 i\u00e7in profesyonel video rehberlerini izleyin. Expert Advisor\u2019lar, Crypto ve Forex ara\u00e7lar\u0131yla kurulum yapmay\u0131, optimize etmeyi ve k\u00e2rl\u0131l\u0131\u011f\u0131 art\u0131rmay\u0131 \u00f6\u011frenin.","breadcrumb":{"@id":"https:\/\/expforex.com\/tr\/video\/#breadcrumb"},"inLanguage":"tr","potentialAction":[{"@type":"ReadAction","target":["https:\/\/expforex.com\/tr\/video\/"]}]},{"@type":"ImageObject","inLanguage":"tr","@id":"https:\/\/expforex.com\/tr\/video\/#primaryimage","url":"https:\/\/expforex.com\/wp-content\/uploads\/2024\/09\/youtube-1.png","contentUrl":"https:\/\/expforex.com\/wp-content\/uploads\/2024\/09\/youtube-1.png","width":512,"height":512},{"@type":"BreadcrumbList","@id":"https:\/\/expforex.com\/tr\/video\/#breadcrumb","itemListElement":[{"@type":"ListItem","position":1,"name":"Ana Sayfa","item":"https:\/\/expforex.com\/tr\/"},{"@type":"ListItem","position":2,"name":"Forex Video K\u00fct\u00fcphanesi: MetaTrader 4 &#038; 5 EA E\u011fitimleri ve Stratejiler | Expforex"}]},{"@type":"WebSite","@id":"https:\/\/expforex.com\/tr\/#website","url":"https:\/\/expforex.com\/tr\/","name":"MetaTrader i\u00e7in en iyi fikirler","description":"MetaTrader, MQL, Forex, Uzman Dan\u0131\u015fman, G\u00f6sterge, Komut Dosyas\u0131, EA, Ara\u00e7lar, VirtualTradePad, Copylot, Ticksniper, Averager, xCustomEA, X, Duplicator, TesterPad, ExtraReportPad, Asistan, Ticaret, Trader, Scalping i\u00e7in programlama asistanlar\u0131nda kapsaml\u0131 deneyim.\n","publisher":{"@id":"https:\/\/expforex.com\/tr\/#\/schema\/person\/0f3104735dd8fd99d5b5ee2e3634b1d5"},"alternateName":"Forex EA","potentialAction":[{"@type":"SearchAction","target":{"@type":"EntryPoint","urlTemplate":"https:\/\/expforex.com\/tr\/?s={search_term_string}"},"query-input":{"@type":"PropertyValueSpecification","valueRequired":true,"valueName":"search_term_string"}}],"inLanguage":"tr"},{"@type":["Person","Organization"],"@id":"https:\/\/expforex.com\/tr\/#\/schema\/person\/0f3104735dd8fd99d5b5ee2e3634b1d5","name":"Expforex Vladislav","image":{"@type":"ImageObject","inLanguage":"tr","@id":"https:\/\/expforex.com\/wp-content\/uploads\/2023\/12\/LOGONEW-2024-2.png","url":"https:\/\/expforex.com\/wp-content\/uploads\/2023\/12\/LOGONEW-2024-2.png","contentUrl":"https:\/\/expforex.com\/wp-content\/uploads\/2023\/12\/LOGONEW-2024-2.png","width":200,"height":200,"caption":"Expforex Vladislav"},"logo":{"@id":"https:\/\/expforex.com\/wp-content\/uploads\/2023\/12\/LOGONEW-2024-2.png"},"sameAs":["https:\/\/www.expforex.com","https:\/\/www.facebook.com\/ExpForex\/","https:\/\/www.youtube.com\/Expforex"],"publishingPrinciples":"https:\/\/expforex.com\/privacy-policy\/"}]}},"_links":{"self":[{"href":"https:\/\/expforex.com\/tr\/wp-json\/wp\/v2\/pages\/55798","targetHints":{"allow":["GET"]}}],"collection":[{"href":"https:\/\/expforex.com\/tr\/wp-json\/wp\/v2\/pages"}],"about":[{"href":"https:\/\/expforex.com\/tr\/wp-json\/wp\/v2\/types\/page"}],"author":[{"embeddable":true,"href":"https:\/\/expforex.com\/tr\/wp-json\/wp\/v2\/users\/2"}],"replies":[{"embeddable":true,"href":"https:\/\/expforex.com\/tr\/wp-json\/wp\/v2\/comments?post=55798"}],"version-history":[{"count":1,"href":"https:\/\/expforex.com\/tr\/wp-json\/wp\/v2\/pages\/55798\/revisions"}],"predecessor-version":[{"id":146877,"href":"https:\/\/expforex.com\/tr\/wp-json\/wp\/v2\/pages\/55798\/revisions\/146877"}],"wp:featuredmedia":[{"embeddable":true,"href":"https:\/\/expforex.com\/tr\/wp-json\/wp\/v2\/media\/52998"}],"wp:attachment":[{"href":"https:\/\/expforex.com\/tr\/wp-json\/wp\/v2\/media?parent=55798"}],"curies":[{"name":"wp","href":"https:\/\/api.w.org\/{rel}","templated":true}]}}