{"id":57426,"date":"2023-08-05T08:26:42","date_gmt":"2023-08-05T08:26:42","guid":{"rendered":"https:\/\/expforex.com\/disclaimer\/"},"modified":"2026-01-10T05:15:46","modified_gmt":"2026-01-10T05:15:46","slug":"disclaimer","status":"publish","type":"page","link":"https:\/\/expforex.com\/tr\/disclaimer\/","title":{"rendered":"Sorumluluk reddi"},"content":{"rendered":"<h2><span data-preserver-spaces=\"true\">Sorumluluk Reddi. Sorumluluk Reddi ve Fikri M\u00fclkiyet Haklar\u0131 Beyan\u0131<\/span><\/h2>\n<h3><strong>Hukuki bildirim<\/strong><\/h3>\n<p><span data-preserver-spaces=\"true\">Bu hukuki bildirim (\u201cHukuki Bildirim\u201d), bu web sitesinin (\u201cSite\u201d) kullan\u0131m kurallar\u0131n\u0131 belirler. Bu Siteyi kullanarak, Hukuki Bildirimde belirtilen d\u00fczenlemeleri kabul etti\u011finizi beyan edersiniz. Kaynak sahipleri, bu Hukuki Bildirimde belirtilen kurallarda herhangi bir zamanda de\u011fi\u015fiklik yapma hakk\u0131na sahiptir ve bu de\u011fi\u015fiklikler hemen y\u00fcr\u00fcrl\u00fc\u011fe girer. Yap\u0131lan de\u011fi\u015fikliklerden sonra Siteyi kullanmaya devam etmeniz, yeni kurallara tabi olmay\u0131 kabul etti\u011finiz anlam\u0131na gelir. L\u00fctfen bu sayfay\u0131 d\u00fczenli olarak ziyaret ederek Hukuki Bildirimin ge\u00e7erli \u015fartlar\u0131n\u0131 g\u00f6zden ge\u00e7irin.<\/span><\/p>\n<h2><strong>Fikri m\u00fclkiyet<\/strong><\/h2>\n<p><span data-preserver-spaces=\"true\">Sitede ve i\u00e7eri\u011finde bulunan fikri faaliyet sonu\u00e7lar\u0131na ili\u015fkin t\u00fcm telif haklar\u0131 ve di\u011fer haklar, kaynak sahiplerine aittir. Aksi belirtilmedik\u00e7e, \u0130\u00e7eri\u011fi yaln\u0131zca kendi kullan\u0131m\u0131n\u0131z i\u00e7in g\u00f6r\u00fcnt\u00fcleyebilir, kopyalayabilir ve yazd\u0131rabilirsiniz; t\u00fcm kopyalar\u0131n ve yazd\u0131rmalar\u0131n, Sitedeki telif hakk\u0131 ve di\u011fer m\u00fclkiyet haklar\u0131 bildirimlerini ve feragatlerini i\u00e7ermesi \u015fart\u0131yla. \u0130\u00e7eri\u011fi ba\u015fka \u0130nternet kaynaklar\u0131nda yay\u0131nlad\u0131\u011f\u0131n\u0131z takdirde, kopyalama ko\u015fullar\u0131 listesinden se\u00e7ilmi\u015f bir hiper metin ba\u011flant\u0131s\u0131 koymay\u0131 taahh\u00fct edersiniz. Kaynak sahipleri, \u0130\u00e7eri\u011fi herhangi bir zamanda de\u011fi\u015ftirme hakk\u0131n\u0131 sakl\u0131 tutar (ancak y\u00fck\u00fcml\u00fc de\u011fildir).<\/span><\/p>\n<h2><strong>Sorumlulu\u011fun reddi<\/strong><\/h2>\n<p><span data-preserver-spaces=\"true\">Siteye eri\u015fim ve i\u00e7eri\u011fini kullanma tamamen kendi takdirinize ve riskinize ba\u011fl\u0131d\u0131r. Kaynak sahipleri, \u0130\u00e7eri\u011fin do\u011frulu\u011funu ve ge\u00e7erlili\u011fini sa\u011flamak i\u00e7in makul \u00f6nlemler almakta olsa da, Site \u00fczerinde veya \u00fczerinden eri\u015fti\u011finiz veya elde etti\u011finiz bilgileri temel alarak do\u011frudan veya dolayl\u0131 olarak ger\u00e7ekle\u015ftiren ki\u015filer veya kurulu\u015flar\u0131n eylemlerinden sorumluluk kabul etmezler. Site ve \u0130\u00e7erik \u201coldu\u011fu gibi\u201d sa\u011flanmaktad\u0131r ve Site sahipleri, Site ve \u0130\u00e7erikle ilgili olarak herhangi bir t\u00fcrde ifade veya garanti vermezler; bunlar aras\u0131nda, s\u0131n\u0131rlama olmaks\u0131z\u0131n zamanlama, g\u00fcncellik, do\u011fruluk, b\u00fct\u00fcnl\u00fck, g\u00fcvenilirlik, eri\u015filebilirlik veya uygunluk bulunmaktad\u0131r. Site ve \u0130\u00e7erik kullan\u0131m\u0131 s\u0131ras\u0131nda hatas\u0131z, g\u00fcvenli ve kesintisiz olup olmad\u0131\u011f\u0131, kaynak sahiplerinin herhangi bir hatay\u0131 d\u00fczeltece\u011fi veya Sitenin vir\u00fcsler veya di\u011fer zararl\u0131 kodlardan ar\u0131nm\u0131\u015f olaca\u011f\u0131 konusunda hi\u00e7bir garanti verilmez; \u0130\u00e7eri\u011fin ve Sitenin \u00fc\u00e7\u00fcnc\u00fc \u015fah\u0131slar\u0131n haklar\u0131n\u0131 ihlal etmedi\u011fi de garanti edilmez. Ge\u00e7erli yasalar uyar\u0131nca m\u00fcmk\u00fcn olan en y\u00fcksek \u00f6l\u00e7\u00fcde, kaynak sahipleri, aksi takdirde ima edilebilecek herhangi bir beyan ve garantiden feragat eder ve Site, \u0130\u00e7erik ve bunlar\u0131n kullan\u0131m\u0131 ile ilgili olarak sorumluluk kabul etmez.<\/span><\/p>\n<h2><strong>\u00dc\u00e7\u00fcnc\u00fc Taraf Siteleri<\/strong><\/h2>\n<p><span data-preserver-spaces=\"true\">Site, \u00fc\u00e7\u00fcnc\u00fc taraf web sitelerine y\u00f6nlendiren hiper metin ba\u011flant\u0131lar\u0131 i\u00e7erebilir. Kaynak sahipleri, bu ba\u011flant\u0131lar\u0131 sizin i\u00e7in kolayl\u0131k sa\u011flamak amac\u0131yla sunar ve eri\u015febilece\u011finiz veya gezinebilece\u011finiz siteleri kontrol etmez. Kaynak sahipleri, \u00fc\u00e7\u00fcnc\u00fc taraf web sitelerini, bunlar\u0131n \u0130\u00e7eri\u011fini ve kullan\u0131labilirli\u011fini desteklemez, sponsorlu\u011funu yapmaz, onaylamaz veya ba\u015fka bir \u015fekilde sorumluluk kabul etmez. \u00d6zellikle, kaynak sahipleri, \u00fc\u00e7\u00fcnc\u00fc taraf sitelerdeki herhangi bir ki\u015finin fikri m\u00fclkiyet haklar\u0131n\u0131 ihlal etmekten veya bu sitelerde mevcut olan herhangi bir bilgi veya g\u00f6r\u00fc\u015f ile ilgili sorumluluk kabul etmez.<\/span><\/p>\n<p><span data-preserver-spaces=\"true\">\u00a0<\/span><\/p>\n<h2><span data-preserver-spaces=\"true\">Yabanc\u0131 para ticareti<br \/>\n<\/span><\/h2>\n<p>Marj ile yabanc\u0131 para ticareti y\u00fcksek risk d\u00fczeyi ta\u015f\u0131r ve t\u00fcm yat\u0131r\u0131mc\u0131lar i\u00e7in uygun olmayabilir. Y\u00fcksek kald\u0131ra\u00e7 oran\u0131, sizin i\u00e7in oldu\u011fu kadar aleyhinize de \u00e7al\u0131\u015fabilir. Yabanc\u0131 para birimine yat\u0131r\u0131m yapmaya karar vermeden \u00f6nce, yat\u0131r\u0131m hedeflerinizi, deneyim seviyenizi ve risk i\u015ftah\u0131n\u0131z\u0131 dikkatlice de\u011ferlendirmeniz gerekir.<\/p>\n<p>Hisse senetleri ve di\u011fer yat\u0131r\u0131mlarla ilgili al\u0131m, sat\u0131m, tutma veya ticaret kararlar\u0131 risk i\u00e7erir ve en iyi nitelikli finansal profesyonellerin tavsiyesine dayanarak al\u0131nmal\u0131d\u0131r. Hisse senetleri veya di\u011fer yat\u0131r\u0131mlar ile ilgili herhangi bir ticaret \u00f6nemli kay\u0131p riskine sahiptir. \u201cG\u00fcn Ticareti\u201d uygulamas\u0131 \u00f6zellikle y\u00fcksek risk ta\u015f\u0131r ve \u00f6nemli miktarda para kaybetmenize neden olabilir. Herhangi bir ticaret program\u0131na ba\u015flamadan \u00f6nce, nitelikli bir finansal profesyonele dan\u0131\u015fmal\u0131s\u0131n\u0131z. B\u00f6yle bir ticaretin finansal durumunuza ve mali riskleri ta\u015f\u0131ma kabiliyetinize g\u00f6re uygun olup olmad\u0131\u011f\u0131n\u0131 dikkatlice de\u011ferlendirin.<\/p>\n<p>Bu sitedeki hi\u00e7bir bilgi veya g\u00f6r\u00fc\u015f, herhangi bir para birimi, hisse senedi veya di\u011fer finansal ara\u00e7lar\u0131n veya hizmetlerin al\u0131m veya sat\u0131m\u0131n\u0131 teklif etmek veya talep etmek amac\u0131yla al\u0131nmamal\u0131d\u0131r.\u00a0<b>Expforex.com<\/b>\u2019da ifade edilen g\u00f6r\u00fc\u015fler, bireysel yazarlar\u0131n g\u00f6r\u00fc\u015fleridir ve\u00a0<b>Expforex.com<\/b>\u2019un veya y\u00f6netiminin g\u00f6r\u00fc\u015flerini yans\u0131tmaz.\u00a0<b>E<u>xpfore<\/u>x.com<\/b>, ba\u011f\u0131ms\u0131z yazarlar taraf\u0131ndan yap\u0131lan herhangi bir iddia veya beyan\u0131n do\u011frulu\u011funu veya ger\u00e7ekli\u011fini do\u011frulamam\u0131\u015ft\u0131r.\u00a0<b>expforex.com<\/b>, bu sitedeki bilgileri kullanman\u0131z veya bunlara g\u00fcvenmeniz sonucunda do\u011frudan veya dolayl\u0131 olarak meydana gelebilecek herhangi bir kay\u0131p veya zarardan, s\u0131n\u0131rlama olmaks\u0131z\u0131n, kar kayb\u0131 da dahil olmak \u00fczere sorumluluk kabul etmez. Ge\u00e7mi\u015f performans gelecekteki performans\u0131n bir g\u00f6stergesi veya garantisi de\u011fildir.<\/p>\n<p>Okuyucu yorumlar\u0131m\u0131zda ve kullan\u0131c\u0131 taraf\u0131ndan \u00fcretilen i\u00e7eriklerde ifade edilen g\u00f6r\u00fc\u015fler, ilgili yazarlar\u0131n g\u00f6r\u00fc\u015flerini yans\u0131t\u0131r. Yabanc\u0131 para ticareti, \u00f6nemli bir kay\u0131p riski ta\u015f\u0131r. Yat\u0131r\u0131m karar\u0131 vermeden \u00f6nce her zaman dikkatli olmal\u0131s\u0131n\u0131z.<\/p>\n<p>Bu web sitesindeki bilgiler, sitede sa\u011flanan yaz\u0131l\u0131mlar ve t\u00fcm grafik sayfalar\u0131, site ziyaret\u00e7ilerinin kolayl\u0131\u011f\u0131 i\u00e7in derlenmi\u015ftir.\u00a0<b>expforex.com<\/b>, bu bilgileri do\u011fruluk konusunda sorumluluk almaks\u0131z\u0131n sa\u011flamaktad\u0131r ve site ziyaret\u00e7isi, iletimdeki hatalar veya eksikliklerin herhangi bir talep, talep veya dava nedeninin temelini olu\u015fturmayaca\u011f\u0131n\u0131 kabul eder. Bilgi ve veriler g\u00fcvenilir oldu\u011funa inan\u0131lan kaynaklardan elde edilmi\u015ftir, ancak do\u011frulu\u011funu garanti etmiyoruz.<\/p>\n<p>Bu web sitesi,\u00a0<b>expforex.com<\/b>\u00a0taraf\u0131ndan bak\u0131m\u0131n\u0131 yap\u0131lmayan web sitelerine ba\u011flant\u0131lar i\u00e7ermektedir. \u00dc\u00e7\u00fcnc\u00fc taraf web sitelerine ba\u011flant\u0131lar, sizin i\u00e7in kolayl\u0131k ve bilgi sa\u011flamak amac\u0131yla verilmi\u015ftir. \u00dc\u00e7\u00fcnc\u00fc taraf web siteleri\u00a0<b>expforex.com<\/b>\u2019un kontrol\u00fcnde de\u011fildir ve bu sitelerin i\u00e7eri\u011finden veya do\u011frulu\u011fundan veya bu sitelerde sunulan \u00fcr\u00fcnlerden veya hizmetlerden sorumlu de\u011filiz. Bu web sitesinde bir ba\u011flant\u0131n\u0131n yer almas\u0131,\u00a0<b>expforex.com<\/b>\u2019un \u00fc\u00e7\u00fcnc\u00fc taraf web sitesini onaylad\u0131\u011f\u0131 anlam\u0131na gelmez.<\/p>\n<p>Brokers compensate\u00a0<b>expforex.com<\/b>, referred to on this site.<\/p>\n<p>KULLANIMINIZIN R\u0130SK\u0130 TAMAMEN S\u0130ZE A\u0130TT\u0130R.\u00a0<b>EXPFOREX.COM<\/b>\u00a0H\u0130ZMETLER\u0130N\u0130 KULLANIMI S\u0130Z\u0130N TEK R\u0130SK\u0130N\u0130ZD\u0130R. S\u0130TE, YAZILIM VE H\u0130ZMETLER \u201cOLDU\u011eU G\u0130B\u0130\u201d SA\u011eLANMAKTADIR. WEB S\u0130TES\u0130NDEN \u0130ND\u0130R\u0130LEN YAZILIM \u0130\u00c7\u0130N GARANT\u0130 YOKTUR. YAZILIMIN KAL\u0130TES\u0130 VE PERFORMANSI TAMAMEN S\u0130Z\u0130N SORUMLULU\u011eUNUZDUR. PROGRAM HATALI \u00c7IKARSA, GEREKEN H\u0130ZMET, TAM\u0130R VEYA D\u00dcZENLEME G\u0130DERLER\u0130N\u0130 \u00dcSTLEN\u0130RS\u0130N\u0130Z.<\/p>\n<p>TALEP T\u00dcR\u00dc VEYA DAVANIN NEDEN\u0130 NE OLURSA OLSUN,\u00a0<b>EXPFOREX.COM<\/b>, BA\u011eLANTILI KURULU\u015eLARI, KONTRAT\u00c7ILARI, H\u0130ZMET SA\u011eLAYICILARI, \u00c7ALI\u015eANLARI, TEMS\u0130LC\u0130LER\u0130 VE L\u0130SANS VERENLER\u0130, H\u0130ZMETLER\u0130, TEKNOLOJ\u0130Y\u0130 VE H\u0130ZMETLERDE MEVCUT OLAN \u0130\u00c7ER\u0130\u011e\u0130 OLU\u015eTURAN, \u00dcRETEN VEYA SA\u011eLAYAN HERHANG\u0130 B\u0130R TARAFLA S\u0130ZE H\u0130\u00c7B\u0130R \u015eEK\u0130LDE SORUMLU OLMAYACAKTIR.<\/p>\n<p>H\u0130ZMETLER\u0130M\u0130Z\u0130 KULLANMAK \u0130\u00c7\u0130N TEK VE \u00d6ZEL \u00c7\u00d6Z\u00dcM\u00dcN\u00dcZ,\u00a0<b>EXPFOREX.COM<\/b>\u00a0TARAFINDAN SA\u011eLANAN HERHANG\u0130 B\u0130R H\u0130ZMET\u0130 KULLANMAK \u0130LE \u0130LG\u0130L\u0130 \u00dcYEL\u0130\u011e\u0130N\u0130Z\u0130 \u0130PTAL ETMEKT\u0130R. BAZI YETK\u0130 ALANLARI, SORUMLULU\u011eUN SINIRLANDIRILMASINI VEYA HAR\u0130\u00c7 TUTULMASINI \u0130Z\u0130N VERMEZ; BU YETK\u0130 ALANLARINDA, SORUMLULU\u011eUMUZ YASALARCA \u0130Z\u0130N VER\u0130LEN \u00d6L\u00c7\u00dcDE SINIRLANDIRILACAKTIR.<\/p>\n<p><b>Hizmetlerimizden baz\u0131lar\u0131 ve Uzman Dan\u0131\u015fmanlar\u0131m\u0131z (Ara\u00e7lar, EA, G\u00f6stergeler, Scriptler, Uzman Dan\u0131\u015fmanlar, k\u00fct\u00fcphaneler)<\/b>\u00a0ilerleme a\u015famas\u0131ndad\u0131r ve bu hizmetleri de\u011fi\u015ftirme, uyarlama veya iptal etme hakk\u0131n\u0131 sakl\u0131 tutar\u0131z. Web sitelerimize i\u00e7erik g\u00f6ndererek veya hizmetimize ba\u015fka bir \u015fekilde katk\u0131da bulunarak, g\u00f6nderdi\u011finiz veya iletti\u011finiz her \u015feyi veya bunlar\u0131n t\u00fcrevlerini yeniden yay\u0131mlamak i\u00e7in s\u00fcrekli ve s\u0131n\u0131rs\u0131z bir lisansa sahip oldu\u011fumuzu kabul edersiniz. Herhangi bir bildirimde bulunmadan ve tamamen kendi takdirimize ba\u011fl\u0131 olarak, herhangi bir g\u00f6nderiyi kald\u0131rma, herhangi bir \u00fcyeli\u011fi sonland\u0131rma veya bu sayfada belirtilen kurallar\u0131 ve \u015fartlar\u0131 ihlal eden herhangi bir eylemde bulunma hakk\u0131na sahibiz.<\/p>\n<p><b>Hizmetlerimizi yasal, medeni ve adil bir \u015fekilde kullanman\u0131z\u0131 istiyoruz. \u00d6rne\u011fin \u015funlar\u0131 yapamazs\u0131n\u0131z:<\/b><\/p>\n<p>Rahats\u0131z edici, kabaca, k\u00f6t\u00fcye kullanan, m\u00fcstehcen, k\u00fcf\u00fcrl\u00fc, nefret dolu, cinsel i\u00e7erikli, spam, \u00fcr\u00fcn veya hizmet tan\u0131t\u0131m\u0131, doland\u0131r\u0131c\u0131l\u0131k, tehditkar, rahats\u0131z edici, iftira edici veya herhangi bir ki\u015finin \u00f6zel veya ki\u015fisel meselelerini if\u015fa eden i\u00e7erik yay\u0131nlamak, iletmek veya ba\u011flant\u0131 vermek;<\/p>\n<p>Yasa gere\u011fi iletme hakk\u0131na sahip olmad\u0131\u011f\u0131n\u0131z herhangi bir materyali yay\u0131nlamak veya iletmek (\u00f6rne\u011fin telif haklar\u0131, ticari s\u0131rlar veya de\u011ferli ka\u011f\u0131tlar) veya s\u00f6zle\u015fmesel veya g\u00fcvenilir ili\u015fkiler (gizlilik anla\u015fmalar\u0131 gibi);<\/p>\n<p>Sitemize eri\u015firken ve kullan\u0131rken ge\u00e7erli yasalara veya d\u00fczenlemelere uymamak, ABD Menkul K\u0131ymetler ve Borsa Komisyonu, Ulusal Vadeli \u0130\u015flem Birli\u011fi, CFTC ve ulusal veya di\u011fer menkul k\u0131ymet borsalar\u0131n\u0131n (\u00f6zellikle, herhangi bir menkul k\u0131ymetin fiyat\u0131n\u0131 manip\u00fcle etmek i\u00e7in yanl\u0131\u015f veya yan\u0131lt\u0131c\u0131 ifadeler yapma kural\u0131 dahil) kurallar\u0131na ve d\u00fczenlemelerine uymamak;<\/p>\n<p>Herhangi bir menkul k\u0131ymet, \u00fcr\u00fcn veya finansal arac\u0131n al\u0131m\u0131n\u0131, sat\u0131m\u0131n\u0131 veya sat\u0131n al\u0131nmas\u0131n\u0131 teklif etmek;<\/p>\n<p>Altyap\u0131m\u0131za a\u015f\u0131r\u0131 veya orant\u0131s\u0131z y\u00fck getiren veya sistemlerimizin veya Hizmetlerimizin i\u015fleyi\u015fini bozan veya zarar veren herhangi bir eylemde bulunmak;<\/p>\n<p>EXPFOREX.com&#8217;dan herhangi bir i\u00e7eri\u011fi, \u00f6nceden yaz\u0131l\u0131 onay\u0131m\u0131z olmadan kullanmak.<\/p>\n<p>L\u00fctfen \u015fifrenizin gizlili\u011fini koruyun. Hizmetlerimizin kullan\u0131m\u0131yla ilgili herhangi bir \u015f\u00fcpheli aktivite ile kar\u015f\u0131la\u015f\u0131rsan\u0131z veya duyarsan\u0131z bizimle ileti\u015fime ge\u00e7in. Verilerinizi yetkisiz kullan\u0131mdan kaynaklanan herhangi bir kay\u0131ptan sorumlu olmay\u0131z. Hizmetlerimizi kullanmak i\u00e7in yaln\u0131zca bir (1) hesap olu\u015fturabilirsiniz, yani ki\u015fi ba\u015f\u0131na bir hesap.<\/p>\n<p>Bu sitedeki performans sonu\u00e7lar\u0131 varsay\u0131msald\u0131r ve Expforex.com bu sonu\u00e7lar\u0131n ger\u00e7ek bir hesapta ticareti yans\u0131tt\u0131\u011f\u0131n\u0131 beyan etmez. Asl\u0131nda, bir\u00e7ok \u00fcyemiz broker \u00fccretleri, komisyonlar, marj \u00e7a\u011fr\u0131lar\u0131 ve ger\u00e7ek bir hesapta ticaretin performans\u0131n\u0131 olumsuz etkileyen di\u011fer fakt\u00f6rlere tabi olmayan s\u00f6zde demo hesaplar\u0131 kullanmaktad\u0131r. Dahas\u0131, sunulan sonu\u00e7lar yaln\u0131zca tamamlanan ticareti yans\u0131t\u0131r ve a\u00e7\u0131k pozisyonlardan herhangi bir kay\u0131p veya kazanc\u0131 dikkate almaz.<\/p>\n<p>VARSAYIM PERFORMANS SONU\u00c7LARININ B\u0130R\u00c7OK KEND\u0130NE HAS SINIRI VARDIR, BUNLARDAN BAZILARI A\u015eA\u011eIDA A\u00c7IKLANMI\u015eTIR. HERHANG\u0130 B\u0130R HESABIN G\u00d6STER\u0130LENLERLE BENZER KAR VEYA ZARARLAR YAPMA \u0130HT\u0130MAL\u0130 OLDU\u011eU YAPILMAKTA OLAN B\u0130R TEMS\u0130LD\u0130R. ASLINDA, VARSAYIM PERFORMANS SONU\u00c7LARI \u0130LE BEL\u0130RL\u0130 B\u0130R T\u0130CARET PROGRAMI TARAFINDAN SONRADAN ULA\u015eILAN GER\u00c7EK SONU\u00c7LAR ARASINDA SIK SIK KESK\u0130N FARKLAR OLMAKTADIR.<\/p>\n<p>VARSAYIM PERFORMANS SONU\u00c7LARININ B\u0130R SINIRI, GENEL OLARAK GER\u0130YE D\u00d6N\u00dcK KAZANIMLA HAZIRLANMI\u015e OLMASIDIR. DAHA DA \u00d6NEML\u0130 OLARAK, VARSAYIM T\u0130CARET\u0130 F\u0130NANSAL R\u0130SK \u0130\u00c7ERMEZ VE H\u0130\u00c7B\u0130R VARSAYIM T\u0130CARET KAYDI, GER\u00c7EK T\u0130CARETDE F\u0130NANSAL R\u0130SK\u0130N ETK\u0130S\u0130N\u0130 TAMAMEN HESABA KATAMAZ. \u00d6RNE\u011e\u0130N, KAYIPLARA D\u0130RENME KAB\u0130L\u0130YET\u0130 VEYA T\u0130CARET KAYIPLARINA RA\u011eMEN BEL\u0130RL\u0130 B\u0130R T\u0130CARET PROGRAMINA BA\u011eLI KALMA, GER\u00c7EK T\u0130CARET SONU\u00c7LARINI OLUMSUZ ETK\u0130LEYEB\u0130LECEK MADDESEL NOKTALARDIR. PAZARLARLA \u0130LG\u0130L\u0130 SAYISIZ D\u0130\u011eER FAKT\u00d6RLER VEYA BEL\u0130RL\u0130 B\u0130R T\u0130CARET PROGRAMININ UYGULAMASI, VARSAYIM PERFORMANS SONU\u00c7LARININ HAZIRLANMASINDA TAMAMEN HESABA KATILAMAZ, T\u00fcm bunlar GER\u00c7EK T\u0130CARET SONU\u00c7LARINI OLUMSUZ ETK\u0130LEYEB\u0130L\u0130R.<\/p>\n","protected":false},"excerpt":{"rendered":"<p>Feragatname, bir ki\u015finin bir \u015fey hakk\u0131nda bilgisi olmad\u0131\u011f\u0131n\u0131 veya bir \u015feyden sorumlu olmad\u0131\u011f\u0131n\u0131 s\u00f6yledi\u011fi bir ifadedir.<\/p>\n","protected":false},"author":2,"featured_media":0,"parent":0,"menu_order":0,"comment_status":"closed","ping_status":"closed","template":"","meta":{"_acf_changed":false,"_eb_attr":"","_eb_data_table":"","footnotes":""},"class_list":["post-57426","page","type-page","status-publish","hentry"],"acf":[],"yoast_head":"<!-- This site is optimized with the Yoast SEO Premium plugin v27.3 (Yoast SEO v27.3) - https:\/\/yoast.com\/product\/yoast-seo-premium-wordpress\/ -->\n<title>Sorumluluk reddi<\/title>\n<meta name=\"description\" content=\"Feragatname, bir ki\u015finin bir \u015fey hakk\u0131nda bilgisi olmad\u0131\u011f\u0131n\u0131 veya bir \u015feyden sorumlu olmad\u0131\u011f\u0131n\u0131 s\u00f6yledi\u011fi bir ifadedir.\" \/>\n<meta name=\"robots\" content=\"index, follow, max-snippet:-1, max-image-preview:large, max-video-preview:-1\" \/>\n<link rel=\"canonical\" href=\"https:\/\/expforex.com\/tr\/disclaimer\/\" \/>\n<meta property=\"og:locale\" content=\"tr_TR\" \/>\n<meta property=\"og:type\" content=\"article\" \/>\n<meta property=\"og:title\" content=\"Sorumluluk reddi\" \/>\n<meta property=\"og:description\" content=\"Feragatname, bir ki\u015finin bir \u015fey hakk\u0131nda bilgisi olmad\u0131\u011f\u0131n\u0131 veya bir \u015feyden sorumlu olmad\u0131\u011f\u0131n\u0131 s\u00f6yledi\u011fi bir ifadedir.\" \/>\n<meta property=\"og:url\" content=\"https:\/\/expforex.com\/tr\/disclaimer\/\" \/>\n<meta property=\"og:site_name\" content=\"MetaTrader i\u00e7in en iyi fikirler\" \/>\n<meta property=\"article:publisher\" content=\"https:\/\/www.facebook.com\/ExpForex\/\" \/>\n<meta property=\"article:modified_time\" content=\"2026-01-10T05:15:46+00:00\" \/>\n<meta property=\"og:image\" content=\"https:\/\/expforex.com\/wp-content\/uploads\/2023\/12\/LOGONEW-2024-2.png\" \/>\n\t<meta property=\"og:image:width\" content=\"200\" \/>\n\t<meta property=\"og:image:height\" content=\"200\" \/>\n\t<meta property=\"og:image:type\" content=\"image\/png\" \/>\n<meta name=\"twitter:card\" content=\"summary_large_image\" \/>\n<meta name=\"twitter:label1\" content=\"Est. reading time\" \/>\n\t<meta name=\"twitter:data1\" content=\"7 minutes\" \/>\n<script type=\"application\/ld+json\" class=\"yoast-schema-graph\">{\"@context\":\"https:\\\/\\\/schema.org\",\"@graph\":[{\"@type\":\"WebPage\",\"@id\":\"https:\\\/\\\/expforex.com\\\/tr\\\/disclaimer\\\/\",\"url\":\"https:\\\/\\\/expforex.com\\\/tr\\\/disclaimer\\\/\",\"name\":\"Sorumluluk reddi\",\"isPartOf\":{\"@id\":\"https:\\\/\\\/expforex.com\\\/tr\\\/#website\"},\"datePublished\":\"2023-08-05T08:26:42+00:00\",\"dateModified\":\"2026-01-10T05:15:46+00:00\",\"description\":\"Feragatname, bir ki\u015finin bir \u015fey hakk\u0131nda bilgisi olmad\u0131\u011f\u0131n\u0131 veya bir \u015feyden sorumlu olmad\u0131\u011f\u0131n\u0131 s\u00f6yledi\u011fi bir ifadedir.\",\"breadcrumb\":{\"@id\":\"https:\\\/\\\/expforex.com\\\/tr\\\/disclaimer\\\/#breadcrumb\"},\"inLanguage\":\"tr\",\"potentialAction\":[{\"@type\":\"ReadAction\",\"target\":[\"https:\\\/\\\/expforex.com\\\/tr\\\/disclaimer\\\/\"]}]},{\"@type\":\"BreadcrumbList\",\"@id\":\"https:\\\/\\\/expforex.com\\\/tr\\\/disclaimer\\\/#breadcrumb\",\"itemListElement\":[{\"@type\":\"ListItem\",\"position\":1,\"name\":\"Ana Sayfa\",\"item\":\"https:\\\/\\\/expforex.com\\\/tr\\\/\"},{\"@type\":\"ListItem\",\"position\":2,\"name\":\"Sorumluluk reddi\"}]},{\"@type\":\"WebSite\",\"@id\":\"https:\\\/\\\/expforex.com\\\/tr\\\/#website\",\"url\":\"https:\\\/\\\/expforex.com\\\/tr\\\/\",\"name\":\"MetaTrader i\u00e7in en iyi fikirler\",\"description\":\"MetaTrader, MQL, Forex, Uzman Dan\u0131\u015fman, G\u00f6sterge, Komut Dosyas\u0131, EA, Ara\u00e7lar, VirtualTradePad, Copylot, Ticksniper, Averager, xCustomEA, X, Duplicator, TesterPad, ExtraReportPad, Asistan, Ticaret, Trader, Scalping i\u00e7in programlama asistanlar\u0131nda kapsaml\u0131 deneyim.\\n\",\"publisher\":{\"@id\":\"https:\\\/\\\/expforex.com\\\/tr\\\/#\\\/schema\\\/person\\\/0f3104735dd8fd99d5b5ee2e3634b1d5\"},\"alternateName\":\"Forex EA\",\"potentialAction\":[{\"@type\":\"SearchAction\",\"target\":{\"@type\":\"EntryPoint\",\"urlTemplate\":\"https:\\\/\\\/expforex.com\\\/tr\\\/?s={search_term_string}\"},\"query-input\":{\"@type\":\"PropertyValueSpecification\",\"valueRequired\":true,\"valueName\":\"search_term_string\"}}],\"inLanguage\":\"tr\"},{\"@type\":[\"Person\",\"Organization\"],\"@id\":\"https:\\\/\\\/expforex.com\\\/tr\\\/#\\\/schema\\\/person\\\/0f3104735dd8fd99d5b5ee2e3634b1d5\",\"name\":\"Expforex Vladislav\",\"image\":{\"@type\":\"ImageObject\",\"inLanguage\":\"tr\",\"@id\":\"https:\\\/\\\/expforex.com\\\/wp-content\\\/uploads\\\/2023\\\/12\\\/LOGONEW-2024-2.png\",\"url\":\"https:\\\/\\\/expforex.com\\\/wp-content\\\/uploads\\\/2023\\\/12\\\/LOGONEW-2024-2.png\",\"contentUrl\":\"https:\\\/\\\/expforex.com\\\/wp-content\\\/uploads\\\/2023\\\/12\\\/LOGONEW-2024-2.png\",\"width\":200,\"height\":200,\"caption\":\"Expforex Vladislav\"},\"logo\":{\"@id\":\"https:\\\/\\\/expforex.com\\\/wp-content\\\/uploads\\\/2023\\\/12\\\/LOGONEW-2024-2.png\"},\"sameAs\":[\"https:\\\/\\\/www.expforex.com\",\"https:\\\/\\\/www.facebook.com\\\/ExpForex\\\/\",\"https:\\\/\\\/www.youtube.com\\\/Expforex\"],\"publishingPrinciples\":\"https:\\\/\\\/expforex.com\\\/privacy-policy\\\/\"}]}<\/script>\n<!-- \/ Yoast SEO Premium plugin. -->","yoast_head_json":{"title":"Sorumluluk reddi","description":"Feragatname, bir ki\u015finin bir \u015fey hakk\u0131nda bilgisi olmad\u0131\u011f\u0131n\u0131 veya bir \u015feyden sorumlu olmad\u0131\u011f\u0131n\u0131 s\u00f6yledi\u011fi bir ifadedir.","robots":{"index":"index","follow":"follow","max-snippet":"max-snippet:-1","max-image-preview":"max-image-preview:large","max-video-preview":"max-video-preview:-1"},"canonical":"https:\/\/expforex.com\/tr\/disclaimer\/","og_locale":"tr_TR","og_type":"article","og_title":"Sorumluluk reddi","og_description":"Feragatname, bir ki\u015finin bir \u015fey hakk\u0131nda bilgisi olmad\u0131\u011f\u0131n\u0131 veya bir \u015feyden sorumlu olmad\u0131\u011f\u0131n\u0131 s\u00f6yledi\u011fi bir ifadedir.","og_url":"https:\/\/expforex.com\/tr\/disclaimer\/","og_site_name":"MetaTrader i\u00e7in en iyi fikirler","article_publisher":"https:\/\/www.facebook.com\/ExpForex\/","article_modified_time":"2026-01-10T05:15:46+00:00","og_image":[{"width":200,"height":200,"url":"https:\/\/expforex.com\/wp-content\/uploads\/2023\/12\/LOGONEW-2024-2.png","type":"image\/png"}],"twitter_card":"summary_large_image","twitter_misc":{"Est. reading time":"7 minutes"},"schema":{"@context":"https:\/\/schema.org","@graph":[{"@type":"WebPage","@id":"https:\/\/expforex.com\/tr\/disclaimer\/","url":"https:\/\/expforex.com\/tr\/disclaimer\/","name":"Sorumluluk reddi","isPartOf":{"@id":"https:\/\/expforex.com\/tr\/#website"},"datePublished":"2023-08-05T08:26:42+00:00","dateModified":"2026-01-10T05:15:46+00:00","description":"Feragatname, bir ki\u015finin bir \u015fey hakk\u0131nda bilgisi olmad\u0131\u011f\u0131n\u0131 veya bir \u015feyden sorumlu olmad\u0131\u011f\u0131n\u0131 s\u00f6yledi\u011fi bir ifadedir.","breadcrumb":{"@id":"https:\/\/expforex.com\/tr\/disclaimer\/#breadcrumb"},"inLanguage":"tr","potentialAction":[{"@type":"ReadAction","target":["https:\/\/expforex.com\/tr\/disclaimer\/"]}]},{"@type":"BreadcrumbList","@id":"https:\/\/expforex.com\/tr\/disclaimer\/#breadcrumb","itemListElement":[{"@type":"ListItem","position":1,"name":"Ana Sayfa","item":"https:\/\/expforex.com\/tr\/"},{"@type":"ListItem","position":2,"name":"Sorumluluk reddi"}]},{"@type":"WebSite","@id":"https:\/\/expforex.com\/tr\/#website","url":"https:\/\/expforex.com\/tr\/","name":"MetaTrader i\u00e7in en iyi fikirler","description":"MetaTrader, MQL, Forex, Uzman Dan\u0131\u015fman, G\u00f6sterge, Komut Dosyas\u0131, EA, Ara\u00e7lar, VirtualTradePad, Copylot, Ticksniper, Averager, xCustomEA, X, Duplicator, TesterPad, ExtraReportPad, Asistan, Ticaret, Trader, Scalping i\u00e7in programlama asistanlar\u0131nda kapsaml\u0131 deneyim.\n","publisher":{"@id":"https:\/\/expforex.com\/tr\/#\/schema\/person\/0f3104735dd8fd99d5b5ee2e3634b1d5"},"alternateName":"Forex EA","potentialAction":[{"@type":"SearchAction","target":{"@type":"EntryPoint","urlTemplate":"https:\/\/expforex.com\/tr\/?s={search_term_string}"},"query-input":{"@type":"PropertyValueSpecification","valueRequired":true,"valueName":"search_term_string"}}],"inLanguage":"tr"},{"@type":["Person","Organization"],"@id":"https:\/\/expforex.com\/tr\/#\/schema\/person\/0f3104735dd8fd99d5b5ee2e3634b1d5","name":"Expforex Vladislav","image":{"@type":"ImageObject","inLanguage":"tr","@id":"https:\/\/expforex.com\/wp-content\/uploads\/2023\/12\/LOGONEW-2024-2.png","url":"https:\/\/expforex.com\/wp-content\/uploads\/2023\/12\/LOGONEW-2024-2.png","contentUrl":"https:\/\/expforex.com\/wp-content\/uploads\/2023\/12\/LOGONEW-2024-2.png","width":200,"height":200,"caption":"Expforex Vladislav"},"logo":{"@id":"https:\/\/expforex.com\/wp-content\/uploads\/2023\/12\/LOGONEW-2024-2.png"},"sameAs":["https:\/\/www.expforex.com","https:\/\/www.facebook.com\/ExpForex\/","https:\/\/www.youtube.com\/Expforex"],"publishingPrinciples":"https:\/\/expforex.com\/privacy-policy\/"}]}},"_links":{"self":[{"href":"https:\/\/expforex.com\/tr\/wp-json\/wp\/v2\/pages\/57426","targetHints":{"allow":["GET"]}}],"collection":[{"href":"https:\/\/expforex.com\/tr\/wp-json\/wp\/v2\/pages"}],"about":[{"href":"https:\/\/expforex.com\/tr\/wp-json\/wp\/v2\/types\/page"}],"author":[{"embeddable":true,"href":"https:\/\/expforex.com\/tr\/wp-json\/wp\/v2\/users\/2"}],"replies":[{"embeddable":true,"href":"https:\/\/expforex.com\/tr\/wp-json\/wp\/v2\/comments?post=57426"}],"version-history":[{"count":1,"href":"https:\/\/expforex.com\/tr\/wp-json\/wp\/v2\/pages\/57426\/revisions"}],"predecessor-version":[{"id":146086,"href":"https:\/\/expforex.com\/tr\/wp-json\/wp\/v2\/pages\/57426\/revisions\/146086"}],"wp:attachment":[{"href":"https:\/\/expforex.com\/tr\/wp-json\/wp\/v2\/media?parent=57426"}],"curies":[{"name":"wp","href":"https:\/\/api.w.org\/{rel}","templated":true}]}}