{"id":58643,"date":"2021-09-08T10:11:38","date_gmt":"2021-09-08T10:11:38","guid":{"rendered":"https:\/\/expforex.com\/about\/"},"modified":"2026-02-21T17:58:23","modified_gmt":"2026-02-21T17:58:23","slug":"about","status":"publish","type":"page","link":"https:\/\/expforex.com\/tr\/about\/","title":{"rendered":"Expforex Hakk\u0131nda: Ba\u015far\u0131lar, Deneyim ve Ustal\u0131k"},"content":{"rendered":"\n<p class=\"\">Our achievements in the\u00a0<strong>Forex<\/strong>\u00a0industry have been recognized with several prestigious awards.<\/p>\n\n<p class=\"\">These accolades highlight our dedication to creating innovative\u00a0<strong>Expert Advisors (EAs)<\/strong>\u00a0and effective trading solutions for the\u00a0<strong>MetaTrader<\/strong>\u00a0platform.<\/p>\n\n<p class=\"\"><\/p>\n\n<p class=\"\">With over 1,000 positive reviews, our clients consistently recognize the value of working with us.<\/p>\n\n<p class=\"\">They appreciate our deep expertise in the\u00a0<strong>Forex<\/strong>\u00a0market and the\u00a0<strong>MetaTrader<\/strong>\u00a0platform, as well as our commitment to delivering professional and reliable solutions.<\/p>\n\n<p class=\"\">We are dedicated to providing top-quality service and effective tools to help our clients achieve their trading goals.<\/p>\n\n<p class=\"\"><\/p>\n\n<p class=\"\">Everything you need to succeed in the\u00a0<strong>Forex market<\/strong>\u00a0is here.<\/p>\n\n<p class=\"\">Our comprehensive tools and resources for\u00a0<strong>MetaTrader<\/strong>\u00a0ensure you\u2019re fully equipped for successful trading.<\/p>\n\n<p class=\"\"><\/p>\n\n<p class=\"\">Unlock everything you need to succeed in the\u00a0<strong>Forex market<\/strong>.<\/p>\n\n<p class=\"\">Our comprehensive range of tools and resources for\u00a0<strong>MetaTrader<\/strong>\u00a0equips traders with everything essential for profitable and efficient trading.<\/p>\n\n<p class=\"\"><\/p>\n\n<p class=\"\">Explore our extensive video library on\u00a0<strong>Expert Advisors (EAs)<\/strong>\u00a0to master automated trading in the\u00a0<strong>Forex market<\/strong>.<\/p>\n\n<p class=\"\">These videos guide you through the creation, implementation, and optimization of EAs on the\u00a0<strong>MetaTrader<\/strong>\u00a0platform, offering key insights to enhance your trading strategies.<\/p>\n\n<p class=\"\"><\/p>\n\n<p class=\"\">Feel free to reach out if you need more information.<\/p>\n\n<p class=\"\">I&#8217;m always here to assist you with anything related to\u00a0<strong>Forex<\/strong>,\u00a0<strong>MetaTrader<\/strong>, or\u00a0<strong>Expert Advisors (EAs)<\/strong>.<\/p>\n\n<p class=\"\"><\/p>\n","protected":false},"excerpt":{"rendered":"<p>Expforex: Forex piyasas\u0131nda 15 y\u0131l\u0131 a\u015fk\u0131n deneyim, 5000&#8217;den fazla proje, 100&#8217;den fazla benzersiz MetaTrader arac\u0131. Yenilik\u00e7i ticaret \u00e7\u00f6z\u00fcmleri ile d\u00fcnya genelinde trader&#8217;lar taraf\u0131ndan g\u00fcvenilir.<\/p>\n","protected":false},"author":2,"featured_media":39501,"parent":0,"menu_order":0,"comment_status":"open","ping_status":"closed","template":"","meta":{"_acf_changed":false,"_eb_attr":"","_eb_data_table":"","footnotes":""},"class_list":["post-58643","page","type-page","status-publish","has-post-thumbnail","hentry"],"acf":[],"yoast_head":"<!-- This site is optimized with the Yoast SEO Premium plugin v27.3 (Yoast SEO v27.3) - https:\/\/yoast.com\/product\/yoast-seo-premium-wordpress\/ -->\n<title>Expforex Hakk\u0131nda: Ba\u015far\u0131lar, Deneyim ve Ustal\u0131k<\/title>\n<meta name=\"description\" content=\"Expforex: Forex piyasas\u0131nda 15 y\u0131l\u0131 a\u015fk\u0131n deneyim, 5000&#039;den fazla proje, 100&#039;den fazla benzersiz MetaTrader arac\u0131. Yenilik\u00e7i ticaret \u00e7\u00f6z\u00fcmleri ile d\u00fcnya genelinde trader&#039;lar taraf\u0131ndan g\u00fcvenilir.\" \/>\n<meta name=\"robots\" content=\"index, follow, max-snippet:-1, max-image-preview:large, max-video-preview:-1\" \/>\n<link rel=\"canonical\" href=\"https:\/\/expforex.com\/tr\/about\/\" \/>\n<meta property=\"og:locale\" content=\"tr_TR\" \/>\n<meta property=\"og:type\" content=\"article\" \/>\n<meta property=\"og:title\" content=\"Expforex Hakk\u0131nda: Ba\u015far\u0131lar, Deneyim ve Ustal\u0131k\" \/>\n<meta property=\"og:description\" content=\"Expforex: Forex piyasas\u0131nda 15 y\u0131l\u0131 a\u015fk\u0131n deneyim, 5000&#039;den fazla proje, 100&#039;den fazla benzersiz MetaTrader arac\u0131. Yenilik\u00e7i ticaret \u00e7\u00f6z\u00fcmleri ile d\u00fcnya genelinde trader&#039;lar taraf\u0131ndan g\u00fcvenilir.\" \/>\n<meta property=\"og:url\" content=\"https:\/\/expforex.com\/tr\/about\/\" \/>\n<meta property=\"og:site_name\" content=\"MetaTrader i\u00e7in en iyi fikirler\" \/>\n<meta property=\"article:publisher\" content=\"https:\/\/www.facebook.com\/ExpForex\/\" \/>\n<meta property=\"article:modified_time\" content=\"2026-02-21T17:58:23+00:00\" \/>\n<meta property=\"og:image\" content=\"https:\/\/expforex.com\/wp-content\/uploads\/2023\/12\/LOGONEW-2024-2.png\" \/>\n\t<meta property=\"og:image:width\" content=\"200\" \/>\n\t<meta property=\"og:image:height\" content=\"200\" \/>\n\t<meta property=\"og:image:type\" content=\"image\/png\" \/>\n<meta name=\"twitter:card\" content=\"summary_large_image\" \/>\n<meta name=\"twitter:label1\" content=\"Est. reading time\" \/>\n\t<meta name=\"twitter:data1\" content=\"2 minutes\" \/>\n<script type=\"application\/ld+json\" class=\"yoast-schema-graph\">{\"@context\":\"https:\\\/\\\/schema.org\",\"@graph\":[{\"@type\":[\"WebPage\",\"AboutPage\"],\"@id\":\"https:\\\/\\\/expforex.com\\\/tr\\\/about\\\/\",\"url\":\"https:\\\/\\\/expforex.com\\\/tr\\\/about\\\/\",\"name\":\"Expforex Hakk\u0131nda: Ba\u015far\u0131lar, Deneyim ve Ustal\u0131k\",\"isPartOf\":{\"@id\":\"https:\\\/\\\/expforex.com\\\/tr\\\/#website\"},\"primaryImageOfPage\":{\"@id\":\"https:\\\/\\\/expforex.com\\\/tr\\\/about\\\/#primaryimage\"},\"image\":{\"@id\":\"https:\\\/\\\/expforex.com\\\/tr\\\/about\\\/#primaryimage\"},\"thumbnailUrl\":\"https:\\\/\\\/expforex.com\\\/wp-content\\\/uploads\\\/2023\\\/12\\\/LOGONEW-2024-2.png\",\"datePublished\":\"2021-09-08T10:11:38+00:00\",\"dateModified\":\"2026-02-21T17:58:23+00:00\",\"description\":\"Expforex: Forex piyasas\u0131nda 15 y\u0131l\u0131 a\u015fk\u0131n deneyim, 5000'den fazla proje, 100'den fazla benzersiz MetaTrader arac\u0131. Yenilik\u00e7i ticaret \u00e7\u00f6z\u00fcmleri ile d\u00fcnya genelinde trader'lar taraf\u0131ndan g\u00fcvenilir.\",\"breadcrumb\":{\"@id\":\"https:\\\/\\\/expforex.com\\\/tr\\\/about\\\/#breadcrumb\"},\"inLanguage\":\"tr\",\"potentialAction\":[{\"@type\":\"ReadAction\",\"target\":[\"https:\\\/\\\/expforex.com\\\/tr\\\/about\\\/\"]}]},{\"@type\":\"ImageObject\",\"inLanguage\":\"tr\",\"@id\":\"https:\\\/\\\/expforex.com\\\/tr\\\/about\\\/#primaryimage\",\"url\":\"https:\\\/\\\/expforex.com\\\/wp-content\\\/uploads\\\/2023\\\/12\\\/LOGONEW-2024-2.png\",\"contentUrl\":\"https:\\\/\\\/expforex.com\\\/wp-content\\\/uploads\\\/2023\\\/12\\\/LOGONEW-2024-2.png\",\"width\":200,\"height\":200},{\"@type\":\"BreadcrumbList\",\"@id\":\"https:\\\/\\\/expforex.com\\\/tr\\\/about\\\/#breadcrumb\",\"itemListElement\":[{\"@type\":\"ListItem\",\"position\":1,\"name\":\"Ana Sayfa\",\"item\":\"https:\\\/\\\/expforex.com\\\/tr\\\/\"},{\"@type\":\"ListItem\",\"position\":2,\"name\":\"Expforex Hakk\u0131nda: Ba\u015far\u0131lar, Deneyim ve Ustal\u0131k\"}]},{\"@type\":\"WebSite\",\"@id\":\"https:\\\/\\\/expforex.com\\\/tr\\\/#website\",\"url\":\"https:\\\/\\\/expforex.com\\\/tr\\\/\",\"name\":\"MetaTrader i\u00e7in en iyi fikirler\",\"description\":\"MetaTrader, MQL, Forex, Uzman Dan\u0131\u015fman, G\u00f6sterge, Komut Dosyas\u0131, EA, Ara\u00e7lar, VirtualTradePad, Copylot, Ticksniper, Averager, xCustomEA, X, Duplicator, TesterPad, ExtraReportPad, Asistan, Ticaret, Trader, Scalping i\u00e7in programlama asistanlar\u0131nda kapsaml\u0131 deneyim.\\n\",\"publisher\":{\"@id\":\"https:\\\/\\\/expforex.com\\\/tr\\\/#\\\/schema\\\/person\\\/0f3104735dd8fd99d5b5ee2e3634b1d5\"},\"alternateName\":\"Forex EA\",\"potentialAction\":[{\"@type\":\"SearchAction\",\"target\":{\"@type\":\"EntryPoint\",\"urlTemplate\":\"https:\\\/\\\/expforex.com\\\/tr\\\/?s={search_term_string}\"},\"query-input\":{\"@type\":\"PropertyValueSpecification\",\"valueRequired\":true,\"valueName\":\"search_term_string\"}}],\"inLanguage\":\"tr\"},{\"@type\":[\"Person\",\"Organization\"],\"@id\":\"https:\\\/\\\/expforex.com\\\/tr\\\/#\\\/schema\\\/person\\\/0f3104735dd8fd99d5b5ee2e3634b1d5\",\"name\":\"Expforex Vladislav\",\"image\":{\"@type\":\"ImageObject\",\"inLanguage\":\"tr\",\"@id\":\"https:\\\/\\\/expforex.com\\\/wp-content\\\/uploads\\\/2023\\\/12\\\/LOGONEW-2024-2.png\",\"url\":\"https:\\\/\\\/expforex.com\\\/wp-content\\\/uploads\\\/2023\\\/12\\\/LOGONEW-2024-2.png\",\"contentUrl\":\"https:\\\/\\\/expforex.com\\\/wp-content\\\/uploads\\\/2023\\\/12\\\/LOGONEW-2024-2.png\",\"width\":200,\"height\":200,\"caption\":\"Expforex Vladislav\"},\"logo\":{\"@id\":\"https:\\\/\\\/expforex.com\\\/wp-content\\\/uploads\\\/2023\\\/12\\\/LOGONEW-2024-2.png\"},\"sameAs\":[\"https:\\\/\\\/www.expforex.com\",\"https:\\\/\\\/www.facebook.com\\\/ExpForex\\\/\",\"https:\\\/\\\/www.youtube.com\\\/Expforex\"],\"publishingPrinciples\":\"https:\\\/\\\/expforex.com\\\/privacy-policy\\\/\"}]}<\/script>\n<!-- \/ Yoast SEO Premium plugin. -->","yoast_head_json":{"title":"Expforex Hakk\u0131nda: Ba\u015far\u0131lar, Deneyim ve Ustal\u0131k","description":"Expforex: Forex piyasas\u0131nda 15 y\u0131l\u0131 a\u015fk\u0131n deneyim, 5000'den fazla proje, 100'den fazla benzersiz MetaTrader arac\u0131. Yenilik\u00e7i ticaret \u00e7\u00f6z\u00fcmleri ile d\u00fcnya genelinde trader'lar taraf\u0131ndan g\u00fcvenilir.","robots":{"index":"index","follow":"follow","max-snippet":"max-snippet:-1","max-image-preview":"max-image-preview:large","max-video-preview":"max-video-preview:-1"},"canonical":"https:\/\/expforex.com\/tr\/about\/","og_locale":"tr_TR","og_type":"article","og_title":"Expforex Hakk\u0131nda: Ba\u015far\u0131lar, Deneyim ve Ustal\u0131k","og_description":"Expforex: Forex piyasas\u0131nda 15 y\u0131l\u0131 a\u015fk\u0131n deneyim, 5000'den fazla proje, 100'den fazla benzersiz MetaTrader arac\u0131. Yenilik\u00e7i ticaret \u00e7\u00f6z\u00fcmleri ile d\u00fcnya genelinde trader'lar taraf\u0131ndan g\u00fcvenilir.","og_url":"https:\/\/expforex.com\/tr\/about\/","og_site_name":"MetaTrader i\u00e7in en iyi fikirler","article_publisher":"https:\/\/www.facebook.com\/ExpForex\/","article_modified_time":"2026-02-21T17:58:23+00:00","og_image":[{"width":200,"height":200,"url":"https:\/\/expforex.com\/wp-content\/uploads\/2023\/12\/LOGONEW-2024-2.png","type":"image\/png"}],"twitter_card":"summary_large_image","twitter_misc":{"Est. reading time":"2 minutes"},"schema":{"@context":"https:\/\/schema.org","@graph":[{"@type":["WebPage","AboutPage"],"@id":"https:\/\/expforex.com\/tr\/about\/","url":"https:\/\/expforex.com\/tr\/about\/","name":"Expforex Hakk\u0131nda: Ba\u015far\u0131lar, Deneyim ve Ustal\u0131k","isPartOf":{"@id":"https:\/\/expforex.com\/tr\/#website"},"primaryImageOfPage":{"@id":"https:\/\/expforex.com\/tr\/about\/#primaryimage"},"image":{"@id":"https:\/\/expforex.com\/tr\/about\/#primaryimage"},"thumbnailUrl":"https:\/\/expforex.com\/wp-content\/uploads\/2023\/12\/LOGONEW-2024-2.png","datePublished":"2021-09-08T10:11:38+00:00","dateModified":"2026-02-21T17:58:23+00:00","description":"Expforex: Forex piyasas\u0131nda 15 y\u0131l\u0131 a\u015fk\u0131n deneyim, 5000'den fazla proje, 100'den fazla benzersiz MetaTrader arac\u0131. Yenilik\u00e7i ticaret \u00e7\u00f6z\u00fcmleri ile d\u00fcnya genelinde trader'lar taraf\u0131ndan g\u00fcvenilir.","breadcrumb":{"@id":"https:\/\/expforex.com\/tr\/about\/#breadcrumb"},"inLanguage":"tr","potentialAction":[{"@type":"ReadAction","target":["https:\/\/expforex.com\/tr\/about\/"]}]},{"@type":"ImageObject","inLanguage":"tr","@id":"https:\/\/expforex.com\/tr\/about\/#primaryimage","url":"https:\/\/expforex.com\/wp-content\/uploads\/2023\/12\/LOGONEW-2024-2.png","contentUrl":"https:\/\/expforex.com\/wp-content\/uploads\/2023\/12\/LOGONEW-2024-2.png","width":200,"height":200},{"@type":"BreadcrumbList","@id":"https:\/\/expforex.com\/tr\/about\/#breadcrumb","itemListElement":[{"@type":"ListItem","position":1,"name":"Ana Sayfa","item":"https:\/\/expforex.com\/tr\/"},{"@type":"ListItem","position":2,"name":"Expforex Hakk\u0131nda: Ba\u015far\u0131lar, Deneyim ve Ustal\u0131k"}]},{"@type":"WebSite","@id":"https:\/\/expforex.com\/tr\/#website","url":"https:\/\/expforex.com\/tr\/","name":"MetaTrader i\u00e7in en iyi fikirler","description":"MetaTrader, MQL, Forex, Uzman Dan\u0131\u015fman, G\u00f6sterge, Komut Dosyas\u0131, EA, Ara\u00e7lar, VirtualTradePad, Copylot, Ticksniper, Averager, xCustomEA, X, Duplicator, TesterPad, ExtraReportPad, Asistan, Ticaret, Trader, Scalping i\u00e7in programlama asistanlar\u0131nda kapsaml\u0131 deneyim.\n","publisher":{"@id":"https:\/\/expforex.com\/tr\/#\/schema\/person\/0f3104735dd8fd99d5b5ee2e3634b1d5"},"alternateName":"Forex EA","potentialAction":[{"@type":"SearchAction","target":{"@type":"EntryPoint","urlTemplate":"https:\/\/expforex.com\/tr\/?s={search_term_string}"},"query-input":{"@type":"PropertyValueSpecification","valueRequired":true,"valueName":"search_term_string"}}],"inLanguage":"tr"},{"@type":["Person","Organization"],"@id":"https:\/\/expforex.com\/tr\/#\/schema\/person\/0f3104735dd8fd99d5b5ee2e3634b1d5","name":"Expforex Vladislav","image":{"@type":"ImageObject","inLanguage":"tr","@id":"https:\/\/expforex.com\/wp-content\/uploads\/2023\/12\/LOGONEW-2024-2.png","url":"https:\/\/expforex.com\/wp-content\/uploads\/2023\/12\/LOGONEW-2024-2.png","contentUrl":"https:\/\/expforex.com\/wp-content\/uploads\/2023\/12\/LOGONEW-2024-2.png","width":200,"height":200,"caption":"Expforex Vladislav"},"logo":{"@id":"https:\/\/expforex.com\/wp-content\/uploads\/2023\/12\/LOGONEW-2024-2.png"},"sameAs":["https:\/\/www.expforex.com","https:\/\/www.facebook.com\/ExpForex\/","https:\/\/www.youtube.com\/Expforex"],"publishingPrinciples":"https:\/\/expforex.com\/privacy-policy\/"}]}},"_links":{"self":[{"href":"https:\/\/expforex.com\/tr\/wp-json\/wp\/v2\/pages\/58643","targetHints":{"allow":["GET"]}}],"collection":[{"href":"https:\/\/expforex.com\/tr\/wp-json\/wp\/v2\/pages"}],"about":[{"href":"https:\/\/expforex.com\/tr\/wp-json\/wp\/v2\/types\/page"}],"author":[{"embeddable":true,"href":"https:\/\/expforex.com\/tr\/wp-json\/wp\/v2\/users\/2"}],"replies":[{"embeddable":true,"href":"https:\/\/expforex.com\/tr\/wp-json\/wp\/v2\/comments?post=58643"}],"version-history":[{"count":2,"href":"https:\/\/expforex.com\/tr\/wp-json\/wp\/v2\/pages\/58643\/revisions"}],"predecessor-version":[{"id":147797,"href":"https:\/\/expforex.com\/tr\/wp-json\/wp\/v2\/pages\/58643\/revisions\/147797"}],"wp:featuredmedia":[{"embeddable":true,"href":"https:\/\/expforex.com\/tr\/wp-json\/wp\/v2\/media\/39501"}],"wp:attachment":[{"href":"https:\/\/expforex.com\/tr\/wp-json\/wp\/v2\/media?parent=58643"}],"curies":[{"name":"wp","href":"https:\/\/api.w.org\/{rel}","templated":true}]}}