{"id":146022,"date":"2021-09-10T18:31:24","date_gmt":"2021-09-10T18:31:24","guid":{"rendered":"https:\/\/expforex.com\/terms-of-use\/"},"modified":"2026-01-09T13:41:24","modified_gmt":"2026-01-09T13:41:24","slug":"terms-of-use","status":"publish","type":"page","link":"https:\/\/expforex.com\/vi\/terms-of-use\/","title":{"rendered":"\u0110i\u1ec1u kho\u1ea3n s\u1eed d\u1ee5ng"},"content":{"rendered":"\n<h2 class=\"wp-block-heading\" id=\"h-di\u1ec1u-kho\u1ea3n-s\u1eed-d\u1ee5ng\">\u0110i\u1ec1u kho\u1ea3n s\u1eed d\u1ee5ng<\/h2>\n\n\n\n<p>Ch\u00e0o m\u1eebng b\u1ea1n \u0111\u1ebfn v\u1edbi <strong>Expforex<\/strong> (\u201cch\u00fang t\u00f4i\u201d). \u0110i\u1ec1u kho\u1ea3n s\u1eed d\u1ee5ng (\u201c\u0110i\u1ec1u kho\u1ea3n\u201d) n\u00e0y \u0111i\u1ec1u ch\u1ec9nh vi\u1ec7c b\u1ea1n truy c\u1eadp v\u00e0 s\u1eed d\u1ee5ng<br><a href=\"https:\/\/expforex.com\/vi\/\" target=\"_blank\" rel=\"noopener\" data-language=\"vi\">https:\/\/expforex.com\/vi\/<\/a> (\u201cWebsite\u201d).<br>Khi s\u1eed d\u1ee5ng Website n\u00e0y, b\u1ea1n \u0111\u1ed3ng \u00fd v\u1edbi c\u00e1c \u0110i\u1ec1u kho\u1ea3n n\u00e0y. N\u1ebfu b\u1ea1n kh\u00f4ng \u0111\u1ed3ng \u00fd, vui l\u00f2ng kh\u00f4ng s\u1eed d\u1ee5ng Website.<\/p>\n\n\n\n<hr class=\"wp-block-separator has-alpha-channel-opacity\"\/>\n\n\n\n<h3 class=\"wp-block-heading\" id=\"h-1-chung-toi-la-ai-quan-tr\u1ecdng\">1) Ch\u00fang t\u00f4i l\u00e0 ai (quan tr\u1ecdng)<\/h3>\n\n\n\n<ul class=\"wp-block-list\">\n<li><strong>Expforex kh\u00f4ng ph\u1ea3i l\u00e0 nh\u00e0 m\u00f4i gi\u1edbi<\/strong> v\u00e0 kh\u00f4ng cung c\u1ea5p d\u1ecbch v\u1ee5 m\u00f4i gi\u1edbi.<\/li>\n\n\n\n<li>Ch\u00fang t\u00f4i <strong>kh\u00f4ng<\/strong> nh\u1eadn ti\u1ec1n n\u1ea1p, kh\u00f4ng gi\u1eef ti\u1ec1n c\u1ee7a kh\u00e1ch h\u00e0ng v\u00e0 kh\u00f4ng cung c\u1ea5p t\u00e0i kho\u1ea3n giao d\u1ecbch th\u1eadt.<\/li>\n\n\n\n<li>Ch\u00fang t\u00f4i \u0111\u0103ng t\u1ea3i th\u00f4ng tin v\u00e0 cung c\u1ea5p ph\u1ea7n m\u1ec1m li\u00ean quan \u0111\u1ebfn <strong>MetaTrader<\/strong> (Expert Advisors, ch\u1ec9 b\u00e1o, script, ti\u1ec7n \u00edch).<\/li>\n\n\n\n<li>M\u1ed9t s\u1ed1 s\u1ea3n ph\u1ea9m ch\u1ec9 c\u00f3 th\u1ec3 mua qua n\u1ec1n t\u1ea3ng c\u1ee7a b\u00ean th\u1ee9 ba (v\u00ed d\u1ee5 <strong>MQL5 Market<\/strong>). Trong tr\u01b0\u1eddng h\u1ee3p \u0111\u00f3, vi\u1ec7c thanh to\u00e1n, giao h\u00e0ng, ho\u00e0n ti\u1ec1n v\u00e0 quy \u0111\u1ecbnh t\u00e0i kho\u1ea3n s\u1ebd do n\u1ec1n t\u1ea3ng \u0111\u00f3 \u0111i\u1ec1u ch\u1ec9nh.<\/li>\n<\/ul>\n\n\n\n<h3 class=\"wp-block-heading\" id=\"h-2-khong-ph\u1ea3i-l\u1eddi-khuyen-d\u1ea7u-t\u01b0\">2) Kh\u00f4ng ph\u1ea3i l\u1eddi khuy\u00ean \u0111\u1ea7u t\u01b0<\/h3>\n\n\n\n<p>T\u1ea5t c\u1ea3 n\u1ed9i dung tr\u00ean Website n\u00e0y ch\u1ec9 nh\u1eb1m m\u1ee5c \u0111\u00edch th\u00f4ng tin v\u00e0 gi\u00e1o d\u1ee5c v\u00e0 kh\u00f4ng c\u1ea5u th\u00e0nh l\u1eddi khuy\u00ean \u0111\u1ea7u t\u01b0,<br>t\u01b0 v\u1ea5n t\u00e0i ch\u00ednh, khuy\u1ebfn ngh\u1ecb giao d\u1ecbch ho\u1eb7c l\u1eddi ch\u00e0o m\u1eddi mua\/b\u00e1n b\u1ea5t k\u1ef3 c\u00f4ng c\u1ee5 t\u00e0i ch\u00ednh n\u00e0o.<br>B\u1ea1n ho\u00e0n to\u00e0n ch\u1ecbu tr\u00e1ch nhi\u1ec7m v\u1ec1 quy\u1ebft \u0111\u1ecbnh v\u00e0 k\u1ebft qu\u1ea3 giao d\u1ecbch c\u1ee7a m\u00ecnh.<\/p>\n\n\n\n<h3 class=\"wp-block-heading\" id=\"h-3-c\u1ea3nh-bao-r\u1ee7i-ro\">3) C\u1ea3nh b\u00e1o r\u1ee7i ro<\/h3>\n\n\n\n<p>Giao d\u1ecbch ngo\u1ea1i h\u1ed1i (Forex) k\u00fd qu\u1ef9 (v\u00e0 c\u00e1c c\u00f4ng c\u1ee5 c\u00f3 \u0111\u00f2n b\u1ea9y kh\u00e1c nh\u01b0 CFD) ti\u1ec1m \u1ea9n m\u1ee9c \u0111\u1ed9 r\u1ee7i ro cao v\u00e0 c\u00f3 th\u1ec3 kh\u00f4ng ph\u00f9 h\u1ee3p<br>v\u1edbi t\u1ea5t c\u1ea3 nh\u00e0 \u0111\u1ea7u t\u01b0. Hi\u1ec7u su\u1ea5t trong qu\u00e1 kh\u1ee9 kh\u00f4ng ph\u1ea3n \u00e1nh k\u1ebft qu\u1ea3 trong t\u01b0\u01a1ng lai. T\u00f9y theo \u0111i\u1ec1u ki\u1ec7n c\u1ee7a nh\u00e0 m\u00f4i gi\u1edbi, b\u1ea1n c\u00f3 th\u1ec3 thua l\u1ed7 nhi\u1ec1u h\u01a1n s\u1ed1 v\u1ed1n ban \u0111\u1ea7u.<\/p>\n\n\n\n<hr class=\"wp-block-separator has-alpha-channel-opacity\"\/>\n\n\n\n<h3 class=\"wp-block-heading\" id=\"h-4-n\u1ed9i-dung-website-va-d\u1ed9-chinh-xac\">4) N\u1ed9i dung Website v\u00e0 \u0111\u1ed9 ch\u00ednh x\u00e1c<\/h3>\n\n\n\n<ul class=\"wp-block-list\">\n<li>Ch\u00fang t\u00f4i c\u1ed1 g\u1eafng gi\u1eef th\u00f4ng tin ch\u00ednh x\u00e1c v\u00e0 c\u1eadp nh\u1eadt, nh\u01b0ng kh\u00f4ng \u0111\u1ea3m b\u1ea3o t\u00ednh \u0111\u1ea7y \u0111\u1ee7, ch\u00ednh x\u00e1c ho\u1eb7c k\u1ecbp th\u1eddi.<\/li>\n\n\n\n<li>Ch\u00fang t\u00f4i c\u00f3 th\u1ec3 c\u1eadp nh\u1eadt, thay \u0111\u1ed5i ho\u1eb7c g\u1ee1 b\u1ecf n\u1ed9i dung b\u1ea5t c\u1ee9 l\u00fac n\u00e0o m\u00e0 kh\u00f4ng c\u1ea7n th\u00f4ng b\u00e1o.<\/li>\n\n\n\n<li>M\u1ecdi v\u00ed d\u1ee5, \u1ea3nh ch\u1ee5p m\u00e0n h\u00ecnh, c\u00e0i \u0111\u1eb7t ho\u1eb7c k\u1ebft qu\u1ea3 ch\u1ec9 mang t\u00ednh minh h\u1ecda v\u00e0 c\u00f3 th\u1ec3 kh\u00f4ng ph\u1ea3n \u00e1nh \u0111i\u1ec1u ki\u1ec7n giao d\u1ecbch th\u1ef1c t\u1ebf.<\/li>\n<\/ul>\n\n\n\n<h3 class=\"wp-block-heading\" id=\"h-5-ph\u1ea7n-m\u1ec1m-va-n\u1ec1n-t\u1ea3ng-ben-th\u1ee9-ba\">5) Ph\u1ea7n m\u1ec1m v\u00e0 n\u1ec1n t\u1ea3ng b\u00ean th\u1ee9 ba<\/h3>\n\n\n\n<ul class=\"wp-block-list\">\n<li>Ph\u1ea7n m\u1ec1m \u0111\u01b0\u1ee3c cung c\u1ea5p \u201cnguy\u00ean tr\u1ea1ng\u201d (\u201cas is\u201d), tr\u1eeb khi c\u00f3 quy \u0111\u1ecbnh kh\u00e1c.<\/li>\n\n\n\n<li>T\u00ednh t\u01b0\u01a1ng th\u00edch ph\u1ee5 thu\u1ed9c v\u00e0o phi\u00ean b\u1ea3n\/build MetaTrader, c\u00e0i \u0111\u1eb7t nh\u00e0 m\u00f4i gi\u1edbi, k\u00fd hi\u1ec7u, ki\u1ec3u kh\u1edbp l\u1ec7nh, m\u00f4i tr\u01b0\u1eddng VPS\/PC v\u00e0 c\u00e1c y\u1ebfu t\u1ed1 k\u1ef9 thu\u1eadt kh\u00e1c.<\/li>\n\n\n\n<li>N\u1ebfu b\u1ea1n mua qua MQL5 Market, m\u1ecdi \u0111i\u1ec1u kho\u1ea3n mua h\u00e0ng, c\u1ea5p ph\u00e9p, gi\u1edbi h\u1ea1n k\u00edch ho\u1ea1t, ho\u00e0n ti\u1ec1n v\u00e0 quy t\u1eafc gi\u1ea3i quy\u1ebft tranh ch\u1ea5p do MQL5 quy \u0111\u1ecbnh.<\/li>\n<\/ul>\n\n\n\n<h3 class=\"wp-block-heading\" id=\"h-6-s\u1eed-d\u1ee5ng-h\u1ee3p-l\u1ec7\">6) S\u1eed d\u1ee5ng h\u1ee3p l\u1ec7<\/h3>\n\n\n\n<p>B\u1ea1n \u0111\u1ed3ng \u00fd kh\u00f4ng:<\/p>\n\n\n\n<ul class=\"wp-block-list\">\n<li>S\u1eed d\u1ee5ng Website cho m\u1ee5c \u0111\u00edch b\u1ea5t h\u1ee3p ph\u00e1p ho\u1eb7c theo c\u00e1ch c\u00f3 th\u1ec3 g\u00e2y h\u1ea1i cho Website ho\u1eb7c ng\u01b0\u1eddi d\u00f9ng c\u1ee7a Website.<\/li>\n\n\n\n<li>C\u1ed1 g\u1eafng truy c\u1eadp tr\u00e1i ph\u00e9p v\u00e0o Website, m\u00e1y ch\u1ee7 ho\u1eb7c c\u00e1c h\u1ec7 th\u1ed1ng li\u00ean quan.<\/li>\n\n\n\n<li>Sao ch\u00e9p, t\u00e1i t\u1ea1o, ph\u00e2n ph\u1ed1i l\u1ea1i ho\u1eb7c \u0111\u0103ng l\u1ea1i c\u00e1c ph\u1ea7n n\u1ed9i dung quan tr\u1ecdng c\u1ee7a Website cho m\u1ee5c \u0111\u00edch th\u01b0\u01a1ng m\u1ea1i khi ch\u01b0a c\u00f3 s\u1ef1 cho ph\u00e9p b\u1eb1ng v\u0103n b\u1ea3n.<\/li>\n\n\n\n<li>Tr\u00ecnh b\u00e0y sai l\u1ec7ch v\u1ec1 Expforex, s\u1ea3n ph\u1ea9m c\u1ee7a ch\u00fang t\u00f4i ho\u1eb7c m\u1ed1i quan h\u1ec7 c\u1ee7a b\u1ea1n v\u1edbi ch\u00fang t\u00f4i.<\/li>\n<\/ul>\n\n\n\n<hr class=\"wp-block-separator has-alpha-channel-opacity\"\/>\n\n\n\n<h3 class=\"wp-block-heading\" id=\"h-7-s\u1edf-h\u1eefu-tri-tu\u1ec7\">7) S\u1edf h\u1eefu tr\u00ed tu\u1ec7<\/h3>\n\n\n\n<p>Tr\u1eeb khi c\u00f3 quy \u0111\u1ecbnh kh\u00e1c, Expforex v\u00e0\/ho\u1eb7c b\u00ean c\u1ea5p ph\u00e9p c\u1ee7a ch\u00fang t\u00f4i s\u1edf h\u1eefu quy\u1ec1n s\u1edf h\u1eefu tr\u00ed tu\u1ec7 \u0111\u1ed1i v\u1edbi Website v\u00e0 n\u1ed9i dung c\u1ee7a Website,<br>bao g\u1ed3m v\u0103n b\u1ea3n, \u0111\u1ed3 h\u1ecda, logo v\u00e0 t\u00e0i li\u1ec7u. M\u1ecdi quy\u1ec1n \u0111\u01b0\u1ee3c b\u1ea3o l\u01b0u.<\/p>\n\n\n\n<p>B\u1ea1n c\u00f3 th\u1ec3 xem v\u00e0 in trang \u0111\u1ec3 s\u1eed d\u1ee5ng c\u00e1 nh\u00e2n, nh\u01b0ng kh\u00f4ng \u0111\u01b0\u1ee3c \u0111\u0103ng l\u1ea1i ho\u1eb7c ph\u00e2n ph\u1ed1i th\u01b0\u01a1ng m\u1ea1i t\u00e0i li\u1ec7u c\u1ee7a ch\u00fang t\u00f4i khi ch\u01b0a c\u00f3 s\u1ef1 cho ph\u00e9p.<\/p>\n\n\n\n<h3 class=\"wp-block-heading\" id=\"h-8-lien-k\u1ebft-d\u1ebfn-website-khac\">8) Li\u00ean k\u1ebft \u0111\u1ebfn website kh\u00e1c<\/h3>\n\n\n\n<p>Website n\u00e0y c\u00f3 th\u1ec3 ch\u1ee9a li\u00ean k\u1ebft \u0111\u1ebfn c\u00e1c website v\u00e0 d\u1ecbch v\u1ee5 c\u1ee7a b\u00ean th\u1ee9 ba. Ch\u00fang t\u00f4i kh\u00f4ng ki\u1ec3m so\u00e1t v\u00e0 kh\u00f4ng ch\u1ecbu tr\u00e1ch nhi\u1ec7m v\u1ec1 n\u1ed9i dung,<br>ch\u00ednh s\u00e1ch ho\u1eb7c c\u00e1ch th\u1ee9c ho\u1ea1t \u0111\u1ed9ng c\u1ee7a b\u1ea5t k\u1ef3 website b\u00ean th\u1ee9 ba n\u00e0o.<\/p>\n\n\n\n<h3 class=\"wp-block-heading\" id=\"h-9-lien-k\u1ebft-d\u1ebfn-website-c\u1ee7a-chung-toi\">9) Li\u00ean k\u1ebft \u0111\u1ebfn Website c\u1ee7a ch\u00fang t\u00f4i<\/h3>\n\n\n\n<p>B\u1ea1n c\u00f3 th\u1ec3 li\u00ean k\u1ebft \u0111\u1ebfn Website c\u1ee7a ch\u00fang t\u00f4i v\u1edbi \u0111i\u1ec1u ki\u1ec7n li\u00ean k\u1ebft:<\/p>\n\n\n\n<ul class=\"wp-block-list\">\n<li>kh\u00f4ng g\u00e2y hi\u1ec3u l\u1ea7m ho\u1eb7c mang t\u00ednh l\u1eeba d\u1ed1i,<\/li>\n\n\n\n<li>kh\u00f4ng ng\u1ee5 \u00fd \u0111\u01b0\u1ee3c t\u00e0i tr\u1ee3 ho\u1eb7c ch\u1ee9ng th\u1ef1c khi ch\u01b0a c\u00f3 s\u1ef1 cho ph\u00e9p,<\/li>\n\n\n\n<li>ph\u00f9 h\u1ee3p v\u1edbi ng\u1eef c\u1ea3nh c\u1ee7a website \u0111\u1eb7t li\u00ean k\u1ebft.<\/li>\n<\/ul>\n\n\n\n<p>B\u1ea1n kh\u00f4ng \u0111\u01b0\u1ee3c s\u1eed d\u1ee5ng logo ho\u1eb7c h\u00ecnh \u1ea3nh th\u01b0\u01a1ng hi\u1ec7u c\u1ee7a ch\u00fang t\u00f4i \u0111\u1ec3 li\u00ean k\u1ebft khi ch\u01b0a c\u00f3 s\u1ef1 cho ph\u00e9p b\u1eb1ng v\u0103n b\u1ea3n.<\/p>\n\n\n\n<h3 class=\"wp-block-heading\" id=\"h-10-iframes\">10) iFrames<\/h3>\n\n\n\n<p>N\u1ebfu kh\u00f4ng c\u00f3 s\u1ef1 cho ph\u00e9p b\u1eb1ng v\u0103n b\u1ea3n tr\u01b0\u1edbc \u0111\u00f3, b\u1ea1n kh\u00f4ng \u0111\u01b0\u1ee3c t\u1ea1o khung (iFrames) bao quanh c\u00e1c trang web c\u1ee7a ch\u00fang t\u00f4i theo c\u00e1ch l\u00e0m thay \u0111\u1ed5i c\u00e1ch hi\u1ec3n th\u1ecb ho\u1eb7c di\u1ec7n m\u1ea1o c\u1ee7a Website.<\/p>\n\n\n\n<hr class=\"wp-block-separator has-alpha-channel-opacity\"\/>\n\n\n\n<h3 class=\"wp-block-heading\" id=\"h-11-quy\u1ec1n-rieng-t\u01b0-va-cookies\">11) Quy\u1ec1n ri\u00eang t\u01b0 v\u00e0 cookies<\/h3>\n\n\n\n<p>Vui l\u00f2ng xem Ch\u00ednh s\u00e1ch quy\u1ec1n ri\u00eang t\u01b0 c\u1ee7a ch\u00fang t\u00f4i:<br><a href=\"https:\/\/expforex.com\/vi\/privacy-policy\/\" target=\"_blank\" rel=\"noopener\" data-language=\"vi\">https:\/\/expforex.com\/vi\/privacy-policy\/<\/a><\/p>\n\n\n\n<p>Ch\u00fang t\u00f4i c\u00f3 th\u1ec3 s\u1eed d\u1ee5ng cookies v\u00e0 c\u00e1c c\u00f4ng ngh\u1ec7 t\u01b0\u01a1ng t\u1ef1 \u0111\u1ec3 cung c\u1ea5p ch\u1ee9c n\u0103ng, c\u1ea3i thi\u1ec7n tr\u1ea3i nghi\u1ec7m ng\u01b0\u1eddi d\u00f9ng v\u00e0 b\u1ea3o v\u1ec7 Website.<br>Vi\u1ec7c b\u1ea1n s\u1eed d\u1ee5ng Website th\u1ec3 hi\u1ec7n r\u1eb1ng b\u1ea1n \u0111\u1ed3ng \u00fd v\u1edbi vi\u1ec7c s\u1eed d\u1ee5ng cookies nh\u01b0 m\u00f4 t\u1ea3 trong Ch\u00ednh s\u00e1ch quy\u1ec1n ri\u00eang t\u01b0.<\/p>\n\n\n\n<h3 class=\"wp-block-heading\" id=\"h-12-tuyen-b\u1ed1-mi\u1ec5n-tr\u1eeb-trach-nhi\u1ec7m\">12) Tuy\u00ean b\u1ed1 mi\u1ec5n tr\u1eeb tr\u00e1ch nhi\u1ec7m<\/h3>\n\n\n\n<p>Vui l\u00f2ng \u0111\u1ecdc to\u00e0n b\u1ed9 Tuy\u00ean b\u1ed1 mi\u1ec5n tr\u1eeb tr\u00e1ch nhi\u1ec7m:<br><a href=\"https:\/\/expforex.com\/vi\/disclaimer\/\" target=\"_blank\" rel=\"noopener\" data-language=\"vi\">https:\/\/expforex.com\/vi\/disclaimer\/<\/a><\/p>\n\n\n\n<h3 class=\"wp-block-heading\" id=\"h-13-gi\u1edbi-h\u1ea1n-trach-nhi\u1ec7m\">13) Gi\u1edbi h\u1ea1n tr\u00e1ch nhi\u1ec7m<\/h3>\n\n\n\n<p>Trong ph\u1ea1m vi t\u1ed1i \u0111a \u0111\u01b0\u1ee3c ph\u00e1p lu\u1eadt \u00e1p d\u1ee5ng cho ph\u00e9p, Expforex s\u1ebd kh\u00f4ng ch\u1ecbu tr\u00e1ch nhi\u1ec7m \u0111\u1ed1i v\u1edbi b\u1ea5t k\u1ef3 t\u1ed5n th\u1ea5t hay thi\u1ec7t h\u1ea1i tr\u1ef1c ti\u1ebfp ho\u1eb7c gi\u00e1n ti\u1ebfp n\u00e0o,<br>bao g\u1ed3m (nh\u01b0ng kh\u00f4ng gi\u1edbi h\u1ea1n) thua l\u1ed7 giao d\u1ecbch, m\u1ea5t l\u1ee3i nhu\u1eadn, m\u1ea5t d\u1eef li\u1ec7u, gi\u00e1n \u0111o\u1ea1n kinh doanh ho\u1eb7c b\u1ea5t k\u1ef3 t\u1ed5n th\u1ea5t n\u00e0o kh\u00e1c ph\u00e1t sinh t\u1eeb<br>vi\u1ec7c b\u1ea1n s\u1eed d\u1ee5ng Website, n\u1ed9i dung ho\u1eb7c ph\u1ea7n m\u1ec1m \u0111\u01b0\u1ee3c \u0111\u1ec1 c\u1eadp tr\u00ean Website.<\/p>\n\n\n\n<h3 class=\"wp-block-heading\" id=\"h-14-thay-d\u1ed5i-di\u1ec1u-kho\u1ea3n-nay\">14) Thay \u0111\u1ed5i \u0110i\u1ec1u kho\u1ea3n n\u00e0y<\/h3>\n\n\n\n<p>Ch\u00fang t\u00f4i c\u00f3 th\u1ec3 c\u1eadp nh\u1eadt c\u00e1c \u0110i\u1ec1u kho\u1ea3n n\u00e0y b\u1ea5t c\u1ee9 l\u00fac n\u00e0o. Phi\u00ean b\u1ea3n c\u1eadp nh\u1eadt s\u1ebd \u0111\u01b0\u1ee3c \u0111\u0103ng tr\u00ean trang n\u00e0y k\u00e8m theo ng\u00e0y \u201cC\u1eadp nh\u1eadt l\u1ea7n cu\u1ed1i\u201d m\u1edbi.<br>Vi\u1ec7c b\u1ea1n ti\u1ebfp t\u1ee5c s\u1eed d\u1ee5ng Website sau khi c\u00e1c thay \u0111\u1ed5i \u0111\u01b0\u1ee3c \u0111\u0103ng t\u1ea3i \u0111\u1ed3ng ngh\u0129a v\u1edbi vi\u1ec7c b\u1ea1n ch\u1ea5p nh\u1eadn c\u00e1c \u0110i\u1ec1u kho\u1ea3n \u0111\u00e3 c\u1eadp nh\u1eadt.<\/p>\n\n\n\n<h3 class=\"wp-block-heading\" id=\"h-15-lien-h\u1ec7\">15) Li\u00ean h\u1ec7<\/h3>\n\n\n\n<p>N\u1ebfu b\u1ea1n c\u00f3 c\u00e2u h\u1ecfi v\u1ec1 c\u00e1c \u0110i\u1ec1u kho\u1ea3n n\u00e0y, vui l\u00f2ng li\u00ean h\u1ec7 v\u1edbi ch\u00fang t\u00f4i qua:<br><a href=\"https:\/\/expforex.com\/vi\/contacts\/\" target=\"_blank\" rel=\"noopener\" data-language=\"vi\">https:\/\/expforex.com\/vi\/contacts\/<\/a><\/p>\n","protected":false},"excerpt":{"rendered":"<p>\u0110i\u1ec1u kho\u1ea3n s\u1eed d\u1ee5ng Ch\u00e0o m\u1eebng b\u1ea1n \u0111\u1ebfn v\u1edbi Expforex (\u201cch\u00fang t\u00f4i\u201d). \u0110i\u1ec1u kho\u1ea3n s\u1eed d\u1ee5ng (\u201c\u0110i\u1ec1u kho\u1ea3n\u201d) n\u00e0y \u0111i\u1ec1u ch\u1ec9nh vi\u1ec7c b\u1ea1n truy c\u1eadp v\u00e0 s\u1eed d\u1ee5nghttps:\/\/expforex.com\/vi\/ (\u201cWebsite\u201d).Khi s\u1eed d\u1ee5ng Website n\u00e0y, b\u1ea1n \u0111\u1ed3ng \u00fd v\u1edbi c\u00e1c \u0110i\u1ec1u kho\u1ea3n<span class=\"excerpt-hellip\"> [\u2026]<\/span><\/p>\n","protected":false},"author":2,"featured_media":0,"parent":0,"menu_order":0,"comment_status":"open","ping_status":"closed","template":"","meta":{"_acf_changed":false,"_eb_attr":"","_eb_data_table":"","footnotes":""},"class_list":["post-146022","page","type-page","status-publish","hentry"],"acf":[],"yoast_head":"<!-- This site is optimized with the Yoast SEO Premium plugin v27.3 (Yoast SEO v27.3) - https:\/\/yoast.com\/product\/yoast-seo-premium-wordpress\/ -->\n<title>\u0110i\u1ec1u kho\u1ea3n s\u1eed d\u1ee5ng - Nh\u1eefng \u00fd t\u01b0\u1edfng t\u1ed1t nh\u1ea5t cho MetaTrader<\/title>\n<meta name=\"robots\" content=\"index, follow, max-snippet:-1, max-image-preview:large, max-video-preview:-1\" \/>\n<link rel=\"canonical\" href=\"https:\/\/expforex.com\/vi\/terms-of-use\/\" \/>\n<meta property=\"og:locale\" content=\"vi_VN\" \/>\n<meta property=\"og:type\" content=\"article\" \/>\n<meta property=\"og:title\" content=\"\u0110i\u1ec1u kho\u1ea3n s\u1eed d\u1ee5ng\" \/>\n<meta property=\"og:description\" content=\"\u0110i\u1ec1u kho\u1ea3n s\u1eed d\u1ee5ng Ch\u00e0o m\u1eebng b\u1ea1n \u0111\u1ebfn v\u1edbi Expforex (\u201cch\u00fang t\u00f4i\u201d). \u0110i\u1ec1u kho\u1ea3n s\u1eed d\u1ee5ng (\u201c\u0110i\u1ec1u kho\u1ea3n\u201d) n\u00e0y \u0111i\u1ec1u ch\u1ec9nh vi\u1ec7c b\u1ea1n truy c\u1eadp v\u00e0 s\u1eed d\u1ee5nghttps:\/\/expforex.com\/vi\/ (\u201cWebsite\u201d).Khi s\u1eed d\u1ee5ng Website n\u00e0y, b\u1ea1n \u0111\u1ed3ng \u00fd v\u1edbi c\u00e1c \u0110i\u1ec1u kho\u1ea3n [\u2026]\" \/>\n<meta property=\"og:url\" content=\"https:\/\/expforex.com\/vi\/terms-of-use\/\" \/>\n<meta property=\"og:site_name\" content=\"Nh\u1eefng \u00fd t\u01b0\u1edfng t\u1ed1t nh\u1ea5t cho MetaTrader\" \/>\n<meta property=\"article:publisher\" content=\"https:\/\/www.facebook.com\/ExpForex\/\" \/>\n<meta property=\"article:modified_time\" content=\"2026-01-09T13:41:24+00:00\" \/>\n<meta property=\"og:image\" content=\"https:\/\/expforex.com\/wp-content\/uploads\/2023\/12\/LOGONEW-2024-2.png\" \/>\n\t<meta property=\"og:image:width\" content=\"200\" \/>\n\t<meta property=\"og:image:height\" content=\"200\" \/>\n\t<meta property=\"og:image:type\" content=\"image\/png\" \/>\n<meta name=\"twitter:card\" content=\"summary_large_image\" \/>\n<meta name=\"twitter:label1\" content=\"Est. reading time\" \/>\n\t<meta name=\"twitter:data1\" content=\"5 minutes\" \/>\n<script type=\"application\/ld+json\" class=\"yoast-schema-graph\">{\"@context\":\"https:\\\/\\\/schema.org\",\"@graph\":[{\"@type\":\"WebPage\",\"@id\":\"https:\\\/\\\/expforex.com\\\/vi\\\/terms-of-use\\\/\",\"url\":\"https:\\\/\\\/expforex.com\\\/vi\\\/terms-of-use\\\/\",\"name\":\"\u0110i\u1ec1u kho\u1ea3n s\u1eed d\u1ee5ng - Nh\u1eefng \u00fd t\u01b0\u1edfng t\u1ed1t nh\u1ea5t cho MetaTrader\",\"isPartOf\":{\"@id\":\"https:\\\/\\\/expforex.com\\\/vi\\\/#website\"},\"datePublished\":\"2021-09-10T18:31:24+00:00\",\"dateModified\":\"2026-01-09T13:41:24+00:00\",\"breadcrumb\":{\"@id\":\"https:\\\/\\\/expforex.com\\\/vi\\\/terms-of-use\\\/#breadcrumb\"},\"inLanguage\":\"vi-VN\",\"potentialAction\":[{\"@type\":\"ReadAction\",\"target\":[\"https:\\\/\\\/expforex.com\\\/vi\\\/terms-of-use\\\/\"]}]},{\"@type\":\"BreadcrumbList\",\"@id\":\"https:\\\/\\\/expforex.com\\\/vi\\\/terms-of-use\\\/#breadcrumb\",\"itemListElement\":[{\"@type\":\"ListItem\",\"position\":1,\"name\":\"Trang ch\u1ee7\",\"item\":\"https:\\\/\\\/expforex.com\\\/vi\\\/\"},{\"@type\":\"ListItem\",\"position\":2,\"name\":\"\u0110i\u1ec1u kho\u1ea3n s\u1eed d\u1ee5ng\"}]},{\"@type\":\"WebSite\",\"@id\":\"https:\\\/\\\/expforex.com\\\/vi\\\/#website\",\"url\":\"https:\\\/\\\/expforex.com\\\/vi\\\/\",\"name\":\"Nh\u1eefng \u00fd t\u01b0\u1edfng t\u1ed1t nh\u1ea5t cho MetaTrader\",\"description\":\"Kinh nghi\u1ec7m s\u00e2u r\u1ed9ng trong l\u1eadp tr\u00ecnh tr\u1ee3 l\u00fd cho MetaTrader, MQL, Forex, Expert, Indicator, Script, EA, Utilities, VirtualTradePad, Copylot, Ticksniper, Averager, xCustomEA, X, Duplicator, TesterPad, ExtraReportPad, Assistant, Trade, Trader, Scalping\",\"publisher\":{\"@id\":\"https:\\\/\\\/expforex.com\\\/vi\\\/#\\\/schema\\\/person\\\/0f3104735dd8fd99d5b5ee2e3634b1d5\"},\"alternateName\":\"Forex EA\",\"potentialAction\":[{\"@type\":\"SearchAction\",\"target\":{\"@type\":\"EntryPoint\",\"urlTemplate\":\"https:\\\/\\\/expforex.com\\\/vi\\\/?s={search_term_string}\"},\"query-input\":{\"@type\":\"PropertyValueSpecification\",\"valueRequired\":true,\"valueName\":\"search_term_string\"}}],\"inLanguage\":\"vi-VN\"},{\"@type\":[\"Person\",\"Organization\"],\"@id\":\"https:\\\/\\\/expforex.com\\\/vi\\\/#\\\/schema\\\/person\\\/0f3104735dd8fd99d5b5ee2e3634b1d5\",\"name\":\"Expforex Vladislav\",\"image\":{\"@type\":\"ImageObject\",\"inLanguage\":\"vi-VN\",\"@id\":\"https:\\\/\\\/expforex.com\\\/wp-content\\\/uploads\\\/2023\\\/12\\\/LOGONEW-2024-2.png\",\"url\":\"https:\\\/\\\/expforex.com\\\/wp-content\\\/uploads\\\/2023\\\/12\\\/LOGONEW-2024-2.png\",\"contentUrl\":\"https:\\\/\\\/expforex.com\\\/wp-content\\\/uploads\\\/2023\\\/12\\\/LOGONEW-2024-2.png\",\"width\":200,\"height\":200,\"caption\":\"Expforex Vladislav\"},\"logo\":{\"@id\":\"https:\\\/\\\/expforex.com\\\/wp-content\\\/uploads\\\/2023\\\/12\\\/LOGONEW-2024-2.png\"},\"sameAs\":[\"https:\\\/\\\/www.expforex.com\",\"https:\\\/\\\/www.facebook.com\\\/ExpForex\\\/\",\"https:\\\/\\\/www.youtube.com\\\/Expforex\"],\"publishingPrinciples\":\"https:\\\/\\\/expforex.com\\\/privacy-policy\\\/\"}]}<\/script>\n<!-- \/ Yoast SEO Premium plugin. -->","yoast_head_json":{"title":"\u0110i\u1ec1u kho\u1ea3n s\u1eed d\u1ee5ng - Nh\u1eefng \u00fd t\u01b0\u1edfng t\u1ed1t nh\u1ea5t cho MetaTrader","robots":{"index":"index","follow":"follow","max-snippet":"max-snippet:-1","max-image-preview":"max-image-preview:large","max-video-preview":"max-video-preview:-1"},"canonical":"https:\/\/expforex.com\/vi\/terms-of-use\/","og_locale":"vi_VN","og_type":"article","og_title":"\u0110i\u1ec1u kho\u1ea3n s\u1eed d\u1ee5ng","og_description":"\u0110i\u1ec1u kho\u1ea3n s\u1eed d\u1ee5ng Ch\u00e0o m\u1eebng b\u1ea1n \u0111\u1ebfn v\u1edbi Expforex (\u201cch\u00fang t\u00f4i\u201d). \u0110i\u1ec1u kho\u1ea3n s\u1eed d\u1ee5ng (\u201c\u0110i\u1ec1u kho\u1ea3n\u201d) n\u00e0y \u0111i\u1ec1u ch\u1ec9nh vi\u1ec7c b\u1ea1n truy c\u1eadp v\u00e0 s\u1eed d\u1ee5nghttps:\/\/expforex.com\/vi\/ (\u201cWebsite\u201d).Khi s\u1eed d\u1ee5ng Website n\u00e0y, b\u1ea1n \u0111\u1ed3ng \u00fd v\u1edbi c\u00e1c \u0110i\u1ec1u kho\u1ea3n [\u2026]","og_url":"https:\/\/expforex.com\/vi\/terms-of-use\/","og_site_name":"Nh\u1eefng \u00fd t\u01b0\u1edfng t\u1ed1t nh\u1ea5t cho MetaTrader","article_publisher":"https:\/\/www.facebook.com\/ExpForex\/","article_modified_time":"2026-01-09T13:41:24+00:00","og_image":[{"width":200,"height":200,"url":"https:\/\/expforex.com\/wp-content\/uploads\/2023\/12\/LOGONEW-2024-2.png","type":"image\/png"}],"twitter_card":"summary_large_image","twitter_misc":{"Est. reading time":"5 minutes"},"schema":{"@context":"https:\/\/schema.org","@graph":[{"@type":"WebPage","@id":"https:\/\/expforex.com\/vi\/terms-of-use\/","url":"https:\/\/expforex.com\/vi\/terms-of-use\/","name":"\u0110i\u1ec1u kho\u1ea3n s\u1eed d\u1ee5ng - Nh\u1eefng \u00fd t\u01b0\u1edfng t\u1ed1t nh\u1ea5t cho MetaTrader","isPartOf":{"@id":"https:\/\/expforex.com\/vi\/#website"},"datePublished":"2021-09-10T18:31:24+00:00","dateModified":"2026-01-09T13:41:24+00:00","breadcrumb":{"@id":"https:\/\/expforex.com\/vi\/terms-of-use\/#breadcrumb"},"inLanguage":"vi-VN","potentialAction":[{"@type":"ReadAction","target":["https:\/\/expforex.com\/vi\/terms-of-use\/"]}]},{"@type":"BreadcrumbList","@id":"https:\/\/expforex.com\/vi\/terms-of-use\/#breadcrumb","itemListElement":[{"@type":"ListItem","position":1,"name":"Trang ch\u1ee7","item":"https:\/\/expforex.com\/vi\/"},{"@type":"ListItem","position":2,"name":"\u0110i\u1ec1u kho\u1ea3n s\u1eed d\u1ee5ng"}]},{"@type":"WebSite","@id":"https:\/\/expforex.com\/vi\/#website","url":"https:\/\/expforex.com\/vi\/","name":"Nh\u1eefng \u00fd t\u01b0\u1edfng t\u1ed1t nh\u1ea5t cho MetaTrader","description":"Kinh nghi\u1ec7m s\u00e2u r\u1ed9ng trong l\u1eadp tr\u00ecnh tr\u1ee3 l\u00fd cho MetaTrader, MQL, Forex, Expert, Indicator, Script, EA, Utilities, VirtualTradePad, Copylot, Ticksniper, Averager, xCustomEA, X, Duplicator, TesterPad, ExtraReportPad, Assistant, Trade, Trader, Scalping","publisher":{"@id":"https:\/\/expforex.com\/vi\/#\/schema\/person\/0f3104735dd8fd99d5b5ee2e3634b1d5"},"alternateName":"Forex EA","potentialAction":[{"@type":"SearchAction","target":{"@type":"EntryPoint","urlTemplate":"https:\/\/expforex.com\/vi\/?s={search_term_string}"},"query-input":{"@type":"PropertyValueSpecification","valueRequired":true,"valueName":"search_term_string"}}],"inLanguage":"vi-VN"},{"@type":["Person","Organization"],"@id":"https:\/\/expforex.com\/vi\/#\/schema\/person\/0f3104735dd8fd99d5b5ee2e3634b1d5","name":"Expforex Vladislav","image":{"@type":"ImageObject","inLanguage":"vi-VN","@id":"https:\/\/expforex.com\/wp-content\/uploads\/2023\/12\/LOGONEW-2024-2.png","url":"https:\/\/expforex.com\/wp-content\/uploads\/2023\/12\/LOGONEW-2024-2.png","contentUrl":"https:\/\/expforex.com\/wp-content\/uploads\/2023\/12\/LOGONEW-2024-2.png","width":200,"height":200,"caption":"Expforex Vladislav"},"logo":{"@id":"https:\/\/expforex.com\/wp-content\/uploads\/2023\/12\/LOGONEW-2024-2.png"},"sameAs":["https:\/\/www.expforex.com","https:\/\/www.facebook.com\/ExpForex\/","https:\/\/www.youtube.com\/Expforex"],"publishingPrinciples":"https:\/\/expforex.com\/privacy-policy\/"}]}},"_links":{"self":[{"href":"https:\/\/expforex.com\/vi\/wp-json\/wp\/v2\/pages\/146022","targetHints":{"allow":["GET"]}}],"collection":[{"href":"https:\/\/expforex.com\/vi\/wp-json\/wp\/v2\/pages"}],"about":[{"href":"https:\/\/expforex.com\/vi\/wp-json\/wp\/v2\/types\/page"}],"author":[{"embeddable":true,"href":"https:\/\/expforex.com\/vi\/wp-json\/wp\/v2\/users\/2"}],"replies":[{"embeddable":true,"href":"https:\/\/expforex.com\/vi\/wp-json\/wp\/v2\/comments?post=146022"}],"version-history":[{"count":1,"href":"https:\/\/expforex.com\/vi\/wp-json\/wp\/v2\/pages\/146022\/revisions"}],"predecessor-version":[{"id":146030,"href":"https:\/\/expforex.com\/vi\/wp-json\/wp\/v2\/pages\/146022\/revisions\/146030"}],"wp:attachment":[{"href":"https:\/\/expforex.com\/vi\/wp-json\/wp\/v2\/media?parent=146022"}],"curies":[{"name":"wp","href":"https:\/\/api.w.org\/{rel}","templated":true}]}}