{"id":146697,"date":"2026-01-26T14:53:19","date_gmt":"2026-01-26T14:53:19","guid":{"rendered":"https:\/\/expforex.com\/general\/"},"modified":"2026-01-29T09:38:36","modified_gmt":"2026-01-29T09:38:36","slug":"best-metatrader-ea","status":"publish","type":"page","link":"https:\/\/expforex.com\/vi\/best-metatrader-ea\/","title":{"rendered":"B\u1ed9 s\u01b0u t\u1eadp EA (Expert Advisor) &amp; ti\u1ec7n \u00edch MetaTrader t\u1ed1t nh\u1ea5t"},"content":{"rendered":"\n<p>Expforex | Robot giao d\u1ecbch chuy\u00ean nghi\u1ec7p v\u00e0 B\u1ea3ng \u0111i\u1ec1u khi\u1ec3n cho MT4\/MT5<\/p>\n","protected":false},"excerpt":{"rendered":"<p>Expforex | Robot giao d\u1ecbch chuy\u00ean nghi\u1ec7p v\u00e0 B\u1ea3ng \u0111i\u1ec1u khi\u1ec3n cho MT4\/MT5<\/p>\n","protected":false},"author":2,"featured_media":146656,"parent":0,"menu_order":0,"comment_status":"closed","ping_status":"closed","template":"","meta":{"_acf_changed":false,"_eb_attr":"","_eb_data_table":"","footnotes":""},"class_list":["post-146697","page","type-page","status-publish","has-post-thumbnail","hentry"],"acf":[],"yoast_head":"<!-- This site is optimized with the Yoast SEO Premium plugin v27.3 (Yoast SEO v27.3) - https:\/\/yoast.com\/product\/yoast-seo-premium-wordpress\/ -->\n<title>EA MetaTrader t\u1ed1t nh\u1ea5t 2026: Top 8 robot &amp; c\u00f4ng c\u1ee5 t\u1ef1 \u0111\u1ed9ng | Expforex<\/title>\n<meta name=\"description\" content=\"B\u1ea1n \u0111ang t\u00ecm EA MetaTrader t\u1ed1t nh\u1ea5t? Kh\u00e1m ph\u00e1 danh s\u00e1ch top 8 tinh ch\u1ecdn c\u1ee7a ch\u00fang t\u00f4i. T\u1eeb robot AI Sniper \u0111\u1ebfn b\u1ea3ng \u0111i\u1ec1u khi\u1ec3n VirtualTradePad. H\u1ec7 th\u1ed1ng giao d\u1ecbch t\u1ef1 \u0111\u1ed9ng \u0111\u00e3 \u0111\u01b0\u1ee3c ki\u1ec3m ch\u1ee9ng, \u0111\u01b0\u1ee3c h\u01a1n 10.000 trader tin d\u00f9ng.\" \/>\n<meta name=\"robots\" content=\"index, follow, max-snippet:-1, max-image-preview:large, max-video-preview:-1\" \/>\n<link rel=\"canonical\" href=\"https:\/\/expforex.com\/vi\/best-metatrader-ea\/\" \/>\n<meta property=\"og:locale\" content=\"vi_VN\" \/>\n<meta property=\"og:type\" content=\"article\" \/>\n<meta property=\"og:title\" content=\"B\u1ed9 s\u01b0u t\u1eadp EA (Expert Advisor) &amp; ti\u1ec7n \u00edch MetaTrader t\u1ed1t nh\u1ea5t\" \/>\n<meta property=\"og:description\" content=\"B\u1ea1n \u0111ang t\u00ecm EA MetaTrader t\u1ed1t nh\u1ea5t? Kh\u00e1m ph\u00e1 danh s\u00e1ch top 8 tinh ch\u1ecdn c\u1ee7a ch\u00fang t\u00f4i. T\u1eeb robot AI Sniper \u0111\u1ebfn b\u1ea3ng \u0111i\u1ec1u khi\u1ec3n VirtualTradePad. H\u1ec7 th\u1ed1ng giao d\u1ecbch t\u1ef1 \u0111\u1ed9ng \u0111\u00e3 \u0111\u01b0\u1ee3c ki\u1ec3m ch\u1ee9ng, \u0111\u01b0\u1ee3c h\u01a1n 10.000 trader tin d\u00f9ng.\" \/>\n<meta property=\"og:url\" content=\"https:\/\/expforex.com\/vi\/best-metatrader-ea\/\" \/>\n<meta property=\"og:site_name\" content=\"Nh\u1eefng \u00fd t\u01b0\u1edfng t\u1ed1t nh\u1ea5t cho MetaTrader\" \/>\n<meta property=\"article:publisher\" content=\"https:\/\/www.facebook.com\/ExpForex\/\" \/>\n<meta property=\"article:modified_time\" content=\"2026-01-29T09:38:36+00:00\" \/>\n<meta property=\"og:image\" content=\"https:\/\/expforex.com\/wp-content\/uploads\/2026\/01\/ALL-LOGO-VIDEO-EA-intro-2026.png\" \/>\n\t<meta property=\"og:image:width\" content=\"1920\" \/>\n\t<meta property=\"og:image:height\" content=\"1080\" \/>\n\t<meta property=\"og:image:type\" content=\"image\/png\" \/>\n<meta name=\"twitter:card\" content=\"summary_large_image\" \/>\n<meta name=\"twitter:label1\" content=\"Est. reading time\" \/>\n\t<meta name=\"twitter:data1\" content=\"1 minute\" \/>\n<script type=\"application\/ld+json\" class=\"yoast-schema-graph\">{\"@context\":\"https:\\\/\\\/schema.org\",\"@graph\":[{\"@type\":\"WebPage\",\"@id\":\"https:\\\/\\\/expforex.com\\\/vi\\\/best-metatrader-ea\\\/\",\"url\":\"https:\\\/\\\/expforex.com\\\/vi\\\/best-metatrader-ea\\\/\",\"name\":\"EA MetaTrader t\u1ed1t nh\u1ea5t 2026: Top 8 robot & c\u00f4ng c\u1ee5 t\u1ef1 \u0111\u1ed9ng | Expforex\",\"isPartOf\":{\"@id\":\"https:\\\/\\\/expforex.com\\\/vi\\\/#website\"},\"primaryImageOfPage\":{\"@id\":\"https:\\\/\\\/expforex.com\\\/vi\\\/best-metatrader-ea\\\/#primaryimage\"},\"image\":{\"@id\":\"https:\\\/\\\/expforex.com\\\/vi\\\/best-metatrader-ea\\\/#primaryimage\"},\"thumbnailUrl\":\"https:\\\/\\\/expforex.com\\\/wp-content\\\/uploads\\\/2026\\\/01\\\/ALL-LOGO-VIDEO-EA-intro-2026.png\",\"datePublished\":\"2026-01-26T14:53:19+00:00\",\"dateModified\":\"2026-01-29T09:38:36+00:00\",\"description\":\"B\u1ea1n \u0111ang t\u00ecm EA MetaTrader t\u1ed1t nh\u1ea5t? Kh\u00e1m ph\u00e1 danh s\u00e1ch top 8 tinh ch\u1ecdn c\u1ee7a ch\u00fang t\u00f4i. T\u1eeb robot AI Sniper \u0111\u1ebfn b\u1ea3ng \u0111i\u1ec1u khi\u1ec3n VirtualTradePad. H\u1ec7 th\u1ed1ng giao d\u1ecbch t\u1ef1 \u0111\u1ed9ng \u0111\u00e3 \u0111\u01b0\u1ee3c ki\u1ec3m ch\u1ee9ng, \u0111\u01b0\u1ee3c h\u01a1n 10.000 trader tin d\u00f9ng.\",\"breadcrumb\":{\"@id\":\"https:\\\/\\\/expforex.com\\\/vi\\\/best-metatrader-ea\\\/#breadcrumb\"},\"inLanguage\":\"vi-VN\",\"potentialAction\":[{\"@type\":\"ReadAction\",\"target\":[\"https:\\\/\\\/expforex.com\\\/vi\\\/best-metatrader-ea\\\/\"]}]},{\"@type\":\"ImageObject\",\"inLanguage\":\"vi-VN\",\"@id\":\"https:\\\/\\\/expforex.com\\\/vi\\\/best-metatrader-ea\\\/#primaryimage\",\"url\":\"https:\\\/\\\/expforex.com\\\/wp-content\\\/uploads\\\/2026\\\/01\\\/ALL-LOGO-VIDEO-EA-intro-2026.png\",\"contentUrl\":\"https:\\\/\\\/expforex.com\\\/wp-content\\\/uploads\\\/2026\\\/01\\\/ALL-LOGO-VIDEO-EA-intro-2026.png\",\"width\":1920,\"height\":1080},{\"@type\":\"BreadcrumbList\",\"@id\":\"https:\\\/\\\/expforex.com\\\/vi\\\/best-metatrader-ea\\\/#breadcrumb\",\"itemListElement\":[{\"@type\":\"ListItem\",\"position\":1,\"name\":\"Trang ch\u1ee7\",\"item\":\"https:\\\/\\\/expforex.com\\\/vi\\\/\"},{\"@type\":\"ListItem\",\"position\":2,\"name\":\"B\u1ed9 s\u01b0u t\u1eadp EA (Expert Advisor) &amp; ti\u1ec7n \u00edch MetaTrader t\u1ed1t nh\u1ea5t\"}]},{\"@type\":\"WebSite\",\"@id\":\"https:\\\/\\\/expforex.com\\\/vi\\\/#website\",\"url\":\"https:\\\/\\\/expforex.com\\\/vi\\\/\",\"name\":\"Nh\u1eefng \u00fd t\u01b0\u1edfng t\u1ed1t nh\u1ea5t cho MetaTrader\",\"description\":\"Kinh nghi\u1ec7m s\u00e2u r\u1ed9ng trong l\u1eadp tr\u00ecnh tr\u1ee3 l\u00fd cho MetaTrader, MQL, Forex, Expert, Indicator, Script, EA, Utilities, VirtualTradePad, Copylot, Ticksniper, Averager, xCustomEA, X, Duplicator, TesterPad, ExtraReportPad, Assistant, Trade, Trader, Scalping\",\"publisher\":{\"@id\":\"https:\\\/\\\/expforex.com\\\/vi\\\/#\\\/schema\\\/person\\\/0f3104735dd8fd99d5b5ee2e3634b1d5\"},\"alternateName\":\"Forex EA\",\"potentialAction\":[{\"@type\":\"SearchAction\",\"target\":{\"@type\":\"EntryPoint\",\"urlTemplate\":\"https:\\\/\\\/expforex.com\\\/vi\\\/?s={search_term_string}\"},\"query-input\":{\"@type\":\"PropertyValueSpecification\",\"valueRequired\":true,\"valueName\":\"search_term_string\"}}],\"inLanguage\":\"vi-VN\"},{\"@type\":[\"Person\",\"Organization\"],\"@id\":\"https:\\\/\\\/expforex.com\\\/vi\\\/#\\\/schema\\\/person\\\/0f3104735dd8fd99d5b5ee2e3634b1d5\",\"name\":\"Expforex Vladislav\",\"image\":{\"@type\":\"ImageObject\",\"inLanguage\":\"vi-VN\",\"@id\":\"https:\\\/\\\/expforex.com\\\/wp-content\\\/uploads\\\/2023\\\/12\\\/LOGONEW-2024-2.png\",\"url\":\"https:\\\/\\\/expforex.com\\\/wp-content\\\/uploads\\\/2023\\\/12\\\/LOGONEW-2024-2.png\",\"contentUrl\":\"https:\\\/\\\/expforex.com\\\/wp-content\\\/uploads\\\/2023\\\/12\\\/LOGONEW-2024-2.png\",\"width\":200,\"height\":200,\"caption\":\"Expforex Vladislav\"},\"logo\":{\"@id\":\"https:\\\/\\\/expforex.com\\\/wp-content\\\/uploads\\\/2023\\\/12\\\/LOGONEW-2024-2.png\"},\"sameAs\":[\"https:\\\/\\\/www.expforex.com\",\"https:\\\/\\\/www.facebook.com\\\/ExpForex\\\/\",\"https:\\\/\\\/www.youtube.com\\\/Expforex\"],\"publishingPrinciples\":\"https:\\\/\\\/expforex.com\\\/privacy-policy\\\/\"}]}<\/script>\n<!-- \/ Yoast SEO Premium plugin. -->","yoast_head_json":{"title":"EA MetaTrader t\u1ed1t nh\u1ea5t 2026: Top 8 robot & c\u00f4ng c\u1ee5 t\u1ef1 \u0111\u1ed9ng | Expforex","description":"B\u1ea1n \u0111ang t\u00ecm EA MetaTrader t\u1ed1t nh\u1ea5t? Kh\u00e1m ph\u00e1 danh s\u00e1ch top 8 tinh ch\u1ecdn c\u1ee7a ch\u00fang t\u00f4i. T\u1eeb robot AI Sniper \u0111\u1ebfn b\u1ea3ng \u0111i\u1ec1u khi\u1ec3n VirtualTradePad. H\u1ec7 th\u1ed1ng giao d\u1ecbch t\u1ef1 \u0111\u1ed9ng \u0111\u00e3 \u0111\u01b0\u1ee3c ki\u1ec3m ch\u1ee9ng, \u0111\u01b0\u1ee3c h\u01a1n 10.000 trader tin d\u00f9ng.","robots":{"index":"index","follow":"follow","max-snippet":"max-snippet:-1","max-image-preview":"max-image-preview:large","max-video-preview":"max-video-preview:-1"},"canonical":"https:\/\/expforex.com\/vi\/best-metatrader-ea\/","og_locale":"vi_VN","og_type":"article","og_title":"B\u1ed9 s\u01b0u t\u1eadp EA (Expert Advisor) &amp; ti\u1ec7n \u00edch MetaTrader t\u1ed1t nh\u1ea5t","og_description":"B\u1ea1n \u0111ang t\u00ecm EA MetaTrader t\u1ed1t nh\u1ea5t? Kh\u00e1m ph\u00e1 danh s\u00e1ch top 8 tinh ch\u1ecdn c\u1ee7a ch\u00fang t\u00f4i. T\u1eeb robot AI Sniper \u0111\u1ebfn b\u1ea3ng \u0111i\u1ec1u khi\u1ec3n VirtualTradePad. H\u1ec7 th\u1ed1ng giao d\u1ecbch t\u1ef1 \u0111\u1ed9ng \u0111\u00e3 \u0111\u01b0\u1ee3c ki\u1ec3m ch\u1ee9ng, \u0111\u01b0\u1ee3c h\u01a1n 10.000 trader tin d\u00f9ng.","og_url":"https:\/\/expforex.com\/vi\/best-metatrader-ea\/","og_site_name":"Nh\u1eefng \u00fd t\u01b0\u1edfng t\u1ed1t nh\u1ea5t cho MetaTrader","article_publisher":"https:\/\/www.facebook.com\/ExpForex\/","article_modified_time":"2026-01-29T09:38:36+00:00","og_image":[{"width":1920,"height":1080,"url":"https:\/\/expforex.com\/wp-content\/uploads\/2026\/01\/ALL-LOGO-VIDEO-EA-intro-2026.png","type":"image\/png"}],"twitter_card":"summary_large_image","twitter_misc":{"Est. reading time":"1 minute"},"schema":{"@context":"https:\/\/schema.org","@graph":[{"@type":"WebPage","@id":"https:\/\/expforex.com\/vi\/best-metatrader-ea\/","url":"https:\/\/expforex.com\/vi\/best-metatrader-ea\/","name":"EA MetaTrader t\u1ed1t nh\u1ea5t 2026: Top 8 robot & c\u00f4ng c\u1ee5 t\u1ef1 \u0111\u1ed9ng | Expforex","isPartOf":{"@id":"https:\/\/expforex.com\/vi\/#website"},"primaryImageOfPage":{"@id":"https:\/\/expforex.com\/vi\/best-metatrader-ea\/#primaryimage"},"image":{"@id":"https:\/\/expforex.com\/vi\/best-metatrader-ea\/#primaryimage"},"thumbnailUrl":"https:\/\/expforex.com\/wp-content\/uploads\/2026\/01\/ALL-LOGO-VIDEO-EA-intro-2026.png","datePublished":"2026-01-26T14:53:19+00:00","dateModified":"2026-01-29T09:38:36+00:00","description":"B\u1ea1n \u0111ang t\u00ecm EA MetaTrader t\u1ed1t nh\u1ea5t? Kh\u00e1m ph\u00e1 danh s\u00e1ch top 8 tinh ch\u1ecdn c\u1ee7a ch\u00fang t\u00f4i. T\u1eeb robot AI Sniper \u0111\u1ebfn b\u1ea3ng \u0111i\u1ec1u khi\u1ec3n VirtualTradePad. H\u1ec7 th\u1ed1ng giao d\u1ecbch t\u1ef1 \u0111\u1ed9ng \u0111\u00e3 \u0111\u01b0\u1ee3c ki\u1ec3m ch\u1ee9ng, \u0111\u01b0\u1ee3c h\u01a1n 10.000 trader tin d\u00f9ng.","breadcrumb":{"@id":"https:\/\/expforex.com\/vi\/best-metatrader-ea\/#breadcrumb"},"inLanguage":"vi-VN","potentialAction":[{"@type":"ReadAction","target":["https:\/\/expforex.com\/vi\/best-metatrader-ea\/"]}]},{"@type":"ImageObject","inLanguage":"vi-VN","@id":"https:\/\/expforex.com\/vi\/best-metatrader-ea\/#primaryimage","url":"https:\/\/expforex.com\/wp-content\/uploads\/2026\/01\/ALL-LOGO-VIDEO-EA-intro-2026.png","contentUrl":"https:\/\/expforex.com\/wp-content\/uploads\/2026\/01\/ALL-LOGO-VIDEO-EA-intro-2026.png","width":1920,"height":1080},{"@type":"BreadcrumbList","@id":"https:\/\/expforex.com\/vi\/best-metatrader-ea\/#breadcrumb","itemListElement":[{"@type":"ListItem","position":1,"name":"Trang ch\u1ee7","item":"https:\/\/expforex.com\/vi\/"},{"@type":"ListItem","position":2,"name":"B\u1ed9 s\u01b0u t\u1eadp EA (Expert Advisor) &amp; ti\u1ec7n \u00edch MetaTrader t\u1ed1t nh\u1ea5t"}]},{"@type":"WebSite","@id":"https:\/\/expforex.com\/vi\/#website","url":"https:\/\/expforex.com\/vi\/","name":"Nh\u1eefng \u00fd t\u01b0\u1edfng t\u1ed1t nh\u1ea5t cho MetaTrader","description":"Kinh nghi\u1ec7m s\u00e2u r\u1ed9ng trong l\u1eadp tr\u00ecnh tr\u1ee3 l\u00fd cho MetaTrader, MQL, Forex, Expert, Indicator, Script, EA, Utilities, VirtualTradePad, Copylot, Ticksniper, Averager, xCustomEA, X, Duplicator, TesterPad, ExtraReportPad, Assistant, Trade, Trader, Scalping","publisher":{"@id":"https:\/\/expforex.com\/vi\/#\/schema\/person\/0f3104735dd8fd99d5b5ee2e3634b1d5"},"alternateName":"Forex EA","potentialAction":[{"@type":"SearchAction","target":{"@type":"EntryPoint","urlTemplate":"https:\/\/expforex.com\/vi\/?s={search_term_string}"},"query-input":{"@type":"PropertyValueSpecification","valueRequired":true,"valueName":"search_term_string"}}],"inLanguage":"vi-VN"},{"@type":["Person","Organization"],"@id":"https:\/\/expforex.com\/vi\/#\/schema\/person\/0f3104735dd8fd99d5b5ee2e3634b1d5","name":"Expforex Vladislav","image":{"@type":"ImageObject","inLanguage":"vi-VN","@id":"https:\/\/expforex.com\/wp-content\/uploads\/2023\/12\/LOGONEW-2024-2.png","url":"https:\/\/expforex.com\/wp-content\/uploads\/2023\/12\/LOGONEW-2024-2.png","contentUrl":"https:\/\/expforex.com\/wp-content\/uploads\/2023\/12\/LOGONEW-2024-2.png","width":200,"height":200,"caption":"Expforex Vladislav"},"logo":{"@id":"https:\/\/expforex.com\/wp-content\/uploads\/2023\/12\/LOGONEW-2024-2.png"},"sameAs":["https:\/\/www.expforex.com","https:\/\/www.facebook.com\/ExpForex\/","https:\/\/www.youtube.com\/Expforex"],"publishingPrinciples":"https:\/\/expforex.com\/privacy-policy\/"}]}},"_links":{"self":[{"href":"https:\/\/expforex.com\/vi\/wp-json\/wp\/v2\/pages\/146697","targetHints":{"allow":["GET"]}}],"collection":[{"href":"https:\/\/expforex.com\/vi\/wp-json\/wp\/v2\/pages"}],"about":[{"href":"https:\/\/expforex.com\/vi\/wp-json\/wp\/v2\/types\/page"}],"author":[{"embeddable":true,"href":"https:\/\/expforex.com\/vi\/wp-json\/wp\/v2\/users\/2"}],"replies":[{"embeddable":true,"href":"https:\/\/expforex.com\/vi\/wp-json\/wp\/v2\/comments?post=146697"}],"version-history":[{"count":2,"href":"https:\/\/expforex.com\/vi\/wp-json\/wp\/v2\/pages\/146697\/revisions"}],"predecessor-version":[{"id":146767,"href":"https:\/\/expforex.com\/vi\/wp-json\/wp\/v2\/pages\/146697\/revisions\/146767"}],"wp:featuredmedia":[{"embeddable":true,"href":"https:\/\/expforex.com\/vi\/wp-json\/wp\/v2\/media\/146656"}],"wp:attachment":[{"href":"https:\/\/expforex.com\/vi\/wp-json\/wp\/v2\/media?parent=146697"}],"curies":[{"name":"wp","href":"https:\/\/api.w.org\/{rel}","templated":true}]}}