{"id":88553,"date":"2024-01-05T13:12:07","date_gmt":"2024-01-05T13:12:07","guid":{"rendered":"https:\/\/expforex.com\/recommended-brokers\/"},"modified":"2026-01-10T05:34:17","modified_gmt":"2026-01-10T05:34:17","slug":"recommended-brokers","status":"publish","type":"page","link":"https:\/\/expforex.com\/vi\/recommended-brokers\/","title":{"rendered":"T\u00e0i kho\u1ea3n Giao d\u1ecbch\u00a0"},"content":{"rendered":"\n<p>T\u00e0i kho\u1ea3n Giao d\u1ecbch<\/p>\n\n\n\n<h2 class=\"wp-block-heading\" id=\"h-tai-kho\u1ea3n-giao-d\u1ecbch-nbsp\"><a>T\u00e0i kho\u1ea3n Giao d\u1ecbch<\/a>&nbsp;<\/h2>\n\n\n\n<ol class=\"wp-block-list\">\n<li><strong>Ti\u1ec1n g\u1eedi khuy\u1ebfn ngh\u1ecb R\u1ee6I RO TH\u1ea4P<\/strong>\u00a0\u00a0v\u1edbi s\u1ed1 ti\u1ec1n <strong>$ 1,000<\/strong>\u00a0v\u1edbi k\u00edch th\u01b0\u1edbc l\u00f4 t\u1ed1i thi\u1ec3u <strong>0.01<\/strong>\u00a0cho 3 c\u1eb7p ti\u1ec1n t\u1ec7 (v\u00ed d\u1ee5, EURUSD USDCHF USDJPY) (<strong>\u0111\u00f2n b\u1ea9y (Leverage)<\/strong>1:300)<\/li>\n\n\n\n<li><strong>Ti\u1ec1n g\u1eedi khuy\u1ebfn ngh\u1ecb R\u1ee6I RO TRUNG B\u00ccNH<\/strong>\u00a0\u00a0v\u1edbi s\u1ed1 ti\u1ec1n <strong>$ 300<\/strong>\u00a0v\u1edbi k\u00edch th\u01b0\u1edbc l\u00f4 t\u1ed1i thi\u1ec3u <strong>0.01<\/strong>\u00a0tr\u00ean 1 c\u1eb7p ti\u1ec1n t\u1ec7 (v\u00ed d\u1ee5, EURUSD)(<strong>\u0111\u00f2n b\u1ea9y<\/strong>1:300)<\/li>\n\n\n\n<li><strong>Ti\u1ec1n g\u1eedi khuy\u1ebfn ngh\u1ecb<\/strong>\u00a0\u00a0<strong>cho R\u1ee6I RO CAO<\/strong>\u00a0\u00a0v\u1edbi s\u1ed1 ti\u1ec1n <strong>$ 100 (<u>T\u00e0i kho\u1ea3n Cent (Cent Account)<\/u>)<\/strong>\u00a0v\u1edbi k\u00edch th\u01b0\u1edbc l\u00f4 t\u1ed1i thi\u1ec3u <strong>0.01<\/strong>\u00a0tr\u00ean 1 c\u1eb7p ti\u1ec1n t\u1ec7 (v\u00ed d\u1ee5, EURUSD)(<strong>\u0111\u00f2n b\u1ea9y<\/strong>1:300)<\/li>\n\n\n\n<li>Bi\u00ean \u0111\u1ed9 tr\u00f4i n\u1ed5i (<strong>Zero Spread is prohibited!<\/strong>)<\/li>\n\n\n\n<li>\u0110\u00f2n b\u1ea9y 1: 300 v\u00e0 cao h\u01a1n<\/li>\n\n\n\n<li>\u0110\u1ed1i v\u1edbi phi\u00ean b\u1ea3n c\u1ed1 v\u1ea5n terminal c\u1ee7a MetaTrader 4, b\u1ea1n c\u00f3 th\u1ec3 th\u1eed <strong>ECN PRO.<\/strong><\/li>\n\n\n\n<li>\u0110\u1ed1i v\u1edbi phi\u00ean b\u1ea3n c\u1ed1 v\u1ea5n terminal c\u1ee7a MetaTrader 5, b\u1ea1n c\u00f3 th\u1ec3 th\u1eed <strong>ECN PRO.<\/strong><\/li>\n\n\n\n<li>\u0110\u1ed1i v\u1edbi t\u00e0i kho\u1ea3n c\u00f3 ti\u1ec1n g\u1eedi tr\u00ean <strong>$ 1000<\/strong>, b\u1ea1n c\u00f3 th\u1ec3 th\u1eed lo\u1ea1i t\u00e0i kho\u1ea3n PRO Standard ho\u1eb7c ECN PRO.<\/li>\n\n\n\n<li>\u0110\u1ed1i v\u1edbi t\u00e0i kho\u1ea3n c\u00f3 ti\u1ec1n g\u1eedi d\u01b0\u1edbi <strong>$ 1000<\/strong>, b\u1ea1n c\u00f3 th\u1ec3 th\u1eed lo\u1ea1i t\u00e0i kho\u1ea3n PRO Cent.<\/li>\n\n\n\n<li>C\u1eb7p ti\u1ec1n t\u1ec7: B\u1ea1n c\u00f3 th\u1ec3 ch\u1ecdn b\u1ea5t k\u1ef3 c\u1eb7p ti\u1ec1n t\u1ec7 n\u00e0o. T\u00f4i giao d\u1ecbch t\u1ea1i EURUSD USDCHF USDJPY.<\/li>\n<\/ol>\n\n\n\n<p>Brokers<\/p>\n\n\n\n<p>=================================================================================================================================<\/p>\n\n\n\n<p>Risk Disclaimer<\/p>\n\n\n\n<p>Th\u00f4ng tin v\u1ec1 nh\u00e0 m\u00f4i gi\u1edbi \u0111\u01b0\u1ee3c cung c\u1ea5p tr\u00ean trang n\u00e0y ch\u1ec9 nh\u1eb1m m\u1ee5c \u0111\u00edch th\u00f4ng tin v\u00e0 kh\u00f4ng c\u1ea5u th\u00e0nh s\u1ef1 \u1ee7ng h\u1ed9 hay khuy\u1ebfn ngh\u1ecb. Nh\u1eefng nh\u00e0 m\u00f4i gi\u1edbi n\u00e0y \u0111\u01b0\u1ee3c li\u1ec7t k\u00ea d\u1ef1a tr\u00ean kinh nghi\u1ec7m giao d\u1ecbch c\u00e1 nh\u00e2n c\u1ee7a t\u00f4i. Tham gia v\u00e0o c\u00e1c ho\u1ea1t \u0111\u1ed9ng giao d\u1ecbch c\u00f3 nh\u1eefng r\u1ee7i ro v\u1ed1n c\u00f3, bao g\u1ed3m kh\u1ea3 n\u0103ng m\u1ea5t v\u1ed1n. B\u1ea1n n\u00ean ti\u1ebfn h\u00e0nh nghi\u00ean c\u1ee9u k\u1ef9 l\u01b0\u1ee1ng v\u00e0 tham kh\u1ea3o \u00fd ki\u1ebfn c\u1ee7a m\u1ed9t c\u1ed1 v\u1ea5n t\u00e0i ch\u00ednh c\u00f3 chuy\u00ean m\u00f4n tr\u01b0\u1edbc khi \u0111\u01b0a ra b\u1ea5t k\u1ef3 quy\u1ebft \u0111\u1ecbnh \u0111\u1ea7u t\u01b0 n\u00e0o. T\u00f4i kh\u00f4ng ch\u1ecbu tr\u00e1ch nhi\u1ec7m cho b\u1ea5t k\u1ef3 quy\u1ebft \u0111\u1ecbnh giao d\u1ecbch n\u00e0o \u0111\u01b0\u1ee3c \u0111\u01b0a ra d\u1ef1a tr\u00ean th\u00f4ng tin \u0111\u01b0\u1ee3c cung c\u1ea5p \u1edf \u0111\u00e2y.<\/p>\n","protected":false},"excerpt":{"rendered":"<p>Kh\u00e1m ph\u00e1 c\u00e1c nh\u00e0 m\u00f4i gi\u1edbi m\u00e0 t\u00f4i \u0111\u00e3 giao d\u1ecbch tr\u1ef1c ti\u1ebfp. M\u1eb7c d\u00f9 t\u00f4i kh\u00f4ng \u1ee7ng h\u1ed9 hay \u0111\u1ec1 xu\u1ea5t h\u1ecd, b\u1ea1n c\u00f3 th\u1ec3 t\u00ecm hi\u1ec3u th\u00eam v\u1ec1 d\u1ecbch v\u1ee5 c\u1ee7a h\u1ecd v\u00e0 quy\u1ebft \u0111\u1ecbnh xem ch\u00fang c\u00f3 ph\u00f9 h\u1ee3p v\u1edbi m\u1ee5c ti\u00eau giao d\u1ecbch c\u1ee7a b\u1ea1n hay kh\u00f4ng.<\/p>\n","protected":false},"author":2,"featured_media":88546,"parent":0,"menu_order":0,"comment_status":"closed","ping_status":"closed","template":"","meta":{"_acf_changed":false,"_eb_attr":"","_eb_data_table":"","footnotes":""},"class_list":["post-88553","page","type-page","status-publish","has-post-thumbnail","hentry"],"acf":[],"yoast_head":"<!-- This site is optimized with the Yoast SEO Premium plugin v27.3 (Yoast SEO v27.3) - https:\/\/yoast.com\/product\/yoast-seo-premium-wordpress\/ -->\n<title>T\u00e0i kho\u1ea3n Giao d\u1ecbch\u00a0<\/title>\n<meta name=\"description\" content=\"Kh\u00e1m ph\u00e1 c\u00e1c nh\u00e0 m\u00f4i gi\u1edbi m\u00e0 t\u00f4i \u0111\u00e3 giao d\u1ecbch tr\u1ef1c ti\u1ebfp. M\u1eb7c d\u00f9 t\u00f4i kh\u00f4ng \u1ee7ng h\u1ed9 hay \u0111\u1ec1 xu\u1ea5t h\u1ecd, b\u1ea1n c\u00f3 th\u1ec3 t\u00ecm hi\u1ec3u th\u00eam v\u1ec1 d\u1ecbch v\u1ee5 c\u1ee7a h\u1ecd v\u00e0 quy\u1ebft \u0111\u1ecbnh xem ch\u00fang c\u00f3 ph\u00f9 h\u1ee3p v\u1edbi m\u1ee5c ti\u00eau giao d\u1ecbch c\u1ee7a b\u1ea1n hay kh\u00f4ng.\" \/>\n<meta name=\"robots\" content=\"index, follow, max-snippet:-1, max-image-preview:large, max-video-preview:-1\" \/>\n<link rel=\"canonical\" href=\"https:\/\/expforex.com\/vi\/recommended-brokers\/\" \/>\n<meta property=\"og:locale\" content=\"vi_VN\" \/>\n<meta property=\"og:type\" content=\"article\" \/>\n<meta property=\"og:title\" content=\"T\u00e0i kho\u1ea3n Giao d\u1ecbch\u00a0\" \/>\n<meta property=\"og:description\" content=\"Kh\u00e1m ph\u00e1 c\u00e1c nh\u00e0 m\u00f4i gi\u1edbi m\u00e0 t\u00f4i \u0111\u00e3 giao d\u1ecbch tr\u1ef1c ti\u1ebfp. M\u1eb7c d\u00f9 t\u00f4i kh\u00f4ng \u1ee7ng h\u1ed9 hay \u0111\u1ec1 xu\u1ea5t h\u1ecd, b\u1ea1n c\u00f3 th\u1ec3 t\u00ecm hi\u1ec3u th\u00eam v\u1ec1 d\u1ecbch v\u1ee5 c\u1ee7a h\u1ecd v\u00e0 quy\u1ebft \u0111\u1ecbnh xem ch\u00fang c\u00f3 ph\u00f9 h\u1ee3p v\u1edbi m\u1ee5c ti\u00eau giao d\u1ecbch c\u1ee7a b\u1ea1n hay kh\u00f4ng.\" \/>\n<meta property=\"og:url\" content=\"https:\/\/expforex.com\/vi\/recommended-brokers\/\" \/>\n<meta property=\"og:site_name\" content=\"Nh\u1eefng \u00fd t\u01b0\u1edfng t\u1ed1t nh\u1ea5t cho MetaTrader\" \/>\n<meta property=\"article:publisher\" content=\"https:\/\/www.facebook.com\/ExpForex\/\" \/>\n<meta property=\"article:modified_time\" content=\"2026-01-10T05:34:17+00:00\" \/>\n<meta property=\"og:image\" content=\"https:\/\/expforex.com\/wp-content\/uploads\/2025\/03\/banner_bg-1.png\" \/>\n\t<meta property=\"og:image:width\" content=\"200\" \/>\n\t<meta property=\"og:image:height\" content=\"60\" \/>\n\t<meta property=\"og:image:type\" content=\"image\/png\" \/>\n<meta name=\"twitter:card\" content=\"summary_large_image\" \/>\n<meta name=\"twitter:label1\" content=\"Est. reading time\" \/>\n\t<meta name=\"twitter:data1\" content=\"2 minutes\" \/>\n<script type=\"application\/ld+json\" class=\"yoast-schema-graph\">{\"@context\":\"https:\\\/\\\/schema.org\",\"@graph\":[{\"@type\":\"WebPage\",\"@id\":\"https:\\\/\\\/expforex.com\\\/vi\\\/recommended-brokers\\\/\",\"url\":\"https:\\\/\\\/expforex.com\\\/vi\\\/recommended-brokers\\\/\",\"name\":\"T\u00e0i kho\u1ea3n Giao d\u1ecbch\u00a0\",\"isPartOf\":{\"@id\":\"https:\\\/\\\/expforex.com\\\/vi\\\/#website\"},\"primaryImageOfPage\":{\"@id\":\"https:\\\/\\\/expforex.com\\\/vi\\\/recommended-brokers\\\/#primaryimage\"},\"image\":{\"@id\":\"https:\\\/\\\/expforex.com\\\/vi\\\/recommended-brokers\\\/#primaryimage\"},\"thumbnailUrl\":\"https:\\\/\\\/expforex.com\\\/wp-content\\\/uploads\\\/2025\\\/03\\\/banner_bg-1.png\",\"datePublished\":\"2024-01-05T13:12:07+00:00\",\"dateModified\":\"2026-01-10T05:34:17+00:00\",\"description\":\"Kh\u00e1m ph\u00e1 c\u00e1c nh\u00e0 m\u00f4i gi\u1edbi m\u00e0 t\u00f4i \u0111\u00e3 giao d\u1ecbch tr\u1ef1c ti\u1ebfp. M\u1eb7c d\u00f9 t\u00f4i kh\u00f4ng \u1ee7ng h\u1ed9 hay \u0111\u1ec1 xu\u1ea5t h\u1ecd, b\u1ea1n c\u00f3 th\u1ec3 t\u00ecm hi\u1ec3u th\u00eam v\u1ec1 d\u1ecbch v\u1ee5 c\u1ee7a h\u1ecd v\u00e0 quy\u1ebft \u0111\u1ecbnh xem ch\u00fang c\u00f3 ph\u00f9 h\u1ee3p v\u1edbi m\u1ee5c ti\u00eau giao d\u1ecbch c\u1ee7a b\u1ea1n hay kh\u00f4ng.\",\"breadcrumb\":{\"@id\":\"https:\\\/\\\/expforex.com\\\/vi\\\/recommended-brokers\\\/#breadcrumb\"},\"inLanguage\":\"vi-VN\",\"potentialAction\":[{\"@type\":\"ReadAction\",\"target\":[\"https:\\\/\\\/expforex.com\\\/vi\\\/recommended-brokers\\\/\"]}]},{\"@type\":\"ImageObject\",\"inLanguage\":\"vi-VN\",\"@id\":\"https:\\\/\\\/expforex.com\\\/vi\\\/recommended-brokers\\\/#primaryimage\",\"url\":\"https:\\\/\\\/expforex.com\\\/wp-content\\\/uploads\\\/2025\\\/03\\\/banner_bg-1.png\",\"contentUrl\":\"https:\\\/\\\/expforex.com\\\/wp-content\\\/uploads\\\/2025\\\/03\\\/banner_bg-1.png\",\"width\":200,\"height\":60},{\"@type\":\"BreadcrumbList\",\"@id\":\"https:\\\/\\\/expforex.com\\\/vi\\\/recommended-brokers\\\/#breadcrumb\",\"itemListElement\":[{\"@type\":\"ListItem\",\"position\":1,\"name\":\"Trang ch\u1ee7\",\"item\":\"https:\\\/\\\/expforex.com\\\/vi\\\/\"},{\"@type\":\"ListItem\",\"position\":2,\"name\":\"T\u00e0i kho\u1ea3n Giao d\u1ecbch\u00a0\"}]},{\"@type\":\"WebSite\",\"@id\":\"https:\\\/\\\/expforex.com\\\/vi\\\/#website\",\"url\":\"https:\\\/\\\/expforex.com\\\/vi\\\/\",\"name\":\"Nh\u1eefng \u00fd t\u01b0\u1edfng t\u1ed1t nh\u1ea5t cho MetaTrader\",\"description\":\"Kinh nghi\u1ec7m s\u00e2u r\u1ed9ng trong l\u1eadp tr\u00ecnh tr\u1ee3 l\u00fd cho MetaTrader, MQL, Forex, Expert, Indicator, Script, EA, Utilities, VirtualTradePad, Copylot, Ticksniper, Averager, xCustomEA, X, Duplicator, TesterPad, ExtraReportPad, Assistant, Trade, Trader, Scalping\",\"publisher\":{\"@id\":\"https:\\\/\\\/expforex.com\\\/vi\\\/#\\\/schema\\\/person\\\/0f3104735dd8fd99d5b5ee2e3634b1d5\"},\"alternateName\":\"Forex EA\",\"potentialAction\":[{\"@type\":\"SearchAction\",\"target\":{\"@type\":\"EntryPoint\",\"urlTemplate\":\"https:\\\/\\\/expforex.com\\\/vi\\\/?s={search_term_string}\"},\"query-input\":{\"@type\":\"PropertyValueSpecification\",\"valueRequired\":true,\"valueName\":\"search_term_string\"}}],\"inLanguage\":\"vi-VN\"},{\"@type\":[\"Person\",\"Organization\"],\"@id\":\"https:\\\/\\\/expforex.com\\\/vi\\\/#\\\/schema\\\/person\\\/0f3104735dd8fd99d5b5ee2e3634b1d5\",\"name\":\"Expforex Vladislav\",\"image\":{\"@type\":\"ImageObject\",\"inLanguage\":\"vi-VN\",\"@id\":\"https:\\\/\\\/expforex.com\\\/wp-content\\\/uploads\\\/2023\\\/12\\\/LOGONEW-2024-2.png\",\"url\":\"https:\\\/\\\/expforex.com\\\/wp-content\\\/uploads\\\/2023\\\/12\\\/LOGONEW-2024-2.png\",\"contentUrl\":\"https:\\\/\\\/expforex.com\\\/wp-content\\\/uploads\\\/2023\\\/12\\\/LOGONEW-2024-2.png\",\"width\":200,\"height\":200,\"caption\":\"Expforex Vladislav\"},\"logo\":{\"@id\":\"https:\\\/\\\/expforex.com\\\/wp-content\\\/uploads\\\/2023\\\/12\\\/LOGONEW-2024-2.png\"},\"sameAs\":[\"https:\\\/\\\/www.expforex.com\",\"https:\\\/\\\/www.facebook.com\\\/ExpForex\\\/\",\"https:\\\/\\\/www.youtube.com\\\/Expforex\"],\"publishingPrinciples\":\"https:\\\/\\\/expforex.com\\\/privacy-policy\\\/\"}]}<\/script>\n<!-- \/ Yoast SEO Premium plugin. -->","yoast_head_json":{"title":"T\u00e0i kho\u1ea3n Giao d\u1ecbch\u00a0","description":"Kh\u00e1m ph\u00e1 c\u00e1c nh\u00e0 m\u00f4i gi\u1edbi m\u00e0 t\u00f4i \u0111\u00e3 giao d\u1ecbch tr\u1ef1c ti\u1ebfp. M\u1eb7c d\u00f9 t\u00f4i kh\u00f4ng \u1ee7ng h\u1ed9 hay \u0111\u1ec1 xu\u1ea5t h\u1ecd, b\u1ea1n c\u00f3 th\u1ec3 t\u00ecm hi\u1ec3u th\u00eam v\u1ec1 d\u1ecbch v\u1ee5 c\u1ee7a h\u1ecd v\u00e0 quy\u1ebft \u0111\u1ecbnh xem ch\u00fang c\u00f3 ph\u00f9 h\u1ee3p v\u1edbi m\u1ee5c ti\u00eau giao d\u1ecbch c\u1ee7a b\u1ea1n hay kh\u00f4ng.","robots":{"index":"index","follow":"follow","max-snippet":"max-snippet:-1","max-image-preview":"max-image-preview:large","max-video-preview":"max-video-preview:-1"},"canonical":"https:\/\/expforex.com\/vi\/recommended-brokers\/","og_locale":"vi_VN","og_type":"article","og_title":"T\u00e0i kho\u1ea3n Giao d\u1ecbch\u00a0","og_description":"Kh\u00e1m ph\u00e1 c\u00e1c nh\u00e0 m\u00f4i gi\u1edbi m\u00e0 t\u00f4i \u0111\u00e3 giao d\u1ecbch tr\u1ef1c ti\u1ebfp. M\u1eb7c d\u00f9 t\u00f4i kh\u00f4ng \u1ee7ng h\u1ed9 hay \u0111\u1ec1 xu\u1ea5t h\u1ecd, b\u1ea1n c\u00f3 th\u1ec3 t\u00ecm hi\u1ec3u th\u00eam v\u1ec1 d\u1ecbch v\u1ee5 c\u1ee7a h\u1ecd v\u00e0 quy\u1ebft \u0111\u1ecbnh xem ch\u00fang c\u00f3 ph\u00f9 h\u1ee3p v\u1edbi m\u1ee5c ti\u00eau giao d\u1ecbch c\u1ee7a b\u1ea1n hay kh\u00f4ng.","og_url":"https:\/\/expforex.com\/vi\/recommended-brokers\/","og_site_name":"Nh\u1eefng \u00fd t\u01b0\u1edfng t\u1ed1t nh\u1ea5t cho MetaTrader","article_publisher":"https:\/\/www.facebook.com\/ExpForex\/","article_modified_time":"2026-01-10T05:34:17+00:00","og_image":[{"width":200,"height":60,"url":"https:\/\/expforex.com\/wp-content\/uploads\/2025\/03\/banner_bg-1.png","type":"image\/png"}],"twitter_card":"summary_large_image","twitter_misc":{"Est. reading time":"2 minutes"},"schema":{"@context":"https:\/\/schema.org","@graph":[{"@type":"WebPage","@id":"https:\/\/expforex.com\/vi\/recommended-brokers\/","url":"https:\/\/expforex.com\/vi\/recommended-brokers\/","name":"T\u00e0i kho\u1ea3n Giao d\u1ecbch\u00a0","isPartOf":{"@id":"https:\/\/expforex.com\/vi\/#website"},"primaryImageOfPage":{"@id":"https:\/\/expforex.com\/vi\/recommended-brokers\/#primaryimage"},"image":{"@id":"https:\/\/expforex.com\/vi\/recommended-brokers\/#primaryimage"},"thumbnailUrl":"https:\/\/expforex.com\/wp-content\/uploads\/2025\/03\/banner_bg-1.png","datePublished":"2024-01-05T13:12:07+00:00","dateModified":"2026-01-10T05:34:17+00:00","description":"Kh\u00e1m ph\u00e1 c\u00e1c nh\u00e0 m\u00f4i gi\u1edbi m\u00e0 t\u00f4i \u0111\u00e3 giao d\u1ecbch tr\u1ef1c ti\u1ebfp. M\u1eb7c d\u00f9 t\u00f4i kh\u00f4ng \u1ee7ng h\u1ed9 hay \u0111\u1ec1 xu\u1ea5t h\u1ecd, b\u1ea1n c\u00f3 th\u1ec3 t\u00ecm hi\u1ec3u th\u00eam v\u1ec1 d\u1ecbch v\u1ee5 c\u1ee7a h\u1ecd v\u00e0 quy\u1ebft \u0111\u1ecbnh xem ch\u00fang c\u00f3 ph\u00f9 h\u1ee3p v\u1edbi m\u1ee5c ti\u00eau giao d\u1ecbch c\u1ee7a b\u1ea1n hay kh\u00f4ng.","breadcrumb":{"@id":"https:\/\/expforex.com\/vi\/recommended-brokers\/#breadcrumb"},"inLanguage":"vi-VN","potentialAction":[{"@type":"ReadAction","target":["https:\/\/expforex.com\/vi\/recommended-brokers\/"]}]},{"@type":"ImageObject","inLanguage":"vi-VN","@id":"https:\/\/expforex.com\/vi\/recommended-brokers\/#primaryimage","url":"https:\/\/expforex.com\/wp-content\/uploads\/2025\/03\/banner_bg-1.png","contentUrl":"https:\/\/expforex.com\/wp-content\/uploads\/2025\/03\/banner_bg-1.png","width":200,"height":60},{"@type":"BreadcrumbList","@id":"https:\/\/expforex.com\/vi\/recommended-brokers\/#breadcrumb","itemListElement":[{"@type":"ListItem","position":1,"name":"Trang ch\u1ee7","item":"https:\/\/expforex.com\/vi\/"},{"@type":"ListItem","position":2,"name":"T\u00e0i kho\u1ea3n Giao d\u1ecbch\u00a0"}]},{"@type":"WebSite","@id":"https:\/\/expforex.com\/vi\/#website","url":"https:\/\/expforex.com\/vi\/","name":"Nh\u1eefng \u00fd t\u01b0\u1edfng t\u1ed1t nh\u1ea5t cho MetaTrader","description":"Kinh nghi\u1ec7m s\u00e2u r\u1ed9ng trong l\u1eadp tr\u00ecnh tr\u1ee3 l\u00fd cho MetaTrader, MQL, Forex, Expert, Indicator, Script, EA, Utilities, VirtualTradePad, Copylot, Ticksniper, Averager, xCustomEA, X, Duplicator, TesterPad, ExtraReportPad, Assistant, Trade, Trader, Scalping","publisher":{"@id":"https:\/\/expforex.com\/vi\/#\/schema\/person\/0f3104735dd8fd99d5b5ee2e3634b1d5"},"alternateName":"Forex EA","potentialAction":[{"@type":"SearchAction","target":{"@type":"EntryPoint","urlTemplate":"https:\/\/expforex.com\/vi\/?s={search_term_string}"},"query-input":{"@type":"PropertyValueSpecification","valueRequired":true,"valueName":"search_term_string"}}],"inLanguage":"vi-VN"},{"@type":["Person","Organization"],"@id":"https:\/\/expforex.com\/vi\/#\/schema\/person\/0f3104735dd8fd99d5b5ee2e3634b1d5","name":"Expforex Vladislav","image":{"@type":"ImageObject","inLanguage":"vi-VN","@id":"https:\/\/expforex.com\/wp-content\/uploads\/2023\/12\/LOGONEW-2024-2.png","url":"https:\/\/expforex.com\/wp-content\/uploads\/2023\/12\/LOGONEW-2024-2.png","contentUrl":"https:\/\/expforex.com\/wp-content\/uploads\/2023\/12\/LOGONEW-2024-2.png","width":200,"height":200,"caption":"Expforex Vladislav"},"logo":{"@id":"https:\/\/expforex.com\/wp-content\/uploads\/2023\/12\/LOGONEW-2024-2.png"},"sameAs":["https:\/\/www.expforex.com","https:\/\/www.facebook.com\/ExpForex\/","https:\/\/www.youtube.com\/Expforex"],"publishingPrinciples":"https:\/\/expforex.com\/privacy-policy\/"}]}},"_links":{"self":[{"href":"https:\/\/expforex.com\/vi\/wp-json\/wp\/v2\/pages\/88553","targetHints":{"allow":["GET"]}}],"collection":[{"href":"https:\/\/expforex.com\/vi\/wp-json\/wp\/v2\/pages"}],"about":[{"href":"https:\/\/expforex.com\/vi\/wp-json\/wp\/v2\/types\/page"}],"author":[{"embeddable":true,"href":"https:\/\/expforex.com\/vi\/wp-json\/wp\/v2\/users\/2"}],"replies":[{"embeddable":true,"href":"https:\/\/expforex.com\/vi\/wp-json\/wp\/v2\/comments?post=88553"}],"version-history":[{"count":1,"href":"https:\/\/expforex.com\/vi\/wp-json\/wp\/v2\/pages\/88553\/revisions"}],"predecessor-version":[{"id":146091,"href":"https:\/\/expforex.com\/vi\/wp-json\/wp\/v2\/pages\/88553\/revisions\/146091"}],"wp:featuredmedia":[{"embeddable":true,"href":"https:\/\/expforex.com\/vi\/wp-json\/wp\/v2\/media\/88546"}],"wp:attachment":[{"href":"https:\/\/expforex.com\/vi\/wp-json\/wp\/v2\/media?parent=88553"}],"curies":[{"name":"wp","href":"https:\/\/api.w.org\/{rel}","templated":true}]}}