{"id":88644,"date":"2021-09-06T07:41:05","date_gmt":"2021-09-06T07:41:05","guid":{"rendered":"https:\/\/expforex.com\/privacy-policy\/"},"modified":"2026-01-10T06:21:36","modified_gmt":"2026-01-10T06:21:36","slug":"privacy-policy","status":"publish","type":"page","link":"https:\/\/expforex.com\/vi\/privacy-policy\/","title":{"rendered":"Privacy Policy Ch\u00fang t\u00f4i l\u00e0 ai"},"content":{"rendered":"\n<p>Ch\u00ednh s\u00e1ch b\u1ea3o m\u1eadt l\u00e0 m\u1ed9t t\u00e0i li\u1ec7u gi\u1ea3i th\u00edch c\u00e1ch m\u00e0 c\u00f4ng ty thu th\u1eadp, s\u1eed d\u1ee5ng v\u00e0 chia s\u1ebb th\u00f4ng tin v\u1ec1 kh\u00e1ch h\u00e0ng ho\u1eb7c \u0111\u1ed1i t\u00e1c c\u1ee7a m\u00ecnh. N\u00f3 r\u1ea5t quan tr\u1ecdng \u0111\u1ec3 b\u1ea3o v\u1ec7 s\u1ef1 ri\u00eang t\u01b0 c\u1ee7a b\u1ea1n.<\/p>\n\n\n\n<p>=====================================<\/p>\n\n\n\n<h2 class=\"wp-block-heading\" id=\"h-chung-toi-la-ai\">Ch\u00fang t\u00f4i l\u00e0 ai<\/h2>\n\n\n\n<p>\u0110\u1ecba ch\u1ec9 trang web c\u1ee7a ch\u00fang t\u00f4i l\u00e0: https:\/\/expforex.com\/vi.<\/p>\n\n\n\n<h2 class=\"wp-block-heading\" id=\"h-binh-lu\u1eadn\">B\u00ecnh lu\u1eadn<\/h2>\n\n\n\n<p>Khi kh\u00e1ch truy c\u1eadp \u0111\u1ec3 l\u1ea1i b\u00ecnh lu\u1eadn tr\u00ean trang, ch\u00fang t\u00f4i thu th\u1eadp d\u1eef li\u1ec7u hi\u1ec3n th\u1ecb trong bi\u1ec3u m\u1eabu b\u00ecnh lu\u1eadn, c\u0169ng nh\u01b0 \u0111\u1ecba ch\u1ec9 IP (IP address) c\u1ee7a kh\u00e1ch v\u00e0 chu\u1ed7i t\u00e1c nh\u00e2n tr\u00ecnh duy\u1ec7t \u0111\u1ec3 h\u1ed7 tr\u1ee3 ph\u00e1t hi\u1ec7n spam.<\/p>\n\n\n\n<p>M\u1ed9t chu\u1ed7i \u0111\u01b0\u1ee3c \u1ea9n danh \u0111\u01b0\u1ee3c t\u1ea1o t\u1eeb \u0111\u1ecba ch\u1ec9 email c\u1ee7a b\u1ea1n (c\u00f2n \u0111\u01b0\u1ee3c g\u1ecdi l\u00e0 hash (hash)) c\u00f3 th\u1ec3 \u0111\u01b0\u1ee3c cung c\u1ea5p cho d\u1ecbch v\u1ee5 Gravatar \u0111\u1ec3 ki\u1ec3m tra xem b\u1ea1n c\u00f3 \u0111ang s\u1eed d\u1ee5ng n\u00f3 hay kh\u00f4ng. Ch\u00ednh s\u00e1ch b\u1ea3o m\u1eadt c\u1ee7a d\u1ecbch v\u1ee5 Gravatar c\u00f3 s\u1eb5n t\u1ea1i: https:\/\/automattic.com\/privacy\/. Sau khi b\u00ecnh lu\u1eadn c\u1ee7a b\u1ea1n \u0111\u01b0\u1ee3c ph\u00ea duy\u1ec7t, h\u00ecnh \u0111\u1ea1i di\u1ec7n c\u1ee7a b\u1ea1n s\u1ebd hi\u1ec3n th\u1ecb c\u00f4ng khai trong ng\u1eef c\u1ea3nh c\u1ee7a b\u00ecnh lu\u1eadn.<\/p>\n\n\n\n<h2 class=\"wp-block-heading\" id=\"h-ph\u01b0\u01a1ng-ti\u1ec7n\">Ph\u01b0\u01a1ng ti\u1ec7n<\/h2>\n\n\n\n<p>N\u1ebfu b\u1ea1n t\u1ea3i l\u00ean h\u00ecnh \u1ea3nh l\u00ean trang web, b\u1ea1n n\u00ean tr\u00e1nh t\u1ea3i l\u00ean nh\u1eefng h\u00ecnh \u1ea3nh c\u00f3 d\u1eef li\u1ec7u v\u1ecb tr\u00ed nh\u00fang (EXIF GPS). Kh\u00e1ch truy c\u1eadp c\u00f3 th\u1ec3 t\u1ea3i xu\u1ed1ng v\u00e0 tr\u00edch xu\u1ea5t b\u1ea5t k\u1ef3 d\u1eef li\u1ec7u v\u1ecb tr\u00ed n\u00e0o t\u1eeb h\u00ecnh \u1ea3nh tr\u00ean trang web.<\/p>\n\n\n\n<h2 class=\"wp-block-heading\" id=\"h-cookie-cookies\">Cookie (Cookies)<\/h2>\n\n\n\n<p>N\u1ebfu b\u1ea1n \u0111\u1ec3 l\u1ea1i b\u00ecnh lu\u1eadn tr\u00ean trang web c\u1ee7a ch\u00fang t\u00f4i, b\u1ea1n c\u00f3 th\u1ec3 ch\u1ecdn l\u01b0u t\u00ean, \u0111\u1ecba ch\u1ec9 email v\u00e0 trang web c\u1ee7a b\u1ea1n trong cookie (Cookies). \u0110i\u1ec1u n\u00e0y nh\u1eb1m t\u1ea1o thu\u1eadn ti\u1ec7n cho b\u1ea1n \u0111\u1ec3 kh\u00f4ng ph\u1ea3i \u0111i\u1ec1n l\u1ea1i th\u00f4ng tin khi \u0111\u1ec3 l\u1ea1i b\u00ecnh lu\u1eadn kh\u00e1c. C\u00e1c cookie n\u00e0y s\u1ebd k\u00e9o d\u00e0i trong m\u1ed9t n\u0103m.<\/p>\n\n\n\n<p>N\u1ebfu b\u1ea1n truy c\u1eadp trang \u0111\u0103ng nh\u1eadp c\u1ee7a ch\u00fang t\u00f4i, ch\u00fang t\u00f4i s\u1ebd \u0111\u1eb7t m\u1ed9t cookie t\u1ea1m th\u1eddi \u0111\u1ec3 x\u00e1c \u0111\u1ecbnh xem tr\u00ecnh duy\u1ec7t c\u1ee7a b\u1ea1n c\u00f3 ch\u1ea5p nh\u1eadn cookie hay kh\u00f4ng. Cookie n\u00e0y kh\u00f4ng ch\u1ee9a d\u1eef li\u1ec7u c\u00e1 nh\u00e2n v\u00e0 s\u1ebd b\u1ecb x\u00f3a khi b\u1ea1n \u0111\u00f3ng tr\u00ecnh duy\u1ec7t.<\/p>\n\n\n\n<p>Khi b\u1ea1n \u0111\u0103ng nh\u1eadp, ch\u00fang t\u00f4i c\u0169ng s\u1ebd thi\u1ebft l\u1eadp m\u1ed9t s\u1ed1 cookie \u0111\u1ec3 l\u01b0u th\u00f4ng tin \u0111\u0103ng nh\u1eadp v\u00e0 l\u1ef1a ch\u1ecdn hi\u1ec3n th\u1ecb m\u00e0n h\u00ecnh c\u1ee7a b\u1ea1n. Cookie \u0111\u0103ng nh\u1eadp k\u00e9o d\u00e0i trong hai ng\u00e0y, v\u00e0 cookie t\u00f9y ch\u1ecdn m\u00e0n h\u00ecnh k\u00e9o d\u00e0i trong m\u1ed9t n\u0103m. N\u1ebfu b\u1ea1n ch\u1ecdn &#8220;Remember Me&#8221;, \u0111\u0103ng nh\u1eadp c\u1ee7a b\u1ea1n s\u1ebd k\u00e9o d\u00e0i trong hai tu\u1ea7n. N\u1ebfu b\u1ea1n \u0111\u0103ng xu\u1ea5t kh\u1ecfi t\u00e0i kho\u1ea3n, cookie \u0111\u0103ng nh\u1eadp s\u1ebd b\u1ecb x\u00f3a.<\/p>\n\n\n\n<p>N\u1ebfu b\u1ea1n ch\u1ec9nh s\u1eeda ho\u1eb7c xu\u1ea5t b\u1ea3n m\u1ed9t b\u00e0i vi\u1ebft, m\u1ed9t cookie b\u1ed5 sung s\u1ebd \u0111\u01b0\u1ee3c l\u01b0u trong tr\u00ecnh duy\u1ec7t c\u1ee7a b\u1ea1n. Cookie n\u00e0y kh\u00f4ng ch\u1ee9a d\u1eef li\u1ec7u c\u00e1 nh\u00e2n v\u00e0 ch\u1ec9 cho bi\u1ebft ID b\u00e0i \u0111\u0103ng c\u1ee7a b\u00e0i vi\u1ebft b\u1ea1n v\u1eeba ch\u1ec9nh s\u1eeda. N\u00f3 s\u1ebd h\u1ebft h\u1ea1n sau 1 ng\u00e0y.<\/p>\n\n\n\n<h2 class=\"wp-block-heading\" id=\"h-n\u1ed9i-dung-nhung-t\u1eeb-cac-trang-web-khac\">N\u1ed9i dung nh\u00fang t\u1eeb c\u00e1c trang web kh\u00e1c<\/h2>\n\n\n\n<p>C\u00e1c b\u00e0i vi\u1ebft tr\u00ean trang n\u00e0y c\u00f3 th\u1ec3 bao g\u1ed3m n\u1ed9i dung nh\u00fang (v\u00ed d\u1ee5: video, h\u00ecnh \u1ea3nh, b\u00e0i vi\u1ebft, v.v.). N\u1ed9i dung nh\u00fang t\u1eeb c\u00e1c trang web kh\u00e1c ho\u1ea1t \u0111\u1ed9ng ho\u00e0n to\u00e0n gi\u1ed1ng nh\u01b0 khi kh\u00e1ch truy c\u1eadp \u0111\u00e3 truy c\u1eadp trang web \u0111\u00f3.<\/p>\n\n\n\n<p>C\u00e1c trang web n\u00e0y c\u00f3 th\u1ec3 thu th\u1eadp d\u1eef li\u1ec7u v\u1ec1 b\u1ea1n, s\u1eed d\u1ee5ng cookie (Cookies), nh\u00fang th\u00eam c\u00f4ng c\u1ee5 theo d\u00f5i c\u1ee7a b\u00ean th\u1ee9 ba, v\u00e0 gi\u00e1m s\u00e1t t\u01b0\u01a1ng t\u00e1c c\u1ee7a b\u1ea1n v\u1edbi n\u1ed9i dung nh\u00fang, bao g\u1ed3m c\u1ea3 theo d\u00f5i t\u01b0\u01a1ng t\u00e1c c\u1ee7a b\u1ea1n n\u1ebfu b\u1ea1n c\u00f3 t\u00e0i kho\u1ea3n v\u00e0 \u0111ang \u0111\u0103ng nh\u1eadp v\u00e0o trang web \u0111\u00f3.<\/p>\n\n\n\n<h2 class=\"wp-block-heading\" id=\"h-chia-s\u1ebb-d\u1eef-li\u1ec7u-c\u1ee7a-b\u1ea1n-v\u1edbi-ai\">Chia s\u1ebb d\u1eef li\u1ec7u c\u1ee7a b\u1ea1n v\u1edbi ai<\/h2>\n\n\n\n<p>N\u1ebfu b\u1ea1n y\u00eau c\u1ea7u \u0111\u1eb7t l\u1ea1i m\u1eadt kh\u1ea9u, \u0111\u1ecba ch\u1ec9 IP c\u1ee7a b\u1ea1n (IP address) s\u1ebd \u0111\u01b0\u1ee3c bao g\u1ed3m trong email \u0111\u1eb7t l\u1ea1i.<\/p>\n\n\n\n<h2 class=\"wp-block-heading\" id=\"h-th\u1eddi-gian-l\u01b0u-tr\u1eef-d\u1eef-li\u1ec7u-c\u1ee7a-b\u1ea1n\">Th\u1eddi gian l\u01b0u tr\u1eef d\u1eef li\u1ec7u c\u1ee7a b\u1ea1n<\/h2>\n\n\n\n<p>N\u1ebfu b\u1ea1n \u0111\u1ec3 l\u1ea1i b\u00ecnh lu\u1eadn, b\u00ecnh lu\u1eadn v\u00e0 si\u00eau d\u1eef li\u1ec7u c\u1ee7a n\u00f3 s\u1ebd \u0111\u01b0\u1ee3c l\u01b0u tr\u1eef v\u00f4 th\u1eddi h\u1ea1n. \u0110i\u1ec1u n\u00e0y nh\u1eb1m gi\u00fap ch\u00fang t\u00f4i nh\u1eadn di\u1ec7n v\u00e0 t\u1ef1 \u0111\u1ed9ng duy\u1ec7t c\u00e1c b\u00ecnh lu\u1eadn ti\u1ebfp theo thay v\u00ec gi\u1eef ch\u00fang trong h\u00e0ng \u0111\u1ee3i ki\u1ec3m duy\u1ec7t.<\/p>\n\n\n\n<p>\u0110\u1ed1i v\u1edbi ng\u01b0\u1eddi d\u00f9ng \u0111\u0103ng k\u00fd tr\u00ean trang web c\u1ee7a ch\u00fang t\u00f4i (n\u1ebfu c\u00f3), ch\u00fang t\u00f4i c\u0169ng l\u01b0u tr\u1eef th\u00f4ng tin c\u00e1 nh\u00e2n m\u00e0 h\u1ecd cung c\u1ea5p trong h\u1ed3 s\u01a1 ng\u01b0\u1eddi d\u00f9ng c\u1ee7a h\u1ecd. T\u1ea5t c\u1ea3 ng\u01b0\u1eddi d\u00f9ng c\u00f3 th\u1ec3 xem, ch\u1ec9nh s\u1eeda ho\u1eb7c x\u00f3a th\u00f4ng tin c\u00e1 nh\u00e2n c\u1ee7a m\u00ecnh b\u1ea5t c\u1ee9 l\u00fac n\u00e0o (tr\u1eeb tr\u01b0\u1eddng h\u1ee3p h\u1ecd kh\u00f4ng th\u1ec3 thay \u0111\u1ed5i t\u00ean \u0111\u0103ng nh\u1eadp). Qu\u1ea3n tr\u1ecb vi\u00ean trang web c\u0169ng c\u00f3 th\u1ec3 xem v\u00e0 ch\u1ec9nh s\u1eeda th\u00f4ng tin \u0111\u00f3.<\/p>\n\n\n\n<h2 class=\"wp-block-heading\" id=\"h-quy\u1ec1n-c\u1ee7a-b\u1ea1n-d\u1ed1i-v\u1edbi-d\u1eef-li\u1ec7u-c\u1ee7a-b\u1ea1n\">Quy\u1ec1n c\u1ee7a b\u1ea1n \u0111\u1ed1i v\u1edbi d\u1eef li\u1ec7u c\u1ee7a b\u1ea1n<\/h2>\n\n\n\n<p>N\u1ebfu b\u1ea1n c\u00f3 t\u00e0i kho\u1ea3n tr\u00ean trang n\u00e0y, ho\u1eb7c \u0111\u00e3 \u0111\u1ec3 l\u1ea1i b\u00ecnh lu\u1eadn, b\u1ea1n c\u00f3 th\u1ec3 y\u00eau c\u1ea7u nh\u1eadn m\u1ed9t t\u1ec7p xu\u1ea5t d\u1eef li\u1ec7u c\u00e1 nh\u00e2n m\u00e0 ch\u00fang t\u00f4i l\u01b0u gi\u1eef v\u1ec1 b\u1ea1n, bao g\u1ed3m b\u1ea5t k\u1ef3 d\u1eef li\u1ec7u n\u00e0o b\u1ea1n \u0111\u00e3 cung c\u1ea5p cho ch\u00fang t\u00f4i. B\u1ea1n c\u0169ng c\u00f3 th\u1ec3 y\u00eau c\u1ea7u ch\u00fang t\u00f4i x\u00f3a b\u1ea5t k\u1ef3 d\u1eef li\u1ec7u c\u00e1 nh\u00e2n n\u00e0o m\u00e0 ch\u00fang t\u00f4i l\u01b0u gi\u1eef v\u1ec1 b\u1ea1n. \u0110i\u1ec1u n\u00e0y kh\u00f4ng bao g\u1ed3m b\u1ea5t k\u1ef3 d\u1eef li\u1ec7u n\u00e0o m\u00e0 ch\u00fang t\u00f4i ph\u1ea3i l\u01b0u gi\u1eef v\u00ec m\u1ee5c \u0111\u00edch h\u00e0nh ch\u00ednh, ph\u00e1p l\u00fd ho\u1eb7c an ninh.<\/p>\n\n\n\n<h2 class=\"wp-block-heading\" id=\"h-d\u1eef-li\u1ec7u-c\u1ee7a-b\u1ea1n-d\u01b0\u1ee3c-g\u1eedi-d\u1ebfn-dau\">D\u1eef li\u1ec7u c\u1ee7a b\u1ea1n \u0111\u01b0\u1ee3c g\u1eedi \u0111\u1ebfn \u0111\u00e2u<\/h2>\n\n\n\n<p>B\u00ecnh lu\u1eadn c\u1ee7a kh\u00e1ch truy c\u1eadp c\u00f3 th\u1ec3 \u0111\u01b0\u1ee3c ki\u1ec3m tra qua d\u1ecbch v\u1ee5 ph\u00e1t hi\u1ec7n spam t\u1ef1 \u0111\u1ed9ng.<\/p>\n\n\n\n<p>=====================================<br>C\u1ea7n gi\u00fap \u0111\u1ee1?<br>G\u1eedi cho ch\u00fang t\u00f4i m\u1ed9t tin nh\u1eafn v\u00e0 ch\u00fang t\u00f4i s\u1ebd tr\u1ea3 l\u1eddi b\u1ea1n c\u00e0ng s\u1edbm c\u00e0ng t\u1ed1t!<\/p>\n\n\n\n<p>=====================================<\/p>\n\n\n\n<h2 class=\"wp-block-heading\" id=\"h-kham-pha-ph\u1ea7n-m\u1ec1m-c\u1ee7a-chung-toi\">Kh\u00e1m ph\u00e1 ph\u1ea7n m\u1ec1m c\u1ee7a ch\u00fang t\u00f4i<\/h2>\n\n\n\n<h3 class=\"wp-block-heading\" id=\"h-kham-pha-cac-ti\u1ec7n-ich-giao-d\u1ecbch-va-tr\u1ee3-ly-c\u1ee7a-chung-toi-danh-cho-metatrader\">Kh\u00e1m ph\u00e1 c\u00e1c ti\u1ec7n \u00edch giao d\u1ecbch v\u00e0 tr\u1ee3 l\u00fd c\u1ee7a ch\u00fang t\u00f4i d\u00e0nh cho MetaTrader<\/h3>\n\n\n\n<p>Ph\u1ea7n m\u1ec1m t\u1ed1t nh\u1ea5t cho MetaTrader<\/p>\n","protected":false},"excerpt":{"rendered":"<p>Ch\u00ednh s\u00e1ch b\u1ea3o m\u1eadt l\u00e0 m\u1ed9t t\u00e0i li\u1ec7u gi\u1ea3i th\u00edch c\u00e1ch m\u00e0 c\u00f4ng ty thu th\u1eadp, s\u1eed d\u1ee5ng v\u00e0 chia s\u1ebb th\u00f4ng tin v\u1ec1 kh\u00e1ch h\u00e0ng ho\u1eb7c \u0111\u1ed1i t\u00e1c c\u1ee7a m\u00ecnh. N\u00f3 r\u1ea5t quan tr\u1ecdng \u0111\u1ec3 b\u1ea3o v\u1ec7 s\u1ef1 ri\u00eang t\u01b0 c\u1ee7a b\u1ea1n.<\/p>\n","protected":false},"author":2,"featured_media":0,"parent":0,"menu_order":0,"comment_status":"open","ping_status":"open","template":"","meta":{"_acf_changed":false,"_eb_attr":"","_eb_data_table":"","footnotes":""},"class_list":["post-88644","page","type-page","status-publish","hentry"],"acf":[],"yoast_head":"<!-- This site is optimized with the Yoast SEO Premium plugin v27.3 (Yoast SEO v27.3) - https:\/\/yoast.com\/product\/yoast-seo-premium-wordpress\/ -->\n<title>Privacy Policy Ch\u00fang t\u00f4i l\u00e0 ai<\/title>\n<meta name=\"description\" content=\"Ch\u00ednh s\u00e1ch b\u1ea3o m\u1eadt l\u00e0 m\u1ed9t t\u00e0i li\u1ec7u gi\u1ea3i th\u00edch c\u00e1ch m\u00e0 c\u00f4ng ty thu th\u1eadp, s\u1eed d\u1ee5ng v\u00e0 chia s\u1ebb th\u00f4ng tin v\u1ec1 kh\u00e1ch h\u00e0ng ho\u1eb7c \u0111\u1ed1i t\u00e1c c\u1ee7a m\u00ecnh. N\u00f3 r\u1ea5t quan tr\u1ecdng \u0111\u1ec3 b\u1ea3o v\u1ec7 s\u1ef1 ri\u00eang t\u01b0 c\u1ee7a b\u1ea1n.\" \/>\n<meta name=\"robots\" content=\"index, follow, max-snippet:-1, max-image-preview:large, max-video-preview:-1\" \/>\n<link rel=\"canonical\" href=\"https:\/\/expforex.com\/vi\/privacy-policy\/\" \/>\n<meta property=\"og:locale\" content=\"vi_VN\" \/>\n<meta property=\"og:type\" content=\"article\" \/>\n<meta property=\"og:title\" content=\"Privacy Policy Ch\u00fang t\u00f4i l\u00e0 ai\" \/>\n<meta property=\"og:description\" content=\"Ch\u00ednh s\u00e1ch b\u1ea3o m\u1eadt l\u00e0 m\u1ed9t t\u00e0i li\u1ec7u gi\u1ea3i th\u00edch c\u00e1ch m\u00e0 c\u00f4ng ty thu th\u1eadp, s\u1eed d\u1ee5ng v\u00e0 chia s\u1ebb th\u00f4ng tin v\u1ec1 kh\u00e1ch h\u00e0ng ho\u1eb7c \u0111\u1ed1i t\u00e1c c\u1ee7a m\u00ecnh. N\u00f3 r\u1ea5t quan tr\u1ecdng \u0111\u1ec3 b\u1ea3o v\u1ec7 s\u1ef1 ri\u00eang t\u01b0 c\u1ee7a b\u1ea1n.\" \/>\n<meta property=\"og:url\" content=\"https:\/\/expforex.com\/vi\/privacy-policy\/\" \/>\n<meta property=\"og:site_name\" content=\"Nh\u1eefng \u00fd t\u01b0\u1edfng t\u1ed1t nh\u1ea5t cho MetaTrader\" \/>\n<meta property=\"article:publisher\" content=\"https:\/\/www.facebook.com\/ExpForex\/\" \/>\n<meta property=\"article:modified_time\" content=\"2026-01-10T06:21:36+00:00\" \/>\n<meta property=\"og:image\" content=\"https:\/\/expforex.com\/wp-content\/uploads\/2023\/12\/LOGONEW-2024-2.png\" \/>\n\t<meta property=\"og:image:width\" content=\"200\" \/>\n\t<meta property=\"og:image:height\" content=\"200\" \/>\n\t<meta property=\"og:image:type\" content=\"image\/png\" \/>\n<meta name=\"twitter:card\" content=\"summary_large_image\" \/>\n<meta name=\"twitter:label1\" content=\"Est. reading time\" \/>\n\t<meta name=\"twitter:data1\" content=\"5 minutes\" \/>\n<script type=\"application\/ld+json\" class=\"yoast-schema-graph\">{\"@context\":\"https:\\\/\\\/schema.org\",\"@graph\":[{\"@type\":\"WebPage\",\"@id\":\"https:\\\/\\\/expforex.com\\\/vi\\\/privacy-policy\\\/\",\"url\":\"https:\\\/\\\/expforex.com\\\/vi\\\/privacy-policy\\\/\",\"name\":\"Privacy Policy Ch\u00fang t\u00f4i l\u00e0 ai\",\"isPartOf\":{\"@id\":\"https:\\\/\\\/expforex.com\\\/vi\\\/#website\"},\"datePublished\":\"2021-09-06T07:41:05+00:00\",\"dateModified\":\"2026-01-10T06:21:36+00:00\",\"description\":\"Ch\u00ednh s\u00e1ch b\u1ea3o m\u1eadt l\u00e0 m\u1ed9t t\u00e0i li\u1ec7u gi\u1ea3i th\u00edch c\u00e1ch m\u00e0 c\u00f4ng ty thu th\u1eadp, s\u1eed d\u1ee5ng v\u00e0 chia s\u1ebb th\u00f4ng tin v\u1ec1 kh\u00e1ch h\u00e0ng ho\u1eb7c \u0111\u1ed1i t\u00e1c c\u1ee7a m\u00ecnh. N\u00f3 r\u1ea5t quan tr\u1ecdng \u0111\u1ec3 b\u1ea3o v\u1ec7 s\u1ef1 ri\u00eang t\u01b0 c\u1ee7a b\u1ea1n.\",\"breadcrumb\":{\"@id\":\"https:\\\/\\\/expforex.com\\\/vi\\\/privacy-policy\\\/#breadcrumb\"},\"inLanguage\":\"vi-VN\",\"potentialAction\":[{\"@type\":\"ReadAction\",\"target\":[\"https:\\\/\\\/expforex.com\\\/vi\\\/privacy-policy\\\/\"]}]},{\"@type\":\"BreadcrumbList\",\"@id\":\"https:\\\/\\\/expforex.com\\\/vi\\\/privacy-policy\\\/#breadcrumb\",\"itemListElement\":[{\"@type\":\"ListItem\",\"position\":1,\"name\":\"Trang ch\u1ee7\",\"item\":\"https:\\\/\\\/expforex.com\\\/vi\\\/\"},{\"@type\":\"ListItem\",\"position\":2,\"name\":\"Privacy Policy Ch\u00fang t\u00f4i l\u00e0 ai\"}]},{\"@type\":\"WebSite\",\"@id\":\"https:\\\/\\\/expforex.com\\\/vi\\\/#website\",\"url\":\"https:\\\/\\\/expforex.com\\\/vi\\\/\",\"name\":\"Nh\u1eefng \u00fd t\u01b0\u1edfng t\u1ed1t nh\u1ea5t cho MetaTrader\",\"description\":\"Kinh nghi\u1ec7m s\u00e2u r\u1ed9ng trong l\u1eadp tr\u00ecnh tr\u1ee3 l\u00fd cho MetaTrader, MQL, Forex, Expert, Indicator, Script, EA, Utilities, VirtualTradePad, Copylot, Ticksniper, Averager, xCustomEA, X, Duplicator, TesterPad, ExtraReportPad, Assistant, Trade, Trader, Scalping\",\"publisher\":{\"@id\":\"https:\\\/\\\/expforex.com\\\/vi\\\/#\\\/schema\\\/person\\\/0f3104735dd8fd99d5b5ee2e3634b1d5\"},\"alternateName\":\"Forex EA\",\"potentialAction\":[{\"@type\":\"SearchAction\",\"target\":{\"@type\":\"EntryPoint\",\"urlTemplate\":\"https:\\\/\\\/expforex.com\\\/vi\\\/?s={search_term_string}\"},\"query-input\":{\"@type\":\"PropertyValueSpecification\",\"valueRequired\":true,\"valueName\":\"search_term_string\"}}],\"inLanguage\":\"vi-VN\"},{\"@type\":[\"Person\",\"Organization\"],\"@id\":\"https:\\\/\\\/expforex.com\\\/vi\\\/#\\\/schema\\\/person\\\/0f3104735dd8fd99d5b5ee2e3634b1d5\",\"name\":\"Expforex Vladislav\",\"image\":{\"@type\":\"ImageObject\",\"inLanguage\":\"vi-VN\",\"@id\":\"https:\\\/\\\/expforex.com\\\/wp-content\\\/uploads\\\/2023\\\/12\\\/LOGONEW-2024-2.png\",\"url\":\"https:\\\/\\\/expforex.com\\\/wp-content\\\/uploads\\\/2023\\\/12\\\/LOGONEW-2024-2.png\",\"contentUrl\":\"https:\\\/\\\/expforex.com\\\/wp-content\\\/uploads\\\/2023\\\/12\\\/LOGONEW-2024-2.png\",\"width\":200,\"height\":200,\"caption\":\"Expforex Vladislav\"},\"logo\":{\"@id\":\"https:\\\/\\\/expforex.com\\\/wp-content\\\/uploads\\\/2023\\\/12\\\/LOGONEW-2024-2.png\"},\"sameAs\":[\"https:\\\/\\\/www.expforex.com\",\"https:\\\/\\\/www.facebook.com\\\/ExpForex\\\/\",\"https:\\\/\\\/www.youtube.com\\\/Expforex\"],\"publishingPrinciples\":\"https:\\\/\\\/expforex.com\\\/privacy-policy\\\/\"}]}<\/script>\n<!-- \/ Yoast SEO Premium plugin. -->","yoast_head_json":{"title":"Privacy Policy Ch\u00fang t\u00f4i l\u00e0 ai","description":"Ch\u00ednh s\u00e1ch b\u1ea3o m\u1eadt l\u00e0 m\u1ed9t t\u00e0i li\u1ec7u gi\u1ea3i th\u00edch c\u00e1ch m\u00e0 c\u00f4ng ty thu th\u1eadp, s\u1eed d\u1ee5ng v\u00e0 chia s\u1ebb th\u00f4ng tin v\u1ec1 kh\u00e1ch h\u00e0ng ho\u1eb7c \u0111\u1ed1i t\u00e1c c\u1ee7a m\u00ecnh. N\u00f3 r\u1ea5t quan tr\u1ecdng \u0111\u1ec3 b\u1ea3o v\u1ec7 s\u1ef1 ri\u00eang t\u01b0 c\u1ee7a b\u1ea1n.","robots":{"index":"index","follow":"follow","max-snippet":"max-snippet:-1","max-image-preview":"max-image-preview:large","max-video-preview":"max-video-preview:-1"},"canonical":"https:\/\/expforex.com\/vi\/privacy-policy\/","og_locale":"vi_VN","og_type":"article","og_title":"Privacy Policy Ch\u00fang t\u00f4i l\u00e0 ai","og_description":"Ch\u00ednh s\u00e1ch b\u1ea3o m\u1eadt l\u00e0 m\u1ed9t t\u00e0i li\u1ec7u gi\u1ea3i th\u00edch c\u00e1ch m\u00e0 c\u00f4ng ty thu th\u1eadp, s\u1eed d\u1ee5ng v\u00e0 chia s\u1ebb th\u00f4ng tin v\u1ec1 kh\u00e1ch h\u00e0ng ho\u1eb7c \u0111\u1ed1i t\u00e1c c\u1ee7a m\u00ecnh. N\u00f3 r\u1ea5t quan tr\u1ecdng \u0111\u1ec3 b\u1ea3o v\u1ec7 s\u1ef1 ri\u00eang t\u01b0 c\u1ee7a b\u1ea1n.","og_url":"https:\/\/expforex.com\/vi\/privacy-policy\/","og_site_name":"Nh\u1eefng \u00fd t\u01b0\u1edfng t\u1ed1t nh\u1ea5t cho MetaTrader","article_publisher":"https:\/\/www.facebook.com\/ExpForex\/","article_modified_time":"2026-01-10T06:21:36+00:00","og_image":[{"width":200,"height":200,"url":"https:\/\/expforex.com\/wp-content\/uploads\/2023\/12\/LOGONEW-2024-2.png","type":"image\/png"}],"twitter_card":"summary_large_image","twitter_misc":{"Est. reading time":"5 minutes"},"schema":{"@context":"https:\/\/schema.org","@graph":[{"@type":"WebPage","@id":"https:\/\/expforex.com\/vi\/privacy-policy\/","url":"https:\/\/expforex.com\/vi\/privacy-policy\/","name":"Privacy Policy Ch\u00fang t\u00f4i l\u00e0 ai","isPartOf":{"@id":"https:\/\/expforex.com\/vi\/#website"},"datePublished":"2021-09-06T07:41:05+00:00","dateModified":"2026-01-10T06:21:36+00:00","description":"Ch\u00ednh s\u00e1ch b\u1ea3o m\u1eadt l\u00e0 m\u1ed9t t\u00e0i li\u1ec7u gi\u1ea3i th\u00edch c\u00e1ch m\u00e0 c\u00f4ng ty thu th\u1eadp, s\u1eed d\u1ee5ng v\u00e0 chia s\u1ebb th\u00f4ng tin v\u1ec1 kh\u00e1ch h\u00e0ng ho\u1eb7c \u0111\u1ed1i t\u00e1c c\u1ee7a m\u00ecnh. N\u00f3 r\u1ea5t quan tr\u1ecdng \u0111\u1ec3 b\u1ea3o v\u1ec7 s\u1ef1 ri\u00eang t\u01b0 c\u1ee7a b\u1ea1n.","breadcrumb":{"@id":"https:\/\/expforex.com\/vi\/privacy-policy\/#breadcrumb"},"inLanguage":"vi-VN","potentialAction":[{"@type":"ReadAction","target":["https:\/\/expforex.com\/vi\/privacy-policy\/"]}]},{"@type":"BreadcrumbList","@id":"https:\/\/expforex.com\/vi\/privacy-policy\/#breadcrumb","itemListElement":[{"@type":"ListItem","position":1,"name":"Trang ch\u1ee7","item":"https:\/\/expforex.com\/vi\/"},{"@type":"ListItem","position":2,"name":"Privacy Policy Ch\u00fang t\u00f4i l\u00e0 ai"}]},{"@type":"WebSite","@id":"https:\/\/expforex.com\/vi\/#website","url":"https:\/\/expforex.com\/vi\/","name":"Nh\u1eefng \u00fd t\u01b0\u1edfng t\u1ed1t nh\u1ea5t cho MetaTrader","description":"Kinh nghi\u1ec7m s\u00e2u r\u1ed9ng trong l\u1eadp tr\u00ecnh tr\u1ee3 l\u00fd cho MetaTrader, MQL, Forex, Expert, Indicator, Script, EA, Utilities, VirtualTradePad, Copylot, Ticksniper, Averager, xCustomEA, X, Duplicator, TesterPad, ExtraReportPad, Assistant, Trade, Trader, Scalping","publisher":{"@id":"https:\/\/expforex.com\/vi\/#\/schema\/person\/0f3104735dd8fd99d5b5ee2e3634b1d5"},"alternateName":"Forex EA","potentialAction":[{"@type":"SearchAction","target":{"@type":"EntryPoint","urlTemplate":"https:\/\/expforex.com\/vi\/?s={search_term_string}"},"query-input":{"@type":"PropertyValueSpecification","valueRequired":true,"valueName":"search_term_string"}}],"inLanguage":"vi-VN"},{"@type":["Person","Organization"],"@id":"https:\/\/expforex.com\/vi\/#\/schema\/person\/0f3104735dd8fd99d5b5ee2e3634b1d5","name":"Expforex Vladislav","image":{"@type":"ImageObject","inLanguage":"vi-VN","@id":"https:\/\/expforex.com\/wp-content\/uploads\/2023\/12\/LOGONEW-2024-2.png","url":"https:\/\/expforex.com\/wp-content\/uploads\/2023\/12\/LOGONEW-2024-2.png","contentUrl":"https:\/\/expforex.com\/wp-content\/uploads\/2023\/12\/LOGONEW-2024-2.png","width":200,"height":200,"caption":"Expforex Vladislav"},"logo":{"@id":"https:\/\/expforex.com\/wp-content\/uploads\/2023\/12\/LOGONEW-2024-2.png"},"sameAs":["https:\/\/www.expforex.com","https:\/\/www.facebook.com\/ExpForex\/","https:\/\/www.youtube.com\/Expforex"],"publishingPrinciples":"https:\/\/expforex.com\/privacy-policy\/"}]}},"_links":{"self":[{"href":"https:\/\/expforex.com\/vi\/wp-json\/wp\/v2\/pages\/88644","targetHints":{"allow":["GET"]}}],"collection":[{"href":"https:\/\/expforex.com\/vi\/wp-json\/wp\/v2\/pages"}],"about":[{"href":"https:\/\/expforex.com\/vi\/wp-json\/wp\/v2\/types\/page"}],"author":[{"embeddable":true,"href":"https:\/\/expforex.com\/vi\/wp-json\/wp\/v2\/users\/2"}],"replies":[{"embeddable":true,"href":"https:\/\/expforex.com\/vi\/wp-json\/wp\/v2\/comments?post=88644"}],"version-history":[{"count":1,"href":"https:\/\/expforex.com\/vi\/wp-json\/wp\/v2\/pages\/88644\/revisions"}],"predecessor-version":[{"id":142873,"href":"https:\/\/expforex.com\/vi\/wp-json\/wp\/v2\/pages\/88644\/revisions\/142873"}],"wp:attachment":[{"href":"https:\/\/expforex.com\/vi\/wp-json\/wp\/v2\/media?parent=88644"}],"curies":[{"name":"wp","href":"https:\/\/api.w.org\/{rel}","templated":true}]}}