{"id":88675,"date":"2024-03-10T16:23:28","date_gmt":"2024-03-10T16:23:28","guid":{"rendered":"https:\/\/expforex.com\/video\/"},"modified":"2026-01-31T17:07:58","modified_gmt":"2026-01-31T17:07:58","slug":"video","status":"publish","type":"page","link":"https:\/\/expforex.com\/vi\/video\/","title":{"rendered":"Th\u01b0 vi\u1ec7n Video Forex: H\u01b0\u1edbng d\u1eabn &#038; Chi\u1ebfn l\u01b0\u1ee3c EA cho MetaTrader 4 &#038; 5 | Expforex"},"content":{"rendered":"\n<h2 class=\"wp-block-heading\" id=\"h-discover-the-power-of-expert-advisors-utilities-and-indicators-in-our-informative-video\">Discover the power of Expert Advisors, Utilities, and Indicators in our informative video<\/h2>\n\n\n\n<p class=\"\">Learn how these tools can change your trading and help you make smart decisions. Don&#8217;t miss this chance to improve your trading skills. Watch our video now!<\/p>\n\n\n\n<p class=\"\"><\/p>\n\n\n\n<p class=\"\">Comprehensive Forex Trading Guide: Video Tutorials, Tips, and Strategies<\/p>\n\n\n\n<p class=\"\">Looking to master Forex trading? Our video tutorials and step-by-step guides will help you learn everything from the basics to advanced trading strategies. Discover how to set up MetaTrader, utilize indicators, and automate your trades with Expert Advisors. <\/p>\n\n\n\n<p class=\"\">Whether you&#8217;re a beginner or an experienced trader, our easy-to-follow videos provide valuable insights to improve your trading skills, manage risk, and boost profitability. <\/p>\n\n\n\n<p class=\"\">Start your journey to becoming a successful trader with our comprehensive Forex trading videos today!<\/p>\n","protected":false},"excerpt":{"rendered":"<p>Kh\u00e1m ph\u00e1 s\u1ee9c m\u1ea1nh c\u1ee7a c\u00e1c Expert Advisors (Expert Advisors), Utilities (Utilities) v\u00e0 Indikator (Indicators) qua video th\u00f4ng tin c\u1ee7a ch\u00fang t\u00f4i. T\u00ecm hi\u1ec3u c\u00e1ch nh\u1eefng c\u00f4ng c\u1ee5 n\u00e0y c\u00f3 th\u1ec3 c\u00e1ch m\u1ea1ng h\u00f3a giao d\u1ecbch Forex c\u1ee7a b\u1ea1n v\u00e0 gi\u00fap b\u1ea1n \u0111\u01b0a ra quy\u1ebft \u0111\u1ecbnh th\u00f4ng minh.<\/p>\n","protected":false},"author":2,"featured_media":88676,"parent":0,"menu_order":0,"comment_status":"closed","ping_status":"closed","template":"","meta":{"_acf_changed":false,"_eb_attr":"","_eb_data_table":"","footnotes":""},"class_list":["post-88675","page","type-page","status-publish","has-post-thumbnail","hentry"],"acf":[],"yoast_head":"<!-- This site is optimized with the Yoast SEO Premium plugin v27.3 (Yoast SEO v27.3) - https:\/\/yoast.com\/product\/yoast-seo-premium-wordpress\/ -->\n<title>Th\u01b0 vi\u1ec7n Video Forex: H\u01b0\u1edbng d\u1eabn &amp; Chi\u1ebfn l\u01b0\u1ee3c EA cho MetaTrader 4 &amp; 5 | Expforex - Nh\u1eefng \u00fd t\u01b0\u1edfng t\u1ed1t nh\u1ea5t cho MetaTrader<\/title>\n<meta name=\"description\" content=\"\ud83d\udcfa L\u00e0m ch\u1ee7 giao d\u1ecbch t\u1ef1 \u0111\u1ed9ng (Automated Trading)! Xem video h\u01b0\u1edbng d\u1eabn chuy\u00ean nghi\u1ec7p cho MetaTrader 4 &amp; 5. H\u1ecdc c\u00e1ch c\u00e0i \u0111\u1eb7t, t\u1ed1i \u01b0u v\u00e0 t\u0103ng l\u1ee3i nhu\u1eadn v\u1edbi Expert Advisors, c\u00f4ng c\u1ee5 Crypto &amp; Forex.\" \/>\n<meta name=\"robots\" content=\"index, follow, max-snippet:-1, max-image-preview:large, max-video-preview:-1\" \/>\n<link rel=\"canonical\" href=\"https:\/\/expforex.com\/vi\/video\/\" \/>\n<meta property=\"og:locale\" content=\"vi_VN\" \/>\n<meta property=\"og:type\" content=\"article\" \/>\n<meta property=\"og:title\" content=\"Th\u01b0 vi\u1ec7n Video Forex: H\u01b0\u1edbng d\u1eabn &amp; Chi\u1ebfn l\u01b0\u1ee3c EA cho MetaTrader 4 &amp; 5 | Expforex\" \/>\n<meta property=\"og:description\" content=\"\ud83d\udcfa L\u00e0m ch\u1ee7 giao d\u1ecbch t\u1ef1 \u0111\u1ed9ng (Automated Trading)! Xem video h\u01b0\u1edbng d\u1eabn chuy\u00ean nghi\u1ec7p cho MetaTrader 4 &amp; 5. H\u1ecdc c\u00e1ch c\u00e0i \u0111\u1eb7t, t\u1ed1i \u01b0u v\u00e0 t\u0103ng l\u1ee3i nhu\u1eadn v\u1edbi Expert Advisors, c\u00f4ng c\u1ee5 Crypto &amp; Forex.\" \/>\n<meta property=\"og:url\" content=\"https:\/\/expforex.com\/vi\/video\/\" \/>\n<meta property=\"og:site_name\" content=\"Nh\u1eefng \u00fd t\u01b0\u1edfng t\u1ed1t nh\u1ea5t cho MetaTrader\" \/>\n<meta property=\"article:publisher\" content=\"https:\/\/www.facebook.com\/ExpForex\/\" \/>\n<meta property=\"article:modified_time\" content=\"2026-01-31T17:07:58+00:00\" \/>\n<meta property=\"og:image\" content=\"https:\/\/expforex.com\/wp-content\/uploads\/2024\/09\/youtube-1.png\" \/>\n\t<meta property=\"og:image:width\" content=\"512\" \/>\n\t<meta property=\"og:image:height\" content=\"512\" \/>\n\t<meta property=\"og:image:type\" content=\"image\/png\" \/>\n<meta name=\"twitter:card\" content=\"summary_large_image\" \/>\n<meta name=\"twitter:label1\" content=\"Est. reading time\" \/>\n\t<meta name=\"twitter:data1\" content=\"1 minute\" \/>\n<script type=\"application\/ld+json\" class=\"yoast-schema-graph\">{\"@context\":\"https:\\\/\\\/schema.org\",\"@graph\":[{\"@type\":\"WebPage\",\"@id\":\"https:\\\/\\\/expforex.com\\\/vi\\\/video\\\/\",\"url\":\"https:\\\/\\\/expforex.com\\\/vi\\\/video\\\/\",\"name\":\"Th\u01b0 vi\u1ec7n Video Forex: H\u01b0\u1edbng d\u1eabn & Chi\u1ebfn l\u01b0\u1ee3c EA cho MetaTrader 4 & 5 | Expforex - Nh\u1eefng \u00fd t\u01b0\u1edfng t\u1ed1t nh\u1ea5t cho MetaTrader\",\"isPartOf\":{\"@id\":\"https:\\\/\\\/expforex.com\\\/vi\\\/#website\"},\"primaryImageOfPage\":{\"@id\":\"https:\\\/\\\/expforex.com\\\/vi\\\/video\\\/#primaryimage\"},\"image\":{\"@id\":\"https:\\\/\\\/expforex.com\\\/vi\\\/video\\\/#primaryimage\"},\"thumbnailUrl\":\"https:\\\/\\\/expforex.com\\\/wp-content\\\/uploads\\\/2024\\\/09\\\/youtube-1.png\",\"datePublished\":\"2024-03-10T16:23:28+00:00\",\"dateModified\":\"2026-01-31T17:07:58+00:00\",\"description\":\"\ud83d\udcfa L\u00e0m ch\u1ee7 giao d\u1ecbch t\u1ef1 \u0111\u1ed9ng (Automated Trading)! Xem video h\u01b0\u1edbng d\u1eabn chuy\u00ean nghi\u1ec7p cho MetaTrader 4 & 5. H\u1ecdc c\u00e1ch c\u00e0i \u0111\u1eb7t, t\u1ed1i \u01b0u v\u00e0 t\u0103ng l\u1ee3i nhu\u1eadn v\u1edbi Expert Advisors, c\u00f4ng c\u1ee5 Crypto & Forex.\",\"breadcrumb\":{\"@id\":\"https:\\\/\\\/expforex.com\\\/vi\\\/video\\\/#breadcrumb\"},\"inLanguage\":\"vi-VN\",\"potentialAction\":[{\"@type\":\"ReadAction\",\"target\":[\"https:\\\/\\\/expforex.com\\\/vi\\\/video\\\/\"]}]},{\"@type\":\"ImageObject\",\"inLanguage\":\"vi-VN\",\"@id\":\"https:\\\/\\\/expforex.com\\\/vi\\\/video\\\/#primaryimage\",\"url\":\"https:\\\/\\\/expforex.com\\\/wp-content\\\/uploads\\\/2024\\\/09\\\/youtube-1.png\",\"contentUrl\":\"https:\\\/\\\/expforex.com\\\/wp-content\\\/uploads\\\/2024\\\/09\\\/youtube-1.png\",\"width\":512,\"height\":512},{\"@type\":\"BreadcrumbList\",\"@id\":\"https:\\\/\\\/expforex.com\\\/vi\\\/video\\\/#breadcrumb\",\"itemListElement\":[{\"@type\":\"ListItem\",\"position\":1,\"name\":\"Trang ch\u1ee7\",\"item\":\"https:\\\/\\\/expforex.com\\\/vi\\\/\"},{\"@type\":\"ListItem\",\"position\":2,\"name\":\"Th\u01b0 vi\u1ec7n Video Forex: H\u01b0\u1edbng d\u1eabn &#038; Chi\u1ebfn l\u01b0\u1ee3c EA cho MetaTrader 4 &#038; 5 | Expforex\"}]},{\"@type\":\"WebSite\",\"@id\":\"https:\\\/\\\/expforex.com\\\/vi\\\/#website\",\"url\":\"https:\\\/\\\/expforex.com\\\/vi\\\/\",\"name\":\"Nh\u1eefng \u00fd t\u01b0\u1edfng t\u1ed1t nh\u1ea5t cho MetaTrader\",\"description\":\"Kinh nghi\u1ec7m s\u00e2u r\u1ed9ng trong l\u1eadp tr\u00ecnh tr\u1ee3 l\u00fd cho MetaTrader, MQL, Forex, Expert, Indicator, Script, EA, Utilities, VirtualTradePad, Copylot, Ticksniper, Averager, xCustomEA, X, Duplicator, TesterPad, ExtraReportPad, Assistant, Trade, Trader, Scalping\",\"publisher\":{\"@id\":\"https:\\\/\\\/expforex.com\\\/vi\\\/#\\\/schema\\\/person\\\/0f3104735dd8fd99d5b5ee2e3634b1d5\"},\"alternateName\":\"Forex EA\",\"potentialAction\":[{\"@type\":\"SearchAction\",\"target\":{\"@type\":\"EntryPoint\",\"urlTemplate\":\"https:\\\/\\\/expforex.com\\\/vi\\\/?s={search_term_string}\"},\"query-input\":{\"@type\":\"PropertyValueSpecification\",\"valueRequired\":true,\"valueName\":\"search_term_string\"}}],\"inLanguage\":\"vi-VN\"},{\"@type\":[\"Person\",\"Organization\"],\"@id\":\"https:\\\/\\\/expforex.com\\\/vi\\\/#\\\/schema\\\/person\\\/0f3104735dd8fd99d5b5ee2e3634b1d5\",\"name\":\"Expforex Vladislav\",\"image\":{\"@type\":\"ImageObject\",\"inLanguage\":\"vi-VN\",\"@id\":\"https:\\\/\\\/expforex.com\\\/wp-content\\\/uploads\\\/2023\\\/12\\\/LOGONEW-2024-2.png\",\"url\":\"https:\\\/\\\/expforex.com\\\/wp-content\\\/uploads\\\/2023\\\/12\\\/LOGONEW-2024-2.png\",\"contentUrl\":\"https:\\\/\\\/expforex.com\\\/wp-content\\\/uploads\\\/2023\\\/12\\\/LOGONEW-2024-2.png\",\"width\":200,\"height\":200,\"caption\":\"Expforex Vladislav\"},\"logo\":{\"@id\":\"https:\\\/\\\/expforex.com\\\/wp-content\\\/uploads\\\/2023\\\/12\\\/LOGONEW-2024-2.png\"},\"sameAs\":[\"https:\\\/\\\/www.expforex.com\",\"https:\\\/\\\/www.facebook.com\\\/ExpForex\\\/\",\"https:\\\/\\\/www.youtube.com\\\/Expforex\"],\"publishingPrinciples\":\"https:\\\/\\\/expforex.com\\\/privacy-policy\\\/\"}]}<\/script>\n<!-- \/ Yoast SEO Premium plugin. -->","yoast_head_json":{"title":"Th\u01b0 vi\u1ec7n Video Forex: H\u01b0\u1edbng d\u1eabn & Chi\u1ebfn l\u01b0\u1ee3c EA cho MetaTrader 4 & 5 | Expforex - Nh\u1eefng \u00fd t\u01b0\u1edfng t\u1ed1t nh\u1ea5t cho MetaTrader","description":"\ud83d\udcfa L\u00e0m ch\u1ee7 giao d\u1ecbch t\u1ef1 \u0111\u1ed9ng (Automated Trading)! Xem video h\u01b0\u1edbng d\u1eabn chuy\u00ean nghi\u1ec7p cho MetaTrader 4 & 5. H\u1ecdc c\u00e1ch c\u00e0i \u0111\u1eb7t, t\u1ed1i \u01b0u v\u00e0 t\u0103ng l\u1ee3i nhu\u1eadn v\u1edbi Expert Advisors, c\u00f4ng c\u1ee5 Crypto & Forex.","robots":{"index":"index","follow":"follow","max-snippet":"max-snippet:-1","max-image-preview":"max-image-preview:large","max-video-preview":"max-video-preview:-1"},"canonical":"https:\/\/expforex.com\/vi\/video\/","og_locale":"vi_VN","og_type":"article","og_title":"Th\u01b0 vi\u1ec7n Video Forex: H\u01b0\u1edbng d\u1eabn & Chi\u1ebfn l\u01b0\u1ee3c EA cho MetaTrader 4 & 5 | Expforex","og_description":"\ud83d\udcfa L\u00e0m ch\u1ee7 giao d\u1ecbch t\u1ef1 \u0111\u1ed9ng (Automated Trading)! Xem video h\u01b0\u1edbng d\u1eabn chuy\u00ean nghi\u1ec7p cho MetaTrader 4 & 5. H\u1ecdc c\u00e1ch c\u00e0i \u0111\u1eb7t, t\u1ed1i \u01b0u v\u00e0 t\u0103ng l\u1ee3i nhu\u1eadn v\u1edbi Expert Advisors, c\u00f4ng c\u1ee5 Crypto & Forex.","og_url":"https:\/\/expforex.com\/vi\/video\/","og_site_name":"Nh\u1eefng \u00fd t\u01b0\u1edfng t\u1ed1t nh\u1ea5t cho MetaTrader","article_publisher":"https:\/\/www.facebook.com\/ExpForex\/","article_modified_time":"2026-01-31T17:07:58+00:00","og_image":[{"width":512,"height":512,"url":"https:\/\/expforex.com\/wp-content\/uploads\/2024\/09\/youtube-1.png","type":"image\/png"}],"twitter_card":"summary_large_image","twitter_misc":{"Est. reading time":"1 minute"},"schema":{"@context":"https:\/\/schema.org","@graph":[{"@type":"WebPage","@id":"https:\/\/expforex.com\/vi\/video\/","url":"https:\/\/expforex.com\/vi\/video\/","name":"Th\u01b0 vi\u1ec7n Video Forex: H\u01b0\u1edbng d\u1eabn & Chi\u1ebfn l\u01b0\u1ee3c EA cho MetaTrader 4 & 5 | Expforex - Nh\u1eefng \u00fd t\u01b0\u1edfng t\u1ed1t nh\u1ea5t cho MetaTrader","isPartOf":{"@id":"https:\/\/expforex.com\/vi\/#website"},"primaryImageOfPage":{"@id":"https:\/\/expforex.com\/vi\/video\/#primaryimage"},"image":{"@id":"https:\/\/expforex.com\/vi\/video\/#primaryimage"},"thumbnailUrl":"https:\/\/expforex.com\/wp-content\/uploads\/2024\/09\/youtube-1.png","datePublished":"2024-03-10T16:23:28+00:00","dateModified":"2026-01-31T17:07:58+00:00","description":"\ud83d\udcfa L\u00e0m ch\u1ee7 giao d\u1ecbch t\u1ef1 \u0111\u1ed9ng (Automated Trading)! Xem video h\u01b0\u1edbng d\u1eabn chuy\u00ean nghi\u1ec7p cho MetaTrader 4 & 5. H\u1ecdc c\u00e1ch c\u00e0i \u0111\u1eb7t, t\u1ed1i \u01b0u v\u00e0 t\u0103ng l\u1ee3i nhu\u1eadn v\u1edbi Expert Advisors, c\u00f4ng c\u1ee5 Crypto & Forex.","breadcrumb":{"@id":"https:\/\/expforex.com\/vi\/video\/#breadcrumb"},"inLanguage":"vi-VN","potentialAction":[{"@type":"ReadAction","target":["https:\/\/expforex.com\/vi\/video\/"]}]},{"@type":"ImageObject","inLanguage":"vi-VN","@id":"https:\/\/expforex.com\/vi\/video\/#primaryimage","url":"https:\/\/expforex.com\/wp-content\/uploads\/2024\/09\/youtube-1.png","contentUrl":"https:\/\/expforex.com\/wp-content\/uploads\/2024\/09\/youtube-1.png","width":512,"height":512},{"@type":"BreadcrumbList","@id":"https:\/\/expforex.com\/vi\/video\/#breadcrumb","itemListElement":[{"@type":"ListItem","position":1,"name":"Trang ch\u1ee7","item":"https:\/\/expforex.com\/vi\/"},{"@type":"ListItem","position":2,"name":"Th\u01b0 vi\u1ec7n Video Forex: H\u01b0\u1edbng d\u1eabn &#038; Chi\u1ebfn l\u01b0\u1ee3c EA cho MetaTrader 4 &#038; 5 | Expforex"}]},{"@type":"WebSite","@id":"https:\/\/expforex.com\/vi\/#website","url":"https:\/\/expforex.com\/vi\/","name":"Nh\u1eefng \u00fd t\u01b0\u1edfng t\u1ed1t nh\u1ea5t cho MetaTrader","description":"Kinh nghi\u1ec7m s\u00e2u r\u1ed9ng trong l\u1eadp tr\u00ecnh tr\u1ee3 l\u00fd cho MetaTrader, MQL, Forex, Expert, Indicator, Script, EA, Utilities, VirtualTradePad, Copylot, Ticksniper, Averager, xCustomEA, X, Duplicator, TesterPad, ExtraReportPad, Assistant, Trade, Trader, Scalping","publisher":{"@id":"https:\/\/expforex.com\/vi\/#\/schema\/person\/0f3104735dd8fd99d5b5ee2e3634b1d5"},"alternateName":"Forex EA","potentialAction":[{"@type":"SearchAction","target":{"@type":"EntryPoint","urlTemplate":"https:\/\/expforex.com\/vi\/?s={search_term_string}"},"query-input":{"@type":"PropertyValueSpecification","valueRequired":true,"valueName":"search_term_string"}}],"inLanguage":"vi-VN"},{"@type":["Person","Organization"],"@id":"https:\/\/expforex.com\/vi\/#\/schema\/person\/0f3104735dd8fd99d5b5ee2e3634b1d5","name":"Expforex Vladislav","image":{"@type":"ImageObject","inLanguage":"vi-VN","@id":"https:\/\/expforex.com\/wp-content\/uploads\/2023\/12\/LOGONEW-2024-2.png","url":"https:\/\/expforex.com\/wp-content\/uploads\/2023\/12\/LOGONEW-2024-2.png","contentUrl":"https:\/\/expforex.com\/wp-content\/uploads\/2023\/12\/LOGONEW-2024-2.png","width":200,"height":200,"caption":"Expforex Vladislav"},"logo":{"@id":"https:\/\/expforex.com\/wp-content\/uploads\/2023\/12\/LOGONEW-2024-2.png"},"sameAs":["https:\/\/www.expforex.com","https:\/\/www.facebook.com\/ExpForex\/","https:\/\/www.youtube.com\/Expforex"],"publishingPrinciples":"https:\/\/expforex.com\/privacy-policy\/"}]}},"_links":{"self":[{"href":"https:\/\/expforex.com\/vi\/wp-json\/wp\/v2\/pages\/88675","targetHints":{"allow":["GET"]}}],"collection":[{"href":"https:\/\/expforex.com\/vi\/wp-json\/wp\/v2\/pages"}],"about":[{"href":"https:\/\/expforex.com\/vi\/wp-json\/wp\/v2\/types\/page"}],"author":[{"embeddable":true,"href":"https:\/\/expforex.com\/vi\/wp-json\/wp\/v2\/users\/2"}],"replies":[{"embeddable":true,"href":"https:\/\/expforex.com\/vi\/wp-json\/wp\/v2\/comments?post=88675"}],"version-history":[{"count":1,"href":"https:\/\/expforex.com\/vi\/wp-json\/wp\/v2\/pages\/88675\/revisions"}],"predecessor-version":[{"id":146878,"href":"https:\/\/expforex.com\/vi\/wp-json\/wp\/v2\/pages\/88675\/revisions\/146878"}],"wp:featuredmedia":[{"embeddable":true,"href":"https:\/\/expforex.com\/vi\/wp-json\/wp\/v2\/media\/88676"}],"wp:attachment":[{"href":"https:\/\/expforex.com\/vi\/wp-json\/wp\/v2\/media?parent=88675"}],"curies":[{"name":"wp","href":"https:\/\/api.w.org\/{rel}","templated":true}]}}